{"id":4945,"date":"2015-03-16T14:40:04","date_gmt":"2015-03-16T14:40:04","guid":{"rendered":"http:\/\/costanoroeste.com\/surf-school-2\/"},"modified":"2018-01-28T01:57:09","modified_gmt":"2018-01-28T00:57:09","slug":"surfschule-in-famara-lanzarote","status":"publish","type":"page","link":"https:\/\/www.costanoroeste.com\/de\/surfschule-in-famara-lanzarote\/","title":{"rendered":"Costanoroeste Surfschule in Famara Lanzarote"},"content":{"rendered":"<section class=\"wpb-content-wrapper\"><p>[vc_row][vc_column]<h1 class=\"mpc-vc-deco-header vc_txt_align_center\"><span class=\"mpcth-color-main-border\">Costanoroeste Surfschule in Famara Lanzarote<\/span><\/h1>[\/vc_column][vc_column width=&#8220;1\/2&#8243;]<h3 class=\"mpc-vc-deco-header vc_txt_align_left\"><span class=\"mpcth-color-main-border\">Einsteiger<\/span><\/h3>[vc_column_text]Egal ob du noch nie auf einem Surfbrett gestanden hast oder ob du dich verbessern m\u00f6chtest, Costanoroeste Surfschule in Famara Lanzarote und unsere erfahrenen Surfinstruktoren werden dir helfen, deine ersten Wellen zu meistern. Unterrichtet wird in kleinen Gruppen mit maximal 8 Teilnehmern, von den Surfbasics bis zu fortgeschrittenen Surftricks. Der Unterricht umfasst Sicherheitstraining, Surftechniken, Surfetikette, Wahl des richtigen Equipments und Kentniss \u00fcber die richtigen Wellen. Unsere Instruktoren beurteilen jeden Teilnehmer individuell um Euch das Training anbieten zu k\u00f6nnen, welches genau an eure F\u00e4higkeiten angepasst ist.<\/p>\n<p>Anf\u00e4nger lernen alles \u00fcber Sicherheit im Wasser und Grundtechniken des Surfens sowie einen Grundkurs \u00fcber Wellen, Winde und Str\u00f6mungen bevor wir euch ins Wasser lassen. Wir m\u00f6chten sicherstellen dass Ihr sicher und mit viel Freude mit Surfen startet.<\/p>\n<p>Ge\u00fcbte und Fortgeschrittene Teilnehmer werden in unterschiedliche Gruppen unterteilt, wo sie direkt neue Techniken und Tricks lernen k\u00f6nnen, die auf ihren F\u00e4higkeiten aufbauen. Die theoretische \u201eGrundausbildung\u201c muss nicht nochmals absolviert werden, es geht darum, Deinen Style zu perfektionieren und um die Wellen.<\/p>\n<p>Alle Kurse werden am traumhaften Strand von Caleta de Famara nordwestlich der K\u00fcste von Lanzarote abgehalten.[\/vc_column_text][\/vc_column][vc_column width=&#8220;1\/2&#8243;][vc_single_image image=&#8220;2651&#8243; alignment=&#8220;center&#8220; border_color=&#8220;grey&#8220; img_link_target=&#8220;_self&#8220; img_size=&#8220;large&#8220;][vc_single_image image=&#8220;2649&#8243; alignment=&#8220;center&#8220; border_color=&#8220;grey&#8220; img_link_target=&#8220;_self&#8220; img_size=&#8220;large&#8220;][\/vc_column][\/vc_row][vc_row css=&#8220;.vc_custom_1426677668100{padding-top: 700px !important;background-image: url(http:\/\/costanoroeste.com\/wp-content\/uploads\/2014\/09\/CNO_Sports_0093.jpg?id=2654) !important;}&#8220; overlay_color_opacity=&#8220;50&#8243; overlay_pattern_opacity=&#8220;50&#8243; bg_image_fb=&#8220;2654&#8243; full_page_width=&#8220;1&#8243;][vc_column width=&#8220;1\/1&#8243;]<br \/>\n[\/vc_column][\/vc_row][vc_row full_width=&#8220;&#8220; css=&#8220;.vc_custom_1439475683823{margin-top: 50px !important;}&#8220; overlay_color_opacity=&#8220;50&#8243; overlay_pattern_opacity=&#8220;50&#8243; full_page_width=&#8220;&#8220; parallax=&#8220;&#8220;][vc_column width=&#8220;1\/1&#8243;][vc_row_inner][vc_column_inner width=&#8220;1\/2&#8243;]<h3 class=\"mpc-vc-deco-header vc_txt_align_left\"><span class=\"mpcth-color-main-border\">Anf\u00e4ngerkurse<\/span><\/h3>[vc_column_text]<\/p>\n<div class=\"page\" title=\"Page 1\">\n<div class=\"section\">\n<div class=\"layoutArea\">\n<div class=\"column\">\n<p>Du willst raus und dir die Wellen schnappen? Wir bieten dir ein spassiges und effektives Programm, speziell f\u00fcr Neueinsteiger. In 5 Tagen (25 Stunden) garantieren wir dir erste Erfolge. Und vergiss nicht: Auch die ganz grossen Surfer standen einmal zum ersten Mal auf einem Brett.<\/p>\n<p>In diesem Kurs lernst du alle n\u00f6tigen Sicherheitsmassnahmen, dass du diesen coolen Sport sicher und mit Spass geniessen kannst. Dazu geh\u00f6rt das Studium der Meereszyklen, Gezeiten, Str\u00f6mungen, Wetter, Surfgebiete und vieles mehr.<\/p>\n<\/div>\n<\/div>\n<\/div>\n<\/div>\n<p>[\/vc_column_text]<h3 class=\"mpc-vc-deco-header vc_txt_align_left\"><span class=\"mpcth-color-main-border\">Ge\u00fcbte und Fortgeschrittenekurse<\/span><\/h3>[vc_column_text]Wenn du schon surfst, jedoch nicht wirklich oft, oder schon mal einen Anf\u00e4ngerkurs besucht hast, haben wir hier das perfekte Angebot f\u00fcr dich! Wir helfen dir, deine F\u00e4higkeiten und deinen Style zu verfeinern oder du kannst einfach in gem\u00fctlicher und sicherer Atmosph\u00e4re die Wellen geniessen. Mit diesem Kurs korrigieren wir deine \u201eschlechten Angewohnheiten\u201c die du dir vielleicht \u00fcber die Zeit angeeignet hast. Lerne den \u201educk dive\u201c, wie man effizient raus aufs Meer kommt, richtig man\u00f6vriert, \u201ebottom turns\u201c und \u201ecut-backs\u201c macht und vieles mehr.<\/p>\n<p>Alle unsere Kurse finden zeitgleich am Caleta de Famara Strand statt. Unsere zertifizierten Kursleiter werden dich aufgund deiner F\u00e4higkeiten beraten und dir helfen, die richtigen Verbesserungen vorzunehmen und die Erfolge zu erzielen, die du vom Kurs erwartest. Du wirst schnell den Unterschied in deinem Style sp\u00fcren und dich mit deinen neuen F\u00e4higkeiten auf den Wellen austoben.[\/vc_column_text][\/vc_column_inner][vc_column_inner width=&#8220;1\/2&#8243;]<h3 class=\"mpc-vc-deco-header vc_txt_align_left\"><span class=\"mpcth-color-main-border\">Unsere Surflektionen und Preise<\/span><\/h3><div id=\"mpcth_grid\" class=\"mpcth-columns-5\">&nbsp;\r\n<table class=\"costa_table\">\r\n<tbody>\r\n<tr>\r\n<td>Preise Surf Schule in Famara Lanzarote<\/td>\r\n<td><\/td>\r\n<\/tr>\r\n<tr>\r\n<td><\/td>\r\n<td><\/td>\r\n<\/tr>\r\n<tr>\r\n<td><strong>Surf Schule<\/strong><\/td>\r\n<td><\/td>\r\n<\/tr>\r\n<tr>\r\n<td><a href=\"\/costanoroeste\/?p=5927\">1\/2\u00a0Tag Surfen<\/a><\/td>\r\n<td>\u20ac 35.00<\/td>\r\n<\/tr>\r\n<tr>\r\n<td><a href=\"\/costanoroeste\/?p=5937\">1 Tag surf<\/a><\/td>\r\n<td>\u20ac 55.00<\/td>\r\n<\/tr>\r\n<tr>\r\n<td><a href=\"\/costanoroeste\/?p=5947\">5 Tage 2 Stunden pro Tag Surfen<\/a><\/td>\r\n<td>\u20ac 160.00<\/td>\r\n<\/tr>\r\n<tr>\r\n<td><a href=\"\/costanoroeste\/?p=5957\">5 Tage 5 Stunden pro Tag Surfen<\/a><\/td>\r\n<td>\u20ac 250.00<\/td>\r\n<\/tr>\r\n<tr>\r\n<td><\/td>\r\n<td><\/td>\r\n<\/tr>\r\n<tr>\r\n<td><strong>Surf Schule Privat<\/strong><\/td>\r\n<td><\/td>\r\n<\/tr>\r\n<tr>\r\n<td><a href=\"\/costanoroeste\/?p=5967\">1\/2 Tag Surfen Privat<\/a><\/td>\r\n<td>\u20ac 100.00<\/td>\r\n<\/tr>\r\n<tr>\r\n<td><a href=\"\/costanoroeste\/?p=5977\">1 Tag Surfen Privat<\/a><\/td>\r\n<td>\u20ac 160.00<\/td>\r\n<\/tr>\r\n<tr>\r\n<td><a href=\"\/costanoroeste\/?p=5992\">5 Tage 2 Stunden pro Tag Surfen Privat<\/a><\/td>\r\n<td>\u20ac 475.00<\/td>\r\n<\/tr>\r\n<tr>\r\n<td><a href=\"\/costanoroeste\/?p=6067\">5 Tage 5 Stunden pro Tag Surfen Privat<\/a><\/td>\r\n<td>\u20ac 775.00<\/td>\r\n<\/tr>\r\n<\/tbody>\r\n<\/table>\r\n&nbsp;<\/div>[\/vc_column_inner][\/vc_row_inner][\/vc_column][\/vc_row][vc_row css=&#8220;.vc_custom_1426769578325{padding-top: 700px !important;background-image: url(http:\/\/costanoroeste.com\/wp-content\/uploads\/2015\/03\/CNO_Surf.jpg?id=4407) !important;}&#8220; overlay_color_opacity=&#8220;50&#8243; overlay_pattern_opacity=&#8220;50&#8243; bg_image_fb=&#8220;4407&#8243; full_page_width=&#8220;1&#8243;][vc_column width=&#8220;1\/1&#8243;]<br \/>\n[\/vc_column][\/vc_row]<\/p>\n<\/section>","protected":false},"excerpt":{"rendered":"<p>[vc_row][vc_column][\/vc_column][vc_column width=&#8220;1\/2&#8243;][vc_column_text]Egal ob du noch nie auf einem Surfbrett gestanden hast oder ob du dich verbessern m\u00f6chtest, Costanoroeste Surfschule in Famara Lanzarote und unsere erfahrenen Surfinstruktoren werden dir helfen, deine ersten Wellen zu meistern. Unterrichtet wird in kleinen Gruppen mit maximal 8 Teilnehmern, von den Surfbasics bis zu fortgeschrittenen Surftricks. Der Unterricht umfasst Sicherheitstraining, Surftechniken,&#8230;<\/p>\n","protected":false},"author":8,"featured_media":0,"parent":0,"menu_order":0,"comment_status":"closed","ping_status":"closed","template":"","meta":[],"acf":[],"yoast_head":"<!-- This site is optimized with the Yoast SEO plugin v20.11 - https:\/\/yoast.com\/wordpress\/plugins\/seo\/ -->\n<title>Costanoroeste Surfschule in Famara Lanzarote<\/title>\n<meta name=\"description\" content=\"Anf\u00e4nger lernen Sicherheit + Grundtechniken. Ge\u00fcbte und Fortgeschrittene lernen neue Techniken + Tricks. Costanoroeste Surfschule in Famara Lanzarote\" \/>\n<meta name=\"robots\" content=\"index, follow, max-snippet:-1, max-image-preview:large, max-video-preview:-1\" \/>\n<link rel=\"canonical\" href=\"https:\/\/www.costanoroeste.com\/de\/surfschule-in-famara-lanzarote\/\" \/>\n<meta property=\"og:locale\" content=\"de_DE\" \/>\n<meta property=\"og:type\" content=\"article\" \/>\n<meta property=\"og:title\" content=\"Costanoroeste Surfschule in Famara Lanzarote\" \/>\n<meta property=\"og:description\" content=\"Anf\u00e4nger lernen Sicherheit + Grundtechniken. Ge\u00fcbte und Fortgeschrittene lernen neue Techniken + Tricks. Costanoroeste Surfschule in Famara Lanzarote\" \/>\n<meta property=\"og:url\" content=\"https:\/\/www.costanoroeste.com\/de\/surfschule-in-famara-lanzarote\/\" \/>\n<meta property=\"og:site_name\" content=\"Costanoroeste\" \/>\n<meta property=\"article:publisher\" content=\"https:\/\/www.facebook.com\/CostaNoroeste\" \/>\n<meta property=\"article:modified_time\" content=\"2018-01-28T00:57:09+00:00\" \/>\n<meta property=\"og:image\" content=\"https:\/\/www.costanoroeste.com\/wp-content\/uploads\/2015\/01\/cno_fav_icon.jpg\" \/>\n\t<meta property=\"og:image:width\" content=\"512\" \/>\n\t<meta property=\"og:image:height\" content=\"512\" \/>\n\t<meta property=\"og:image:type\" content=\"image\/jpeg\" \/>\n<meta name=\"twitter:label1\" content=\"Gesch\u00e4tzte Lesezeit\" \/>\n\t<meta name=\"twitter:data1\" content=\"3\u00a0Minuten\" \/>\n<script type=\"application\/ld+json\" class=\"yoast-schema-graph\">{\"@context\":\"https:\/\/schema.org\",\"@graph\":[{\"@type\":\"WebPage\",\"@id\":\"https:\/\/www.costanoroeste.com\/de\/surfschule-in-famara-lanzarote\/\",\"url\":\"https:\/\/www.costanoroeste.com\/de\/surfschule-in-famara-lanzarote\/\",\"name\":\"Costanoroeste Surfschule in Famara Lanzarote\",\"isPartOf\":{\"@id\":\"https:\/\/www.costanoroeste.com\/#website\"},\"datePublished\":\"2015-03-16T14:40:04+00:00\",\"dateModified\":\"2018-01-28T00:57:09+00:00\",\"description\":\"Anf\u00e4nger lernen Sicherheit + Grundtechniken. Ge\u00fcbte und Fortgeschrittene lernen neue Techniken + Tricks. Costanoroeste Surfschule in Famara Lanzarote\",\"breadcrumb\":{\"@id\":\"https:\/\/www.costanoroeste.com\/de\/surfschule-in-famara-lanzarote\/#breadcrumb\"},\"inLanguage\":\"de\",\"potentialAction\":[{\"@type\":\"ReadAction\",\"target\":[\"https:\/\/www.costanoroeste.com\/de\/surfschule-in-famara-lanzarote\/\"]}]},{\"@type\":\"BreadcrumbList\",\"@id\":\"https:\/\/www.costanoroeste.com\/de\/surfschule-in-famara-lanzarote\/#breadcrumb\",\"itemListElement\":[{\"@type\":\"ListItem\",\"position\":1,\"name\":\"Home\",\"item\":\"https:\/\/www.costanoroeste.com\/de\/\"},{\"@type\":\"ListItem\",\"position\":2,\"name\":\"Costanoroeste Surfschule in Famara Lanzarote\"}]},{\"@type\":\"WebSite\",\"@id\":\"https:\/\/www.costanoroeste.com\/#website\",\"url\":\"https:\/\/www.costanoroeste.com\/\",\"name\":\"Costanoroeste\",\"description\":\"Surf- &amp; Kite School - Lanzarote\",\"publisher\":{\"@id\":\"https:\/\/www.costanoroeste.com\/#organization\"},\"potentialAction\":[{\"@type\":\"SearchAction\",\"target\":{\"@type\":\"EntryPoint\",\"urlTemplate\":\"https:\/\/www.costanoroeste.com\/?s={search_term_string}\"},\"query-input\":\"required name=search_term_string\"}],\"inLanguage\":\"de\"},{\"@type\":\"Organization\",\"@id\":\"https:\/\/www.costanoroeste.com\/#organization\",\"name\":\"COSTANOROESTE SURF & KITEBOARDING SCHOOL\",\"url\":\"https:\/\/www.costanoroeste.com\/\",\"logo\":{\"@type\":\"ImageObject\",\"inLanguage\":\"de\",\"@id\":\"https:\/\/www.costanoroeste.com\/#\/schema\/logo\/image\/\",\"url\":\"https:\/\/www.costanoroeste.com\/wp-content\/uploads\/2015\/01\/cropped-cno_fav_icon.jpg\",\"contentUrl\":\"https:\/\/www.costanoroeste.com\/wp-content\/uploads\/2015\/01\/cropped-cno_fav_icon.jpg\",\"width\":512,\"height\":512,\"caption\":\"COSTANOROESTE SURF & KITEBOARDING SCHOOL\"},\"image\":{\"@id\":\"https:\/\/www.costanoroeste.com\/#\/schema\/logo\/image\/\"},\"sameAs\":[\"https:\/\/www.facebook.com\/CostaNoroeste\"]}]}<\/script>\n<!-- \/ Yoast SEO plugin. -->","yoast_head_json":{"title":"Costanoroeste Surfschule in Famara Lanzarote","description":"Anf\u00e4nger lernen Sicherheit + Grundtechniken. Ge\u00fcbte und Fortgeschrittene lernen neue Techniken + Tricks. Costanoroeste Surfschule in Famara Lanzarote","robots":{"index":"index","follow":"follow","max-snippet":"max-snippet:-1","max-image-preview":"max-image-preview:large","max-video-preview":"max-video-preview:-1"},"canonical":"https:\/\/www.costanoroeste.com\/de\/surfschule-in-famara-lanzarote\/","og_locale":"de_DE","og_type":"article","og_title":"Costanoroeste Surfschule in Famara Lanzarote","og_description":"Anf\u00e4nger lernen Sicherheit + Grundtechniken. Ge\u00fcbte und Fortgeschrittene lernen neue Techniken + Tricks. Costanoroeste Surfschule in Famara Lanzarote","og_url":"https:\/\/www.costanoroeste.com\/de\/surfschule-in-famara-lanzarote\/","og_site_name":"Costanoroeste","article_publisher":"https:\/\/www.facebook.com\/CostaNoroeste","article_modified_time":"2018-01-28T00:57:09+00:00","og_image":[{"width":512,"height":512,"url":"https:\/\/www.costanoroeste.com\/wp-content\/uploads\/2015\/01\/cno_fav_icon.jpg","type":"image\/jpeg"}],"twitter_misc":{"Gesch\u00e4tzte Lesezeit":"3\u00a0Minuten"},"schema":{"@context":"https:\/\/schema.org","@graph":[{"@type":"WebPage","@id":"https:\/\/www.costanoroeste.com\/de\/surfschule-in-famara-lanzarote\/","url":"https:\/\/www.costanoroeste.com\/de\/surfschule-in-famara-lanzarote\/","name":"Costanoroeste Surfschule in Famara Lanzarote","isPartOf":{"@id":"https:\/\/www.costanoroeste.com\/#website"},"datePublished":"2015-03-16T14:40:04+00:00","dateModified":"2018-01-28T00:57:09+00:00","description":"Anf\u00e4nger lernen Sicherheit + Grundtechniken. Ge\u00fcbte und Fortgeschrittene lernen neue Techniken + Tricks. Costanoroeste Surfschule in Famara Lanzarote","breadcrumb":{"@id":"https:\/\/www.costanoroeste.com\/de\/surfschule-in-famara-lanzarote\/#breadcrumb"},"inLanguage":"de","potentialAction":[{"@type":"ReadAction","target":["https:\/\/www.costanoroeste.com\/de\/surfschule-in-famara-lanzarote\/"]}]},{"@type":"BreadcrumbList","@id":"https:\/\/www.costanoroeste.com\/de\/surfschule-in-famara-lanzarote\/#breadcrumb","itemListElement":[{"@type":"ListItem","position":1,"name":"Home","item":"https:\/\/www.costanoroeste.com\/de\/"},{"@type":"ListItem","position":2,"name":"Costanoroeste Surfschule in Famara Lanzarote"}]},{"@type":"WebSite","@id":"https:\/\/www.costanoroeste.com\/#website","url":"https:\/\/www.costanoroeste.com\/","name":"Costanoroeste","description":"Surf- &amp; Kite School - Lanzarote","publisher":{"@id":"https:\/\/www.costanoroeste.com\/#organization"},"potentialAction":[{"@type":"SearchAction","target":{"@type":"EntryPoint","urlTemplate":"https:\/\/www.costanoroeste.com\/?s={search_term_string}"},"query-input":"required name=search_term_string"}],"inLanguage":"de"},{"@type":"Organization","@id":"https:\/\/www.costanoroeste.com\/#organization","name":"COSTANOROESTE SURF & KITEBOARDING SCHOOL","url":"https:\/\/www.costanoroeste.com\/","logo":{"@type":"ImageObject","inLanguage":"de","@id":"https:\/\/www.costanoroeste.com\/#\/schema\/logo\/image\/","url":"https:\/\/www.costanoroeste.com\/wp-content\/uploads\/2015\/01\/cropped-cno_fav_icon.jpg","contentUrl":"https:\/\/www.costanoroeste.com\/wp-content\/uploads\/2015\/01\/cropped-cno_fav_icon.jpg","width":512,"height":512,"caption":"COSTANOROESTE SURF & KITEBOARDING SCHOOL"},"image":{"@id":"https:\/\/www.costanoroeste.com\/#\/schema\/logo\/image\/"},"sameAs":["https:\/\/www.facebook.com\/CostaNoroeste"]}]}},"_links":{"self":[{"href":"https:\/\/www.costanoroeste.com\/de\/wp-json\/wp\/v2\/pages\/4945"}],"collection":[{"href":"https:\/\/www.costanoroeste.com\/de\/wp-json\/wp\/v2\/pages"}],"about":[{"href":"https:\/\/www.costanoroeste.com\/de\/wp-json\/wp\/v2\/types\/page"}],"author":[{"embeddable":true,"href":"https:\/\/www.costanoroeste.com\/de\/wp-json\/wp\/v2\/users\/8"}],"replies":[{"embeddable":true,"href":"https:\/\/www.costanoroeste.com\/de\/wp-json\/wp\/v2\/comments?post=4945"}],"version-history":[{"count":5,"href":"https:\/\/www.costanoroeste.com\/de\/wp-json\/wp\/v2\/pages\/4945\/revisions"}],"predecessor-version":[{"id":7190,"href":"https:\/\/www.costanoroeste.com\/de\/wp-json\/wp\/v2\/pages\/4945\/revisions\/7190"}],"wp:attachment":[{"href":"https:\/\/www.costanoroeste.com\/de\/wp-json\/wp\/v2\/media?parent=4945"}],"curies":[{"name":"wp","href":"https:\/\/api.w.org\/{rel}","templated":true}]}}