{"id":4952,"date":"2015-03-18T12:03:38","date_gmt":"2015-03-18T12:03:38","guid":{"rendered":"http:\/\/costanoroeste.com\/kite-school-2\/"},"modified":"2018-01-28T01:57:04","modified_gmt":"2018-01-28T00:57:04","slug":"kite-schule-in-famara-lanzarote","status":"publish","type":"page","link":"https:\/\/www.costanoroeste.com\/de\/kite-schule-in-famara-lanzarote\/","title":{"rendered":"Costanoroeste Kite Schule in Famara Lanzarote"},"content":{"rendered":"<section class=\"wpb-content-wrapper\"><p>[vc_row][vc_column]<h1 class=\"mpc-vc-deco-header vc_txt_align_center\"><span class=\"mpcth-color-main-border\">Kiteschule in Famara Lanzarote<\/span><\/h1>[\/vc_column][vc_column width=&#8220;1\/2&#8243;][vc_single_image image=&#8220;4381&#8243; alignment=&#8220;center&#8220; border_color=&#8220;grey&#8220; img_link_target=&#8220;_self&#8220; img_size=&#8220;full&#8220;][vc_single_image image=&#8220;4421&#8243; alignment=&#8220;center&#8220; border_color=&#8220;grey&#8220; img_link_target=&#8220;_self&#8220; img_size=&#8220;full&#8220;][\/vc_column][vc_column width=&#8220;1\/2&#8243;]<h3 class=\"mpc-vc-deco-header vc_txt_align_left\"><span class=\"mpcth-color-main-border\">Du willst unbedingt Kiten lernen?<\/span><\/h3>[vc_column_text]<\/p>\n<div class=\"page\" title=\"Page 1\">\n<div class=\"section\">\n<div class=\"layoutArea\">\n<div class=\"column\">\n<p>Ein 5 km langer Strand an makellosem Wasser, perfekte Wellen und Wind, eine gem\u00fctliche Atmosph\u00e4re mit viel Sonne und Spass. Costanoroeste Kite Schule in Famara Lanzarote biete der perfekte Ort f\u00fcr grossartige Kiteboard-Ferien.<\/p>\n<p>Entdecke diesen aufregenden Sport in Costanoroeste in Lanzarote, einer der besten und sichersten Orte zum Kiten in Europa. Seit nunmehr 12 Jahren unterrichten wir hier erfolgreich Kiteboarding. Unsere Kurse bauen Schritt-f\u00fcr-Schritt Wissen und \u00dcbung auf, und erm\u00f6glichen es, kiten in einem sicheren Umfeld schnell zu erlernen. Das Kursprogramm wurde unter genauer Beachtung und Einhaltung der IKO-Standards (Internationale Organisation f\u00fcr Kiteboarding) entwickelt und alle unsere Instruktoren sind IKO-zertifiziert.<\/p>\n<p>Teile unsere Leidenschaft und verbessere Dein K\u00f6nnen, unsere Kiteschule bietet t\u00e4glich Kurse auf allen F\u00e4higkeitsstufen an. Am Ende des Kurses wird dir eine Kiteboardkarte nach IKO-Standards ausgestellt, mit der aktuellen Stufe deines K\u00f6nnens.<\/p>\n<\/div>\n<\/div>\n<\/div>\n<\/div>\n<p>[\/vc_column_text][\/vc_column][\/vc_row][vc_row css=&#8220;.vc_custom_1426760707037{padding-top: 700px !important;background-image: url(http:\/\/costanoroeste.com\/wp-content\/uploads\/2015\/03\/CNO_Kite.jpg?id=4388) !important;}&#8220; overlay_color_opacity=&#8220;50&#8243; overlay_pattern_opacity=&#8220;50&#8243; full_page_width=&#8220;1&#8243; bg_image_fb=&#8220;4388&#8243;][vc_column width=&#8220;1\/1&#8243;]<br \/>\n[\/vc_column][\/vc_row][vc_row css=&#8220;.vc_custom_1426680648683{padding-top: 75px !important;}&#8220; overlay_color_opacity=&#8220;50&#8243; overlay_pattern_opacity=&#8220;50&#8243;][vc_column width=&#8220;1\/2&#8243;]<h3 class=\"mpc-vc-deco-header vc_txt_align_left\"><span class=\"mpcth-color-main-border\">Naish Pro center<\/span><\/h3>[vc_column_text]<\/p>\n<div class=\"page\" title=\"Page 1\">\n<div class=\"section\">\n<div class=\"layoutArea\">\n<div class=\"column\">\n<p>Die Costanoroeste Kite Schule in Famara Lanzarote ist ein Naish Pro Center mit dem aktuellsten Naish-Equipment. Wir bieten ein tiefes Verh\u00e4ltnis an von Studenten\/ Kursleiter und stellen alles n\u00f6tige Material zur Verf\u00fcgung (Kite, Harnisch, Helm, Neoprenanzug, Brett, etc.). Alle unsere Kurse stehen konstant in Funkverbindung und wir bieten immer aktuell gewartetes Equipment, Sicherheitssysteme sowie Helme und Schwimmwesten.<\/p>\n<p>&nbsp;<\/p>\n<p><img decoding=\"async\" loading=\"lazy\" class=\"alignleft wp-image-5479\" src=\"http:\/\/costanoroeste.com\/wp-content\/uploads\/2015\/03\/IKO_AffiliatedCenter_logo_print-Small-300x153-300x153.jpg\" alt=\"IKO_AffiliatedCenter_logo_print-Small-300x153\" width=\"150\" height=\"77\" srcset=\"https:\/\/www.costanoroeste.com\/wp-content\/uploads\/2015\/03\/IKO_AffiliatedCenter_logo_print-Small-300x153.jpg 300w, https:\/\/www.costanoroeste.com\/wp-content\/uploads\/2015\/03\/IKO_AffiliatedCenter_logo_print-Small-300x153-100x51.jpg 100w\" sizes=\"(max-width: 150px) 100vw, 150px\" \/><\/p>\n<p><img decoding=\"async\" loading=\"lazy\" class=\"alignleft wp-image-5477\" src=\"http:\/\/costanoroeste.com\/wp-content\/uploads\/2015\/03\/08naishlogo-400-300x104.jpg\" alt=\"08naishlogo-400\" width=\"150\" height=\"52\" srcset=\"https:\/\/www.costanoroeste.com\/wp-content\/uploads\/2015\/03\/08naishlogo-400-300x104.jpg 300w, https:\/\/www.costanoroeste.com\/wp-content\/uploads\/2015\/03\/08naishlogo-400-100x35.jpg 100w, https:\/\/www.costanoroeste.com\/wp-content\/uploads\/2015\/03\/08naishlogo-400.jpg 400w\" sizes=\"(max-width: 150px) 100vw, 150px\" \/><\/p>\n<\/div>\n<\/div>\n<\/div>\n<\/div>\n<p>[\/vc_column_text][\/vc_column][vc_column width=&#8220;1\/2&#8243;]<h3 class=\"mpc-vc-deco-header vc_txt_align_left\"><span class=\"mpcth-color-main-border\">Unsere Kiteschule und Preise<\/span><\/h3><div id=\"mpcth_grid\" class=\"mpcth-columns-5\">&nbsp;\r\n<table class=\"costa_table\">\r\n<tbody>\r\n<tr>\r\n<td>Preise Kite Schule\u00a0 in Famara Lanzarote<\/td>\r\n<td><\/td>\r\n<\/tr>\r\n<tr>\r\n<td><\/td>\r\n<td><\/td>\r\n<\/tr>\r\n<tr>\r\n<td><strong>Kiteboarding Schule<\/strong><\/td>\r\n<td><\/td>\r\n<\/tr>\r\n<tr>\r\n<td><a href=\"\/costanoroeste\/?p=6042\">1 Tag kiteboarding<\/a><\/td>\r\n<td>\u20ac 100.00<\/td>\r\n<\/tr>\r\n<tr>\r\n<td><a href=\"\/costanoroeste\/?p=6057\">4 Tage kiteboarding<\/a><\/td>\r\n<td>\u20ac 360.00<\/td>\r\n<\/tr>\r\n<tr>\r\n<td><\/td>\r\n<td><\/td>\r\n<\/tr>\r\n<tr>\r\n<td><strong>Kiteboarding Schule Privat<\/strong><\/td>\r\n<td><\/td>\r\n<\/tr>\r\n<tr>\r\n<td><a href=\"\/costanoroeste\/?p=6047\">1 Tag kiteboarding privat<\/a><\/td>\r\n<td>\u20ac 180.00<\/td>\r\n<\/tr>\r\n<\/tbody>\r\n<\/table>\r\n&nbsp;<\/div>[\/vc_column][\/vc_row][vc_row css=&#8220;.vc_custom_1426761092981{padding-top: 700px !important;background-image: url(http:\/\/costanoroeste.com\/wp-content\/uploads\/2015\/03\/CNO_School.jpg?id=4390) !important;}&#8220; overlay_color_opacity=&#8220;50&#8243; overlay_pattern_opacity=&#8220;50&#8243; full_page_width=&#8220;1&#8243; bg_image_fb=&#8220;4390&#8243;][vc_column width=&#8220;1\/1&#8243;]<br \/>\n[\/vc_column][\/vc_row]<\/p>\n<\/section>","protected":false},"excerpt":{"rendered":"<p>[vc_row][vc_column][\/vc_column][vc_column width=&#8220;1\/2&#8243;][vc_single_image image=&#8220;4381&#8243; alignment=&#8220;center&#8220; border_color=&#8220;grey&#8220; img_link_target=&#8220;_self&#8220; img_size=&#8220;full&#8220;][vc_single_image image=&#8220;4421&#8243; alignment=&#8220;center&#8220; border_color=&#8220;grey&#8220; img_link_target=&#8220;_self&#8220; img_size=&#8220;full&#8220;][\/vc_column][vc_column width=&#8220;1\/2&#8243;][vc_column_text] Ein 5 km langer Strand an makellosem Wasser, perfekte Wellen und Wind, eine gem\u00fctliche Atmosph\u00e4re mit viel Sonne und Spass. Costanoroeste Kite Schule in Famara Lanzarote biete der perfekte Ort f\u00fcr grossartige Kiteboard-Ferien. Entdecke diesen aufregenden Sport in Costanoroeste in Lanzarote, einer&#8230;<\/p>\n","protected":false},"author":8,"featured_media":0,"parent":0,"menu_order":0,"comment_status":"closed","ping_status":"closed","template":"","meta":[],"acf":[],"yoast_head":"<!-- This site is optimized with the Yoast SEO plugin v20.11 - https:\/\/yoast.com\/wordpress\/plugins\/seo\/ -->\n<title>Costanoroeste Kite Schule in Famara Lanzarote<\/title>\n<meta name=\"description\" content=\"Teile unsere Leidenschaft und verbessere dein K\u00f6nnen, Costanoroeste Kite Schule in Famara Lanzarote (IKO) bietet t\u00e4glich Kurse auf allen F\u00e4higkeitsstufen an\" \/>\n<meta name=\"robots\" content=\"index, follow, max-snippet:-1, max-image-preview:large, max-video-preview:-1\" \/>\n<link rel=\"canonical\" href=\"https:\/\/www.costanoroeste.com\/de\/kite-schule-in-famara-lanzarote\/\" \/>\n<meta property=\"og:locale\" content=\"de_DE\" \/>\n<meta property=\"og:type\" content=\"article\" \/>\n<meta property=\"og:title\" content=\"Costanoroeste Kite Schule in Famara Lanzarote\" \/>\n<meta property=\"og:description\" content=\"Teile unsere Leidenschaft und verbessere dein K\u00f6nnen, Costanoroeste Kite Schule in Famara Lanzarote (IKO) bietet t\u00e4glich Kurse auf allen F\u00e4higkeitsstufen an\" \/>\n<meta property=\"og:url\" content=\"https:\/\/www.costanoroeste.com\/de\/kite-schule-in-famara-lanzarote\/\" \/>\n<meta property=\"og:site_name\" content=\"Costanoroeste\" \/>\n<meta property=\"article:publisher\" content=\"https:\/\/www.facebook.com\/CostaNoroeste\" \/>\n<meta property=\"article:modified_time\" content=\"2018-01-28T00:57:04+00:00\" \/>\n<meta property=\"og:image\" content=\"http:\/\/costanoroeste.com\/wp-content\/uploads\/2015\/03\/IKO_AffiliatedCenter_logo_print-Small-300x153-300x153.jpg\" \/>\n<meta name=\"twitter:label1\" content=\"Gesch\u00e4tzte Lesezeit\" \/>\n\t<meta name=\"twitter:data1\" content=\"2\u00a0Minuten\" \/>\n<script type=\"application\/ld+json\" class=\"yoast-schema-graph\">{\"@context\":\"https:\/\/schema.org\",\"@graph\":[{\"@type\":\"WebPage\",\"@id\":\"https:\/\/www.costanoroeste.com\/de\/kite-schule-in-famara-lanzarote\/\",\"url\":\"https:\/\/www.costanoroeste.com\/de\/kite-schule-in-famara-lanzarote\/\",\"name\":\"Costanoroeste Kite Schule in Famara Lanzarote\",\"isPartOf\":{\"@id\":\"https:\/\/www.costanoroeste.com\/#website\"},\"datePublished\":\"2015-03-18T12:03:38+00:00\",\"dateModified\":\"2018-01-28T00:57:04+00:00\",\"description\":\"Teile unsere Leidenschaft und verbessere dein K\u00f6nnen, Costanoroeste Kite Schule in Famara Lanzarote (IKO) bietet t\u00e4glich Kurse auf allen F\u00e4higkeitsstufen an\",\"breadcrumb\":{\"@id\":\"https:\/\/www.costanoroeste.com\/de\/kite-schule-in-famara-lanzarote\/#breadcrumb\"},\"inLanguage\":\"de\",\"potentialAction\":[{\"@type\":\"ReadAction\",\"target\":[\"https:\/\/www.costanoroeste.com\/de\/kite-schule-in-famara-lanzarote\/\"]}]},{\"@type\":\"BreadcrumbList\",\"@id\":\"https:\/\/www.costanoroeste.com\/de\/kite-schule-in-famara-lanzarote\/#breadcrumb\",\"itemListElement\":[{\"@type\":\"ListItem\",\"position\":1,\"name\":\"Home\",\"item\":\"https:\/\/www.costanoroeste.com\/de\/\"},{\"@type\":\"ListItem\",\"position\":2,\"name\":\"Costanoroeste Kite Schule in Famara Lanzarote\"}]},{\"@type\":\"WebSite\",\"@id\":\"https:\/\/www.costanoroeste.com\/#website\",\"url\":\"https:\/\/www.costanoroeste.com\/\",\"name\":\"Costanoroeste\",\"description\":\"Surf- &amp; Kite School - Lanzarote\",\"publisher\":{\"@id\":\"https:\/\/www.costanoroeste.com\/#organization\"},\"potentialAction\":[{\"@type\":\"SearchAction\",\"target\":{\"@type\":\"EntryPoint\",\"urlTemplate\":\"https:\/\/www.costanoroeste.com\/?s={search_term_string}\"},\"query-input\":\"required name=search_term_string\"}],\"inLanguage\":\"de\"},{\"@type\":\"Organization\",\"@id\":\"https:\/\/www.costanoroeste.com\/#organization\",\"name\":\"COSTANOROESTE SURF & KITEBOARDING SCHOOL\",\"url\":\"https:\/\/www.costanoroeste.com\/\",\"logo\":{\"@type\":\"ImageObject\",\"inLanguage\":\"de\",\"@id\":\"https:\/\/www.costanoroeste.com\/#\/schema\/logo\/image\/\",\"url\":\"https:\/\/www.costanoroeste.com\/wp-content\/uploads\/2015\/01\/cropped-cno_fav_icon.jpg\",\"contentUrl\":\"https:\/\/www.costanoroeste.com\/wp-content\/uploads\/2015\/01\/cropped-cno_fav_icon.jpg\",\"width\":512,\"height\":512,\"caption\":\"COSTANOROESTE SURF & KITEBOARDING SCHOOL\"},\"image\":{\"@id\":\"https:\/\/www.costanoroeste.com\/#\/schema\/logo\/image\/\"},\"sameAs\":[\"https:\/\/www.facebook.com\/CostaNoroeste\"]}]}<\/script>\n<!-- \/ Yoast SEO plugin. -->","yoast_head_json":{"title":"Costanoroeste Kite Schule in Famara Lanzarote","description":"Teile unsere Leidenschaft und verbessere dein K\u00f6nnen, Costanoroeste Kite Schule in Famara Lanzarote (IKO) bietet t\u00e4glich Kurse auf allen F\u00e4higkeitsstufen an","robots":{"index":"index","follow":"follow","max-snippet":"max-snippet:-1","max-image-preview":"max-image-preview:large","max-video-preview":"max-video-preview:-1"},"canonical":"https:\/\/www.costanoroeste.com\/de\/kite-schule-in-famara-lanzarote\/","og_locale":"de_DE","og_type":"article","og_title":"Costanoroeste Kite Schule in Famara Lanzarote","og_description":"Teile unsere Leidenschaft und verbessere dein K\u00f6nnen, Costanoroeste Kite Schule in Famara Lanzarote (IKO) bietet t\u00e4glich Kurse auf allen F\u00e4higkeitsstufen an","og_url":"https:\/\/www.costanoroeste.com\/de\/kite-schule-in-famara-lanzarote\/","og_site_name":"Costanoroeste","article_publisher":"https:\/\/www.facebook.com\/CostaNoroeste","article_modified_time":"2018-01-28T00:57:04+00:00","og_image":[{"url":"http:\/\/costanoroeste.com\/wp-content\/uploads\/2015\/03\/IKO_AffiliatedCenter_logo_print-Small-300x153-300x153.jpg"}],"twitter_misc":{"Gesch\u00e4tzte Lesezeit":"2\u00a0Minuten"},"schema":{"@context":"https:\/\/schema.org","@graph":[{"@type":"WebPage","@id":"https:\/\/www.costanoroeste.com\/de\/kite-schule-in-famara-lanzarote\/","url":"https:\/\/www.costanoroeste.com\/de\/kite-schule-in-famara-lanzarote\/","name":"Costanoroeste Kite Schule in Famara Lanzarote","isPartOf":{"@id":"https:\/\/www.costanoroeste.com\/#website"},"datePublished":"2015-03-18T12:03:38+00:00","dateModified":"2018-01-28T00:57:04+00:00","description":"Teile unsere Leidenschaft und verbessere dein K\u00f6nnen, Costanoroeste Kite Schule in Famara Lanzarote (IKO) bietet t\u00e4glich Kurse auf allen F\u00e4higkeitsstufen an","breadcrumb":{"@id":"https:\/\/www.costanoroeste.com\/de\/kite-schule-in-famara-lanzarote\/#breadcrumb"},"inLanguage":"de","potentialAction":[{"@type":"ReadAction","target":["https:\/\/www.costanoroeste.com\/de\/kite-schule-in-famara-lanzarote\/"]}]},{"@type":"BreadcrumbList","@id":"https:\/\/www.costanoroeste.com\/de\/kite-schule-in-famara-lanzarote\/#breadcrumb","itemListElement":[{"@type":"ListItem","position":1,"name":"Home","item":"https:\/\/www.costanoroeste.com\/de\/"},{"@type":"ListItem","position":2,"name":"Costanoroeste Kite Schule in Famara Lanzarote"}]},{"@type":"WebSite","@id":"https:\/\/www.costanoroeste.com\/#website","url":"https:\/\/www.costanoroeste.com\/","name":"Costanoroeste","description":"Surf- &amp; Kite School - Lanzarote","publisher":{"@id":"https:\/\/www.costanoroeste.com\/#organization"},"potentialAction":[{"@type":"SearchAction","target":{"@type":"EntryPoint","urlTemplate":"https:\/\/www.costanoroeste.com\/?s={search_term_string}"},"query-input":"required name=search_term_string"}],"inLanguage":"de"},{"@type":"Organization","@id":"https:\/\/www.costanoroeste.com\/#organization","name":"COSTANOROESTE SURF & KITEBOARDING SCHOOL","url":"https:\/\/www.costanoroeste.com\/","logo":{"@type":"ImageObject","inLanguage":"de","@id":"https:\/\/www.costanoroeste.com\/#\/schema\/logo\/image\/","url":"https:\/\/www.costanoroeste.com\/wp-content\/uploads\/2015\/01\/cropped-cno_fav_icon.jpg","contentUrl":"https:\/\/www.costanoroeste.com\/wp-content\/uploads\/2015\/01\/cropped-cno_fav_icon.jpg","width":512,"height":512,"caption":"COSTANOROESTE SURF & KITEBOARDING SCHOOL"},"image":{"@id":"https:\/\/www.costanoroeste.com\/#\/schema\/logo\/image\/"},"sameAs":["https:\/\/www.facebook.com\/CostaNoroeste"]}]}},"_links":{"self":[{"href":"https:\/\/www.costanoroeste.com\/de\/wp-json\/wp\/v2\/pages\/4952"}],"collection":[{"href":"https:\/\/www.costanoroeste.com\/de\/wp-json\/wp\/v2\/pages"}],"about":[{"href":"https:\/\/www.costanoroeste.com\/de\/wp-json\/wp\/v2\/types\/page"}],"author":[{"embeddable":true,"href":"https:\/\/www.costanoroeste.com\/de\/wp-json\/wp\/v2\/users\/8"}],"replies":[{"embeddable":true,"href":"https:\/\/www.costanoroeste.com\/de\/wp-json\/wp\/v2\/comments?post=4952"}],"version-history":[{"count":5,"href":"https:\/\/www.costanoroeste.com\/de\/wp-json\/wp\/v2\/pages\/4952\/revisions"}],"predecessor-version":[{"id":7193,"href":"https:\/\/www.costanoroeste.com\/de\/wp-json\/wp\/v2\/pages\/4952\/revisions\/7193"}],"wp:attachment":[{"href":"https:\/\/www.costanoroeste.com\/de\/wp-json\/wp\/v2\/media?parent=4952"}],"curies":[{"name":"wp","href":"https:\/\/api.w.org\/{rel}","templated":true}]}}