{"id":4965,"date":"2015-03-18T12:27:01","date_gmt":"2015-03-18T12:27:01","guid":{"rendered":"http:\/\/costanoroeste.com\/kite-camp-2\/"},"modified":"2018-01-28T01:57:01","modified_gmt":"2018-01-28T00:57:01","slug":"kite-camp-in-famara-lanzarote","status":"publish","type":"page","link":"https:\/\/www.costanoroeste.com\/de\/kite-camp-in-famara-lanzarote\/","title":{"rendered":"Costanoroeste Kite Camp in Famara Lanzarote"},"content":{"rendered":"<section class=\"wpb-content-wrapper\"><p>[vc_row][vc_column]<h1 class=\"mpc-vc-deco-header vc_txt_align_center\"><span class=\"mpcth-color-main-border\">Kite Camp in Famara Lanzarote<\/span><\/h1>[\/vc_column][vc_column width=&#8220;1\/2&#8243;]<h3 class=\"mpc-vc-deco-header vc_txt_align_left\"><span class=\"mpcth-color-main-border\">Leidenschaft f\u00fcrs Kiteboarding?<\/span><\/h3>[vc_column_text]Lass dir diese abgefahrene Sportart zeigen oder dir von uns dabei helfen, dein K\u00f6nnen zu verbessern. Wir unterrichten seit 12 Jahren erfolgreich Kiteboarding. Unser Lehrprogramm wurde nach IKO-Standards entwickelt. Unser Ziel ist es, unsere Studenten zu coachen, dass sie gut ausgebildete und selbstsichere Kiter werden, die diesen Sport auch alleine geniessen k\u00f6nnen und d\u00fcrfen.<\/p>\n<p>Unsere Kurse bauen Schritt-f\u00fcr-Schritt F\u00e4higkeit auf durch Lernen in einem sicheren Umfeld. Costanoroeste\u00a0Kite Camp in Famara Lanzarote bietet auf allen F\u00e4higkeitsstufen Kurse an. Egal ob Anf\u00e4nger oder Fortgeschrittene, unsere Kursleiter passen sich den Bed\u00fcrfnissen und F\u00e4higkeiten an. Alle Instruktoren sind vom IKO ausgebildet und zertifiziert. Am Ende des Kurses wird dir eine Kiteboardkarte nach IKO-standards ausgestellt mit der von Dir erreichten Stufe.<\/p>\n<p>Bitte beachte: Der Lernerfolg ist immer von der pers\u00f6nlichen Lernkurve abh\u00e4ngig.[\/vc_column_text][\/vc_column][vc_column width=&#8220;1\/2&#8243;][vc_single_image image=&#8220;4423&#8243; alignment=&#8220;center&#8220; border_color=&#8220;grey&#8220; img_link_target=&#8220;_self&#8220; img_size=&#8220;large&#8220;][vc_single_image image=&#8220;4424&#8243; alignment=&#8220;center&#8220; border_color=&#8220;grey&#8220; img_link_target=&#8220;_self&#8220; img_size=&#8220;large&#8220;][\/vc_column][\/vc_row][vc_row css=&#8220;.vc_custom_1426680845825{padding-top: 700px !important;background-image: url(http:\/\/costanoroeste.com\/wp-content\/uploads\/2014\/09\/CNO_Sports_0146.jpg?id=2659) !important;}&#8220; overlay_color_opacity=&#8220;50&#8243; overlay_pattern_opacity=&#8220;50&#8243; bg_image_fb=&#8220;2659&#8243; full_page_width=&#8220;1&#8243;][vc_column width=&#8220;1\/1&#8243;]<br \/>\n[\/vc_column][\/vc_row][vc_row full_width=&#8220;&#8220; css=&#8220;.vc_custom_1439476185465{margin-top: 50px !important;}&#8220; overlay_color_opacity=&#8220;50&#8243; overlay_pattern_opacity=&#8220;50&#8243; full_page_width=&#8220;&#8220; parallax=&#8220;&#8220;][vc_column width=&#8220;1\/1&#8243;]<h1 class=\"mpc-vc-deco-header vc_txt_align_center\"><span class=\"mpcth-color-main-border\">Unsere Camps und Preise<\/span><\/h1><div id=\"mpcth_grid\" class=\"mpcth-columns-5\"><table class=\"costa_table\">\r\n<tbody>\r\n<tr>\r\n<td style=\"background: white; border: none;\"><strong>\u00a0<\/strong><\/td>\r\n<td style=\"text-align: center;\" colspan=\"2\" width=\"\"><strong>Nebensaison<\/strong><\/td>\r\n<td style=\"text-align: center;\" colspan=\"4\" width=\"\"><strong>Hochsaison*<\/strong><\/td>\r\n<\/tr>\r\n<tr>\r\n<td style=\"text-align: center;\"><strong>\u00a0<\/strong><\/td>\r\n<td style=\"text-align: center;\" colspan=\"2\"><strong>1 Woche<\/strong><\/td>\r\n<td style=\"text-align: center;\" colspan=\"2\"><strong>1 Woche<\/strong><\/td>\r\n<td style=\"text-align: center;\" colspan=\"2\"><strong>2 Wochen<\/strong><\/td>\r\n<\/tr>\r\n<tr>\r\n<td><strong><strong>Surf\u00a0<\/strong><\/strong><strong><strong><strong>Camp in Famara Lanzarote<\/strong><\/strong><\/strong><\/td>\r\n<td><strong>1 Person<\/strong><\/td>\r\n<td><strong>2 Personen<\/strong><\/td>\r\n<td><strong>1 Person<\/strong><\/td>\r\n<td><strong>2 Personen<\/strong><\/td>\r\n<td><strong>1 Person<\/strong><\/td>\r\n<td><strong>2 Personen<\/strong><\/td>\r\n<\/tr>\r\n<tr>\r\n<td><a href=\"\/costanoroeste\/?p=5112\">Surf &amp; Stay<\/a><\/td>\r\n<td>\u20ac 345.00<\/td>\r\n<td>\u20ac 670.00<\/td>\r\n<td>\u20ac 375.00<\/td>\r\n<td>\u20ac 730.00<\/td>\r\n<td>\u20ac 730.00<\/td>\r\n<td>\u20ac 1'420.00<\/td>\r\n<\/tr>\r\n<tr>\r\n<td><a href=\"\/costanoroeste\/?p=5203\">Surf &amp; Yoga<\/a><\/td>\r\n<td>\u20ac 405.00<\/td>\r\n<td>\u20ac 790.00<\/td>\r\n<td>\u20ac 435.00<\/td>\r\n<td>\u20ac 850.00<\/td>\r\n<td>\u20ac 850.00<\/td>\r\n<td>\u20ac 1'660.00<\/td>\r\n<\/tr>\r\n<tr>\r\n<td><a href=\"\/costanoroeste\/?p=5183\">Surf &amp; Kite<\/a><\/td>\r\n<td>\u20ac 430.00<\/td>\r\n<td>\u20ac 840.00<\/td>\r\n<td>\u20ac 460.00<\/td>\r\n<td>\u20ac 900.00<\/td>\r\n<td>\u20ac 900.00<\/td>\r\n<td>\u20ac 1'760.00<\/td>\r\n<\/tr>\r\n<tr>\r\n<td><a href=\"\/costanoroeste\/?p=5221\">Surf &amp; SUP<\/a><\/td>\r\n<td>\u20ac 505.00<\/td>\r\n<td>\u20ac 980.00<\/td>\r\n<td>\u20ac 535.00<\/td>\r\n<td>\u20ac 1040.00<\/td>\r\n<td>\u20ac 1040.00<\/td>\r\n<td>\u20ac 2'040.00<\/td>\r\n<\/tr>\r\n<tr>\r\n<td><a href=\"\/costanoroeste\/?p=5908\">Surf &amp; Family<\/a><\/td>\r\n<td><\/td>\r\n<td>\u20ac 1070.00<\/td>\r\n<td><\/td>\r\n<td>\u20ac 1'125.00<\/td>\r\n<td><\/td>\r\n<td>\u20ac 2'210.00<\/td>\r\n<\/tr>\r\n<tr>\r\n<td><\/td>\r\n<td><\/td>\r\n<td><\/td>\r\n<td><\/td>\r\n<td><\/td>\r\n<td><\/td>\r\n<td><\/td>\r\n<\/tr>\r\n<tr>\r\n<td><strong><strong>Kite<\/strong><\/strong><strong><strong><strong>\u00a0<\/strong><\/strong><strong><strong><strong>Camp in Famara Lanzarote<\/strong><\/strong><\/strong><\/strong><\/td>\r\n<td><\/td>\r\n<td><\/td>\r\n<td><\/td>\r\n<td><\/td>\r\n<td><\/td>\r\n<td><\/td>\r\n<\/tr>\r\n<tr>\r\n<td><a href=\"\/costanoroeste\/?p=5241\">Kite &amp; Stay<\/a><\/td>\r\n<td>\u20ac 455.00<\/td>\r\n<td>\u20ac 890.00<\/td>\r\n<td>\u20ac 485.00<\/td>\r\n<td>\u20ac 950.00<\/td>\r\n<td>\u20ac 950.00<\/td>\r\n<td>\u20ac 1'820.00<\/td>\r\n<\/tr>\r\n<tr>\r\n<td><a href=\"\/costanoroeste\/?p=5261\">Kite &amp; SUP<\/a><\/td>\r\n<td>\u20ac 510.00<\/td>\r\n<td>\u20ac 1'000.00<\/td>\r\n<td>\u20ac 540.00<\/td>\r\n<td>\u20ac 1'060.00<\/td>\r\n<td>\u20ac 1'060.00<\/td>\r\n<td>\u20ac 2'080.00<\/td>\r\n<\/tr>\r\n<tr>\r\n<td><a href=\"\/costanoroeste\/?p=5281\">Kite &amp; Yoga<\/a><\/td>\r\n<td>\u20ac 515.00<\/td>\r\n<td>\u20ac 1'010.00<\/td>\r\n<td>\u20ac 550.00<\/td>\r\n<td>\u20ac 1'080.00<\/td>\r\n<td>\u20ac 1'080.00<\/td>\r\n<td>\u20ac 2'120.00<\/td>\r\n<\/tr>\r\n<tr>\r\n<td><\/td>\r\n<td><\/td>\r\n<td><\/td>\r\n<td><\/td>\r\n<td><\/td>\r\n<td><\/td>\r\n<td><\/td>\r\n<\/tr>\r\n<tr>\r\n<td><strong><strong>SUP<\/strong><\/strong><strong><strong><strong>\u00a0<\/strong><\/strong><strong><strong><strong>Camp in Famara Lanzarote<\/strong><\/strong><\/strong><\/strong><\/td>\r\n<td><\/td>\r\n<td><\/td>\r\n<td><\/td>\r\n<td><\/td>\r\n<td><\/td>\r\n<td><\/td>\r\n<\/tr>\r\n<tr>\r\n<td><a href=\"\/costanoroeste\/?p=5644\">SUP &amp; Stay<\/a><\/td>\r\n<td>\u20ac 460.00<\/td>\r\n<td>\u20ac 900.00<\/td>\r\n<td>\u20ac 490.00<\/td>\r\n<td>\u20ac 960.00<\/td>\r\n<td>\u20ac 960.00<\/td>\r\n<td>\u20ac 1'880.00<\/td>\r\n<\/tr>\r\n<tr>\r\n<td><a href=\"\/costanoroeste\/?p=5662\">SUP &amp; Yoga<\/a><\/td>\r\n<td>\u20ac 520.00<\/td>\r\n<td>\u20ac 1'020.00<\/td>\r\n<td>\u20ac 550.00<\/td>\r\n<td>\u20ac 1'080.00<\/td>\r\n<td>\u20ac 1'080.00<\/td>\r\n<td>\u20ac 2'120.00<\/td>\r\n<\/tr>\r\n<tr>\r\n<td><\/td>\r\n<td><\/td>\r\n<td><\/td>\r\n<td><\/td>\r\n<td><\/td>\r\n<td><\/td>\r\n<td><\/td>\r\n<\/tr>\r\n<tr>\r\n<td><strong>Special packages<\/strong><\/td>\r\n<td><\/td>\r\n<td><\/td>\r\n<td><\/td>\r\n<td><\/td>\r\n<td><\/td>\r\n<td><\/td>\r\n<\/tr>\r\n<tr>\r\n<td>\u00a0<a href=\"\/costanoroeste\/?p=5698\">Girls only** \u00a0<\/a><\/td>\r\n<td>\u20ac 345.00<\/td>\r\n<td>\u20ac 670.00<\/td>\r\n<td>\u20ac 375.00<\/td>\r\n<td>\u20ac 730.00<\/td>\r\n<td>\u20ac 730.00<\/td>\r\n<td>\u20ac 1'420.00<\/td>\r\n<\/tr>\r\n<tr>\r\n<td><a href=\"\/costanoroeste\/?p=5680\">\u00a0Try them all<\/a><\/td>\r\n<td>\u20ac 490.00<\/td>\r\n<td>\u20ac 940.00<\/td>\r\n<td>\u20ac 520.00<\/td>\r\n<td>\u20ac 1000.00<\/td>\r\n<td>\u20ac 1000.00<\/td>\r\n<td>\u20ac 1'960.00<\/td>\r\n<\/tr>\r\n<tr>\r\n<td><\/td>\r\n<td><\/td>\r\n<td><\/td>\r\n<td><\/td>\r\n<td><\/td>\r\n<td><\/td>\r\n<td><\/td>\r\n<\/tr>\r\n<\/tbody>\r\n<\/table>\r\n*Hochsaison: Juli und August und 20. Dezember bis 10. Januar.\r\n**\u00a0Bitte kontaktiere uns f\u00fcr weitere Informationen<\/div>[\/vc_column][\/vc_row][vc_row css=&#8220;.vc_custom_1426761634379{padding-top: 700px !important;background-image: url(http:\/\/costanoroeste.com\/wp-content\/uploads\/2015\/03\/CNO_Town_Caleta_de_Famara.jpg?id=4395) !important;}&#8220; overlay_color_opacity=&#8220;50&#8243; overlay_pattern_opacity=&#8220;50&#8243; bg_image_fb=&#8220;4395&#8243; full_page_width=&#8220;1&#8243;][vc_column width=&#8220;1\/1&#8243;]<br \/>\n[\/vc_column][\/vc_row][vc_row css=&#8220;.vc_custom_1426681246672{padding-top: 70px !important;}&#8220; overlay_color_opacity=&#8220;50&#8243; overlay_pattern_opacity=&#8220;50&#8243;][vc_column]<h1 class=\"mpc-vc-deco-header vc_txt_align_center\"><span class=\"mpcth-color-main-border\">Unsere Levels<\/span><\/h1>[\/vc_column][\/vc_row][vc_row][vc_column width=&#8220;1\/1&#8243;][vc_row_inner][vc_column_inner width=&#8220;1\/3&#8243;]<h3 class=\"mpc-vc-deco-header vc_txt_align_left\"><span class=\"mpcth-color-main-border\">Kite Camp f\u00fcr Anf\u00e4nger<\/span><\/h3>[vc_column_text]<\/p>\n<div class=\"page\" title=\"Page 1\">\n<div class=\"section\">\n<div class=\"layoutArea\">\n<div class=\"column\">\n<p>Costanoroeste\u00a0Kite Camp in Famara Lanzarote\u00a0f\u00fcr Anf\u00e4nger ist f\u00fcr jene, die gerne Kiten in einem sicheren und gem\u00fctlichen Umfeld erlernen m\u00f6chten. Lanzarote ist einer der sch\u00f6nsten und unber\u00fchrtesten Flecken Europas. Das Camp bietet den Teilnehmern: Sicherheitsvorkehrungen, Kite-Vorbereitung, Fliegen, Starten und Landen, Theorie der Windeffekte, Tiefenwahrnehmung, Zugkontrolle sowie Selbstrettung.<\/p>\n<p>Unser Ziel ist es, am Ende des Camps selbstsichere, gewissenhafte und selbst\u00e4ndige Kiter zu haben. Alle Teilnehmer erhalten in unser Kite Camp ihr eigenes IKO-Zertifikat der Stufe 1 sowie alle n\u00f6tigen Vorbereitungen bis zur Stufe 2.<\/p>\n<\/div>\n<\/div>\n<\/div>\n<\/div>\n<p>[\/vc_column_text][\/vc_column_inner][vc_column_inner width=&#8220;1\/3&#8243;]<h3 class=\"mpc-vc-deco-header vc_txt_align_left\"><span class=\"mpcth-color-main-border\">Kite Camp f\u00fcr Ge\u00fcbte<\/span><\/h3>[vc_column_text]Unser Kite Camp der mittleren Stufe richtet sich an Teilnehmer, die bereits einen Anf\u00e4ngerkurs besucht haben (IKO Stufe 1) und sich nun pers\u00f6nlich fordern sowie verbessern m\u00f6chten. Das Camp ist ebenfalls f\u00fcr Kiter geeignet, die zwar die Theorie kennen und selbstsicher am Strand kiten, jedoch noch M\u00fche mit der Zugkontrolle oder dem Brett haben.<\/p>\n<p>Der Wasser-Starter-Kurs ist ein kostenloser Teil des Intermediate Kitecamp. Hier werden nicht nur K\u00f6rperhaltung, Kite- und Zugkontrolle, bessere Brett- und Kantentechniken ge\u00fcbt, sondern es wird auch ge\u00fcbt, dass Du immer aus dem Wasser aufs Brett kommst und so mit einem Smile im Gesicht die Bucht auf und ab kitest, auch entgegen der Windrichtung!<\/p>\n<p>Am Ende dieses Camps erhalten die Teilnehmer ihr IKO- Zertifikat Stufe 2.[\/vc_column_text][\/vc_column_inner][vc_column_inner width=&#8220;1\/3&#8243;]<h3 class=\"mpc-vc-deco-header vc_txt_align_left\"><span class=\"mpcth-color-main-border\">Kite Camp f\u00fcr Fortgeschrittene<\/span><\/h3>[vc_column_text]<\/p>\n<div class=\"page\" title=\"Page 1\">\n<div class=\"section\">\n<div class=\"layoutArea\">\n<div class=\"column\">\n<p>Costanoroeste\u00a0Kite Camp in Famara Lanzarote f\u00fcr Fortgeschrittene ist f\u00fcr Kiter, die den Sport schon l\u00e4nger betreiben und IKO Stufe 2 zertifiziert sind. Sie haben wom\u00f6glich ein eigenes Equipment und kiten regelm\u00e4ssig.<\/p>\n<p>Wenn du das Gef\u00fchl hast, manchmal einfach vom Wind \u00fcberw\u00e4ltigt zu werden oder es dich manchmal vom Brett reisst, oder auch wenn du diesen EINEN Trick, diese eine Technik unbedingt meistern m\u00f6chtest, dann ist dieses Camp perfekt f\u00fcr dich! Wir stellen Dir alles zur Verf\u00fcgung, was Du brauchst um Dein ganz pers\u00f6nliches Ziel zu erreichen: Spezial-Kitegr\u00f6ssen oder Tipps und Tricks und unsere individuelle Betreuung. Wir bauen deine F\u00e4higkeiten im Gegenwindkiten und im Richtungs- und Seitenwechsel aus und geben Dir die M\u00f6glichkeit, in sicherem, kontrolliertem Umfeld auch Spr\u00fcnge und Tricks auszuprobieren.<\/p>\n<p>Dieser Kurs richtet sich an Leute, die alle Grundkenntnisse der IKO Stufen 1&amp;2 kompetent beherrschen oder auch ein IKO-Zertifikat Stufe 3 ins Auge gefasst haben, jedoch noch ein wenig Unterst\u00fctzung ben\u00f6tigen um alles aus sich herauszuholen. Je nach deinen Fortschritten am Ende des Camps kann dir ein IKO-Zertifikat Stufe 3 ausgestellt werden.<\/p>\n<\/div>\n<\/div>\n<\/div>\n<\/div>\n<p>[\/vc_column_text][\/vc_column_inner][\/vc_row_inner][\/vc_column][\/vc_row][vc_row][vc_column][vc_column_text]<\/p>\n<p>[\/vc_column_text][\/vc_column][\/vc_row]<\/p>\n<\/section>","protected":false},"excerpt":{"rendered":"<p>[vc_row][vc_column][\/vc_column][vc_column width=&#8220;1\/2&#8243;][vc_column_text]Lass dir diese abgefahrene Sportart zeigen oder dir von uns dabei helfen, dein K\u00f6nnen zu verbessern. Wir unterrichten seit 12 Jahren erfolgreich Kiteboarding. Unser Lehrprogramm wurde nach IKO-Standards entwickelt. Unser Ziel ist es, unsere Studenten zu coachen, dass sie gut ausgebildete und selbstsichere Kiter werden, die diesen Sport auch alleine geniessen k\u00f6nnen und d\u00fcrfen&#8230;.<\/p>\n","protected":false},"author":8,"featured_media":0,"parent":0,"menu_order":0,"comment_status":"closed","ping_status":"closed","template":"","meta":[],"acf":[],"yoast_head":"<!-- This site is optimized with the Yoast SEO plugin v20.11 - https:\/\/yoast.com\/wordpress\/plugins\/seo\/ -->\n<title>Costanoroeste Kite Camp in Famara Lanzarote<\/title>\n<meta name=\"description\" content=\"Unser Kite Camp in Famara Lanzarote bietet f\u00fcr alle Stufen Kurse an. Egal ob Anf\u00e4nger oder Fortgeschrittene, unsere Kursleiter passen sich den Bed\u00fcrfnissen und F\u00e4higkeiten an.\" \/>\n<meta name=\"robots\" content=\"index, follow, max-snippet:-1, max-image-preview:large, max-video-preview:-1\" \/>\n<link rel=\"canonical\" href=\"https:\/\/www.costanoroeste.com\/de\/kite-camp-in-famara-lanzarote\/\" \/>\n<meta property=\"og:locale\" content=\"de_DE\" \/>\n<meta property=\"og:type\" content=\"article\" \/>\n<meta property=\"og:title\" content=\"Costanoroeste Kite Camp in Famara Lanzarote\" \/>\n<meta property=\"og:description\" content=\"Unser Kite Camp in Famara Lanzarote bietet f\u00fcr alle Stufen Kurse an. Egal ob Anf\u00e4nger oder Fortgeschrittene, unsere Kursleiter passen sich den Bed\u00fcrfnissen und F\u00e4higkeiten an.\" \/>\n<meta property=\"og:url\" content=\"https:\/\/www.costanoroeste.com\/de\/kite-camp-in-famara-lanzarote\/\" \/>\n<meta property=\"og:site_name\" content=\"Costanoroeste\" \/>\n<meta property=\"article:publisher\" content=\"https:\/\/www.facebook.com\/CostaNoroeste\" \/>\n<meta property=\"article:modified_time\" content=\"2018-01-28T00:57:01+00:00\" \/>\n<meta property=\"og:image\" content=\"https:\/\/www.costanoroeste.com\/wp-content\/uploads\/2015\/01\/cno_fav_icon.jpg\" \/>\n\t<meta property=\"og:image:width\" content=\"512\" \/>\n\t<meta property=\"og:image:height\" content=\"512\" \/>\n\t<meta property=\"og:image:type\" content=\"image\/jpeg\" \/>\n<meta name=\"twitter:label1\" content=\"Gesch\u00e4tzte Lesezeit\" \/>\n\t<meta name=\"twitter:data1\" content=\"5\u00a0Minuten\" \/>\n<script type=\"application\/ld+json\" class=\"yoast-schema-graph\">{\"@context\":\"https:\/\/schema.org\",\"@graph\":[{\"@type\":\"WebPage\",\"@id\":\"https:\/\/www.costanoroeste.com\/de\/kite-camp-in-famara-lanzarote\/\",\"url\":\"https:\/\/www.costanoroeste.com\/de\/kite-camp-in-famara-lanzarote\/\",\"name\":\"Costanoroeste Kite Camp in Famara Lanzarote\",\"isPartOf\":{\"@id\":\"https:\/\/www.costanoroeste.com\/#website\"},\"datePublished\":\"2015-03-18T12:27:01+00:00\",\"dateModified\":\"2018-01-28T00:57:01+00:00\",\"description\":\"Unser Kite Camp in Famara Lanzarote bietet f\u00fcr alle Stufen Kurse an. Egal ob Anf\u00e4nger oder Fortgeschrittene, unsere Kursleiter passen sich den Bed\u00fcrfnissen und F\u00e4higkeiten an.\",\"breadcrumb\":{\"@id\":\"https:\/\/www.costanoroeste.com\/de\/kite-camp-in-famara-lanzarote\/#breadcrumb\"},\"inLanguage\":\"de\",\"potentialAction\":[{\"@type\":\"ReadAction\",\"target\":[\"https:\/\/www.costanoroeste.com\/de\/kite-camp-in-famara-lanzarote\/\"]}]},{\"@type\":\"BreadcrumbList\",\"@id\":\"https:\/\/www.costanoroeste.com\/de\/kite-camp-in-famara-lanzarote\/#breadcrumb\",\"itemListElement\":[{\"@type\":\"ListItem\",\"position\":1,\"name\":\"Home\",\"item\":\"https:\/\/www.costanoroeste.com\/de\/\"},{\"@type\":\"ListItem\",\"position\":2,\"name\":\"Costanoroeste Kite Camp in Famara Lanzarote\"}]},{\"@type\":\"WebSite\",\"@id\":\"https:\/\/www.costanoroeste.com\/#website\",\"url\":\"https:\/\/www.costanoroeste.com\/\",\"name\":\"Costanoroeste\",\"description\":\"Surf- &amp; Kite School - Lanzarote\",\"publisher\":{\"@id\":\"https:\/\/www.costanoroeste.com\/#organization\"},\"potentialAction\":[{\"@type\":\"SearchAction\",\"target\":{\"@type\":\"EntryPoint\",\"urlTemplate\":\"https:\/\/www.costanoroeste.com\/?s={search_term_string}\"},\"query-input\":\"required name=search_term_string\"}],\"inLanguage\":\"de\"},{\"@type\":\"Organization\",\"@id\":\"https:\/\/www.costanoroeste.com\/#organization\",\"name\":\"COSTANOROESTE SURF & KITEBOARDING SCHOOL\",\"url\":\"https:\/\/www.costanoroeste.com\/\",\"logo\":{\"@type\":\"ImageObject\",\"inLanguage\":\"de\",\"@id\":\"https:\/\/www.costanoroeste.com\/#\/schema\/logo\/image\/\",\"url\":\"https:\/\/www.costanoroeste.com\/wp-content\/uploads\/2015\/01\/cropped-cno_fav_icon.jpg\",\"contentUrl\":\"https:\/\/www.costanoroeste.com\/wp-content\/uploads\/2015\/01\/cropped-cno_fav_icon.jpg\",\"width\":512,\"height\":512,\"caption\":\"COSTANOROESTE SURF & KITEBOARDING SCHOOL\"},\"image\":{\"@id\":\"https:\/\/www.costanoroeste.com\/#\/schema\/logo\/image\/\"},\"sameAs\":[\"https:\/\/www.facebook.com\/CostaNoroeste\"]}]}<\/script>\n<!-- \/ Yoast SEO plugin. -->","yoast_head_json":{"title":"Costanoroeste Kite Camp in Famara Lanzarote","description":"Unser Kite Camp in Famara Lanzarote bietet f\u00fcr alle Stufen Kurse an. Egal ob Anf\u00e4nger oder Fortgeschrittene, unsere Kursleiter passen sich den Bed\u00fcrfnissen und F\u00e4higkeiten an.","robots":{"index":"index","follow":"follow","max-snippet":"max-snippet:-1","max-image-preview":"max-image-preview:large","max-video-preview":"max-video-preview:-1"},"canonical":"https:\/\/www.costanoroeste.com\/de\/kite-camp-in-famara-lanzarote\/","og_locale":"de_DE","og_type":"article","og_title":"Costanoroeste Kite Camp in Famara Lanzarote","og_description":"Unser Kite Camp in Famara Lanzarote bietet f\u00fcr alle Stufen Kurse an. Egal ob Anf\u00e4nger oder Fortgeschrittene, unsere Kursleiter passen sich den Bed\u00fcrfnissen und F\u00e4higkeiten an.","og_url":"https:\/\/www.costanoroeste.com\/de\/kite-camp-in-famara-lanzarote\/","og_site_name":"Costanoroeste","article_publisher":"https:\/\/www.facebook.com\/CostaNoroeste","article_modified_time":"2018-01-28T00:57:01+00:00","og_image":[{"width":512,"height":512,"url":"https:\/\/www.costanoroeste.com\/wp-content\/uploads\/2015\/01\/cno_fav_icon.jpg","type":"image\/jpeg"}],"twitter_misc":{"Gesch\u00e4tzte Lesezeit":"5\u00a0Minuten"},"schema":{"@context":"https:\/\/schema.org","@graph":[{"@type":"WebPage","@id":"https:\/\/www.costanoroeste.com\/de\/kite-camp-in-famara-lanzarote\/","url":"https:\/\/www.costanoroeste.com\/de\/kite-camp-in-famara-lanzarote\/","name":"Costanoroeste Kite Camp in Famara Lanzarote","isPartOf":{"@id":"https:\/\/www.costanoroeste.com\/#website"},"datePublished":"2015-03-18T12:27:01+00:00","dateModified":"2018-01-28T00:57:01+00:00","description":"Unser Kite Camp in Famara Lanzarote bietet f\u00fcr alle Stufen Kurse an. Egal ob Anf\u00e4nger oder Fortgeschrittene, unsere Kursleiter passen sich den Bed\u00fcrfnissen und F\u00e4higkeiten an.","breadcrumb":{"@id":"https:\/\/www.costanoroeste.com\/de\/kite-camp-in-famara-lanzarote\/#breadcrumb"},"inLanguage":"de","potentialAction":[{"@type":"ReadAction","target":["https:\/\/www.costanoroeste.com\/de\/kite-camp-in-famara-lanzarote\/"]}]},{"@type":"BreadcrumbList","@id":"https:\/\/www.costanoroeste.com\/de\/kite-camp-in-famara-lanzarote\/#breadcrumb","itemListElement":[{"@type":"ListItem","position":1,"name":"Home","item":"https:\/\/www.costanoroeste.com\/de\/"},{"@type":"ListItem","position":2,"name":"Costanoroeste Kite Camp in Famara Lanzarote"}]},{"@type":"WebSite","@id":"https:\/\/www.costanoroeste.com\/#website","url":"https:\/\/www.costanoroeste.com\/","name":"Costanoroeste","description":"Surf- &amp; Kite School - Lanzarote","publisher":{"@id":"https:\/\/www.costanoroeste.com\/#organization"},"potentialAction":[{"@type":"SearchAction","target":{"@type":"EntryPoint","urlTemplate":"https:\/\/www.costanoroeste.com\/?s={search_term_string}"},"query-input":"required name=search_term_string"}],"inLanguage":"de"},{"@type":"Organization","@id":"https:\/\/www.costanoroeste.com\/#organization","name":"COSTANOROESTE SURF & KITEBOARDING SCHOOL","url":"https:\/\/www.costanoroeste.com\/","logo":{"@type":"ImageObject","inLanguage":"de","@id":"https:\/\/www.costanoroeste.com\/#\/schema\/logo\/image\/","url":"https:\/\/www.costanoroeste.com\/wp-content\/uploads\/2015\/01\/cropped-cno_fav_icon.jpg","contentUrl":"https:\/\/www.costanoroeste.com\/wp-content\/uploads\/2015\/01\/cropped-cno_fav_icon.jpg","width":512,"height":512,"caption":"COSTANOROESTE SURF & KITEBOARDING SCHOOL"},"image":{"@id":"https:\/\/www.costanoroeste.com\/#\/schema\/logo\/image\/"},"sameAs":["https:\/\/www.facebook.com\/CostaNoroeste"]}]}},"_links":{"self":[{"href":"https:\/\/www.costanoroeste.com\/de\/wp-json\/wp\/v2\/pages\/4965"}],"collection":[{"href":"https:\/\/www.costanoroeste.com\/de\/wp-json\/wp\/v2\/pages"}],"about":[{"href":"https:\/\/www.costanoroeste.com\/de\/wp-json\/wp\/v2\/types\/page"}],"author":[{"embeddable":true,"href":"https:\/\/www.costanoroeste.com\/de\/wp-json\/wp\/v2\/users\/8"}],"replies":[{"embeddable":true,"href":"https:\/\/www.costanoroeste.com\/de\/wp-json\/wp\/v2\/comments?post=4965"}],"version-history":[{"count":5,"href":"https:\/\/www.costanoroeste.com\/de\/wp-json\/wp\/v2\/pages\/4965\/revisions"}],"predecessor-version":[{"id":7192,"href":"https:\/\/www.costanoroeste.com\/de\/wp-json\/wp\/v2\/pages\/4965\/revisions\/7192"}],"wp:attachment":[{"href":"https:\/\/www.costanoroeste.com\/de\/wp-json\/wp\/v2\/media?parent=4965"}],"curies":[{"name":"wp","href":"https:\/\/api.w.org\/{rel}","templated":true}]}}