{"id":4977,"date":"2015-03-30T07:33:13","date_gmt":"2015-03-30T07:33:13","guid":{"rendered":"http:\/\/costanoroeste.com\/sup-school-2\/"},"modified":"2018-01-28T01:57:06","modified_gmt":"2018-01-28T00:57:06","slug":"sup-schule-in-famara-lanzarote","status":"publish","type":"page","link":"https:\/\/www.costanoroeste.com\/de\/sup-schule-in-famara-lanzarote\/","title":{"rendered":"Costanoroeste SUP Schule in Famara Lanzarote"},"content":{"rendered":"<section class=\"wpb-content-wrapper\"><p>[vc_row][vc_column]<h1 class=\"mpc-vc-deco-header vc_txt_align_center\"><span class=\"mpcth-color-main-border\">Sup Schule in Famara Lanzarote<\/span><\/h1>[\/vc_column][vc_column width=&#8220;1\/2&#8243;]<h3 class=\"mpc-vc-deco-header vc_txt_align_left\"><span class=\"mpcth-color-main-border\">Interessiert an SUP\u2019ing?<\/span><\/h3>[vc_column_text]<\/p>\n<div class=\"page\" title=\"Page 1\">\n<div class=\"section\">\n<div class=\"layoutArea\">\n<div class=\"column\">\n<p>SUP (stand up paddling) ist der aktuellste Trend im Wassersportbereich weltweit. SUP kombiniert kanufahren, surfen und fitnesstraining, ist sehr einfach zu lernen und macht super viel Spass! Entdecke mit uns die Welt des SUP und geniesse die Sonne und die Wellen.<\/p>\n<p>Costanoroeste SUP Schule in Famara Lanzarote bietet das ganze Jahr hindurch perfekte Bedingungen f\u00fcr SUP: immer angenehm warmes Klima, umwerfend gr\u00fcn-blaues, ruhiges Meer im Osten, Wellen f\u00fcr alle F\u00e4higkeitsstufen im Nordwesten und eine perfekte Lagune in La Santa f\u00fcr Neulinge.<\/p>\n<p>Unsere SUP Schule bietet t\u00e4glich SUP-Kurse aller Stufen an.<\/p>\n<\/div>\n<\/div>\n<\/div>\n<\/div>\n<p>[\/vc_column_text][\/vc_column][vc_column width=&#8220;1\/2&#8243;][vc_single_image image=&#8220;4650&#8243; alignment=&#8220;center&#8220; border_color=&#8220;grey&#8220; img_link_target=&#8220;_self&#8220; img_size=&#8220;large&#8220;][\/vc_column][\/vc_row][vc_row css=&#8220;.vc_custom_1427790600722{padding-top: 700px !important;background-image: url(http:\/\/costanoroeste.com\/wp-content\/uploads\/2015\/03\/CNO_Packages_Sup_3.jpg?id=4559) !important;}&#8220; overlay_color_opacity=&#8220;50&#8243; overlay_pattern_opacity=&#8220;50&#8243; bg_image_fb=&#8220;4559&#8243; full_page_width=&#8220;1&#8243;][vc_column width=&#8220;1\/1&#8243;]<br \/>\n[\/vc_column][\/vc_row][vc_row full_width=&#8220;&#8220; css=&#8220;.vc_custom_1439476307145{margin-top: 50px !important;}&#8220; overlay_color_opacity=&#8220;50&#8243; overlay_pattern_opacity=&#8220;50&#8243; full_page_width=&#8220;&#8220; parallax=&#8220;&#8220;][vc_column width=&#8220;1\/2&#8243;]<h3 class=\"mpc-vc-deco-header vc_txt_align_left\"><span class=\"mpcth-color-main-border\">SUP f\u00fcr Anf\u00e4nger<\/span><\/h3>[vc_column_text]<\/p>\n<p>Costanoroeste SUP Schule in Famara Lanzarote f\u00fcr Anf\u00e4nger ist f\u00fcr alle, die SUP in einem sicheren und unterhaltsamen Umfeld kennenlernen m\u00f6chten. Das Alter oder Vorwissen spielen keine Rolle, du kannst dich uns einfach anschliessen. Lazarote ist einer der sch\u00f6nsten und unber\u00fchrtesten Flecken Europas. Unsere Schule befindet sich direkt am besten SUP Ort der Insel, du startest deine ersten SUP-Versuche in einer wunderbaren Lagune mit flachem Wasser in La Santa oder in unserem Hafen wo du alle n\u00f6tigen Grundf\u00e4higkeiten erlernst, um ein kompetenter Stand-up Paddler zu werden. Wir stellen dir das n\u00f6tige Equipment bereit damit einfach nur noch geniessen kannst.<\/p>\n<p>[\/vc_column_text]<h3 class=\"mpc-vc-deco-header vc_txt_align_left\"><span class=\"mpcth-color-main-border\">SUP f\u00fcr Ge\u00fcbte<\/span><\/h3>[vc_column_text]Bist du bereits an das Paddeln auf einem See gew\u00f6hnt? Oder im Mittelmeer? Du hast bereits versucht, die eine oder andere Welle zu nehmen, jedoch wollte es nicht so richtig klappen? Wir zeigen dir alles was du brauchst, um dein Ziel zu erreichen, wie zum Beispiel die richtige Paddeltechnik, wie man eine Welle richtig nimmt, wie man sich richtig auf dem Brett positioniert und das alles ohne Dich oder andere zu gef\u00e4hrden.<\/p>\n<p>Unser Ziel ist es, das wir am Ende des Camps selbstsichere SUP\u2019er verabschieden k\u00f6nnen, die sich mit viel Grundwissen gefahrenlos auch ohne Aufsicht im Meer vergn\u00fcgen k\u00f6nnen.[\/vc_column_text][\/vc_column][vc_column width=&#8220;1\/2&#8243;]<h3 class=\"mpc-vc-deco-header vc_txt_align_left\"><span class=\"mpcth-color-main-border\">SUP f\u00fcr Fortgeschrittene<\/span><\/h3>[vc_column_text]<\/p>\n<p>Du weisst schon wie man paddle surft? Dann lass uns gemeinsam deinen Style und deine F\u00e4higkeiten perfektionieren. Wir zeigen dir jeden Tag die besten Orte, die Lanzarote zu bieten hat \u2013 Riff und\/oder Strandgebiete \u2013 wo auch immer die besten Wellen und Konditionen des Tages sind. Verschwende nicht deine Zeit mit eigener Suche. Lass uns unser Wissen und unsere Erfahrungen mit dir teilen. Wir geben spezifische Tipps f\u00fcr jede Location, damit du das Beste aus den grossartigen Wellen und unserem Coaching herausholen kannst.<\/p>\n<p>[\/vc_column_text]<h3 class=\"mpc-vc-deco-header vc_txt_align_left\"><span class=\"mpcth-color-main-border\">Unsere SUP Lektionen und Preise<\/span><\/h3><div id=\"mpcth_grid\" class=\"mpcth-columns-5\">&nbsp;\r\n<table class=\"costa_table\">\r\n<tbody>\r\n<tr>\r\n<td>Preise SUP Schule in Famara Lanzarote<\/td>\r\n<td><\/td>\r\n<\/tr>\r\n<tr>\r\n<td><\/td>\r\n<td><\/td>\r\n<\/tr>\r\n<tr>\r\n<td><strong>SUP Schule<\/strong><\/td>\r\n<td><\/td>\r\n<\/tr>\r\n<tr>\r\n<td><a href=\"\/costanoroeste\/?p=5997\">1 Tag\u00a0SUP<\/a><\/td>\r\n<td>\u20ac 60.00<\/td>\r\n<\/tr>\r\n<tr>\r\n<td><a href=\"\/costanoroeste\/?p=6007\">5 Tage 2 Stunden pro Tag\u00a0SUP<\/a><\/td>\r\n<td>\u20ac 250.00<\/td>\r\n<\/tr>\r\n<tr>\r\n<td><\/td>\r\n<td><\/td>\r\n<\/tr>\r\n<tr>\r\n<td><strong>SUP Schule Privat<\/strong><\/td>\r\n<td><\/td>\r\n<\/tr>\r\n<tr>\r\n<td><a href=\"\/costanoroeste\/?p=6017\">1 Tag 2 Stunden SUP Privat<\/a><\/td>\r\n<td>\u20ac 100.00<\/td>\r\n<\/tr>\r\n<tr>\r\n<td><a href=\"\/costanoroeste\/?p=6007\">5 Tage 2 Stunden SUP Privat<\/a><\/td>\r\n<td>\u20ac 450.00<\/td>\r\n<\/tr>\r\n<\/tbody>\r\n<\/table>\r\n&nbsp;<\/div>[\/vc_column][\/vc_row][vc_row css=&#8220;.vc_custom_1427724180280{padding-top: 700px !important;background-image: url(http:\/\/costanoroeste.com\/wp-content\/uploads\/2014\/02\/CNO_Sports_0004.jpg?id=3602) !important;}&#8220; overlay_color_opacity=&#8220;50&#8243; overlay_pattern_opacity=&#8220;50&#8243; bg_image_fb=&#8220;3602&#8243; full_page_width=&#8220;1&#8243;][vc_column width=&#8220;1\/1&#8243;]<br \/>\n[\/vc_column][\/vc_row]<\/p>\n<\/section>","protected":false},"excerpt":{"rendered":"<p>[vc_row][vc_column][\/vc_column][vc_column width=&#8220;1\/2&#8243;][vc_column_text] SUP (stand up paddling) ist der aktuellste Trend im Wassersportbereich weltweit. SUP kombiniert kanufahren, surfen und fitnesstraining, ist sehr einfach zu lernen und macht super viel Spass! Entdecke mit uns die Welt des SUP und geniesse die Sonne und die Wellen. Costanoroeste SUP Schule in Famara Lanzarote bietet das ganze Jahr hindurch perfekte&#8230;<\/p>\n","protected":false},"author":8,"featured_media":0,"parent":0,"menu_order":0,"comment_status":"closed","ping_status":"closed","template":"","meta":[],"acf":[],"yoast_head":"<!-- This site is optimized with the Yoast SEO plugin v20.11 - https:\/\/yoast.com\/wordpress\/plugins\/seo\/ -->\n<title>Costanoroeste SUP Schule in Famara Lanzarote<\/title>\n<meta name=\"description\" content=\"Costanoroeste SUP Schule in Famara Lanzarote bietet verschiedene SUP angebote an. SUP ist der aktuellste Trend im Wassersportbereich weltweit.\" \/>\n<meta name=\"robots\" content=\"index, follow, max-snippet:-1, max-image-preview:large, max-video-preview:-1\" \/>\n<link rel=\"canonical\" href=\"https:\/\/www.costanoroeste.com\/de\/sup-schule-in-famara-lanzarote\/\" \/>\n<meta property=\"og:locale\" content=\"de_DE\" \/>\n<meta property=\"og:type\" content=\"article\" \/>\n<meta property=\"og:title\" content=\"Costanoroeste SUP Schule in Famara Lanzarote\" \/>\n<meta property=\"og:description\" content=\"Costanoroeste SUP Schule in Famara Lanzarote bietet verschiedene SUP angebote an. SUP ist der aktuellste Trend im Wassersportbereich weltweit.\" \/>\n<meta property=\"og:url\" content=\"https:\/\/www.costanoroeste.com\/de\/sup-schule-in-famara-lanzarote\/\" \/>\n<meta property=\"og:site_name\" content=\"Costanoroeste\" \/>\n<meta property=\"article:publisher\" content=\"https:\/\/www.facebook.com\/CostaNoroeste\" \/>\n<meta property=\"article:modified_time\" content=\"2018-01-28T00:57:06+00:00\" \/>\n<meta property=\"og:image\" content=\"https:\/\/www.costanoroeste.com\/wp-content\/uploads\/2015\/01\/cno_fav_icon.jpg\" \/>\n\t<meta property=\"og:image:width\" content=\"512\" \/>\n\t<meta property=\"og:image:height\" content=\"512\" \/>\n\t<meta property=\"og:image:type\" content=\"image\/jpeg\" \/>\n<meta name=\"twitter:label1\" content=\"Gesch\u00e4tzte Lesezeit\" \/>\n\t<meta name=\"twitter:data1\" content=\"3\u00a0Minuten\" \/>\n<script type=\"application\/ld+json\" class=\"yoast-schema-graph\">{\"@context\":\"https:\/\/schema.org\",\"@graph\":[{\"@type\":\"WebPage\",\"@id\":\"https:\/\/www.costanoroeste.com\/de\/sup-schule-in-famara-lanzarote\/\",\"url\":\"https:\/\/www.costanoroeste.com\/de\/sup-schule-in-famara-lanzarote\/\",\"name\":\"Costanoroeste SUP Schule in Famara Lanzarote\",\"isPartOf\":{\"@id\":\"https:\/\/www.costanoroeste.com\/#website\"},\"datePublished\":\"2015-03-30T07:33:13+00:00\",\"dateModified\":\"2018-01-28T00:57:06+00:00\",\"description\":\"Costanoroeste SUP Schule in Famara Lanzarote bietet verschiedene SUP angebote an. SUP ist der aktuellste Trend im Wassersportbereich weltweit.\",\"breadcrumb\":{\"@id\":\"https:\/\/www.costanoroeste.com\/de\/sup-schule-in-famara-lanzarote\/#breadcrumb\"},\"inLanguage\":\"de\",\"potentialAction\":[{\"@type\":\"ReadAction\",\"target\":[\"https:\/\/www.costanoroeste.com\/de\/sup-schule-in-famara-lanzarote\/\"]}]},{\"@type\":\"BreadcrumbList\",\"@id\":\"https:\/\/www.costanoroeste.com\/de\/sup-schule-in-famara-lanzarote\/#breadcrumb\",\"itemListElement\":[{\"@type\":\"ListItem\",\"position\":1,\"name\":\"Home\",\"item\":\"https:\/\/www.costanoroeste.com\/de\/\"},{\"@type\":\"ListItem\",\"position\":2,\"name\":\"Costanoroeste SUP Schule in Famara Lanzarote\"}]},{\"@type\":\"WebSite\",\"@id\":\"https:\/\/www.costanoroeste.com\/#website\",\"url\":\"https:\/\/www.costanoroeste.com\/\",\"name\":\"Costanoroeste\",\"description\":\"Surf- &amp; Kite School - Lanzarote\",\"publisher\":{\"@id\":\"https:\/\/www.costanoroeste.com\/#organization\"},\"potentialAction\":[{\"@type\":\"SearchAction\",\"target\":{\"@type\":\"EntryPoint\",\"urlTemplate\":\"https:\/\/www.costanoroeste.com\/?s={search_term_string}\"},\"query-input\":\"required name=search_term_string\"}],\"inLanguage\":\"de\"},{\"@type\":\"Organization\",\"@id\":\"https:\/\/www.costanoroeste.com\/#organization\",\"name\":\"COSTANOROESTE SURF & KITEBOARDING SCHOOL\",\"url\":\"https:\/\/www.costanoroeste.com\/\",\"logo\":{\"@type\":\"ImageObject\",\"inLanguage\":\"de\",\"@id\":\"https:\/\/www.costanoroeste.com\/#\/schema\/logo\/image\/\",\"url\":\"https:\/\/www.costanoroeste.com\/wp-content\/uploads\/2015\/01\/cropped-cno_fav_icon.jpg\",\"contentUrl\":\"https:\/\/www.costanoroeste.com\/wp-content\/uploads\/2015\/01\/cropped-cno_fav_icon.jpg\",\"width\":512,\"height\":512,\"caption\":\"COSTANOROESTE SURF & KITEBOARDING SCHOOL\"},\"image\":{\"@id\":\"https:\/\/www.costanoroeste.com\/#\/schema\/logo\/image\/\"},\"sameAs\":[\"https:\/\/www.facebook.com\/CostaNoroeste\"]}]}<\/script>\n<!-- \/ Yoast SEO plugin. -->","yoast_head_json":{"title":"Costanoroeste SUP Schule in Famara Lanzarote","description":"Costanoroeste SUP Schule in Famara Lanzarote bietet verschiedene SUP angebote an. SUP ist der aktuellste Trend im Wassersportbereich weltweit.","robots":{"index":"index","follow":"follow","max-snippet":"max-snippet:-1","max-image-preview":"max-image-preview:large","max-video-preview":"max-video-preview:-1"},"canonical":"https:\/\/www.costanoroeste.com\/de\/sup-schule-in-famara-lanzarote\/","og_locale":"de_DE","og_type":"article","og_title":"Costanoroeste SUP Schule in Famara Lanzarote","og_description":"Costanoroeste SUP Schule in Famara Lanzarote bietet verschiedene SUP angebote an. SUP ist der aktuellste Trend im Wassersportbereich weltweit.","og_url":"https:\/\/www.costanoroeste.com\/de\/sup-schule-in-famara-lanzarote\/","og_site_name":"Costanoroeste","article_publisher":"https:\/\/www.facebook.com\/CostaNoroeste","article_modified_time":"2018-01-28T00:57:06+00:00","og_image":[{"width":512,"height":512,"url":"https:\/\/www.costanoroeste.com\/wp-content\/uploads\/2015\/01\/cno_fav_icon.jpg","type":"image\/jpeg"}],"twitter_misc":{"Gesch\u00e4tzte Lesezeit":"3\u00a0Minuten"},"schema":{"@context":"https:\/\/schema.org","@graph":[{"@type":"WebPage","@id":"https:\/\/www.costanoroeste.com\/de\/sup-schule-in-famara-lanzarote\/","url":"https:\/\/www.costanoroeste.com\/de\/sup-schule-in-famara-lanzarote\/","name":"Costanoroeste SUP Schule in Famara Lanzarote","isPartOf":{"@id":"https:\/\/www.costanoroeste.com\/#website"},"datePublished":"2015-03-30T07:33:13+00:00","dateModified":"2018-01-28T00:57:06+00:00","description":"Costanoroeste SUP Schule in Famara Lanzarote bietet verschiedene SUP angebote an. SUP ist der aktuellste Trend im Wassersportbereich weltweit.","breadcrumb":{"@id":"https:\/\/www.costanoroeste.com\/de\/sup-schule-in-famara-lanzarote\/#breadcrumb"},"inLanguage":"de","potentialAction":[{"@type":"ReadAction","target":["https:\/\/www.costanoroeste.com\/de\/sup-schule-in-famara-lanzarote\/"]}]},{"@type":"BreadcrumbList","@id":"https:\/\/www.costanoroeste.com\/de\/sup-schule-in-famara-lanzarote\/#breadcrumb","itemListElement":[{"@type":"ListItem","position":1,"name":"Home","item":"https:\/\/www.costanoroeste.com\/de\/"},{"@type":"ListItem","position":2,"name":"Costanoroeste SUP Schule in Famara Lanzarote"}]},{"@type":"WebSite","@id":"https:\/\/www.costanoroeste.com\/#website","url":"https:\/\/www.costanoroeste.com\/","name":"Costanoroeste","description":"Surf- &amp; Kite School - Lanzarote","publisher":{"@id":"https:\/\/www.costanoroeste.com\/#organization"},"potentialAction":[{"@type":"SearchAction","target":{"@type":"EntryPoint","urlTemplate":"https:\/\/www.costanoroeste.com\/?s={search_term_string}"},"query-input":"required name=search_term_string"}],"inLanguage":"de"},{"@type":"Organization","@id":"https:\/\/www.costanoroeste.com\/#organization","name":"COSTANOROESTE SURF & KITEBOARDING SCHOOL","url":"https:\/\/www.costanoroeste.com\/","logo":{"@type":"ImageObject","inLanguage":"de","@id":"https:\/\/www.costanoroeste.com\/#\/schema\/logo\/image\/","url":"https:\/\/www.costanoroeste.com\/wp-content\/uploads\/2015\/01\/cropped-cno_fav_icon.jpg","contentUrl":"https:\/\/www.costanoroeste.com\/wp-content\/uploads\/2015\/01\/cropped-cno_fav_icon.jpg","width":512,"height":512,"caption":"COSTANOROESTE SURF & KITEBOARDING SCHOOL"},"image":{"@id":"https:\/\/www.costanoroeste.com\/#\/schema\/logo\/image\/"},"sameAs":["https:\/\/www.facebook.com\/CostaNoroeste"]}]}},"_links":{"self":[{"href":"https:\/\/www.costanoroeste.com\/de\/wp-json\/wp\/v2\/pages\/4977"}],"collection":[{"href":"https:\/\/www.costanoroeste.com\/de\/wp-json\/wp\/v2\/pages"}],"about":[{"href":"https:\/\/www.costanoroeste.com\/de\/wp-json\/wp\/v2\/types\/page"}],"author":[{"embeddable":true,"href":"https:\/\/www.costanoroeste.com\/de\/wp-json\/wp\/v2\/users\/8"}],"replies":[{"embeddable":true,"href":"https:\/\/www.costanoroeste.com\/de\/wp-json\/wp\/v2\/comments?post=4977"}],"version-history":[{"count":5,"href":"https:\/\/www.costanoroeste.com\/de\/wp-json\/wp\/v2\/pages\/4977\/revisions"}],"predecessor-version":[{"id":7195,"href":"https:\/\/www.costanoroeste.com\/de\/wp-json\/wp\/v2\/pages\/4977\/revisions\/7195"}],"wp:attachment":[{"href":"https:\/\/www.costanoroeste.com\/de\/wp-json\/wp\/v2\/media?parent=4977"}],"curies":[{"name":"wp","href":"https:\/\/api.w.org\/{rel}","templated":true}]}}