{"id":4982,"date":"2015-03-30T07:33:45","date_gmt":"2015-03-30T07:33:45","guid":{"rendered":"http:\/\/costanoroeste.com\/sup-camp-2\/"},"modified":"2018-01-28T01:57:05","modified_gmt":"2018-01-28T00:57:05","slug":"sup-camp-in-famara-lanzarote","status":"publish","type":"page","link":"https:\/\/www.costanoroeste.com\/de\/sup-camp-in-famara-lanzarote\/","title":{"rendered":"Costanoroeste SUP Camp in Famara Lanzarote"},"content":{"rendered":"<section class=\"wpb-content-wrapper\"><p>[vc_row][vc_column]<h1 class=\"mpc-vc-deco-header vc_txt_align_center\"><span class=\"mpcth-color-main-border\">Sup Camp in Famara Lanzarote<\/span><\/h1>[\/vc_column][vc_column width=&#8220;1\/2&#8243;][vc_single_image image=&#8220;4666&#8243; alignment=&#8220;center&#8220; border_color=&#8220;grey&#8220; img_link_target=&#8220;_self&#8220; img_size=&#8220;large&#8220;][vc_single_image image=&#8220;4687&#8243; alignment=&#8220;center&#8220; border_color=&#8220;grey&#8220; img_link_target=&#8220;_self&#8220; img_size=&#8220;large&#8220;][\/vc_column][vc_column width=&#8220;1\/2&#8243;]<h3 class=\"mpc-vc-deco-header vc_txt_align_left\"><span class=\"mpcth-color-main-border\">Du willst SUP\u2019ING richtig rocken?<\/span><\/h3>[vc_column_text]<\/p>\n<div class=\"page\" title=\"Page 1\">\n<div class=\"section\">\n<div class=\"layoutArea\">\n<div class=\"column\">\n<p>Dann lass uns dir den aktuellsten Trend im Wassersport n\u00e4her bringen. Wir instruieren SUP auf kurzweilige, sichere und schnelle Art. SUP ist sehr leicht zu erlernen und eignet sich f\u00fcr alle, deswegen bieten wir SUP Camps f\u00fcr alle Stufen an. Egal ob du noch nie SUP gemacht hast oder deine F\u00e4higkeiten verbessern m\u00f6chtest, unsere Kursleiter helfen dir, deine Ziele zu erreichen. Die Teilnehmer werden entsprechend ihrer F\u00e4higkeiten in Gruppen eingeteilt und von unseren Leitern individuell betreut und unterrichtet.<\/p>\n<p>Costanoroeste SUP Camp in Famara Lanzarote ist das ganze Jahr hindurch f\u00fcr alle Interessierten ge\u00f6ffnet, ob Neuling oder Semi-Pro. Das Camp beinhaltet 7 \u00dcbernachtungen + 5 Tage SUP Kurse (2h\/Tag=10 Stunden). Hier kannst du SUP lernen, entspannen und die bezaubernde Sonne und den Strand Lanzarotes geniessen.<\/p>\n<p>Bitte beachte: Der Lernerfolg ist immer von der pers\u00f6nlichen Lernkurve abh\u00e4ngig.<\/p>\n<p><span style=\"line-height: 1.5;\">\u00a0<\/span><\/p>\n<p>&nbsp;<\/p>\n<\/div>\n<\/div>\n<\/div>\n<\/div>\n<p>[\/vc_column_text][\/vc_column][\/vc_row][vc_row css=&#8220;.vc_custom_1427707776799{padding-top: 500px !important;background-image: url(http:\/\/costanoroeste.com\/wp-content\/uploads\/2015\/03\/CNO_SUP_1.jpg?id=4684) !important;}&#8220; overlay_color_opacity=&#8220;50&#8243; overlay_pattern_opacity=&#8220;50&#8243; bg_image_fb=&#8220;4684&#8243; full_page_width=&#8220;1&#8243;][vc_column width=&#8220;1\/1&#8243;]<br \/>\n[\/vc_column][\/vc_row][vc_row full_width=&#8220;&#8220; css=&#8220;.vc_custom_1439476371406{margin-top: 50px !important;}&#8220; overlay_color_opacity=&#8220;50&#8243; overlay_pattern_opacity=&#8220;50&#8243; full_page_width=&#8220;&#8220; parallax=&#8220;&#8220;][vc_column width=&#8220;1\/1&#8243;]<h1 class=\"mpc-vc-deco-header vc_txt_align_center\"><span class=\"mpcth-color-main-border\">Unsere Camps und Preise<\/span><\/h1><div id=\"mpcth_grid\" class=\"mpcth-columns-5\"><table class=\"costa_table\">\r\n<tbody>\r\n<tr>\r\n<td style=\"background: white; border: none;\"><strong>\u00a0<\/strong><\/td>\r\n<td style=\"text-align: center;\" colspan=\"2\" width=\"\"><strong>Nebensaison<\/strong><\/td>\r\n<td style=\"text-align: center;\" colspan=\"4\" width=\"\"><strong>Hochsaison*<\/strong><\/td>\r\n<\/tr>\r\n<tr>\r\n<td style=\"text-align: center;\"><strong>\u00a0<\/strong><\/td>\r\n<td style=\"text-align: center;\" colspan=\"2\"><strong>1 Woche<\/strong><\/td>\r\n<td style=\"text-align: center;\" colspan=\"2\"><strong>1 Woche<\/strong><\/td>\r\n<td style=\"text-align: center;\" colspan=\"2\"><strong>2 Wochen<\/strong><\/td>\r\n<\/tr>\r\n<tr>\r\n<td><strong><strong>Surf\u00a0<\/strong><\/strong><strong><strong><strong>Camp in Famara Lanzarote<\/strong><\/strong><\/strong><\/td>\r\n<td><strong>1 Person<\/strong><\/td>\r\n<td><strong>2 Personen<\/strong><\/td>\r\n<td><strong>1 Person<\/strong><\/td>\r\n<td><strong>2 Personen<\/strong><\/td>\r\n<td><strong>1 Person<\/strong><\/td>\r\n<td><strong>2 Personen<\/strong><\/td>\r\n<\/tr>\r\n<tr>\r\n<td><a href=\"\/costanoroeste\/?p=5112\">Surf &amp; Stay<\/a><\/td>\r\n<td>\u20ac 345.00<\/td>\r\n<td>\u20ac 670.00<\/td>\r\n<td>\u20ac 375.00<\/td>\r\n<td>\u20ac 730.00<\/td>\r\n<td>\u20ac 730.00<\/td>\r\n<td>\u20ac 1'420.00<\/td>\r\n<\/tr>\r\n<tr>\r\n<td><a href=\"\/costanoroeste\/?p=5203\">Surf &amp; Yoga<\/a><\/td>\r\n<td>\u20ac 405.00<\/td>\r\n<td>\u20ac 790.00<\/td>\r\n<td>\u20ac 435.00<\/td>\r\n<td>\u20ac 850.00<\/td>\r\n<td>\u20ac 850.00<\/td>\r\n<td>\u20ac 1'660.00<\/td>\r\n<\/tr>\r\n<tr>\r\n<td><a href=\"\/costanoroeste\/?p=5183\">Surf &amp; Kite<\/a><\/td>\r\n<td>\u20ac 430.00<\/td>\r\n<td>\u20ac 840.00<\/td>\r\n<td>\u20ac 460.00<\/td>\r\n<td>\u20ac 900.00<\/td>\r\n<td>\u20ac 900.00<\/td>\r\n<td>\u20ac 1'760.00<\/td>\r\n<\/tr>\r\n<tr>\r\n<td><a href=\"\/costanoroeste\/?p=5221\">Surf &amp; SUP<\/a><\/td>\r\n<td>\u20ac 505.00<\/td>\r\n<td>\u20ac 980.00<\/td>\r\n<td>\u20ac 535.00<\/td>\r\n<td>\u20ac 1040.00<\/td>\r\n<td>\u20ac 1040.00<\/td>\r\n<td>\u20ac 2'040.00<\/td>\r\n<\/tr>\r\n<tr>\r\n<td><a href=\"\/costanoroeste\/?p=5908\">Surf &amp; Family<\/a><\/td>\r\n<td><\/td>\r\n<td>\u20ac 1070.00<\/td>\r\n<td><\/td>\r\n<td>\u20ac 1'125.00<\/td>\r\n<td><\/td>\r\n<td>\u20ac 2'210.00<\/td>\r\n<\/tr>\r\n<tr>\r\n<td><\/td>\r\n<td><\/td>\r\n<td><\/td>\r\n<td><\/td>\r\n<td><\/td>\r\n<td><\/td>\r\n<td><\/td>\r\n<\/tr>\r\n<tr>\r\n<td><strong><strong>Kite<\/strong><\/strong><strong><strong><strong>\u00a0<\/strong><\/strong><strong><strong><strong>Camp in Famara Lanzarote<\/strong><\/strong><\/strong><\/strong><\/td>\r\n<td><\/td>\r\n<td><\/td>\r\n<td><\/td>\r\n<td><\/td>\r\n<td><\/td>\r\n<td><\/td>\r\n<\/tr>\r\n<tr>\r\n<td><a href=\"\/costanoroeste\/?p=5241\">Kite &amp; Stay<\/a><\/td>\r\n<td>\u20ac 455.00<\/td>\r\n<td>\u20ac 890.00<\/td>\r\n<td>\u20ac 485.00<\/td>\r\n<td>\u20ac 950.00<\/td>\r\n<td>\u20ac 950.00<\/td>\r\n<td>\u20ac 1'820.00<\/td>\r\n<\/tr>\r\n<tr>\r\n<td><a href=\"\/costanoroeste\/?p=5261\">Kite &amp; SUP<\/a><\/td>\r\n<td>\u20ac 510.00<\/td>\r\n<td>\u20ac 1'000.00<\/td>\r\n<td>\u20ac 540.00<\/td>\r\n<td>\u20ac 1'060.00<\/td>\r\n<td>\u20ac 1'060.00<\/td>\r\n<td>\u20ac 2'080.00<\/td>\r\n<\/tr>\r\n<tr>\r\n<td><a href=\"\/costanoroeste\/?p=5281\">Kite &amp; Yoga<\/a><\/td>\r\n<td>\u20ac 515.00<\/td>\r\n<td>\u20ac 1'010.00<\/td>\r\n<td>\u20ac 550.00<\/td>\r\n<td>\u20ac 1'080.00<\/td>\r\n<td>\u20ac 1'080.00<\/td>\r\n<td>\u20ac 2'120.00<\/td>\r\n<\/tr>\r\n<tr>\r\n<td><\/td>\r\n<td><\/td>\r\n<td><\/td>\r\n<td><\/td>\r\n<td><\/td>\r\n<td><\/td>\r\n<td><\/td>\r\n<\/tr>\r\n<tr>\r\n<td><strong><strong>SUP<\/strong><\/strong><strong><strong><strong>\u00a0<\/strong><\/strong><strong><strong><strong>Camp in Famara Lanzarote<\/strong><\/strong><\/strong><\/strong><\/td>\r\n<td><\/td>\r\n<td><\/td>\r\n<td><\/td>\r\n<td><\/td>\r\n<td><\/td>\r\n<td><\/td>\r\n<\/tr>\r\n<tr>\r\n<td><a href=\"\/costanoroeste\/?p=5644\">SUP &amp; Stay<\/a><\/td>\r\n<td>\u20ac 460.00<\/td>\r\n<td>\u20ac 900.00<\/td>\r\n<td>\u20ac 490.00<\/td>\r\n<td>\u20ac 960.00<\/td>\r\n<td>\u20ac 960.00<\/td>\r\n<td>\u20ac 1'880.00<\/td>\r\n<\/tr>\r\n<tr>\r\n<td><a href=\"\/costanoroeste\/?p=5662\">SUP &amp; Yoga<\/a><\/td>\r\n<td>\u20ac 520.00<\/td>\r\n<td>\u20ac 1'020.00<\/td>\r\n<td>\u20ac 550.00<\/td>\r\n<td>\u20ac 1'080.00<\/td>\r\n<td>\u20ac 1'080.00<\/td>\r\n<td>\u20ac 2'120.00<\/td>\r\n<\/tr>\r\n<tr>\r\n<td><\/td>\r\n<td><\/td>\r\n<td><\/td>\r\n<td><\/td>\r\n<td><\/td>\r\n<td><\/td>\r\n<td><\/td>\r\n<\/tr>\r\n<tr>\r\n<td><strong>Special packages<\/strong><\/td>\r\n<td><\/td>\r\n<td><\/td>\r\n<td><\/td>\r\n<td><\/td>\r\n<td><\/td>\r\n<td><\/td>\r\n<\/tr>\r\n<tr>\r\n<td>\u00a0<a href=\"\/costanoroeste\/?p=5698\">Girls only** \u00a0<\/a><\/td>\r\n<td>\u20ac 345.00<\/td>\r\n<td>\u20ac 670.00<\/td>\r\n<td>\u20ac 375.00<\/td>\r\n<td>\u20ac 730.00<\/td>\r\n<td>\u20ac 730.00<\/td>\r\n<td>\u20ac 1'420.00<\/td>\r\n<\/tr>\r\n<tr>\r\n<td><a href=\"\/costanoroeste\/?p=5680\">\u00a0Try them all<\/a><\/td>\r\n<td>\u20ac 490.00<\/td>\r\n<td>\u20ac 940.00<\/td>\r\n<td>\u20ac 520.00<\/td>\r\n<td>\u20ac 1000.00<\/td>\r\n<td>\u20ac 1000.00<\/td>\r\n<td>\u20ac 1'960.00<\/td>\r\n<\/tr>\r\n<tr>\r\n<td><\/td>\r\n<td><\/td>\r\n<td><\/td>\r\n<td><\/td>\r\n<td><\/td>\r\n<td><\/td>\r\n<td><\/td>\r\n<\/tr>\r\n<\/tbody>\r\n<\/table>\r\n*Hochsaison: Juli und August und 20. Dezember bis 10. Januar.\r\n**\u00a0Bitte kontaktiere uns f\u00fcr weitere Informationen<\/div>[\/vc_column][\/vc_row][vc_row][vc_column width=&#8220;1\/1&#8243;][vc_column_text]<\/p>\n\r\n\t\t<style type='text\/css'>\r\n\t\t\t#gallery-1 {\r\n\t\t\t\tmargin: auto;\r\n\t\t\t}\r\n\t\t\t#gallery-1 .gallery-item {\r\n\t\t\t\tfloat: left;\r\n\t\t\t\tmargin-top: 10px;\r\n\t\t\t\ttext-align: center;\r\n\t\t\t\twidth: 33%;\r\n\t\t\t}\r\n\t\t\t#gallery-1 img {\r\n\t\t\t\tborder: 2px solid #cfcfcf;\r\n\t\t\t}\r\n\t\t\t#gallery-1 .gallery-caption {\r\n\t\t\t\tmargin-left: 0;\r\n\t\t\t}\r\n\t\t<\/style>\r\n\t\t<!-- see gallery_shortcode() in wp-includes\/media.php -->\n\t\t<div id='gallery-1' class='gallery galleryid-4982 gallery-columns-3 gallery-size-medium gallery1'><script type=\"text\/javascript\">\r\n\/\/ <![CDATA[\r\n\tjQuery(document).ready(function () {\r\n\t\tjQuery(\".gallery1 a\").attr(\"rel\",\"gallery1\");\t\r\n\t\tjQuery('a[rel=\"gallery1\"]').colorbox({maxWidth:\"95%\", maxHeight:\"95%\",title: function(){ return jQuery(this).children().attr(\"alt\"); }, });\r\n\t});\r\n\/\/ ]]>\r\n<\/script>\n<dl class=\"gallery-item\">\n<dt class=\"gallery-icon\">\r\n<a href=\"https:\/\/www.costanoroeste.com\/wp-content\/uploads\/2015\/03\/CNO_Packages_Sup_1.jpg\" title=\"\" rel=\"gallery1\"><img src=\"https:\/\/www.costanoroeste.com\/wp-content\/uploads\/2015\/03\/CNO_Packages_Sup_1-300x200.jpg\" width=\"300\" height=\"200\" alt=\"\" \/><\/a>\r\n<\/dt><\/dl><dl class=\"gallery-item\">\n<dt class=\"gallery-icon\">\r\n<a href=\"https:\/\/www.costanoroeste.com\/wp-content\/uploads\/2015\/03\/CNO_Packages_Sup_2.jpg\" title=\"\" rel=\"gallery1\"><img src=\"https:\/\/www.costanoroeste.com\/wp-content\/uploads\/2015\/03\/CNO_Packages_Sup_2-300x200.jpg\" width=\"300\" height=\"200\" alt=\"\" \/><\/a>\r\n<\/dt><\/dl><dl class=\"gallery-item\">\n<dt class=\"gallery-icon\">\r\n<a href=\"https:\/\/www.costanoroeste.com\/wp-content\/uploads\/2015\/03\/CNO_Packages_Sup_3.jpg\" title=\"\" rel=\"gallery1\"><img src=\"https:\/\/www.costanoroeste.com\/wp-content\/uploads\/2015\/03\/CNO_Packages_Sup_3-300x200.jpg\" width=\"300\" height=\"200\" alt=\"\" \/><\/a>\r\n<\/dt><\/dl><br style=\"clear: both\" \/><dl class=\"gallery-item\">\n<dt class=\"gallery-icon\">\r\n<a href=\"https:\/\/www.costanoroeste.com\/wp-content\/uploads\/2015\/03\/CNO_Packages_Sup_4.jpg\" title=\"\" rel=\"gallery1\"><img src=\"https:\/\/www.costanoroeste.com\/wp-content\/uploads\/2015\/03\/CNO_Packages_Sup_4-300x200.jpg\" width=\"300\" height=\"200\" alt=\"\" \/><\/a>\r\n<\/dt><\/dl><dl class=\"gallery-item\">\n<dt class=\"gallery-icon\">\r\n<a href=\"https:\/\/www.costanoroeste.com\/wp-content\/uploads\/2015\/03\/CNO_Packages_Sup.jpg\" title=\"\" rel=\"gallery1\"><img src=\"https:\/\/www.costanoroeste.com\/wp-content\/uploads\/2015\/03\/CNO_Packages_Sup-300x200.jpg\" width=\"300\" height=\"200\" alt=\"\" \/><\/a>\r\n<\/dt><\/dl><dl class=\"gallery-item\">\n<dt class=\"gallery-icon\">\r\n<a href=\"https:\/\/www.costanoroeste.com\/wp-content\/uploads\/2015\/01\/CNO_Packages_Shop.jpg\" title=\"\" rel=\"gallery1\"><img src=\"https:\/\/www.costanoroeste.com\/wp-content\/uploads\/2015\/01\/CNO_Packages_Shop-300x200.jpg\" width=\"300\" height=\"200\" alt=\"\" \/><\/a>\r\n<\/dt><\/dl><br style=\"clear: both\" \/>\r\n\t\t<\/div>\n\n<p>[\/vc_column_text][\/vc_column][\/vc_row]<\/p>\n<\/section>","protected":false},"excerpt":{"rendered":"<p>[vc_row][vc_column][\/vc_column][vc_column width=&#8220;1\/2&#8243;][vc_single_image image=&#8220;4666&#8243; alignment=&#8220;center&#8220; border_color=&#8220;grey&#8220; img_link_target=&#8220;_self&#8220; img_size=&#8220;large&#8220;][vc_single_image image=&#8220;4687&#8243; alignment=&#8220;center&#8220; border_color=&#8220;grey&#8220; img_link_target=&#8220;_self&#8220; img_size=&#8220;large&#8220;][\/vc_column][vc_column width=&#8220;1\/2&#8243;][vc_column_text] Dann lass uns dir den aktuellsten Trend im Wassersport n\u00e4her bringen. Wir instruieren SUP auf kurzweilige, sichere und schnelle Art. SUP ist sehr leicht zu erlernen und eignet sich f\u00fcr alle, deswegen bieten wir SUP Camps f\u00fcr alle Stufen an. Egal ob&#8230;<\/p>\n","protected":false},"author":8,"featured_media":0,"parent":0,"menu_order":0,"comment_status":"closed","ping_status":"closed","template":"","meta":[],"acf":[],"yoast_head":"<!-- This site is optimized with the Yoast SEO plugin v20.11 - https:\/\/yoast.com\/wordpress\/plugins\/seo\/ -->\n<title>Costanoroeste SUP Camp in Famara Lanzarote<\/title>\n<meta name=\"description\" content=\"Costanoroeste SUP Camp in Famara Lanzarote ist das ganze Jahr hindurch f\u00fcr alle Interessierten ge\u00f6ffnet. Das Camp beinhaltet 7 N\u00e4chte + 5 Tage SUP Kurse.\" \/>\n<meta name=\"robots\" content=\"index, follow, max-snippet:-1, max-image-preview:large, max-video-preview:-1\" \/>\n<link rel=\"canonical\" href=\"https:\/\/www.costanoroeste.com\/de\/sup-camp-in-famara-lanzarote\/\" \/>\n<meta property=\"og:locale\" content=\"de_DE\" \/>\n<meta property=\"og:type\" content=\"article\" \/>\n<meta property=\"og:title\" content=\"Costanoroeste SUP Camp in Famara Lanzarote\" \/>\n<meta property=\"og:description\" content=\"Costanoroeste SUP Camp in Famara Lanzarote ist das ganze Jahr hindurch f\u00fcr alle Interessierten ge\u00f6ffnet. Das Camp beinhaltet 7 N\u00e4chte + 5 Tage SUP Kurse.\" \/>\n<meta property=\"og:url\" content=\"https:\/\/www.costanoroeste.com\/de\/sup-camp-in-famara-lanzarote\/\" \/>\n<meta property=\"og:site_name\" content=\"Costanoroeste\" \/>\n<meta property=\"article:publisher\" content=\"https:\/\/www.facebook.com\/CostaNoroeste\" \/>\n<meta property=\"article:modified_time\" content=\"2018-01-28T00:57:05+00:00\" \/>\n<meta property=\"og:image\" content=\"https:\/\/www.costanoroeste.com\/wp-content\/uploads\/2015\/01\/cno_fav_icon.jpg\" \/>\n\t<meta property=\"og:image:width\" content=\"512\" \/>\n\t<meta property=\"og:image:height\" content=\"512\" \/>\n\t<meta property=\"og:image:type\" content=\"image\/jpeg\" \/>\n<meta name=\"twitter:label1\" content=\"Gesch\u00e4tzte Lesezeit\" \/>\n\t<meta name=\"twitter:data1\" content=\"2\u00a0Minuten\" \/>\n<script type=\"application\/ld+json\" class=\"yoast-schema-graph\">{\"@context\":\"https:\/\/schema.org\",\"@graph\":[{\"@type\":\"WebPage\",\"@id\":\"https:\/\/www.costanoroeste.com\/de\/sup-camp-in-famara-lanzarote\/\",\"url\":\"https:\/\/www.costanoroeste.com\/de\/sup-camp-in-famara-lanzarote\/\",\"name\":\"Costanoroeste SUP Camp in Famara Lanzarote\",\"isPartOf\":{\"@id\":\"https:\/\/www.costanoroeste.com\/#website\"},\"datePublished\":\"2015-03-30T07:33:45+00:00\",\"dateModified\":\"2018-01-28T00:57:05+00:00\",\"description\":\"Costanoroeste SUP Camp in Famara Lanzarote ist das ganze Jahr hindurch f\u00fcr alle Interessierten ge\u00f6ffnet. Das Camp beinhaltet 7 N\u00e4chte + 5 Tage SUP Kurse.\",\"breadcrumb\":{\"@id\":\"https:\/\/www.costanoroeste.com\/de\/sup-camp-in-famara-lanzarote\/#breadcrumb\"},\"inLanguage\":\"de\",\"potentialAction\":[{\"@type\":\"ReadAction\",\"target\":[\"https:\/\/www.costanoroeste.com\/de\/sup-camp-in-famara-lanzarote\/\"]}]},{\"@type\":\"BreadcrumbList\",\"@id\":\"https:\/\/www.costanoroeste.com\/de\/sup-camp-in-famara-lanzarote\/#breadcrumb\",\"itemListElement\":[{\"@type\":\"ListItem\",\"position\":1,\"name\":\"Home\",\"item\":\"https:\/\/www.costanoroeste.com\/de\/\"},{\"@type\":\"ListItem\",\"position\":2,\"name\":\"Costanoroeste SUP Camp in Famara Lanzarote\"}]},{\"@type\":\"WebSite\",\"@id\":\"https:\/\/www.costanoroeste.com\/#website\",\"url\":\"https:\/\/www.costanoroeste.com\/\",\"name\":\"Costanoroeste\",\"description\":\"Surf- &amp; Kite School - Lanzarote\",\"publisher\":{\"@id\":\"https:\/\/www.costanoroeste.com\/#organization\"},\"potentialAction\":[{\"@type\":\"SearchAction\",\"target\":{\"@type\":\"EntryPoint\",\"urlTemplate\":\"https:\/\/www.costanoroeste.com\/?s={search_term_string}\"},\"query-input\":\"required name=search_term_string\"}],\"inLanguage\":\"de\"},{\"@type\":\"Organization\",\"@id\":\"https:\/\/www.costanoroeste.com\/#organization\",\"name\":\"COSTANOROESTE SURF & KITEBOARDING SCHOOL\",\"url\":\"https:\/\/www.costanoroeste.com\/\",\"logo\":{\"@type\":\"ImageObject\",\"inLanguage\":\"de\",\"@id\":\"https:\/\/www.costanoroeste.com\/#\/schema\/logo\/image\/\",\"url\":\"https:\/\/www.costanoroeste.com\/wp-content\/uploads\/2015\/01\/cropped-cno_fav_icon.jpg\",\"contentUrl\":\"https:\/\/www.costanoroeste.com\/wp-content\/uploads\/2015\/01\/cropped-cno_fav_icon.jpg\",\"width\":512,\"height\":512,\"caption\":\"COSTANOROESTE SURF & KITEBOARDING SCHOOL\"},\"image\":{\"@id\":\"https:\/\/www.costanoroeste.com\/#\/schema\/logo\/image\/\"},\"sameAs\":[\"https:\/\/www.facebook.com\/CostaNoroeste\"]}]}<\/script>\n<!-- \/ Yoast SEO plugin. -->","yoast_head_json":{"title":"Costanoroeste SUP Camp in Famara Lanzarote","description":"Costanoroeste SUP Camp in Famara Lanzarote ist das ganze Jahr hindurch f\u00fcr alle Interessierten ge\u00f6ffnet. Das Camp beinhaltet 7 N\u00e4chte + 5 Tage SUP Kurse.","robots":{"index":"index","follow":"follow","max-snippet":"max-snippet:-1","max-image-preview":"max-image-preview:large","max-video-preview":"max-video-preview:-1"},"canonical":"https:\/\/www.costanoroeste.com\/de\/sup-camp-in-famara-lanzarote\/","og_locale":"de_DE","og_type":"article","og_title":"Costanoroeste SUP Camp in Famara Lanzarote","og_description":"Costanoroeste SUP Camp in Famara Lanzarote ist das ganze Jahr hindurch f\u00fcr alle Interessierten ge\u00f6ffnet. Das Camp beinhaltet 7 N\u00e4chte + 5 Tage SUP Kurse.","og_url":"https:\/\/www.costanoroeste.com\/de\/sup-camp-in-famara-lanzarote\/","og_site_name":"Costanoroeste","article_publisher":"https:\/\/www.facebook.com\/CostaNoroeste","article_modified_time":"2018-01-28T00:57:05+00:00","og_image":[{"width":512,"height":512,"url":"https:\/\/www.costanoroeste.com\/wp-content\/uploads\/2015\/01\/cno_fav_icon.jpg","type":"image\/jpeg"}],"twitter_misc":{"Gesch\u00e4tzte Lesezeit":"2\u00a0Minuten"},"schema":{"@context":"https:\/\/schema.org","@graph":[{"@type":"WebPage","@id":"https:\/\/www.costanoroeste.com\/de\/sup-camp-in-famara-lanzarote\/","url":"https:\/\/www.costanoroeste.com\/de\/sup-camp-in-famara-lanzarote\/","name":"Costanoroeste SUP Camp in Famara Lanzarote","isPartOf":{"@id":"https:\/\/www.costanoroeste.com\/#website"},"datePublished":"2015-03-30T07:33:45+00:00","dateModified":"2018-01-28T00:57:05+00:00","description":"Costanoroeste SUP Camp in Famara Lanzarote ist das ganze Jahr hindurch f\u00fcr alle Interessierten ge\u00f6ffnet. Das Camp beinhaltet 7 N\u00e4chte + 5 Tage SUP Kurse.","breadcrumb":{"@id":"https:\/\/www.costanoroeste.com\/de\/sup-camp-in-famara-lanzarote\/#breadcrumb"},"inLanguage":"de","potentialAction":[{"@type":"ReadAction","target":["https:\/\/www.costanoroeste.com\/de\/sup-camp-in-famara-lanzarote\/"]}]},{"@type":"BreadcrumbList","@id":"https:\/\/www.costanoroeste.com\/de\/sup-camp-in-famara-lanzarote\/#breadcrumb","itemListElement":[{"@type":"ListItem","position":1,"name":"Home","item":"https:\/\/www.costanoroeste.com\/de\/"},{"@type":"ListItem","position":2,"name":"Costanoroeste SUP Camp in Famara Lanzarote"}]},{"@type":"WebSite","@id":"https:\/\/www.costanoroeste.com\/#website","url":"https:\/\/www.costanoroeste.com\/","name":"Costanoroeste","description":"Surf- &amp; Kite School - Lanzarote","publisher":{"@id":"https:\/\/www.costanoroeste.com\/#organization"},"potentialAction":[{"@type":"SearchAction","target":{"@type":"EntryPoint","urlTemplate":"https:\/\/www.costanoroeste.com\/?s={search_term_string}"},"query-input":"required name=search_term_string"}],"inLanguage":"de"},{"@type":"Organization","@id":"https:\/\/www.costanoroeste.com\/#organization","name":"COSTANOROESTE SURF & KITEBOARDING SCHOOL","url":"https:\/\/www.costanoroeste.com\/","logo":{"@type":"ImageObject","inLanguage":"de","@id":"https:\/\/www.costanoroeste.com\/#\/schema\/logo\/image\/","url":"https:\/\/www.costanoroeste.com\/wp-content\/uploads\/2015\/01\/cropped-cno_fav_icon.jpg","contentUrl":"https:\/\/www.costanoroeste.com\/wp-content\/uploads\/2015\/01\/cropped-cno_fav_icon.jpg","width":512,"height":512,"caption":"COSTANOROESTE SURF & KITEBOARDING SCHOOL"},"image":{"@id":"https:\/\/www.costanoroeste.com\/#\/schema\/logo\/image\/"},"sameAs":["https:\/\/www.facebook.com\/CostaNoroeste"]}]}},"_links":{"self":[{"href":"https:\/\/www.costanoroeste.com\/de\/wp-json\/wp\/v2\/pages\/4982"}],"collection":[{"href":"https:\/\/www.costanoroeste.com\/de\/wp-json\/wp\/v2\/pages"}],"about":[{"href":"https:\/\/www.costanoroeste.com\/de\/wp-json\/wp\/v2\/types\/page"}],"author":[{"embeddable":true,"href":"https:\/\/www.costanoroeste.com\/de\/wp-json\/wp\/v2\/users\/8"}],"replies":[{"embeddable":true,"href":"https:\/\/www.costanoroeste.com\/de\/wp-json\/wp\/v2\/comments?post=4982"}],"version-history":[{"count":5,"href":"https:\/\/www.costanoroeste.com\/de\/wp-json\/wp\/v2\/pages\/4982\/revisions"}],"predecessor-version":[{"id":7194,"href":"https:\/\/www.costanoroeste.com\/de\/wp-json\/wp\/v2\/pages\/4982\/revisions\/7194"}],"wp:attachment":[{"href":"https:\/\/www.costanoroeste.com\/de\/wp-json\/wp\/v2\/media?parent=4982"}],"curies":[{"name":"wp","href":"https:\/\/api.w.org\/{rel}","templated":true}]}}