{"id":4986,"date":"2015-03-26T14:40:39","date_gmt":"2015-03-26T14:40:39","guid":{"rendered":"http:\/\/costanoroeste.com\/our-story-costanoroeste-2\/"},"modified":"2018-01-28T01:57:06","modified_gmt":"2018-01-28T00:57:06","slug":"unsere-geschichte","status":"publish","type":"page","link":"https:\/\/www.costanoroeste.com\/de\/unsere-geschichte\/","title":{"rendered":"Costanoroeste Surf &#038; Kite Schule &#8211; Unsere Geschichte"},"content":{"rendered":"<section class=\"wpb-content-wrapper\"><p>[vc_row][vc_column css=&#8220;.vc_custom_1427381422338{margin-bottom: 0px !important;padding-bottom: 0px !important;}&#8220; width=&#8220;1\/1&#8243;]<h1 class=\"mpc-vc-deco-header vc_txt_align_center\"><span class=\"mpcth-color-main-border\">Unsere Geschichte Costanoroeste <\/span><\/h1>[\/vc_column][\/vc_row][vc_row overlay_color_opacity=&#8220;50&#8243; overlay_pattern_opacity=&#8220;50&#8243;][vc_column width=&#8220;1\/1&#8243;][vc_row_inner][vc_column_inner width=&#8220;1\/2&#8243;][vc_column_text]1995 haben wir Costanoroeste Surf &amp; Kite Schule als erste Surf-Schule in Lanzarote gegr\u00fcndet. Ich besuchte vor langer Zeit Lanzarote, verliebte mich in diese Insel und entschied mich zu bleiben. Seit 20 Jahren bieten wir unseren G\u00e4sten mit Leidenschaft unvergessliche Surf &amp; Kite Erlebnisse an. Wir sind stolz darauf, die grossartigsten Surf-, Kite-, SUP- und Yogaexperten als Kursleiter zu haben. Unsere G\u00e4ste k\u00f6nnen sich darauf verlassen, dass sie immer den bestm\u00f6glichen Service mit den h\u00f6chsten Qualit\u00e4tsstandards erhalten, egal auf welchem Level sie den Sport betreiben.<\/p>\n<p>Unsere freundlichen Kursleiter haben langj\u00e4hrige Erfahrung, sind zertifiziert und sprechen mehrere Sprachen. T\u00e4glich bieten wir verschiedene Kurse an, sowie 1 oder 2 Wochen lange Camps. Unsere G\u00e4ste k\u00f6nnen aus unserem vielseitigen Angebot ihre Packages individuell und massgeschneidert zusammenstellen. Aktuellstes und qualitativ hochwertiges Equipment bekannter Marken wie Naish oder Rip Curl wird von uns zur Verf\u00fcgung gestellt.<\/p>\n<p>F\u00fcr Costanoroeste steht neben Spass die Sicherheit an erster Stelle. Wir garantieren dies durch unsere kleinen Gruppen (Leiter\/Teilnehmerverh\u00e4ltnis um 1\/4) und Sicherheitmaterial wie Helme mit Funkmikrophon und professionellen Schwimmwesten f\u00fcr unsere Kiter. Bei ganzt\u00e4gigen Kursen stellen wir ein kleines Mittagessen zur Verf\u00fcgung, niemand sollte sich mit knurrendem Magen den Wellen stellen.<\/p>\n<p>Kurz und gut: Costanoroeste Surf &amp; Kite Schule bieten grossartige Kurse, Camps und individuelle Packages an.<\/p>\n<p>Gerne organisieren wir dazu f\u00fcr dich eine passende Unterkunft. Und wenn deine Freunde auch mitkommen m\u00f6chten, und sei es auch nur um am Strand zu relaxen, haben wir auch daf\u00fcr spezielle Deals.<\/p>\n<p>Wir hoffen, Du hast mit uns eine fantastische Zeit und geniesst es!<\/p>\n<p>Santi[\/vc_column_text][\/vc_column_inner][vc_column_inner width=&#8220;1\/2&#8243;][vc_single_image image=&#8220;4433&#8243; alignment=&#8220;center&#8220; border_color=&#8220;grey&#8220; img_link_target=&#8220;_self&#8220; img_size=&#8220;large&#8220;][\/vc_column_inner][\/vc_row_inner][\/vc_column][\/vc_row][vc_row css=&#8220;.vc_custom_1427381600191{margin-top: 100px !important;padding-top: 500px !important;background-image: url(http:\/\/costanoroeste.com\/wp-content\/uploads\/2014\/09\/CNO_Sports_0064.jpg?id=2648) !important;}&#8220; overlay_color_opacity=&#8220;50&#8243; overlay_pattern_opacity=&#8220;50&#8243; bg_image_fb=&#8220;2648&#8243; full_page_width=&#8220;1&#8243;][vc_column width=&#8220;1\/1&#8243;]<br \/>\n[\/vc_column][\/vc_row]<\/p>\n<\/section>","protected":false},"excerpt":{"rendered":"<p>[vc_row][vc_column css=&#8220;.vc_custom_1427381422338{margin-bottom: 0px !important;padding-bottom: 0px !important;}&#8220; width=&#8220;1\/1&#8243;][\/vc_column][\/vc_row][vc_row overlay_color_opacity=&#8220;50&#8243; overlay_pattern_opacity=&#8220;50&#8243;][vc_column width=&#8220;1\/1&#8243;][vc_row_inner][vc_column_inner width=&#8220;1\/2&#8243;][vc_column_text]1995 haben wir Costanoroeste Surf &amp; Kite Schule als erste Surf-Schule in Lanzarote gegr\u00fcndet. Ich besuchte vor langer Zeit Lanzarote, verliebte mich in diese Insel und entschied mich zu bleiben. Seit 20 Jahren bieten wir unseren G\u00e4sten mit Leidenschaft unvergessliche Surf &amp; Kite Erlebnisse an&#8230;.<\/p>\n","protected":false},"author":8,"featured_media":0,"parent":0,"menu_order":0,"comment_status":"closed","ping_status":"closed","template":"","meta":[],"acf":[],"yoast_head":"<!-- This site is optimized with the Yoast SEO plugin v20.11 - https:\/\/yoast.com\/wordpress\/plugins\/seo\/ -->\n<title>Costanoroeste Surf &amp; Kite Schule - Unsere Geschichte<\/title>\n<meta name=\"description\" content=\"Costanoroeste Surf &amp; Kite Schule: 1995 haben wir die erste Surf-Schule in Lanzarote gegr\u00fcndet. Wir bieten grossartige Kurse, Camps und Packages an.\" \/>\n<meta name=\"robots\" content=\"index, follow, max-snippet:-1, max-image-preview:large, max-video-preview:-1\" \/>\n<link rel=\"canonical\" href=\"https:\/\/www.costanoroeste.com\/de\/unsere-geschichte\/\" \/>\n<meta property=\"og:locale\" content=\"de_DE\" \/>\n<meta property=\"og:type\" content=\"article\" \/>\n<meta property=\"og:title\" content=\"Costanoroeste Surf &amp; Kite Schule - Unsere Geschichte\" \/>\n<meta property=\"og:description\" content=\"Costanoroeste Surf &amp; Kite Schule: 1995 haben wir die erste Surf-Schule in Lanzarote gegr\u00fcndet. Wir bieten grossartige Kurse, Camps und Packages an.\" \/>\n<meta property=\"og:url\" content=\"https:\/\/www.costanoroeste.com\/de\/unsere-geschichte\/\" \/>\n<meta property=\"og:site_name\" content=\"Costanoroeste\" \/>\n<meta property=\"article:publisher\" content=\"https:\/\/www.facebook.com\/CostaNoroeste\" \/>\n<meta property=\"article:modified_time\" content=\"2018-01-28T00:57:06+00:00\" \/>\n<meta property=\"og:image\" content=\"https:\/\/www.costanoroeste.com\/wp-content\/uploads\/2015\/01\/cno_fav_icon.jpg\" \/>\n\t<meta property=\"og:image:width\" content=\"512\" \/>\n\t<meta property=\"og:image:height\" content=\"512\" \/>\n\t<meta property=\"og:image:type\" content=\"image\/jpeg\" \/>\n<meta name=\"twitter:label1\" content=\"Gesch\u00e4tzte Lesezeit\" \/>\n\t<meta name=\"twitter:data1\" content=\"2\u00a0Minuten\" \/>\n<script type=\"application\/ld+json\" class=\"yoast-schema-graph\">{\"@context\":\"https:\/\/schema.org\",\"@graph\":[{\"@type\":\"WebPage\",\"@id\":\"https:\/\/www.costanoroeste.com\/de\/unsere-geschichte\/\",\"url\":\"https:\/\/www.costanoroeste.com\/de\/unsere-geschichte\/\",\"name\":\"Costanoroeste Surf & Kite Schule - Unsere Geschichte\",\"isPartOf\":{\"@id\":\"https:\/\/www.costanoroeste.com\/#website\"},\"datePublished\":\"2015-03-26T14:40:39+00:00\",\"dateModified\":\"2018-01-28T00:57:06+00:00\",\"description\":\"Costanoroeste Surf & Kite Schule: 1995 haben wir die erste Surf-Schule in Lanzarote gegr\u00fcndet. Wir bieten grossartige Kurse, Camps und Packages an.\",\"breadcrumb\":{\"@id\":\"https:\/\/www.costanoroeste.com\/de\/unsere-geschichte\/#breadcrumb\"},\"inLanguage\":\"de\",\"potentialAction\":[{\"@type\":\"ReadAction\",\"target\":[\"https:\/\/www.costanoroeste.com\/de\/unsere-geschichte\/\"]}]},{\"@type\":\"BreadcrumbList\",\"@id\":\"https:\/\/www.costanoroeste.com\/de\/unsere-geschichte\/#breadcrumb\",\"itemListElement\":[{\"@type\":\"ListItem\",\"position\":1,\"name\":\"Home\",\"item\":\"https:\/\/www.costanoroeste.com\/de\/\"},{\"@type\":\"ListItem\",\"position\":2,\"name\":\"Costanoroeste Surf &#038; Kite Schule &#8211; Unsere Geschichte\"}]},{\"@type\":\"WebSite\",\"@id\":\"https:\/\/www.costanoroeste.com\/#website\",\"url\":\"https:\/\/www.costanoroeste.com\/\",\"name\":\"Costanoroeste\",\"description\":\"Surf- &amp; Kite School - Lanzarote\",\"publisher\":{\"@id\":\"https:\/\/www.costanoroeste.com\/#organization\"},\"potentialAction\":[{\"@type\":\"SearchAction\",\"target\":{\"@type\":\"EntryPoint\",\"urlTemplate\":\"https:\/\/www.costanoroeste.com\/?s={search_term_string}\"},\"query-input\":\"required name=search_term_string\"}],\"inLanguage\":\"de\"},{\"@type\":\"Organization\",\"@id\":\"https:\/\/www.costanoroeste.com\/#organization\",\"name\":\"COSTANOROESTE SURF & KITEBOARDING SCHOOL\",\"url\":\"https:\/\/www.costanoroeste.com\/\",\"logo\":{\"@type\":\"ImageObject\",\"inLanguage\":\"de\",\"@id\":\"https:\/\/www.costanoroeste.com\/#\/schema\/logo\/image\/\",\"url\":\"https:\/\/www.costanoroeste.com\/wp-content\/uploads\/2015\/01\/cropped-cno_fav_icon.jpg\",\"contentUrl\":\"https:\/\/www.costanoroeste.com\/wp-content\/uploads\/2015\/01\/cropped-cno_fav_icon.jpg\",\"width\":512,\"height\":512,\"caption\":\"COSTANOROESTE SURF & KITEBOARDING SCHOOL\"},\"image\":{\"@id\":\"https:\/\/www.costanoroeste.com\/#\/schema\/logo\/image\/\"},\"sameAs\":[\"https:\/\/www.facebook.com\/CostaNoroeste\"]}]}<\/script>\n<!-- \/ Yoast SEO plugin. -->","yoast_head_json":{"title":"Costanoroeste Surf & Kite Schule - Unsere Geschichte","description":"Costanoroeste Surf & Kite Schule: 1995 haben wir die erste Surf-Schule in Lanzarote gegr\u00fcndet. Wir bieten grossartige Kurse, Camps und Packages an.","robots":{"index":"index","follow":"follow","max-snippet":"max-snippet:-1","max-image-preview":"max-image-preview:large","max-video-preview":"max-video-preview:-1"},"canonical":"https:\/\/www.costanoroeste.com\/de\/unsere-geschichte\/","og_locale":"de_DE","og_type":"article","og_title":"Costanoroeste Surf & Kite Schule - Unsere Geschichte","og_description":"Costanoroeste Surf & Kite Schule: 1995 haben wir die erste Surf-Schule in Lanzarote gegr\u00fcndet. Wir bieten grossartige Kurse, Camps und Packages an.","og_url":"https:\/\/www.costanoroeste.com\/de\/unsere-geschichte\/","og_site_name":"Costanoroeste","article_publisher":"https:\/\/www.facebook.com\/CostaNoroeste","article_modified_time":"2018-01-28T00:57:06+00:00","og_image":[{"width":512,"height":512,"url":"https:\/\/www.costanoroeste.com\/wp-content\/uploads\/2015\/01\/cno_fav_icon.jpg","type":"image\/jpeg"}],"twitter_misc":{"Gesch\u00e4tzte Lesezeit":"2\u00a0Minuten"},"schema":{"@context":"https:\/\/schema.org","@graph":[{"@type":"WebPage","@id":"https:\/\/www.costanoroeste.com\/de\/unsere-geschichte\/","url":"https:\/\/www.costanoroeste.com\/de\/unsere-geschichte\/","name":"Costanoroeste Surf & Kite Schule - Unsere Geschichte","isPartOf":{"@id":"https:\/\/www.costanoroeste.com\/#website"},"datePublished":"2015-03-26T14:40:39+00:00","dateModified":"2018-01-28T00:57:06+00:00","description":"Costanoroeste Surf & Kite Schule: 1995 haben wir die erste Surf-Schule in Lanzarote gegr\u00fcndet. Wir bieten grossartige Kurse, Camps und Packages an.","breadcrumb":{"@id":"https:\/\/www.costanoroeste.com\/de\/unsere-geschichte\/#breadcrumb"},"inLanguage":"de","potentialAction":[{"@type":"ReadAction","target":["https:\/\/www.costanoroeste.com\/de\/unsere-geschichte\/"]}]},{"@type":"BreadcrumbList","@id":"https:\/\/www.costanoroeste.com\/de\/unsere-geschichte\/#breadcrumb","itemListElement":[{"@type":"ListItem","position":1,"name":"Home","item":"https:\/\/www.costanoroeste.com\/de\/"},{"@type":"ListItem","position":2,"name":"Costanoroeste Surf &#038; Kite Schule &#8211; Unsere Geschichte"}]},{"@type":"WebSite","@id":"https:\/\/www.costanoroeste.com\/#website","url":"https:\/\/www.costanoroeste.com\/","name":"Costanoroeste","description":"Surf- &amp; Kite School - Lanzarote","publisher":{"@id":"https:\/\/www.costanoroeste.com\/#organization"},"potentialAction":[{"@type":"SearchAction","target":{"@type":"EntryPoint","urlTemplate":"https:\/\/www.costanoroeste.com\/?s={search_term_string}"},"query-input":"required name=search_term_string"}],"inLanguage":"de"},{"@type":"Organization","@id":"https:\/\/www.costanoroeste.com\/#organization","name":"COSTANOROESTE SURF & KITEBOARDING SCHOOL","url":"https:\/\/www.costanoroeste.com\/","logo":{"@type":"ImageObject","inLanguage":"de","@id":"https:\/\/www.costanoroeste.com\/#\/schema\/logo\/image\/","url":"https:\/\/www.costanoroeste.com\/wp-content\/uploads\/2015\/01\/cropped-cno_fav_icon.jpg","contentUrl":"https:\/\/www.costanoroeste.com\/wp-content\/uploads\/2015\/01\/cropped-cno_fav_icon.jpg","width":512,"height":512,"caption":"COSTANOROESTE SURF & KITEBOARDING SCHOOL"},"image":{"@id":"https:\/\/www.costanoroeste.com\/#\/schema\/logo\/image\/"},"sameAs":["https:\/\/www.facebook.com\/CostaNoroeste"]}]}},"_links":{"self":[{"href":"https:\/\/www.costanoroeste.com\/de\/wp-json\/wp\/v2\/pages\/4986"}],"collection":[{"href":"https:\/\/www.costanoroeste.com\/de\/wp-json\/wp\/v2\/pages"}],"about":[{"href":"https:\/\/www.costanoroeste.com\/de\/wp-json\/wp\/v2\/types\/page"}],"author":[{"embeddable":true,"href":"https:\/\/www.costanoroeste.com\/de\/wp-json\/wp\/v2\/users\/8"}],"replies":[{"embeddable":true,"href":"https:\/\/www.costanoroeste.com\/de\/wp-json\/wp\/v2\/comments?post=4986"}],"version-history":[{"count":5,"href":"https:\/\/www.costanoroeste.com\/de\/wp-json\/wp\/v2\/pages\/4986\/revisions"}],"predecessor-version":[{"id":7196,"href":"https:\/\/www.costanoroeste.com\/de\/wp-json\/wp\/v2\/pages\/4986\/revisions\/7196"}],"wp:attachment":[{"href":"https:\/\/www.costanoroeste.com\/de\/wp-json\/wp\/v2\/media?parent=4986"}],"curies":[{"name":"wp","href":"https:\/\/api.w.org\/{rel}","templated":true}]}}