{"id":4989,"date":"2014-02-18T11:28:15","date_gmt":"2014-02-18T11:28:15","guid":{"rendered":"http:\/\/costanoroeste.com\/the-team-2\/"},"modified":"2018-01-28T01:57:26","modified_gmt":"2018-01-28T00:57:26","slug":"team","status":"publish","type":"page","link":"https:\/\/www.costanoroeste.com\/de\/team\/","title":{"rendered":"Team"},"content":{"rendered":"<section class=\"wpb-content-wrapper\"><p>[vc_row overlay_color_opacity=&#8220;50&#8243; overlay_pattern_opacity=&#8220;50&#8243; css_animation=&#8220;top-to-bottom&#8220; margin_bottom=&#8220;-1.2em&#8220;][vc_column width=&#8220;1\/1&#8243;]<h1 class=\"mpc-vc-deco-header vc_txt_align_center\"><span class=\"mpcth-color-main-border\">Team<\/span><\/h1>[\/vc_column][\/vc_row][vc_row overlay_color_opacity=&#8220;50&#8243; overlay_pattern_opacity=&#8220;50&#8243; css_animation=&#8220;top-to-bottom&#8220;][vc_column width=&#8220;1\/3&#8243;][vc_single_image image=&#8220;3622&#8243; alignment=&#8220;center&#8220; img_link_target=&#8220;_self&#8220; img_size=&#8220;full&#8220; border_color=&#8220;grey&#8220;]<h5 class=\"mpc-vc-deco-header vc_txt_align_left\"><span class=\"mpcth-color-main-border\">Santi<\/span><\/h5>[vc_column_text]<strong>Eigent\u00fcmer und Gr\u00fcnder von Costanoroeste<\/strong><\/p>\n<p>Der Surfpionier Lanzarotes kam 1989 auf die Insel und die Wellen hier liessen ihn nicht mehr fort. Er erf\u00fcllte sich seinen Traum und er\u00f6ffnete 1995 die erste Surf-Schule der Insel. 2002 wurde Kite-Surfing ins Kursangebot aufgenommen, als erste Kite-Surf-Schule Spaniens. Santi ist ein CRAZY Multitalent und leitet Kurse in surfen, kiten, SUP und im Winter sogar Snowboarden.[\/vc_column_text][vc_separator][vc_row_inner][vc_column_inner width=&#8220;1\/2&#8243;]<div id=\"mpcth_icon_list_JUYA5\" class=\"mpc-vc-icons-list mpcth-waypoint\"><style type=\"text\/css\">#mpcth_icon_list_JUYA5 { color: #666666; }#mpcth_icon_list_JUYA5 li i { color: #b363a0; }<\/style><ul><li><i class=\"fa fa-fw fa-check\"><\/i>Surf<\/li><li><i class=\"fa fa-fw fa-check\"><\/i>Kite<\/li><li><i class=\"fa fa-fw fa-check\"><\/i>SUP<\/li><\/ul><\/div>[\/vc_column_inner][vc_column_inner width=&#8220;1\/2&#8243;]<div id=\"mpcth_icon_list_pDV1w\" class=\"mpc-vc-icons-list mpcth-waypoint\"><style type=\"text\/css\">#mpcth_icon_list_pDV1w { color: #666666; }#mpcth_icon_list_pDV1w li i { color: #b363a0; }<\/style><ul><li><i class=\"fa fa-fw fa-info\"><\/i>Spanisch<\/li><li><i class=\"fa fa-fw fa-info\"><\/i>Englisch<\/li><\/ul><\/div>[\/vc_column_inner][\/vc_row_inner][\/vc_column][vc_column width=&#8220;1\/3&#8243;][vc_single_image image=&#8220;6225&#8243; alignment=&#8220;center&#8220; img_link_target=&#8220;_self&#8220; img_size=&#8220;full&#8220; border_color=&#8220;grey&#8220;]<h5 class=\"mpc-vc-deco-header vc_txt_align_left\"><span class=\"mpcth-color-main-border\">Nati<\/span><\/h5>[vc_column_text]Nati ist die Quelle der positiven und guten Energie des gesamten Teams, immer mit einem grossen L\u00e4cheln, immer hilfsbereit, organisiert sie alles rund um die Schule und die Camps. Sie ist aus Gran Canaria, kam mit Santi nach Lanzarote, half ihm Costanoroeste zu gr\u00fcnden und unterst\u00fctzt ihn bis Heute. Nati liebt Lanzarote und die guten Wellen, sie ist eine hervorragende Kiterin und ist auch viel auf dem SUP. An einem guten Tag findet man sie am Strand auf den besten Wellen.[\/vc_column_text][vc_separator][vc_row_inner][vc_column_inner width=&#8220;1\/2&#8243;]<div id=\"mpcth_icon_list_XG7ki\" class=\"mpc-vc-icons-list mpcth-waypoint\"><style type=\"text\/css\">#mpcth_icon_list_XG7ki { color: #666666; }#mpcth_icon_list_XG7ki li i { color: #b363a0; }<\/style><ul><li><i class=\"fa fa-fw fa-check\"><\/i>Kite<\/li><li><i class=\"fa fa-fw fa-check\"><\/i>SUP<\/li><\/ul><\/div>[\/vc_column_inner][vc_column_inner width=&#8220;1\/2&#8243;]<div id=\"mpcth_icon_list_Xh1m9\" class=\"mpc-vc-icons-list mpcth-waypoint\"><style type=\"text\/css\">#mpcth_icon_list_Xh1m9 { color: #666666; }#mpcth_icon_list_Xh1m9 li i { color: #b363a0; }<\/style><ul><li><i class=\"fa fa-fw fa-info\"><\/i>Spanisch<\/li><li><i class=\"fa fa-fw fa-info\"><\/i>Englisch<\/li><\/ul><\/div>[\/vc_column_inner][\/vc_row_inner][\/vc_column][vc_column width=&#8220;1\/3&#8243;][vc_single_image image=&#8220;3621&#8243; alignment=&#8220;center&#8220; img_link_target=&#8220;_self&#8220; img_size=&#8220;full&#8220; border_color=&#8220;grey&#8220;]<h5 class=\"mpc-vc-deco-header vc_txt_align_left\"><span class=\"mpcth-color-main-border\">Raul<\/span><\/h5>[vc_column_text]<strong>Kite und SUP Instruktor<\/strong><\/p>\n<p>Raul ist einer unserer Kite- und SUP-Experten. Er entdeckte seine Leidenschaft f\u00fcrs Kiten vor 14 Jahren, genau hier in Costanoroeste. Seit 10 Jahren leitet er Kite-Kurse und ist nebenbei auch der Grill-Chef an unseren ber\u00fchmten BBQ-Partys.[\/vc_column_text][vc_separator][vc_row_inner][vc_column_inner width=&#8220;1\/2&#8243;]<div id=\"mpcth_icon_list_ALrR8\" class=\"mpc-vc-icons-list mpcth-waypoint\"><style type=\"text\/css\">#mpcth_icon_list_ALrR8 { color: #666666; }#mpcth_icon_list_ALrR8 li i { color: #b363a0; }<\/style><ul><li><i class=\"fa fa-fw fa-check\"><\/i>Kite<\/li><li><i class=\"fa fa-fw fa-check\"><\/i>SUP<\/li><\/ul><\/div>[\/vc_column_inner][vc_column_inner width=&#8220;1\/2&#8243;]<div id=\"mpcth_icon_list_k6x0w\" class=\"mpc-vc-icons-list mpcth-waypoint\"><style type=\"text\/css\">#mpcth_icon_list_k6x0w { color: #666666; }#mpcth_icon_list_k6x0w li i { color: #b363a0; }<\/style><ul><li><i class=\"fa fa-fw fa-info\"><\/i>Spanisch<\/li><li><i class=\"fa fa-fw fa-info\"><\/i>Englisch<\/li><\/ul><\/div>[\/vc_column_inner][\/vc_row_inner][\/vc_column][\/vc_row][vc_row overlay_color_opacity=&#8220;50&#8243; overlay_pattern_opacity=&#8220;50&#8243; css_animation=&#8220;top-to-bottom&#8220;][vc_column width=&#8220;1\/3&#8243;][vc_single_image image=&#8220;3619&#8243; alignment=&#8220;center&#8220; img_link_target=&#8220;_self&#8220; img_size=&#8220;full&#8220; border_color=&#8220;grey&#8220;]<h5 class=\"mpc-vc-deco-header vc_txt_align_left\"><span class=\"mpcth-color-main-border\">Maximo<\/span><\/h5>[vc_column_text]<strong>Surf Instruktor<\/strong><\/p>\n<p>Maximo ist ein Wahnsinns-Instruktor. Er unterrichtet alle Stufen, von Kindern bis zu Profis, hat mehr als 40 Jahre Surferfahrung wovon er 20 Jahre als professioneller Trainer gearbeitet hat. Maximo ist in Spanien ziemlich bekannt, er hat schon 4 mal die Nationalen Surfchampionships gewonnen.[\/vc_column_text][vc_separator][vc_row_inner][vc_column_inner width=&#8220;1\/2&#8243;]<div id=\"mpcth_icon_list_C8yfN\" class=\"mpc-vc-icons-list mpcth-waypoint\"><style type=\"text\/css\">#mpcth_icon_list_C8yfN { color: #666666; }#mpcth_icon_list_C8yfN li i { color: #b363a0; }<\/style><ul><li><i class=\"fa fa-fw fa-check\"><\/i>Surf<\/li><\/ul><\/div>[\/vc_column_inner][vc_column_inner width=&#8220;1\/2&#8243;]<div id=\"mpcth_icon_list_YWanO\" class=\"mpc-vc-icons-list mpcth-waypoint\"><style type=\"text\/css\">#mpcth_icon_list_YWanO { color: #666666; }#mpcth_icon_list_YWanO li i { color: #b363a0; }<\/style><ul><li><i class=\"fa fa-fw fa-info\"><\/i>Spanisch<\/li><li><i class=\"fa fa-fw fa-info\"><\/i>Englisch<\/li><\/ul><\/div>[\/vc_column_inner][\/vc_row_inner][\/vc_column][vc_column width=&#8220;1\/3&#8243;][vc_single_image image=&#8220;3620&#8243; alignment=&#8220;center&#8220; img_link_target=&#8220;_self&#8220; img_size=&#8220;full&#8220; border_color=&#8220;grey&#8220;]<h5 class=\"mpc-vc-deco-header vc_txt_align_left\"><span class=\"mpcth-color-main-border\">Nicolas<\/span><\/h5>[vc_column_text]<strong>Surf, Longboard und Skate Instruktor<\/strong><\/p>\n<p>Nicolas ist ein echtes Multitalent. Er leitet Surf-, Longboard- und Skatekurse. Seine Karriere begann schon fr\u00fch, schon als Kind begann er mit Surfen und Skaten. Der geb\u00fcrtige Argentinier spricht und unterrichtet in Spanisch und ist schon seit 5 Jahren bei uns.[\/vc_column_text][vc_separator][vc_row_inner][vc_column_inner width=&#8220;1\/2&#8243;]<div id=\"mpcth_icon_list_Tglyu\" class=\"mpc-vc-icons-list mpcth-waypoint\"><style type=\"text\/css\">#mpcth_icon_list_Tglyu { color: #666666; }#mpcth_icon_list_Tglyu li i { color: #b363a0; }<\/style><ul><li><i class=\"fa fa-fw fa-check\"><\/i>Surf<\/li><li><i class=\"fa fa-fw fa-check\"><\/i>Longboard<\/li><li><i class=\"fa fa-fw fa-check\"><\/i>Skate<\/li><\/ul><\/div>[\/vc_column_inner][vc_column_inner width=&#8220;1\/2&#8243;]<div id=\"mpcth_icon_list_MYWsL\" class=\"mpc-vc-icons-list mpcth-waypoint\"><style type=\"text\/css\">#mpcth_icon_list_MYWsL { color: #666666; }#mpcth_icon_list_MYWsL li i { color: #b363a0; }<\/style><ul><li><i class=\"fa fa-fw fa-info\"><\/i>Spanisch<\/li><li><i class=\"fa fa-fw fa-info\"><\/i>Englisch<\/li><li><i class=\"fa fa-fw fa-info\"><\/i>Italienisch<\/li><\/ul><\/div>[\/vc_column_inner][\/vc_row_inner][\/vc_column][vc_column width=&#8220;1\/3&#8243;][vc_single_image image=&#8220;3617&#8243; alignment=&#8220;center&#8220; img_link_target=&#8220;_self&#8220; img_size=&#8220;full&#8220; border_color=&#8220;grey&#8220;]<h5 class=\"mpc-vc-deco-header vc_txt_align_left\"><span class=\"mpcth-color-main-border\">Juan<\/span><\/h5>[vc_column_text]<strong>Surf, Kite und SUP Instruktor<\/strong><\/p>\n<p>Auch Juan z\u00e4hlt zu unseren Multitalenten. Er ist einer unserer besten Kite-, Surf- und SUP-Kursleiter. Vor 30 Jahren begann er seine Surfkarriere, kurze Zeit sp\u00e4ter vervollst\u00e4ndigten Kit und SUP sein Portfolio. Juan unterrichtet all diese Sportarten seit 20 Jahren.[\/vc_column_text][vc_separator][vc_row_inner][vc_column_inner width=&#8220;1\/2&#8243;]<div id=\"mpcth_icon_list_ECgZ9\" class=\"mpc-vc-icons-list mpcth-waypoint\"><style type=\"text\/css\">#mpcth_icon_list_ECgZ9 { color: #666666; }#mpcth_icon_list_ECgZ9 li i { color: #b363a0; }<\/style><ul><li><i class=\"fa fa-fw fa-check\"><\/i>Surf<\/li><li><i class=\"fa fa-fw fa-check\"><\/i>Kite<\/li><li><i class=\"fa fa-fw fa-check\"><\/i>SUP<\/li><\/ul><\/div>[\/vc_column_inner][vc_column_inner width=&#8220;1\/2&#8243;]<div id=\"mpcth_icon_list_kgzpw\" class=\"mpc-vc-icons-list mpcth-waypoint\"><style type=\"text\/css\">#mpcth_icon_list_kgzpw { color: #666666; }#mpcth_icon_list_kgzpw li i { color: #b363a0; }<\/style><ul><li><i class=\"fa fa-fw fa-info\"><\/i>Spanisch<\/li><li><i class=\"fa fa-fw fa-info\"><\/i>Englisch<\/li><\/ul><\/div>[\/vc_column_inner][\/vc_row_inner][\/vc_column][\/vc_row][vc_row overlay_color_opacity=&#8220;50&#8243; overlay_pattern_opacity=&#8220;50&#8243; css_animation=&#8220;top-to-bottom&#8220;][vc_column width=&#8220;1\/3&#8243;][vc_single_image image=&#8220;3614&#8243; alignment=&#8220;center&#8220; img_link_target=&#8220;_self&#8220; img_size=&#8220;full&#8220; border_color=&#8220;grey&#8220;]<h5 class=\"mpc-vc-deco-header vc_txt_align_left\"><span class=\"mpcth-color-main-border\">Alejandro<\/span><\/h5>[vc_column_text]<strong>Kite Instruktor<\/strong><\/p>\n<p>Alejandro ist seit 12 Jahren Kite-Instruktor und hat 14 Jahre Erfahrung. Er ist ein waschechter Costanoroester, hat bei uns vor 14 Jahren das Kiten erlernt und bereiste danach die Welt, um unser Wissen weiterzuvermitteln. Seit 3 Jahren ist er wieder hier bei uns, wo alles begann.[\/vc_column_text][vc_separator][vc_row_inner][vc_column_inner width=&#8220;1\/2&#8243;]<div id=\"mpcth_icon_list_8sF1w\" class=\"mpc-vc-icons-list mpcth-waypoint\"><style type=\"text\/css\">#mpcth_icon_list_8sF1w { color: #666666; }#mpcth_icon_list_8sF1w li i { color: #b363a0; }<\/style><ul><li><i class=\"fa fa-fw fa-check\"><\/i>Kite<\/li><\/ul><\/div>[\/vc_column_inner][vc_column_inner width=&#8220;1\/2&#8243;]<div id=\"mpcth_icon_list_isVkY\" class=\"mpc-vc-icons-list mpcth-waypoint\"><style type=\"text\/css\">#mpcth_icon_list_isVkY { color: #666666; }#mpcth_icon_list_isVkY li i { color: #b363a0; }<\/style><ul><li><i class=\"fa fa-fw fa-info\"><\/i>Spanisch<\/li><li><i class=\"fa fa-fw fa-info\"><\/i>Englisch<\/li><\/ul><\/div>[\/vc_column_inner][\/vc_row_inner][\/vc_column][vc_column width=&#8220;1\/3&#8243;][vc_single_image image=&#8220;3615&#8243; alignment=&#8220;center&#8220; img_link_target=&#8220;_self&#8220; img_size=&#8220;full&#8220; border_color=&#8220;grey&#8220;]<h5 class=\"mpc-vc-deco-header vc_txt_align_left\"><span class=\"mpcth-color-main-border\">Diego<\/span><\/h5>[vc_column_text]<strong>Surf Instruktor<\/strong><\/p>\n<p>Diego kam praktisch auf einem Surfbrett zur Welt. Er fing schon in Kindertagen in Asturien mit dem Surfen an und machte seinen Bachelor in Sportwissenschaften. Die letzten 10 Jahre hat Diego professionelle Surfer trainiert und ist nun seit 3 Jahren fester Bestandteil unseres Teams.[\/vc_column_text][vc_row_inner][vc_column_inner width=&#8220;1\/2&#8243;]<div id=\"mpcth_icon_list_iX6jl\" class=\"mpc-vc-icons-list mpcth-waypoint\"><style type=\"text\/css\">#mpcth_icon_list_iX6jl { color: #666666; }#mpcth_icon_list_iX6jl li i { color: #b363a0; }<\/style><ul><li><i class=\"fa fa-fw fa-check\"><\/i>Surf<\/li><\/ul><\/div>[\/vc_column_inner][vc_column_inner width=&#8220;1\/2&#8243;]<div id=\"mpcth_icon_list_5pdi7\" class=\"mpc-vc-icons-list mpcth-waypoint\"><style type=\"text\/css\">#mpcth_icon_list_5pdi7 { color: #666666; }#mpcth_icon_list_5pdi7 li i { color: #b363a0; }<\/style><ul><li><i class=\"fa fa-fw fa-info\"><\/i>Spanisch<\/li><li><i class=\"fa fa-fw fa-info\"><\/i>Englisch<\/li><\/ul><\/div>[\/vc_column_inner][\/vc_row_inner][vc_separator][\/vc_column][vc_column width=&#8220;1\/3&#8243;][vc_single_image image=&#8220;4217&#8243; alignment=&#8220;center&#8220; img_link_target=&#8220;_self&#8220; img_size=&#8220;full&#8220; border_color=&#8220;grey&#8220;]<h5 class=\"mpc-vc-deco-header vc_txt_align_left\"><span class=\"mpcth-color-main-border\">Itziar<\/span><\/h5>[vc_column_text]<strong>Vinyasa (Ashtanga) Yoga und Kinder-Yoga<\/strong><\/p>\n<p>Itziar ist unsere Vinyasa und Kinder-Yoga Lehrerin. Sie ist \u00fcberzeugt, dass wir K\u00f6rper, Nervensystem und Verstand zusammen trainieren m\u00fcssen, damit sie wie eine Einheit zusammenfliessen k\u00f6nnen.[\/vc_column_text][vc_separator][vc_row_inner][vc_column_inner width=&#8220;1\/2&#8243;]<div id=\"mpcth_icon_list_LCXzb\" class=\"mpc-vc-icons-list mpcth-waypoint\"><style type=\"text\/css\">#mpcth_icon_list_LCXzb { color: #666666; }#mpcth_icon_list_LCXzb li i { color: #b363a0; }<\/style><ul><li><i class=\"fa fa-fw fa-check\"><\/i>Vinyasa<\/li><li><i class=\"fa fa-fw fa-check\"><\/i>Children Yoga<\/li><\/ul><\/div>[\/vc_column_inner][vc_column_inner width=&#8220;1\/2&#8243;]<div id=\"mpcth_icon_list_tVJ8T\" class=\"mpc-vc-icons-list mpcth-waypoint\"><style type=\"text\/css\">#mpcth_icon_list_tVJ8T { color: #666666; }#mpcth_icon_list_tVJ8T li i { color: #b363a0; }<\/style><ul><li><i class=\"fa fa-fw fa-info\"><\/i>Spanisch<\/li><li><i class=\"fa fa-fw fa-info\"><\/i>Englisch<\/li><\/ul><\/div>[\/vc_column_inner][\/vc_row_inner][\/vc_column][\/vc_row][vc_row overlay_color_opacity=&#8220;50&#8243; overlay_pattern_opacity=&#8220;50&#8243; css_animation=&#8220;top-to-bottom&#8220;][vc_column width=&#8220;1\/3&#8243;][vc_single_image image=&#8220;3618&#8243; alignment=&#8220;center&#8220; img_link_target=&#8220;_self&#8220; img_size=&#8220;full&#8220; border_color=&#8220;grey&#8220;]<h5 class=\"mpc-vc-deco-header vc_txt_align_left\"><span class=\"mpcth-color-main-border\">Marta<\/span><\/h5>[vc_column_text]<strong>Yoga Kursleiterin<\/strong><\/p>\n<p>Marta ist unsere Yogi und unterrichtet hier in Costanoroeste Yoga. Ihre Spezialit\u00e4ten sind Hatha Yoga und Dynamic Yoga. Sie ist davon \u00fcberzeugt, dass Yoga die Kreativit\u00e4t steigert und uns zu Koexistenz und Frieden ermutigt. Sie lebt Yoga, die Reise ins innere Selbst.[\/vc_column_text][vc_row_inner][vc_column_inner width=&#8220;1\/2&#8243;]<div id=\"mpcth_icon_list_A4ujk\" class=\"mpc-vc-icons-list mpcth-waypoint\"><style type=\"text\/css\">#mpcth_icon_list_A4ujk { color: #666666; }#mpcth_icon_list_A4ujk li i { color: #b363a0; }<\/style><ul><li><i class=\"fa fa-fw fa-check\"><\/i>Hatha Yoga<\/li><li><i class=\"fa fa-fw fa-check\"><\/i>Dynamic Yoga<\/li><\/ul><\/div>[\/vc_column_inner][vc_column_inner width=&#8220;1\/2&#8243;]<div id=\"mpcth_icon_list_o7Xk0\" class=\"mpc-vc-icons-list mpcth-waypoint\"><style type=\"text\/css\">#mpcth_icon_list_o7Xk0 { color: #666666; }#mpcth_icon_list_o7Xk0 li i { color: #b363a0; }<\/style><ul><li><i class=\"fa fa-fw fa-info\"><\/i>Spanisch<\/li><li><i class=\"fa fa-fw fa-info\"><\/i>Englisch<\/li><\/ul><\/div>[\/vc_column_inner][\/vc_row_inner][vc_separator][\/vc_column][vc_column width=&#8220;1\/3&#8243;][vc_single_image image=&#8220;3976&#8243; alignment=&#8220;center&#8220; img_link_target=&#8220;_self&#8220; img_size=&#8220;full&#8220; border_color=&#8220;grey&#8220;]<h5 class=\"mpc-vc-deco-header vc_txt_align_left\"><span class=\"mpcth-color-main-border\">Vanessa<\/span><\/h5>[vc_column_text]Vanessa ist der Schl\u00fcssel zu allem. Du findest sie in unserem Laden, wo sie dir hilft, alles was du ben\u00f6tigst zu bekommen. Sie weiss immer \u00fcber alle Kurse Bescheid und ber\u00e4t dich, welches Equipment f\u00fcr dich am besten geeignet ist. Sie kennt alle Insider-Tipps: Wo du die besten Wellen findest oder wann die beste Zeit f\u00fcrs Kiten ist, sie kennt die besten Spots Lanzarotes.[\/vc_column_text][vc_separator][vc_row_inner][vc_column_inner width=&#8220;1\/2&#8243;]<div id=\"mpcth_icon_list_PRpJZ\" class=\"mpc-vc-icons-list mpcth-waypoint\"><style type=\"text\/css\">#mpcth_icon_list_PRpJZ { color: #666666; }#mpcth_icon_list_PRpJZ li i { color: #b363a0; }<\/style><ul><li><i class=\"fa fa-fw fa-check\"><\/i>Surf<\/li><\/ul><\/div>[\/vc_column_inner][vc_column_inner width=&#8220;1\/2&#8243;]<div id=\"mpcth_icon_list_qjJtB\" class=\"mpc-vc-icons-list mpcth-waypoint\"><style type=\"text\/css\">#mpcth_icon_list_qjJtB { color: #666666; }#mpcth_icon_list_qjJtB li i { color: #b363a0; }<\/style><ul><li><i class=\"fa fa-fw fa-info\"><\/i>Spanisch<\/li><li><i class=\"fa fa-fw fa-info\"><\/i>Englisch<\/li><\/ul><\/div>[\/vc_column_inner][\/vc_row_inner][\/vc_column][vc_column width=&#8220;1\/3&#8243;][\/vc_column][\/vc_row]<\/p>\n<\/section>","protected":false},"excerpt":{"rendered":"<p>[vc_row overlay_color_opacity=&#8220;50&#8243; overlay_pattern_opacity=&#8220;50&#8243; css_animation=&#8220;top-to-bottom&#8220; margin_bottom=&#8220;-1.2em&#8220;][vc_column width=&#8220;1\/1&#8243;][\/vc_column][\/vc_row][vc_row overlay_color_opacity=&#8220;50&#8243; overlay_pattern_opacity=&#8220;50&#8243; css_animation=&#8220;top-to-bottom&#8220;][vc_column width=&#8220;1\/3&#8243;][vc_single_image image=&#8220;3622&#8243; alignment=&#8220;center&#8220; img_link_target=&#8220;_self&#8220; img_size=&#8220;full&#8220; border_color=&#8220;grey&#8220;][vc_column_text]Eigent\u00fcmer und Gr\u00fcnder von Costanoroeste Der Surfpionier Lanzarotes kam 1989 auf die Insel und die Wellen hier liessen ihn nicht mehr fort. Er erf\u00fcllte sich seinen Traum und er\u00f6ffnete 1995 die erste Surf-Schule der Insel. 2002 wurde Kite-Surfing ins Kursangebot aufgenommen,&#8230;<\/p>\n","protected":false},"author":8,"featured_media":0,"parent":0,"menu_order":0,"comment_status":"closed","ping_status":"closed","template":"","meta":[],"acf":[],"yoast_head":"<!-- This site is optimized with the Yoast SEO plugin v20.11 - https:\/\/yoast.com\/wordpress\/plugins\/seo\/ -->\n<title>Team I Costanoroeste<\/title>\n<meta name=\"description\" content=\"Das Costanoroeste Team, Santi, Diego, Raul, Maximo, Alejandro, Juan, Nicolas, Marta, Itziar, Vanessa. We offer Surf, Kite, SUP and Yoga school.\" \/>\n<meta name=\"robots\" content=\"index, follow, max-snippet:-1, max-image-preview:large, max-video-preview:-1\" \/>\n<link rel=\"canonical\" href=\"https:\/\/www.costanoroeste.com\/de\/team\/\" \/>\n<meta property=\"og:locale\" content=\"de_DE\" \/>\n<meta property=\"og:type\" content=\"article\" \/>\n<meta property=\"og:title\" content=\"Team I Costanoroeste\" \/>\n<meta property=\"og:description\" content=\"Das Costanoroeste Team, Santi, Diego, Raul, Maximo, Alejandro, Juan, Nicolas, Marta, Itziar, Vanessa. We offer Surf, Kite, SUP and Yoga school.\" \/>\n<meta property=\"og:url\" content=\"https:\/\/www.costanoroeste.com\/de\/team\/\" \/>\n<meta property=\"og:site_name\" content=\"Costanoroeste\" \/>\n<meta property=\"article:publisher\" content=\"https:\/\/www.facebook.com\/CostaNoroeste\" \/>\n<meta property=\"article:modified_time\" content=\"2018-01-28T00:57:26+00:00\" \/>\n<meta property=\"og:image\" content=\"https:\/\/www.costanoroeste.com\/wp-content\/uploads\/2015\/01\/cno_fav_icon.jpg\" \/>\n\t<meta property=\"og:image:width\" content=\"512\" \/>\n\t<meta property=\"og:image:height\" content=\"512\" \/>\n\t<meta property=\"og:image:type\" content=\"image\/jpeg\" \/>\n<meta name=\"twitter:label1\" content=\"Gesch\u00e4tzte Lesezeit\" \/>\n\t<meta name=\"twitter:data1\" content=\"11\u00a0Minuten\" \/>\n<script type=\"application\/ld+json\" class=\"yoast-schema-graph\">{\"@context\":\"https:\/\/schema.org\",\"@graph\":[{\"@type\":\"WebPage\",\"@id\":\"https:\/\/www.costanoroeste.com\/de\/team\/\",\"url\":\"https:\/\/www.costanoroeste.com\/de\/team\/\",\"name\":\"Team I Costanoroeste\",\"isPartOf\":{\"@id\":\"https:\/\/www.costanoroeste.com\/#website\"},\"datePublished\":\"2014-02-18T11:28:15+00:00\",\"dateModified\":\"2018-01-28T00:57:26+00:00\",\"description\":\"Das Costanoroeste Team, Santi, Diego, Raul, Maximo, Alejandro, Juan, Nicolas, Marta, Itziar, Vanessa. We offer Surf, Kite, SUP and Yoga school.\",\"breadcrumb\":{\"@id\":\"https:\/\/www.costanoroeste.com\/de\/team\/#breadcrumb\"},\"inLanguage\":\"de\",\"potentialAction\":[{\"@type\":\"ReadAction\",\"target\":[\"https:\/\/www.costanoroeste.com\/de\/team\/\"]}]},{\"@type\":\"BreadcrumbList\",\"@id\":\"https:\/\/www.costanoroeste.com\/de\/team\/#breadcrumb\",\"itemListElement\":[{\"@type\":\"ListItem\",\"position\":1,\"name\":\"Home\",\"item\":\"https:\/\/www.costanoroeste.com\/de\/\"},{\"@type\":\"ListItem\",\"position\":2,\"name\":\"Team\"}]},{\"@type\":\"WebSite\",\"@id\":\"https:\/\/www.costanoroeste.com\/#website\",\"url\":\"https:\/\/www.costanoroeste.com\/\",\"name\":\"Costanoroeste\",\"description\":\"Surf- &amp; Kite School - Lanzarote\",\"publisher\":{\"@id\":\"https:\/\/www.costanoroeste.com\/#organization\"},\"potentialAction\":[{\"@type\":\"SearchAction\",\"target\":{\"@type\":\"EntryPoint\",\"urlTemplate\":\"https:\/\/www.costanoroeste.com\/?s={search_term_string}\"},\"query-input\":\"required name=search_term_string\"}],\"inLanguage\":\"de\"},{\"@type\":\"Organization\",\"@id\":\"https:\/\/www.costanoroeste.com\/#organization\",\"name\":\"COSTANOROESTE SURF & KITEBOARDING SCHOOL\",\"url\":\"https:\/\/www.costanoroeste.com\/\",\"logo\":{\"@type\":\"ImageObject\",\"inLanguage\":\"de\",\"@id\":\"https:\/\/www.costanoroeste.com\/#\/schema\/logo\/image\/\",\"url\":\"https:\/\/www.costanoroeste.com\/wp-content\/uploads\/2015\/01\/cropped-cno_fav_icon.jpg\",\"contentUrl\":\"https:\/\/www.costanoroeste.com\/wp-content\/uploads\/2015\/01\/cropped-cno_fav_icon.jpg\",\"width\":512,\"height\":512,\"caption\":\"COSTANOROESTE SURF & KITEBOARDING SCHOOL\"},\"image\":{\"@id\":\"https:\/\/www.costanoroeste.com\/#\/schema\/logo\/image\/\"},\"sameAs\":[\"https:\/\/www.facebook.com\/CostaNoroeste\"]}]}<\/script>\n<!-- \/ Yoast SEO plugin. -->","yoast_head_json":{"title":"Team I Costanoroeste","description":"Das Costanoroeste Team, Santi, Diego, Raul, Maximo, Alejandro, Juan, Nicolas, Marta, Itziar, Vanessa. We offer Surf, Kite, SUP and Yoga school.","robots":{"index":"index","follow":"follow","max-snippet":"max-snippet:-1","max-image-preview":"max-image-preview:large","max-video-preview":"max-video-preview:-1"},"canonical":"https:\/\/www.costanoroeste.com\/de\/team\/","og_locale":"de_DE","og_type":"article","og_title":"Team I Costanoroeste","og_description":"Das Costanoroeste Team, Santi, Diego, Raul, Maximo, Alejandro, Juan, Nicolas, Marta, Itziar, Vanessa. We offer Surf, Kite, SUP and Yoga school.","og_url":"https:\/\/www.costanoroeste.com\/de\/team\/","og_site_name":"Costanoroeste","article_publisher":"https:\/\/www.facebook.com\/CostaNoroeste","article_modified_time":"2018-01-28T00:57:26+00:00","og_image":[{"width":512,"height":512,"url":"https:\/\/www.costanoroeste.com\/wp-content\/uploads\/2015\/01\/cno_fav_icon.jpg","type":"image\/jpeg"}],"twitter_misc":{"Gesch\u00e4tzte Lesezeit":"11\u00a0Minuten"},"schema":{"@context":"https:\/\/schema.org","@graph":[{"@type":"WebPage","@id":"https:\/\/www.costanoroeste.com\/de\/team\/","url":"https:\/\/www.costanoroeste.com\/de\/team\/","name":"Team I Costanoroeste","isPartOf":{"@id":"https:\/\/www.costanoroeste.com\/#website"},"datePublished":"2014-02-18T11:28:15+00:00","dateModified":"2018-01-28T00:57:26+00:00","description":"Das Costanoroeste Team, Santi, Diego, Raul, Maximo, Alejandro, Juan, Nicolas, Marta, Itziar, Vanessa. We offer Surf, Kite, SUP and Yoga school.","breadcrumb":{"@id":"https:\/\/www.costanoroeste.com\/de\/team\/#breadcrumb"},"inLanguage":"de","potentialAction":[{"@type":"ReadAction","target":["https:\/\/www.costanoroeste.com\/de\/team\/"]}]},{"@type":"BreadcrumbList","@id":"https:\/\/www.costanoroeste.com\/de\/team\/#breadcrumb","itemListElement":[{"@type":"ListItem","position":1,"name":"Home","item":"https:\/\/www.costanoroeste.com\/de\/"},{"@type":"ListItem","position":2,"name":"Team"}]},{"@type":"WebSite","@id":"https:\/\/www.costanoroeste.com\/#website","url":"https:\/\/www.costanoroeste.com\/","name":"Costanoroeste","description":"Surf- &amp; Kite School - Lanzarote","publisher":{"@id":"https:\/\/www.costanoroeste.com\/#organization"},"potentialAction":[{"@type":"SearchAction","target":{"@type":"EntryPoint","urlTemplate":"https:\/\/www.costanoroeste.com\/?s={search_term_string}"},"query-input":"required name=search_term_string"}],"inLanguage":"de"},{"@type":"Organization","@id":"https:\/\/www.costanoroeste.com\/#organization","name":"COSTANOROESTE SURF & KITEBOARDING SCHOOL","url":"https:\/\/www.costanoroeste.com\/","logo":{"@type":"ImageObject","inLanguage":"de","@id":"https:\/\/www.costanoroeste.com\/#\/schema\/logo\/image\/","url":"https:\/\/www.costanoroeste.com\/wp-content\/uploads\/2015\/01\/cropped-cno_fav_icon.jpg","contentUrl":"https:\/\/www.costanoroeste.com\/wp-content\/uploads\/2015\/01\/cropped-cno_fav_icon.jpg","width":512,"height":512,"caption":"COSTANOROESTE SURF & KITEBOARDING SCHOOL"},"image":{"@id":"https:\/\/www.costanoroeste.com\/#\/schema\/logo\/image\/"},"sameAs":["https:\/\/www.facebook.com\/CostaNoroeste"]}]}},"_links":{"self":[{"href":"https:\/\/www.costanoroeste.com\/de\/wp-json\/wp\/v2\/pages\/4989"}],"collection":[{"href":"https:\/\/www.costanoroeste.com\/de\/wp-json\/wp\/v2\/pages"}],"about":[{"href":"https:\/\/www.costanoroeste.com\/de\/wp-json\/wp\/v2\/types\/page"}],"author":[{"embeddable":true,"href":"https:\/\/www.costanoroeste.com\/de\/wp-json\/wp\/v2\/users\/8"}],"replies":[{"embeddable":true,"href":"https:\/\/www.costanoroeste.com\/de\/wp-json\/wp\/v2\/comments?post=4989"}],"version-history":[{"count":5,"href":"https:\/\/www.costanoroeste.com\/de\/wp-json\/wp\/v2\/pages\/4989\/revisions"}],"predecessor-version":[{"id":7206,"href":"https:\/\/www.costanoroeste.com\/de\/wp-json\/wp\/v2\/pages\/4989\/revisions\/7206"}],"wp:attachment":[{"href":"https:\/\/www.costanoroeste.com\/de\/wp-json\/wp\/v2\/media?parent=4989"}],"curies":[{"name":"wp","href":"https:\/\/api.w.org\/{rel}","templated":true}]}}