{"id":4997,"date":"2015-03-01T15:47:58","date_gmt":"2015-03-01T15:47:58","guid":{"rendered":"http:\/\/costanoroeste.com\/lanzarote-2\/"},"modified":"2018-01-28T01:57:17","modified_gmt":"2018-01-28T00:57:17","slug":"lanzarote","status":"publish","type":"page","link":"https:\/\/www.costanoroeste.com\/de\/lanzarote\/","title":{"rendered":"Lanzarote"},"content":{"rendered":"<section class=\"wpb-content-wrapper\"><p>[vc_row overlay_color_opacity=&#8220;50&#8243; overlay_pattern_opacity=&#8220;50&#8243; css=&#8220;.vc_custom_1425324771095{margin-top: 50px !important;margin-bottom: 0px !important;}&#8220;][vc_column]<h1 class=\"mpc-vc-deco-header vc_txt_align_center\"><span class=\"mpcth-color-main-border\">Willkommen in Lanzarote<\/span><\/h1>[\/vc_column][\/vc_row][vc_row overlay_color_opacity=&#8220;50&#8243; overlay_pattern_opacity=&#8220;50&#8243; full_page_width=&#8220;1&#8243; css=&#8220;.vc_custom_1425324765797{margin-top: 0px !important;padding-top: 500px !important;background-image: url(http:\/\/costanoroeste.com\/wp-content\/uploads\/2015\/03\/Timanfaya-National-Park.jpg?id=3680) !important;}&#8220; bg_image_fb=&#8220;3680&#8243;][vc_column width=&#8220;1\/1&#8243;][\/vc_column][\/vc_row][vc_row css=&#8220;.vc_custom_1425325770867{margin-top: 50px !important;}&#8220; overlay_color_opacity=&#8220;50&#8243; overlay_pattern_opacity=&#8220;50&#8243; toc_id=&#8220;lanzarote&#8220;][vc_column]<h1 class=\"mpc-vc-deco-header vc_txt_align_center\"><span class=\"mpcth-color-main-border\">Lanzarote - Das Hawaii Europas<\/span><\/h1>[vc_column_text]<\/p>\n<h4 style=\"text-align: center;\"><span style=\"line-height: 1.5;\">Lanzarote ist das \u201cHawaii Europas\u201d mit mystischer und vulkanischer Landschaft und perfekten Wind- und Wellenverh\u00e4ltnissen das ganze Jahr durch. Unterschiedlichste Top-Spots f\u00fcr Surfen und Kiten machen diese Insel zur perfekten Feriendestination.\u00a0<\/span><\/h4>\n<p>[\/vc_column_text][\/vc_column][vc_column width=&#8220;1\/1&#8243;][vc_row_inner][vc_column_inner width=&#8220;1\/3&#8243;]<h3 class=\"mpc-vc-deco-header vc_txt_align_left\"><span class=\"mpcth-color-main-border\">Die Vulkaninsel<\/span><\/h3>[vc_column_text]Lanzarote ist eine Vulkaninsel. Gesteinsformationen aus versteinerten Lavastr\u00f6me haben eine einzigartige, beinah mond\u00e4hnlichen Landschaft erschaffen, die der Insel einen wunderbaren Charakter und den Besuchern viele Orte zu entdecken geben. Der El Timanfaya Nationalpark, der El Golfo-Krater und der Atlandida Tunnel sind nur einige der Sehensw\u00fcrdigkeiten, die man nicht verpassen sollte. Dank des vulkanischen Ursprungs der Insel werden auf Lanzarote mit revolution\u00e4ren Methoden sehr delikate Weine produziert. Eine Tour durch die Weing\u00fcter in La Geria sollte unbedingt mit auf dem Reiseplan stehen![\/vc_column_text][\/vc_column_inner][vc_column_inner width=&#8220;1\/3&#8243;]<h3 class=\"mpc-vc-deco-header vc_txt_align_left\"><span class=\"mpcth-color-main-border\">Wellen das ganze Jahr<\/span><\/h3>[vc_column_text]Lanzarote, die \u00f6stlichste Insel der Kanaren, befindet sich 100km westlich der Afrikanischen K\u00fcste inmitten des Atlantiks. Die kraftvollsten Wellen brechen von Oktober bis M\u00e4rz an den Riffs, sind aber das ganze Jahr hindurch konstant an H\u00e4ufigkeit und St\u00e4rke.<\/p>\n<p>Die Insel ist bekannt f\u00fcr ihre Wellen an den n\u00f6rdlichen, \u00f6stlichen und westlichen K\u00fcstengebieten. Besucher k\u00f6nnen somit an verschiedensten Orten nach ihren W\u00fcnschen Surfen, SUP und Kiten. Neben den unz\u00e4hligen Wassersportarten bietet Lanzarote auch ein grosses Angebot an Festlandaktivit\u00e4ten wie Biken, Trekking, Golfen oder Reiten.[\/vc_column_text][\/vc_column_inner][vc_column_inner width=&#8220;1\/3&#8243;]<h3 class=\"mpc-vc-deco-header vc_txt_align_left\"><span class=\"mpcth-color-main-border\">Warme Winde<\/span><\/h3>[vc_column_text]Das milde, trockene Klima Lanzarotes mit langen Tagen mit Durchschnittstemperaturen von 21-29\u00b0C und k\u00fchlen N\u00e4chten zwischen 15-20\u00b0C sorgen das ganze Jahr f\u00fcr eine angenehme Wassertemperatur von 18-25\u00b0C.<\/p>\n<p>Lanzarote ist die perfekte Feriendestination. Nimm Sommerkleidung f\u00fcr die sonnigen, windstillen Tage, aber auch w\u00e4rmere Kleider f\u00fcr die k\u00fchlen N\u00e4chte und windigen Tage mit.[\/vc_column_text]<div id=\"mpcth_icon_list_f2nzF\" class=\"mpc-vc-icons-list mpcth-waypoint\"><style type=\"text\/css\">#mpcth_icon_list_f2nzF { color: #666666; }#mpcth_icon_list_f2nzF li i { color: #1e8bc3; }<\/style><ul><li><i class=\"fa fa-fw fa-angle-right\"><\/i>Breitengrad: 29\u00b0,0' Nord<\/li><li><i class=\"fa fa-fw fa-angle-right\"><\/i>L\u00e4ngengrad: 13\u00b0,92' West<\/li><li><i class=\"fa fa-fw fa-angle-right\"><\/i>Distanz zu Afrika: 100 km<\/li><li><i class=\"fa fa-fw fa-angle-right\"><\/i>Dominanter Wind: Passatwinde Nordost<\/li><\/ul><\/div>[\/vc_column_inner][\/vc_row_inner][\/vc_column][\/vc_row][vc_row css=&#8220;.vc_custom_1425322413611{padding-top: 350px !important;background-image: url(http:\/\/costanoroeste.com\/wp-content\/uploads\/2015\/03\/Famara-Beach.jpg?id=3676) !important;}&#8220; overlay_color_opacity=&#8220;50&#8243; overlay_pattern_opacity=&#8220;50&#8243; bg_image_fb=&#8220;3676&#8243; full_page_width=&#8220;1&#8243; parallax=&#8220;1&#8243;][vc_column width=&#8220;1\/1&#8243;][\/vc_column][\/vc_row][vc_row css=&#8220;.vc_custom_1425323340575{margin-top: 50px !important;}&#8220; overlay_color_opacity=&#8220;50&#8243; overlay_pattern_opacity=&#8220;50&#8243; toc_id=&#8220;gettingaround&#8220;][vc_column]<h1 class=\"mpc-vc-deco-header vc_txt_align_center\"><span class=\"mpcth-color-main-border\">Sich in Lanzarote zurechtfinden<\/span><\/h1>[\/vc_column][vc_column width=&#8220;1\/3&#8243; el_class=&#8220;rentacar&#8220;]<h3 class=\"mpc-vc-deco-header vc_txt_align_left\"><span class=\"mpcth-color-main-border\">Miete ein Auto<\/span><\/h3>[vc_column_text]Lanzarote bietet unz\u00e4hlige Sehensw\u00fcrdigkeiten und Ausflugziele an, jedoch kaum \u00f6ffentliche Verkehrsmittel. Das Mietauto ist die beste M\u00f6glichkeit, die Insel zu erforschen. Die Preise sind recht niedrig, so ab 15\u20ac am Tag.<\/p>\n<p>Bei Interesse k\u00f6nnen wir Mietautos organisieren, die dann direkt am Flughafen auf euch warten.<\/p>\n<p>Hier eine kurze Preis\u00fcbersicht:<\/p>\n<ul>\n<li>Alles inclusive (ausgenommen Treibstoff)<\/li>\n<li>Rundum Versichert (ausgenommen Verlust der Autoschl\u00fcssel oder Sch\u00e4den von Off-Roading) )<\/li>\n<li>Mitfahrer Fahrer kostenlos<\/li>\n<li>KEINE Extrageb\u00fchren ausser bei Ausnahmef\u00e4llen: Lieferung nach 22:00 Uhr mit Zuschlag von 25\u20ac<\/li>\n<li>Miettage werden jeweils in 24h verrechnet. Bitte vor der Buchung beachten<\/li>\n<\/ul>\n<p>[\/vc_column_text][\/vc_column][vc_column width=&#8220;1\/3&#8243;]<h3 class=\"mpc-vc-deco-header vc_txt_align_left\"><span class=\"mpcth-color-main-border\">Taxi<\/span><\/h3>[vc_column_text]Taxis sind beinah \u00fcberall ausserhalb des Flughafens von Lanzarote verf\u00fcgbar. Die Reise nach Famara dauert ungef\u00e4hr 20 Minuten und kostet mit dem Taxi ungef\u00e4hr 35\u20ac pro Weg.[\/vc_column_text]<h3 class=\"mpc-vc-deco-header vc_txt_align_left\"><span class=\"mpcth-color-main-border\">Buss nach Famara<\/span><\/h3>[vc_column_text]Es gibt KEINE direkte Buslinie vom Flughafen nach Famara. Bei Anreise mit dem Bus muss die Linie nach ARRECIFE genommen werden und dort nach CALETA DE FAMARA umgestiegen werden.<\/p>\n<p>Alle verf\u00fcgbaren Buslinien sind hier ersichtlich: <a title=\"www.lanzarote.com\/bus\" href=\"http:\/\/www.lanzarote.com\/bus\" target=\"_blank\">www.lanzarote.com\/bus<\/a>[\/vc_column_text][\/vc_column][vc_column width=&#8220;1\/3&#8243;]<h3 class=\"mpc-vc-deco-header vc_txt_align_left\"><span class=\"mpcth-color-main-border\">Flughafen von Lanzarote<\/span><\/h3>[vc_column_text]Der internationale Flughafen von Lanzarote befindet sich knapp 5 km s\u00fcdwestlich von Arrecife (ACE), der Hauptstadt der Insel. Arrecife ist ungef\u00e4hr 20 Minuten Autofahrt von Famara und unserer Surfschule entfernt.<\/p>\n<p>Da Lanzarote das ganze Jahr \u00fcber gerne besucht wird, wird die Insel von verschiedenen Fluggesellschaften angeflogen. Die h\u00e4ufigsten Verbindungen kommen aus Grossbritannien, Deutschland und dem spanischen Festland. Egal woher Du kommst, check die besten Deals auf <a title=\"www.skyscanner.com\" href=\"http:\/\/www.skyscanner.com\" target=\"_blank\">www.skyscanner.com<\/a>. Denke daren: bei kosteng\u00fcnstigen Fluggesellschaften k\u00f6nnen f\u00fcrs Gep\u00e4ck zus\u00e4tzliche Kosten anfallen![\/vc_column_text]<h3 class=\"mpc-vc-deco-header vc_txt_align_left\"><span class=\"mpcth-color-main-border\">Flughafentransfer<\/span><\/h3>[vc_column_text]Von Gesetzes wegen d\u00fcrfen wir keinen Flughafentransfer anbieten. Dies ist ausschliesslich Taxis und Shuttles gestattet.[\/vc_column_text][\/vc_column][\/vc_row]<\/p>\n<\/section>","protected":false},"excerpt":{"rendered":"<p>[vc_row overlay_color_opacity=&#8220;50&#8243; overlay_pattern_opacity=&#8220;50&#8243; css=&#8220;.vc_custom_1425324771095{margin-top: 50px !important;margin-bottom: 0px !important;}&#8220;][vc_column][\/vc_column][\/vc_row][vc_row overlay_color_opacity=&#8220;50&#8243; overlay_pattern_opacity=&#8220;50&#8243; full_page_width=&#8220;1&#8243; css=&#8220;.vc_custom_1425324765797{margin-top: 0px !important;padding-top: 500px !important;background-image: url(http:\/\/costanoroeste.com\/wp-content\/uploads\/2015\/03\/Timanfaya-National-Park.jpg?id=3680) !important;}&#8220; bg_image_fb=&#8220;3680&#8243;][vc_column width=&#8220;1\/1&#8243;][\/vc_column][\/vc_row][vc_row css=&#8220;.vc_custom_1425325770867{margin-top: 50px !important;}&#8220; overlay_color_opacity=&#8220;50&#8243; overlay_pattern_opacity=&#8220;50&#8243; toc_id=&#8220;lanzarote&#8220;][vc_column][vc_column_text] Lanzarote ist das \u201cHawaii Europas\u201d mit mystischer und vulkanischer Landschaft und perfekten Wind- und Wellenverh\u00e4ltnissen das ganze Jahr durch. Unterschiedlichste Top-Spots f\u00fcr Surfen und Kiten machen diese Insel zur&#8230;<\/p>\n","protected":false},"author":8,"featured_media":0,"parent":0,"menu_order":0,"comment_status":"closed","ping_status":"closed","template":"","meta":[],"acf":[],"yoast_head":"<!-- This site is optimized with the Yoast SEO plugin v20.11 - https:\/\/yoast.com\/wordpress\/plugins\/seo\/ -->\n<title>Lanzarote I Costanoroeste<\/title>\n<meta name=\"description\" content=\"Lanzarote ist das \u201cHawaii Europas\u201d mit mystischer und vulkanischer Landschaft und perfekten Wind- und Wellenverh\u00e4ltnissen das ganze Jahr durch.\" \/>\n<meta name=\"robots\" content=\"index, follow, max-snippet:-1, max-image-preview:large, max-video-preview:-1\" \/>\n<link rel=\"canonical\" href=\"https:\/\/www.costanoroeste.com\/de\/lanzarote\/\" \/>\n<meta property=\"og:locale\" content=\"de_DE\" \/>\n<meta property=\"og:type\" content=\"article\" \/>\n<meta property=\"og:title\" content=\"Lanzarote I Costanoroeste\" \/>\n<meta property=\"og:description\" content=\"Lanzarote ist das \u201cHawaii Europas\u201d mit mystischer und vulkanischer Landschaft und perfekten Wind- und Wellenverh\u00e4ltnissen das ganze Jahr durch.\" \/>\n<meta property=\"og:url\" content=\"https:\/\/www.costanoroeste.com\/de\/lanzarote\/\" \/>\n<meta property=\"og:site_name\" content=\"Costanoroeste\" \/>\n<meta property=\"article:publisher\" content=\"https:\/\/www.facebook.com\/CostaNoroeste\" \/>\n<meta property=\"article:modified_time\" content=\"2018-01-28T00:57:17+00:00\" \/>\n<meta property=\"og:image\" content=\"https:\/\/www.costanoroeste.com\/wp-content\/uploads\/2015\/01\/cno_fav_icon.jpg\" \/>\n\t<meta property=\"og:image:width\" content=\"512\" \/>\n\t<meta property=\"og:image:height\" content=\"512\" \/>\n\t<meta property=\"og:image:type\" content=\"image\/jpeg\" \/>\n<meta name=\"twitter:label1\" content=\"Gesch\u00e4tzte Lesezeit\" \/>\n\t<meta name=\"twitter:data1\" content=\"5\u00a0Minuten\" \/>\n<script type=\"application\/ld+json\" class=\"yoast-schema-graph\">{\"@context\":\"https:\/\/schema.org\",\"@graph\":[{\"@type\":\"WebPage\",\"@id\":\"https:\/\/www.costanoroeste.com\/de\/lanzarote\/\",\"url\":\"https:\/\/www.costanoroeste.com\/de\/lanzarote\/\",\"name\":\"Lanzarote I Costanoroeste\",\"isPartOf\":{\"@id\":\"https:\/\/www.costanoroeste.com\/#website\"},\"datePublished\":\"2015-03-01T15:47:58+00:00\",\"dateModified\":\"2018-01-28T00:57:17+00:00\",\"description\":\"Lanzarote ist das \u201cHawaii Europas\u201d mit mystischer und vulkanischer Landschaft und perfekten Wind- und Wellenverh\u00e4ltnissen das ganze Jahr durch.\",\"breadcrumb\":{\"@id\":\"https:\/\/www.costanoroeste.com\/de\/lanzarote\/#breadcrumb\"},\"inLanguage\":\"de\",\"potentialAction\":[{\"@type\":\"ReadAction\",\"target\":[\"https:\/\/www.costanoroeste.com\/de\/lanzarote\/\"]}]},{\"@type\":\"BreadcrumbList\",\"@id\":\"https:\/\/www.costanoroeste.com\/de\/lanzarote\/#breadcrumb\",\"itemListElement\":[{\"@type\":\"ListItem\",\"position\":1,\"name\":\"Home\",\"item\":\"https:\/\/www.costanoroeste.com\/de\/\"},{\"@type\":\"ListItem\",\"position\":2,\"name\":\"Lanzarote\"}]},{\"@type\":\"WebSite\",\"@id\":\"https:\/\/www.costanoroeste.com\/#website\",\"url\":\"https:\/\/www.costanoroeste.com\/\",\"name\":\"Costanoroeste\",\"description\":\"Surf- &amp; Kite School - Lanzarote\",\"publisher\":{\"@id\":\"https:\/\/www.costanoroeste.com\/#organization\"},\"potentialAction\":[{\"@type\":\"SearchAction\",\"target\":{\"@type\":\"EntryPoint\",\"urlTemplate\":\"https:\/\/www.costanoroeste.com\/?s={search_term_string}\"},\"query-input\":\"required name=search_term_string\"}],\"inLanguage\":\"de\"},{\"@type\":\"Organization\",\"@id\":\"https:\/\/www.costanoroeste.com\/#organization\",\"name\":\"COSTANOROESTE SURF & KITEBOARDING SCHOOL\",\"url\":\"https:\/\/www.costanoroeste.com\/\",\"logo\":{\"@type\":\"ImageObject\",\"inLanguage\":\"de\",\"@id\":\"https:\/\/www.costanoroeste.com\/#\/schema\/logo\/image\/\",\"url\":\"https:\/\/www.costanoroeste.com\/wp-content\/uploads\/2015\/01\/cropped-cno_fav_icon.jpg\",\"contentUrl\":\"https:\/\/www.costanoroeste.com\/wp-content\/uploads\/2015\/01\/cropped-cno_fav_icon.jpg\",\"width\":512,\"height\":512,\"caption\":\"COSTANOROESTE SURF & KITEBOARDING SCHOOL\"},\"image\":{\"@id\":\"https:\/\/www.costanoroeste.com\/#\/schema\/logo\/image\/\"},\"sameAs\":[\"https:\/\/www.facebook.com\/CostaNoroeste\"]}]}<\/script>\n<!-- \/ Yoast SEO plugin. -->","yoast_head_json":{"title":"Lanzarote I Costanoroeste","description":"Lanzarote ist das \u201cHawaii Europas\u201d mit mystischer und vulkanischer Landschaft und perfekten Wind- und Wellenverh\u00e4ltnissen das ganze Jahr durch.","robots":{"index":"index","follow":"follow","max-snippet":"max-snippet:-1","max-image-preview":"max-image-preview:large","max-video-preview":"max-video-preview:-1"},"canonical":"https:\/\/www.costanoroeste.com\/de\/lanzarote\/","og_locale":"de_DE","og_type":"article","og_title":"Lanzarote I Costanoroeste","og_description":"Lanzarote ist das \u201cHawaii Europas\u201d mit mystischer und vulkanischer Landschaft und perfekten Wind- und Wellenverh\u00e4ltnissen das ganze Jahr durch.","og_url":"https:\/\/www.costanoroeste.com\/de\/lanzarote\/","og_site_name":"Costanoroeste","article_publisher":"https:\/\/www.facebook.com\/CostaNoroeste","article_modified_time":"2018-01-28T00:57:17+00:00","og_image":[{"width":512,"height":512,"url":"https:\/\/www.costanoroeste.com\/wp-content\/uploads\/2015\/01\/cno_fav_icon.jpg","type":"image\/jpeg"}],"twitter_misc":{"Gesch\u00e4tzte Lesezeit":"5\u00a0Minuten"},"schema":{"@context":"https:\/\/schema.org","@graph":[{"@type":"WebPage","@id":"https:\/\/www.costanoroeste.com\/de\/lanzarote\/","url":"https:\/\/www.costanoroeste.com\/de\/lanzarote\/","name":"Lanzarote I Costanoroeste","isPartOf":{"@id":"https:\/\/www.costanoroeste.com\/#website"},"datePublished":"2015-03-01T15:47:58+00:00","dateModified":"2018-01-28T00:57:17+00:00","description":"Lanzarote ist das \u201cHawaii Europas\u201d mit mystischer und vulkanischer Landschaft und perfekten Wind- und Wellenverh\u00e4ltnissen das ganze Jahr durch.","breadcrumb":{"@id":"https:\/\/www.costanoroeste.com\/de\/lanzarote\/#breadcrumb"},"inLanguage":"de","potentialAction":[{"@type":"ReadAction","target":["https:\/\/www.costanoroeste.com\/de\/lanzarote\/"]}]},{"@type":"BreadcrumbList","@id":"https:\/\/www.costanoroeste.com\/de\/lanzarote\/#breadcrumb","itemListElement":[{"@type":"ListItem","position":1,"name":"Home","item":"https:\/\/www.costanoroeste.com\/de\/"},{"@type":"ListItem","position":2,"name":"Lanzarote"}]},{"@type":"WebSite","@id":"https:\/\/www.costanoroeste.com\/#website","url":"https:\/\/www.costanoroeste.com\/","name":"Costanoroeste","description":"Surf- &amp; Kite School - Lanzarote","publisher":{"@id":"https:\/\/www.costanoroeste.com\/#organization"},"potentialAction":[{"@type":"SearchAction","target":{"@type":"EntryPoint","urlTemplate":"https:\/\/www.costanoroeste.com\/?s={search_term_string}"},"query-input":"required name=search_term_string"}],"inLanguage":"de"},{"@type":"Organization","@id":"https:\/\/www.costanoroeste.com\/#organization","name":"COSTANOROESTE SURF & KITEBOARDING SCHOOL","url":"https:\/\/www.costanoroeste.com\/","logo":{"@type":"ImageObject","inLanguage":"de","@id":"https:\/\/www.costanoroeste.com\/#\/schema\/logo\/image\/","url":"https:\/\/www.costanoroeste.com\/wp-content\/uploads\/2015\/01\/cropped-cno_fav_icon.jpg","contentUrl":"https:\/\/www.costanoroeste.com\/wp-content\/uploads\/2015\/01\/cropped-cno_fav_icon.jpg","width":512,"height":512,"caption":"COSTANOROESTE SURF & KITEBOARDING SCHOOL"},"image":{"@id":"https:\/\/www.costanoroeste.com\/#\/schema\/logo\/image\/"},"sameAs":["https:\/\/www.facebook.com\/CostaNoroeste"]}]}},"_links":{"self":[{"href":"https:\/\/www.costanoroeste.com\/de\/wp-json\/wp\/v2\/pages\/4997"}],"collection":[{"href":"https:\/\/www.costanoroeste.com\/de\/wp-json\/wp\/v2\/pages"}],"about":[{"href":"https:\/\/www.costanoroeste.com\/de\/wp-json\/wp\/v2\/types\/page"}],"author":[{"embeddable":true,"href":"https:\/\/www.costanoroeste.com\/de\/wp-json\/wp\/v2\/users\/8"}],"replies":[{"embeddable":true,"href":"https:\/\/www.costanoroeste.com\/de\/wp-json\/wp\/v2\/comments?post=4997"}],"version-history":[{"count":5,"href":"https:\/\/www.costanoroeste.com\/de\/wp-json\/wp\/v2\/pages\/4997\/revisions"}],"predecessor-version":[{"id":7203,"href":"https:\/\/www.costanoroeste.com\/de\/wp-json\/wp\/v2\/pages\/4997\/revisions\/7203"}],"wp:attachment":[{"href":"https:\/\/www.costanoroeste.com\/de\/wp-json\/wp\/v2\/media?parent=4997"}],"curies":[{"name":"wp","href":"https:\/\/api.w.org\/{rel}","templated":true}]}}