{"id":4857,"date":"2015-03-02T20:04:06","date_gmt":"2015-03-02T20:04:06","guid":{"rendered":"http:\/\/costanoroeste.com\/activities-lanzarote-2\/"},"modified":"2018-01-28T01:56:54","modified_gmt":"2018-01-28T00:56:54","slug":"actividades-lanzarote","status":"publish","type":"page","link":"https:\/\/www.costanoroeste.com\/es\/actividades-lanzarote\/","title":{"rendered":"Actividades Lanzarote"},"content":{"rendered":"<section class=\"wpb-content-wrapper\"><p>[vc_row overlay_color_opacity=\u00bb50&#8243; overlay_pattern_opacity=\u00bb50&#8243; full_page_width=\u00bb1&#8243; parallax=\u00bb1&#8243; css=\u00bb.vc_custom_1425325786943{margin-top: 50px !important;}\u00bb toc_id=\u00bbactivities\u00bb][vc_column width=\u00bb1\/1&#8243;]<h1 class=\"mpc-vc-deco-header vc_txt_align_center\"><span class=\"mpcth-color-main-border\">QUE VISITAR EN LANZAROTE<\/span><\/h1>[\/vc_column][\/vc_row][vc_row][vc_column]<h3 class=\"mpc-vc-deco-header vc_txt_align_left\"><span class=\"mpcth-color-main-border\">PARQUE NACIONAL DE TIMANFAYA<\/span><\/h3>[\/vc_column][vc_column width=\u00bb1\/2&#8243;][vc_single_image image=\u00bb3680&#8243; alignment=\u00bbcenter\u00bb border_color=\u00bbgrey\u00bb img_link_target=\u00bb_self\u00bb img_size=\u00bblarge\u00bb][\/vc_column][vc_column width=\u00bb1\/2&#8243;][vc_column_text]El Parque Nacional de Timanfaya es uno de los sitios que no puedes dejar de visitar antes de irte de Lanzarote. Es un lugar \u00fanico, con su incre\u00edble, grandioso y multicolor paisaje volc\u00e1nico. El parque es el resultado de las \u00faltimas erupciones volc\u00e1nicas acaecidas en Lanzarote, siendo el punto de encuentro dentro del parque el Islote de Hilario, el cual est\u00e1 rodeado por las hermosas Monta\u00f1as del Fuego, y ofrece unas vistas impresionantes de conos volc\u00e1nicos, cr\u00e1teres y extraordinarias formaciones rocosas.<\/p>\n<p>El parque est\u00e1 situado en la parte suroeste de la isla y se puede visitar solo a trav\u00e9s de visitas guiadas estrictamente controladas. Caminar libremente por el Parque est\u00e1 prohibido para preservar el ecosistema de este paisaje volc\u00e1nico \u00fanico. Lanzarote constituye una de las zonas protegidas representativas de los principales ecosistemas del mundo por lo que fue declarada por La UNESCO en el a\u00f1o 1993 Reserva de la Biosfera.<\/p>\n<p>Para comer se encuentra el restaurante El Diablo, dise\u00f1ado por C\u00e9sar Manrique, donde la carne y el delicioso pescado se cocinan en una parrilla con el calor que viene desde el interior del volc\u00e1n.<\/p>\n<p>No se olvide de llevar ropa y calzado adecuado, ya que el clima puede ser un poco m\u00e1s fresco aqu\u00ed.[\/vc_column_text][\/vc_column][vc_column]<h3 class=\"mpc-vc-deco-header vc_txt_align_right\"><span class=\"mpcth-color-main-border\">MIRADOR DEL R\u00cdO<\/span><\/h3>[\/vc_column][vc_column][vc_row_inner][vc_column_inner width=\u00bb1\/2&#8243;][vc_column_text]El Mirador del R\u00edo es el mirador m\u00e1s famoso de Lanzarote, situado a unos 500 metros sobre el nivel del mar en el Risco de Famara, en una localizaci\u00f3n privilegiada con unas vistas\u00a0maravillosas\u00a0de La Graciosa y los Islotes menores.<\/p>\n<p>Era un viejo punto de observaci\u00f3n militar utilizado para vigilar las aguas territoriales, luego, en 1974 fue transformado en una belleza arquitect\u00f3nica por el artista local C\u00e9sar Manrique.[\/vc_column_text][\/vc_column_inner][vc_column_inner width=\u00bb1\/2&#8243;][vc_single_image image=\u00bb3679&#8243; alignment=\u00bbcenter\u00bb border_color=\u00bbgrey\u00bb img_link_target=\u00bb_self\u00bb img_size=\u00bblarge\u00bb][\/vc_column_inner][\/vc_row_inner][\/vc_column][\/vc_row][vc_row][vc_column]<h3 class=\"mpc-vc-deco-header vc_txt_align_left\"><span class=\"mpcth-color-main-border\">LOS VI\u00d1EDOS DE LA GERIA<\/span><\/h3>[\/vc_column][vc_column width=\u00bb1\/2&#8243;][vc_single_image image=\u00bb4469&#8243; alignment=\u00bbcenter\u00bb border_color=\u00bbgrey\u00bb img_link_target=\u00bb_self\u00bb img_size=\u00bblarge\u00bb][\/vc_column][vc_column width=\u00bb1\/2&#8243;][vc_column_text]Con sus m\u00e9todos tradicionales de cultivo, los vi\u00f1edos en el centro de la isla son un \u00e1rea protegida. Las vides individuales est\u00e1n plantadas en hoyos de 4-5m de ancho y 2-3 m de profundidad, con peque\u00f1os muros de piedra alrededor de cada hoyo. Esta t\u00e9cnica agr\u00edcola est\u00e1 dise\u00f1ada para cosechar sin lluvia y aprovechar el roc\u00edo que nos traen los h\u00famedos vientos alisios durante la noche y para proteger las plantas de este mismo viento durante el d\u00eda. El paisaje de la Geria es precioso y \u00fanico y forma parte del Patrimonio de la Humanidad. No puedes irte sin probar nuestros maravillosos vinos blancos en cualquiera de las bodegas que te encontrar\u00e1s en tu paseo por La Geria.[\/vc_column_text][\/vc_column][\/vc_row][vc_row css=\u00bb.vc_custom_1427127870908{padding-top: 350px !important;background-image: url(http:\/\/costanoroeste.com\/wp-content\/uploads\/2014\/02\/CNO_Various_0037.jpg?id=3606) !important;background-position: 0 0 !important;background-repeat: no-repeat !important;}\u00bb overlay_color_opacity=\u00bb50&#8243; overlay_pattern_opacity=\u00bb50&#8243; bg_image_fb=\u00bb3606&#8243; full_page_width=\u00bb1&#8243; bg_image_repeat_fb=\u00bbno-repeat\u00bb][vc_column width=\u00bb1\/1&#8243;][\/vc_column][\/vc_row][vc_row overlay_color_opacity=\u00bb50&#8243; overlay_pattern_opacity=\u00bb50&#8243; full_page_width=\u00bb1&#8243; parallax=\u00bb1&#8243; css=\u00bb.vc_custom_1425325800173{margin-top: 50px !important;}\u00bb toc_id=\u00bbplaces\u00bb][vc_column width=\u00bb1\/1&#8243;]<h1 class=\"mpc-vc-deco-header vc_txt_align_center\"><span class=\"mpcth-color-main-border\">OTROS LUGARES PARA VISITAR<\/span><\/h1>[\/vc_column][\/vc_row][vc_row][vc_column]<h3 class=\"mpc-vc-deco-header vc_txt_align_left\"><span class=\"mpcth-color-main-border\">PLAYA DE FAMARA<\/span><\/h3>[\/vc_column][vc_column width=\u00bb1\/2&#8243;][vc_single_image image=\u00bb3676&#8243; alignment=\u00bbcenter\u00bb border_color=\u00bbgrey\u00bb img_link_target=\u00bb_self\u00bb img_size=\u00bblarge\u00bb][\/vc_column][vc_column width=\u00bb1\/2&#8243;][vc_column_text]Famara es un peque\u00f1o pueblo de pescadores de la costa Noroeste de Lanzarote y capital del surf y el Kite en la isla. Lejos de las zonas tur\u00edsticas se respira un ambiente muy relajado donde podr\u00e1s disfrutar de sus buenas condiciones de olas y viento.\u00a0Es por esto que nuestra escuela se encuentra en Famara, con su playa de 5 kil\u00f3metros de largo es la playa de arena m\u00e1s larga de la isla, que por su orientaci\u00f3n recibe olas constantemente del Atl\u00e1ntico y junto con sus incomparables vistas desde el agua del Risco de Famara, hacen de este lugar un verdadero para\u00edso para los practicantes de surf y Kite.<\/p>\n<p><span style=\"line-height: 1.5;\">La Caleta de Famara tiene varios restaurantes donde podr\u00e1s comer nuestro pescado fresco y productos del mar, as\u00ed como nuestra t\u00edpica cocina Canaria. Destacan el Restaurante Sol y El Risco. Hay algunos otros bares y terrazas para disfrutar de las magn\u00edficas vistas, unos peque\u00f1os supermercados, varias tiendas de surf, alquiler de bicicletas, conciertos de m\u00fasica en vivo todos los viernes y domingos en el Sunset Bar, punto de encuentro de surfers y kiters para tomar una cerveza despu\u00e9s de un largo d\u00eda disfrutando del sol, la playa, las olas y el viento.<\/span>[\/vc_column_text][\/vc_column][\/vc_row][vc_row][vc_column]<h3 class=\"mpc-vc-deco-header vc_txt_align_right\"><span class=\"mpcth-color-main-border\">La Santa<\/span><\/h3>[\/vc_column][vc_column width=\u00bb1\/2&#8243;][vc_column_text]La Santa es otro peque\u00f1o pueblo pesquero de la costa Noroeste de Lanzarote, a 15 minutos en coche de Famara. La Santa tiene las mejores olas de roca y las m\u00e1s conocidas mundialmente por su calidad. Aqu\u00ed tenemos nuestro complejo de apartamentos con vistas directas a la Bah\u00eda de la Santa y sus olas, el ambiente que se respira es de puro surfing y relax. Solo tienes que ponerte el traje, coger la tabla y a surfear. Tenes una Playa peque\u00f1a en el pueblo y otra m\u00e1s grande y protegida en el Lago de La Santa.<\/p>\n<p>La Santa tiene diferentes restaurantes: t\u00edpico canario, chino, italiano, un par de peque\u00f1os supermercados, varios bares, un cibercaf\u00e9, tiendas de surf, talleres de reparaci\u00f3n de tablas de surf, tienda de alquiler de bicicletas y si quieres ir de fiesta, hay una discoteca en el Hotel de La Santa Sport.[\/vc_column_text][\/vc_column][vc_column width=\u00bb1\/2&#8243;][vc_single_image image=\u00bb3678&#8243; alignment=\u00bbcenter\u00bb border_color=\u00bbgrey\u00bb img_link_target=\u00bb_self\u00bb img_size=\u00bblarge\u00bb][\/vc_column][\/vc_row][vc_row][vc_column]<h3 class=\"mpc-vc-deco-header vc_txt_align_left\"><span class=\"mpcth-color-main-border\">ISLA DE LA GRACIOSA<\/span><\/h3>[\/vc_column][vc_column width=\u00bb1\/2&#8243;][vc_single_image image=\u00bb3677&#8243; alignment=\u00bbcenter\u00bb border_color=\u00bbgrey\u00bb img_link_target=\u00bb_self\u00bb img_size=\u00bblarge\u00bb][\/vc_column][vc_column width=\u00bb1\/2&#8243;][vc_column_text]Es una peque\u00f1a y preciosa isla frente a la punta norte de Lanzarote, libre de carreteras, con playas fabulosas y solo un peque\u00f1o pueblo de pescadores con unos cuantos restaurantes para saborear su rico pescado fresco. Tambi\u00e9n es un lugar fant\u00e1stico para recorrerla y conocerla en bici o caminando. Para llegar hay que coger el Ferry en \u00d3rzola.<\/p>\n<p>Chequear horarios en<a title=\" www.lineasromero.com\" href=\"http:\/\/%20www.lineasromero.com\" target=\"_blank\">\u00a0www.lineasromero.com<\/a>[\/vc_column_text][\/vc_column][\/vc_row]<\/p>\n<\/section>","protected":false},"excerpt":{"rendered":"<p>[vc_row overlay_color_opacity=\u00bb50&#8243; overlay_pattern_opacity=\u00bb50&#8243; full_page_width=\u00bb1&#8243; parallax=\u00bb1&#8243; css=\u00bb.vc_custom_1425325786943{margin-top: 50px !important;}\u00bb toc_id=\u00bbactivities\u00bb][vc_column width=\u00bb1\/1&#8243;][\/vc_column][\/vc_row][vc_row][vc_column][\/vc_column][vc_column width=\u00bb1\/2&#8243;][vc_single_image image=\u00bb3680&#8243; alignment=\u00bbcenter\u00bb border_color=\u00bbgrey\u00bb img_link_target=\u00bb_self\u00bb img_size=\u00bblarge\u00bb][\/vc_column][vc_column width=\u00bb1\/2&#8243;][vc_column_text]El Parque Nacional de Timanfaya es uno de los sitios que no puedes dejar de visitar antes de irte de Lanzarote. Es un lugar \u00fanico, con su incre\u00edble, grandioso y multicolor paisaje volc\u00e1nico. El parque es el resultado de&#8230;<\/p>\n","protected":false},"author":8,"featured_media":0,"parent":0,"menu_order":0,"comment_status":"closed","ping_status":"closed","template":"","meta":[],"acf":[],"yoast_head":"<!-- This site is optimized with the Yoast SEO plugin v20.11 - https:\/\/yoast.com\/wordpress\/plugins\/seo\/ -->\n<title>Actividades Lanzarote | Costanoroeste<\/title>\n<meta name=\"description\" content=\"Actividades Lanzarote, PARQUE NACIONAL DE TIMANFAYA, MIRADOR DEL R\u00cdO, LOS VI\u00d1EDOS DE LA GERIA, PLAYA DE FAMARA, LA SANTA, ISLA DE LA GRACIOSA\" \/>\n<meta name=\"robots\" content=\"index, follow, max-snippet:-1, max-image-preview:large, max-video-preview:-1\" \/>\n<link rel=\"canonical\" href=\"https:\/\/www.costanoroeste.com\/es\/actividades-lanzarote\/\" \/>\n<meta property=\"og:locale\" content=\"es_ES\" \/>\n<meta property=\"og:type\" content=\"article\" \/>\n<meta property=\"og:title\" content=\"Actividades Lanzarote | Costanoroeste\" \/>\n<meta property=\"og:description\" content=\"Actividades Lanzarote, PARQUE NACIONAL DE TIMANFAYA, MIRADOR DEL R\u00cdO, LOS VI\u00d1EDOS DE LA GERIA, PLAYA DE FAMARA, LA SANTA, ISLA DE LA GRACIOSA\" \/>\n<meta property=\"og:url\" content=\"https:\/\/www.costanoroeste.com\/es\/actividades-lanzarote\/\" \/>\n<meta property=\"og:site_name\" content=\"Costanoroeste\" \/>\n<meta property=\"article:publisher\" content=\"https:\/\/www.facebook.com\/CostaNoroeste\" \/>\n<meta property=\"article:modified_time\" content=\"2018-01-28T00:56:54+00:00\" \/>\n<meta property=\"og:image\" content=\"https:\/\/www.costanoroeste.com\/wp-content\/uploads\/2015\/01\/cno_fav_icon.jpg\" \/>\n\t<meta property=\"og:image:width\" content=\"512\" \/>\n\t<meta property=\"og:image:height\" content=\"512\" \/>\n\t<meta property=\"og:image:type\" content=\"image\/jpeg\" \/>\n<meta name=\"twitter:label1\" content=\"Tiempo de lectura\" \/>\n\t<meta name=\"twitter:data1\" content=\"7 minutos\" \/>\n<script type=\"application\/ld+json\" class=\"yoast-schema-graph\">{\"@context\":\"https:\/\/schema.org\",\"@graph\":[{\"@type\":\"WebPage\",\"@id\":\"https:\/\/www.costanoroeste.com\/es\/actividades-lanzarote\/\",\"url\":\"https:\/\/www.costanoroeste.com\/es\/actividades-lanzarote\/\",\"name\":\"Actividades Lanzarote | Costanoroeste\",\"isPartOf\":{\"@id\":\"https:\/\/www.costanoroeste.com\/#website\"},\"datePublished\":\"2015-03-02T20:04:06+00:00\",\"dateModified\":\"2018-01-28T00:56:54+00:00\",\"description\":\"Actividades Lanzarote, PARQUE NACIONAL DE TIMANFAYA, MIRADOR DEL R\u00cdO, LOS VI\u00d1EDOS DE LA GERIA, PLAYA DE FAMARA, LA SANTA, ISLA DE LA GRACIOSA\",\"breadcrumb\":{\"@id\":\"https:\/\/www.costanoroeste.com\/es\/actividades-lanzarote\/#breadcrumb\"},\"inLanguage\":\"es\",\"potentialAction\":[{\"@type\":\"ReadAction\",\"target\":[\"https:\/\/www.costanoroeste.com\/es\/actividades-lanzarote\/\"]}]},{\"@type\":\"BreadcrumbList\",\"@id\":\"https:\/\/www.costanoroeste.com\/es\/actividades-lanzarote\/#breadcrumb\",\"itemListElement\":[{\"@type\":\"ListItem\",\"position\":1,\"name\":\"Home\",\"item\":\"https:\/\/www.costanoroeste.com\/es\/\"},{\"@type\":\"ListItem\",\"position\":2,\"name\":\"Actividades Lanzarote\"}]},{\"@type\":\"WebSite\",\"@id\":\"https:\/\/www.costanoroeste.com\/#website\",\"url\":\"https:\/\/www.costanoroeste.com\/\",\"name\":\"Costanoroeste\",\"description\":\"Surf- &amp; Kite School - Lanzarote\",\"publisher\":{\"@id\":\"https:\/\/www.costanoroeste.com\/#organization\"},\"potentialAction\":[{\"@type\":\"SearchAction\",\"target\":{\"@type\":\"EntryPoint\",\"urlTemplate\":\"https:\/\/www.costanoroeste.com\/?s={search_term_string}\"},\"query-input\":\"required name=search_term_string\"}],\"inLanguage\":\"es\"},{\"@type\":\"Organization\",\"@id\":\"https:\/\/www.costanoroeste.com\/#organization\",\"name\":\"COSTANOROESTE SURF & KITEBOARDING SCHOOL\",\"url\":\"https:\/\/www.costanoroeste.com\/\",\"logo\":{\"@type\":\"ImageObject\",\"inLanguage\":\"es\",\"@id\":\"https:\/\/www.costanoroeste.com\/#\/schema\/logo\/image\/\",\"url\":\"https:\/\/www.costanoroeste.com\/wp-content\/uploads\/2015\/01\/cropped-cno_fav_icon.jpg\",\"contentUrl\":\"https:\/\/www.costanoroeste.com\/wp-content\/uploads\/2015\/01\/cropped-cno_fav_icon.jpg\",\"width\":512,\"height\":512,\"caption\":\"COSTANOROESTE SURF & KITEBOARDING SCHOOL\"},\"image\":{\"@id\":\"https:\/\/www.costanoroeste.com\/#\/schema\/logo\/image\/\"},\"sameAs\":[\"https:\/\/www.facebook.com\/CostaNoroeste\"]}]}<\/script>\n<!-- \/ Yoast SEO plugin. -->","yoast_head_json":{"title":"Actividades Lanzarote | Costanoroeste","description":"Actividades Lanzarote, PARQUE NACIONAL DE TIMANFAYA, MIRADOR DEL R\u00cdO, LOS VI\u00d1EDOS DE LA GERIA, PLAYA DE FAMARA, LA SANTA, ISLA DE LA GRACIOSA","robots":{"index":"index","follow":"follow","max-snippet":"max-snippet:-1","max-image-preview":"max-image-preview:large","max-video-preview":"max-video-preview:-1"},"canonical":"https:\/\/www.costanoroeste.com\/es\/actividades-lanzarote\/","og_locale":"es_ES","og_type":"article","og_title":"Actividades Lanzarote | Costanoroeste","og_description":"Actividades Lanzarote, PARQUE NACIONAL DE TIMANFAYA, MIRADOR DEL R\u00cdO, LOS VI\u00d1EDOS DE LA GERIA, PLAYA DE FAMARA, LA SANTA, ISLA DE LA GRACIOSA","og_url":"https:\/\/www.costanoroeste.com\/es\/actividades-lanzarote\/","og_site_name":"Costanoroeste","article_publisher":"https:\/\/www.facebook.com\/CostaNoroeste","article_modified_time":"2018-01-28T00:56:54+00:00","og_image":[{"width":512,"height":512,"url":"https:\/\/www.costanoroeste.com\/wp-content\/uploads\/2015\/01\/cno_fav_icon.jpg","type":"image\/jpeg"}],"twitter_misc":{"Tiempo de lectura":"7 minutos"},"schema":{"@context":"https:\/\/schema.org","@graph":[{"@type":"WebPage","@id":"https:\/\/www.costanoroeste.com\/es\/actividades-lanzarote\/","url":"https:\/\/www.costanoroeste.com\/es\/actividades-lanzarote\/","name":"Actividades Lanzarote | Costanoroeste","isPartOf":{"@id":"https:\/\/www.costanoroeste.com\/#website"},"datePublished":"2015-03-02T20:04:06+00:00","dateModified":"2018-01-28T00:56:54+00:00","description":"Actividades Lanzarote, PARQUE NACIONAL DE TIMANFAYA, MIRADOR DEL R\u00cdO, LOS VI\u00d1EDOS DE LA GERIA, PLAYA DE FAMARA, LA SANTA, ISLA DE LA GRACIOSA","breadcrumb":{"@id":"https:\/\/www.costanoroeste.com\/es\/actividades-lanzarote\/#breadcrumb"},"inLanguage":"es","potentialAction":[{"@type":"ReadAction","target":["https:\/\/www.costanoroeste.com\/es\/actividades-lanzarote\/"]}]},{"@type":"BreadcrumbList","@id":"https:\/\/www.costanoroeste.com\/es\/actividades-lanzarote\/#breadcrumb","itemListElement":[{"@type":"ListItem","position":1,"name":"Home","item":"https:\/\/www.costanoroeste.com\/es\/"},{"@type":"ListItem","position":2,"name":"Actividades Lanzarote"}]},{"@type":"WebSite","@id":"https:\/\/www.costanoroeste.com\/#website","url":"https:\/\/www.costanoroeste.com\/","name":"Costanoroeste","description":"Surf- &amp; Kite School - Lanzarote","publisher":{"@id":"https:\/\/www.costanoroeste.com\/#organization"},"potentialAction":[{"@type":"SearchAction","target":{"@type":"EntryPoint","urlTemplate":"https:\/\/www.costanoroeste.com\/?s={search_term_string}"},"query-input":"required name=search_term_string"}],"inLanguage":"es"},{"@type":"Organization","@id":"https:\/\/www.costanoroeste.com\/#organization","name":"COSTANOROESTE SURF & KITEBOARDING SCHOOL","url":"https:\/\/www.costanoroeste.com\/","logo":{"@type":"ImageObject","inLanguage":"es","@id":"https:\/\/www.costanoroeste.com\/#\/schema\/logo\/image\/","url":"https:\/\/www.costanoroeste.com\/wp-content\/uploads\/2015\/01\/cropped-cno_fav_icon.jpg","contentUrl":"https:\/\/www.costanoroeste.com\/wp-content\/uploads\/2015\/01\/cropped-cno_fav_icon.jpg","width":512,"height":512,"caption":"COSTANOROESTE SURF & KITEBOARDING SCHOOL"},"image":{"@id":"https:\/\/www.costanoroeste.com\/#\/schema\/logo\/image\/"},"sameAs":["https:\/\/www.facebook.com\/CostaNoroeste"]}]}},"_links":{"self":[{"href":"https:\/\/www.costanoroeste.com\/es\/wp-json\/wp\/v2\/pages\/4857"}],"collection":[{"href":"https:\/\/www.costanoroeste.com\/es\/wp-json\/wp\/v2\/pages"}],"about":[{"href":"https:\/\/www.costanoroeste.com\/es\/wp-json\/wp\/v2\/types\/page"}],"author":[{"embeddable":true,"href":"https:\/\/www.costanoroeste.com\/es\/wp-json\/wp\/v2\/users\/8"}],"replies":[{"embeddable":true,"href":"https:\/\/www.costanoroeste.com\/es\/wp-json\/wp\/v2\/comments?post=4857"}],"version-history":[{"count":5,"href":"https:\/\/www.costanoroeste.com\/es\/wp-json\/wp\/v2\/pages\/4857\/revisions"}],"predecessor-version":[{"id":7221,"href":"https:\/\/www.costanoroeste.com\/es\/wp-json\/wp\/v2\/pages\/4857\/revisions\/7221"}],"wp:attachment":[{"href":"https:\/\/www.costanoroeste.com\/es\/wp-json\/wp\/v2\/media?parent=4857"}],"curies":[{"name":"wp","href":"https:\/\/api.w.org\/{rel}","templated":true}]}}