{"id":5108,"date":"2015-03-16T14:40:04","date_gmt":"2015-03-16T14:40:04","guid":{"rendered":"http:\/\/costanoroeste.com\/surf-school-2\/"},"modified":"2018-01-28T01:57:10","modified_gmt":"2018-01-28T00:57:10","slug":"escuela-de-surf","status":"publish","type":"page","link":"https:\/\/www.costanoroeste.com\/es\/escuela-de-surf\/","title":{"rendered":"Escuela de surf"},"content":{"rendered":"<section class=\"wpb-content-wrapper\"><p>[vc_row][vc_column]<h1 class=\"mpc-vc-deco-header vc_txt_align_center\"><span class=\"mpcth-color-main-border\">Escuela de surf - Famara - Lanzarote<\/span><\/h1>[\/vc_column][vc_column width=\u00bb1\/2&#8243;]<h3 class=\"mpc-vc-deco-header vc_txt_align_left\"><span class=\"mpcth-color-main-border\">Aprender a surfear<\/span><\/h3>[vc_column_text]Aunque no hayas surfeado nunca o si, y quieras mejorar tu nivel, nuestra escuela de surf y nuestro equipo de experimentados instructores te ayudar\u00e1n a conseguir tus objetivos. Nuestros Surf Camps est\u00e1n dirigidos tanto a principiantes como a surferos de nivel intermedio y avanzado. Nuestros instructores de surf trabajan con distintos grupos de acuerdo a su nivel. Los cursos son siempre personalizados al nivel adecuado. Los principiantes aprender\u00e1n detalladamente todas las medidas de seguridad necesarias para la pr\u00e1ctica de este maravilloso deporte, las mareas, las corrientes, el tiempo, los fondos, tipos de tablas, etc. Todos los requisitos para ser un surfero independiente. Todo esto en un m\u00e1ximo de seguridad. Nuestros instructores est\u00e1n tambi\u00e9n certificados como socorristas acu\u00e1ticos.<\/p>\n<p>Intermedios y avanzados trabajar\u00e1n en t\u00e9cnicas avanzadas de acuerdo con su nivel, hacer la cuchara para pasar la ola, posicionamiento para coger la ola, preferencias, coger olas en las dos direcciones, de cara y de espalda, maniobras, perfeccionamiento de t\u00e9cnica y estilo.<\/p>\n<p>Las clases de surf de todos los niveles se imparten en la Playa de Famara en la costa Noroeste de Lanzarote.[\/vc_column_text][\/vc_column][vc_column width=\u00bb1\/2&#8243;][vc_single_image image=\u00bb2651&#8243; alignment=\u00bbcenter\u00bb border_color=\u00bbgrey\u00bb img_link_target=\u00bb_self\u00bb img_size=\u00bblarge\u00bb][vc_single_image image=\u00bb2649&#8243; alignment=\u00bbcenter\u00bb border_color=\u00bbgrey\u00bb img_link_target=\u00bb_self\u00bb img_size=\u00bblarge\u00bb][\/vc_column][\/vc_row][vc_row css=\u00bb.vc_custom_1426677668100{padding-top: 700px !important;background-image: url(http:\/\/costanoroeste.com\/wp-content\/uploads\/2014\/09\/CNO_Sports_0093.jpg?id=2654) !important;}\u00bb overlay_color_opacity=\u00bb50&#8243; overlay_pattern_opacity=\u00bb50&#8243; bg_image_fb=\u00bb2654&#8243; full_page_width=\u00bb1&#8243;][vc_column width=\u00bb1\/1&#8243;][\/vc_column][\/vc_row][vc_row full_width=\u00bb\u00bb css=\u00bb.vc_custom_1439483316499{margin-top: 50px !important;}\u00bb overlay_color_opacity=\u00bb50&#8243; overlay_pattern_opacity=\u00bb50&#8243; full_page_width=\u00bb\u00bb parallax=\u00bb\u00bb][vc_column width=\u00bb1\/1&#8243;][vc_row_inner][vc_column_inner width=\u00bb1\/2&#8243;]<h3 class=\"mpc-vc-deco-header vc_txt_align_left\"><span class=\"mpcth-color-main-border\">PARA PRINCIPIANTES<\/span><\/h3>[vc_column_text]<\/p>\n<div class=\"page\" title=\"Page 1\">\n<div class=\"section\">\n<div class=\"layoutArea\">\n<div class=\"column\">\n<p>\u00a1Preparado para aprender a coger olas y surfear!<br \/>\nOfrecemos un programa divertido y eficaz de iniciaci\u00f3n del surf para principiantes. Compartir\u00e1s tus progresos de surfing diarios con tus compa\u00f1eros en un ambiente verdaderamente agradable y divertido. Aprender\u00e1s detalladamente las t\u00e9cnicas b\u00e1sicas para surfear, posicionamiento sobre la tabla, remar, coger espumas, ponerse de pie, surfear de cara y de espalda, todas las medidas de seguridad necesarias para la pr\u00e1ctica de este maravilloso deporte, as\u00ed como las mareas, las corrientes, el tiempo, los fondos, tipos de tablas, etc. Todos los requisitos para ser un surfero independiente. Todo esto en un entorno de m\u00e1xima seguridad. En 5 d\u00edas (25h) te garantizamos el \u00e9xito.<\/p>\n<\/div>\n<\/div>\n<\/div>\n<\/div>\n<p>[\/vc_column_text]<h3 class=\"mpc-vc-deco-header vc_txt_align_left\"><span class=\"mpcth-color-main-border\">PARA INTERMEDIOS Y AVANZADOS<\/span><\/h3>[vc_column_text]Si ya has realizado un curso de principiante, surfeas pero no regularmente o simplemente sabes surfear pero no deseas transportar tu material y deseas mejorar tu surf y surfear con m\u00e1s gente&#8230; este es el curso indicado para ti.<\/p>\n<p>Nuestros instructores de Surf titulados por la FES y la ISA, har\u00e1n una evaluaci\u00f3n de tu nivel y te acompa\u00f1ar\u00e1n corrigiendo lo necesario para el progreso y perfeccionamiento de tu surf. Intermedios y avanzados trabajar\u00e1n en t\u00e9cnicas avanzadas de acuerdo con su nivel, corrigiendo malos h\u00e1bitos adquiridos y trabajando en nuevas t\u00e9cnicas como hacer la cuchara para pasar la ola, posicionamiento para coger la ola, preferencias, coger olas en las dos direcciones, de cara y de espalda, maniobras, perfeccionamiento de t\u00e9cnica y estilo.<\/p>\n<p>R\u00e1pidamente notar\u00e1s como te ir\u00e1s desenvolviendo cada vez mejor y mejorar\u00e1s\u00a0tus maniobras y aprender\u00e1s nuevos trucos.[\/vc_column_text][\/vc_column_inner][vc_column_inner width=\u00bb1\/2&#8243;]<h3 class=\"mpc-vc-deco-header vc_txt_align_left\"><span class=\"mpcth-color-main-border\">NUESTROS CURSOS Y PRECIOS DE SURF<\/span><\/h3><div id=\"mpcth_grid\" class=\"mpcth-columns-5\">&nbsp;\r\n<table class=\"costa_table\">\r\n<tbody>\r\n<tr>\r\n<td>Precios Escuela de Surf en Famara Lanzarote<\/td>\r\n<td><\/td>\r\n<\/tr>\r\n<tr>\r\n<td><\/td>\r\n<td><\/td>\r\n<\/tr>\r\n<tr>\r\n<td><strong>Escuela de surf<\/strong><\/td>\r\n<td><\/td>\r\n<\/tr>\r\n<tr>\r\n<td><a href=\"\/costanoroeste\/?p=5942\">1\/2 d\u00eda de surf<\/a><\/td>\r\n<td>\u20ac 35.00<\/td>\r\n<\/tr>\r\n<tr>\r\n<td><a href=\"\/costanoroeste\/?p=5942\">1 d\u00eda de surf<\/a><\/td>\r\n<td>\u20ac 55.00<\/td>\r\n<\/tr>\r\n<tr>\r\n<td><a href=\"\/costanoroeste\/?p=5952\">5 d\u00edas 2 horas por d\u00eda de surf<\/a><\/td>\r\n<td>\u20ac 160.00<\/td>\r\n<\/tr>\r\n<tr>\r\n<td><a href=\"\/costanoroeste\/?p=5962\">5 d\u00edas 5 horas por d\u00eda de surf<\/a><\/td>\r\n<td>\u20ac 250.00<\/td>\r\n<\/tr>\r\n<tr>\r\n<td><\/td>\r\n<td><\/td>\r\n<\/tr>\r\n<tr>\r\n<td><strong>Escuela de surf Privado<\/strong><\/td>\r\n<td><\/td>\r\n<\/tr>\r\n<tr>\r\n<td><a href=\"\/costanoroeste\/?p=5972\">1\/2 d\u00eda de surf privado<\/a><\/td>\r\n<td>\u20ac 100.00<\/td>\r\n<\/tr>\r\n<tr>\r\n<td><a href=\"\/costanoroeste\/?p=5982\">1 d\u00eda de surf privado<\/a><\/td>\r\n<td>\u20ac 160.00<\/td>\r\n<\/tr>\r\n<tr>\r\n<td><a href=\"\/costanoroeste\/?p=5987\">5 d\u00edas 2 horas por d\u00eda de surf privado<\/a><\/td>\r\n<td>\u20ac 475.00<\/td>\r\n<\/tr>\r\n<tr>\r\n<td><a href=\"\/costanoroeste\/?p=6072\">5 d\u00edas de surf privado 4 horas por d\u00eda<\/a><\/td>\r\n<td>\u20ac 775.00<\/td>\r\n<\/tr>\r\n<\/tbody>\r\n<\/table>\r\n&nbsp;<\/div>[\/vc_column_inner][\/vc_row_inner][\/vc_column][\/vc_row][vc_row css=\u00bb.vc_custom_1426769578325{padding-top: 700px !important;background-image: url(http:\/\/costanoroeste.com\/wp-content\/uploads\/2015\/03\/CNO_Surf.jpg?id=4407) !important;}\u00bb overlay_color_opacity=\u00bb50&#8243; overlay_pattern_opacity=\u00bb50&#8243; bg_image_fb=\u00bb4407&#8243; full_page_width=\u00bb1&#8243;][vc_column width=\u00bb1\/1&#8243;][\/vc_column][\/vc_row]<\/p>\n<\/section>","protected":false},"excerpt":{"rendered":"<p>[vc_row][vc_column][\/vc_column][vc_column width=\u00bb1\/2&#8243;][vc_column_text]Aunque no hayas surfeado nunca o si, y quieras mejorar tu nivel, nuestra escuela de surf y nuestro equipo de experimentados instructores te ayudar\u00e1n a conseguir tus objetivos. Nuestros Surf Camps est\u00e1n dirigidos tanto a principiantes como a surferos de nivel intermedio y avanzado. Nuestros instructores de surf trabajan con distintos grupos de acuerdo&#8230;<\/p>\n","protected":false},"author":8,"featured_media":0,"parent":0,"menu_order":0,"comment_status":"closed","ping_status":"closed","template":"","meta":[],"acf":[],"yoast_head":"<!-- This site is optimized with the Yoast SEO plugin v20.11 - https:\/\/yoast.com\/wordpress\/plugins\/seo\/ -->\n<title>Escuela de surf Lanzarote | Costanoroeste<\/title>\n<meta name=\"description\" content=\"Aunque no hayas surfeado nunca o si, y quieras mejorar tu nivel, nuestra escuela de surf y nuestro equipo de experimentados instructores te ayudar\u00e1n.\" \/>\n<meta name=\"robots\" content=\"index, follow, max-snippet:-1, max-image-preview:large, max-video-preview:-1\" \/>\n<link rel=\"canonical\" href=\"https:\/\/www.costanoroeste.com\/es\/escuela-de-surf\/\" \/>\n<meta property=\"og:locale\" content=\"es_ES\" \/>\n<meta property=\"og:type\" content=\"article\" \/>\n<meta property=\"og:title\" content=\"Escuela de surf Lanzarote | Costanoroeste\" \/>\n<meta property=\"og:description\" content=\"Aunque no hayas surfeado nunca o si, y quieras mejorar tu nivel, nuestra escuela de surf y nuestro equipo de experimentados instructores te ayudar\u00e1n.\" \/>\n<meta property=\"og:url\" content=\"https:\/\/www.costanoroeste.com\/es\/escuela-de-surf\/\" \/>\n<meta property=\"og:site_name\" content=\"Costanoroeste\" \/>\n<meta property=\"article:publisher\" content=\"https:\/\/www.facebook.com\/CostaNoroeste\" \/>\n<meta property=\"article:modified_time\" content=\"2018-01-28T00:57:10+00:00\" \/>\n<meta property=\"og:image\" content=\"https:\/\/www.costanoroeste.com\/wp-content\/uploads\/2015\/01\/cno_fav_icon.jpg\" \/>\n\t<meta property=\"og:image:width\" content=\"512\" \/>\n\t<meta property=\"og:image:height\" content=\"512\" \/>\n\t<meta property=\"og:image:type\" content=\"image\/jpeg\" \/>\n<meta name=\"twitter:label1\" content=\"Tiempo de lectura\" \/>\n\t<meta name=\"twitter:data1\" content=\"4 minutos\" \/>\n<script type=\"application\/ld+json\" class=\"yoast-schema-graph\">{\"@context\":\"https:\/\/schema.org\",\"@graph\":[{\"@type\":\"WebPage\",\"@id\":\"https:\/\/www.costanoroeste.com\/es\/escuela-de-surf\/\",\"url\":\"https:\/\/www.costanoroeste.com\/es\/escuela-de-surf\/\",\"name\":\"Escuela de surf Lanzarote | Costanoroeste\",\"isPartOf\":{\"@id\":\"https:\/\/www.costanoroeste.com\/#website\"},\"datePublished\":\"2015-03-16T14:40:04+00:00\",\"dateModified\":\"2018-01-28T00:57:10+00:00\",\"description\":\"Aunque no hayas surfeado nunca o si, y quieras mejorar tu nivel, nuestra escuela de surf y nuestro equipo de experimentados instructores te ayudar\u00e1n.\",\"breadcrumb\":{\"@id\":\"https:\/\/www.costanoroeste.com\/es\/escuela-de-surf\/#breadcrumb\"},\"inLanguage\":\"es\",\"potentialAction\":[{\"@type\":\"ReadAction\",\"target\":[\"https:\/\/www.costanoroeste.com\/es\/escuela-de-surf\/\"]}]},{\"@type\":\"BreadcrumbList\",\"@id\":\"https:\/\/www.costanoroeste.com\/es\/escuela-de-surf\/#breadcrumb\",\"itemListElement\":[{\"@type\":\"ListItem\",\"position\":1,\"name\":\"Home\",\"item\":\"https:\/\/www.costanoroeste.com\/es\/\"},{\"@type\":\"ListItem\",\"position\":2,\"name\":\"Escuela de surf\"}]},{\"@type\":\"WebSite\",\"@id\":\"https:\/\/www.costanoroeste.com\/#website\",\"url\":\"https:\/\/www.costanoroeste.com\/\",\"name\":\"Costanoroeste\",\"description\":\"Surf- &amp; Kite School - Lanzarote\",\"publisher\":{\"@id\":\"https:\/\/www.costanoroeste.com\/#organization\"},\"potentialAction\":[{\"@type\":\"SearchAction\",\"target\":{\"@type\":\"EntryPoint\",\"urlTemplate\":\"https:\/\/www.costanoroeste.com\/?s={search_term_string}\"},\"query-input\":\"required name=search_term_string\"}],\"inLanguage\":\"es\"},{\"@type\":\"Organization\",\"@id\":\"https:\/\/www.costanoroeste.com\/#organization\",\"name\":\"COSTANOROESTE SURF & KITEBOARDING SCHOOL\",\"url\":\"https:\/\/www.costanoroeste.com\/\",\"logo\":{\"@type\":\"ImageObject\",\"inLanguage\":\"es\",\"@id\":\"https:\/\/www.costanoroeste.com\/#\/schema\/logo\/image\/\",\"url\":\"https:\/\/www.costanoroeste.com\/wp-content\/uploads\/2015\/01\/cropped-cno_fav_icon.jpg\",\"contentUrl\":\"https:\/\/www.costanoroeste.com\/wp-content\/uploads\/2015\/01\/cropped-cno_fav_icon.jpg\",\"width\":512,\"height\":512,\"caption\":\"COSTANOROESTE SURF & KITEBOARDING SCHOOL\"},\"image\":{\"@id\":\"https:\/\/www.costanoroeste.com\/#\/schema\/logo\/image\/\"},\"sameAs\":[\"https:\/\/www.facebook.com\/CostaNoroeste\"]}]}<\/script>\n<!-- \/ Yoast SEO plugin. -->","yoast_head_json":{"title":"Escuela de surf Lanzarote | Costanoroeste","description":"Aunque no hayas surfeado nunca o si, y quieras mejorar tu nivel, nuestra escuela de surf y nuestro equipo de experimentados instructores te ayudar\u00e1n.","robots":{"index":"index","follow":"follow","max-snippet":"max-snippet:-1","max-image-preview":"max-image-preview:large","max-video-preview":"max-video-preview:-1"},"canonical":"https:\/\/www.costanoroeste.com\/es\/escuela-de-surf\/","og_locale":"es_ES","og_type":"article","og_title":"Escuela de surf Lanzarote | Costanoroeste","og_description":"Aunque no hayas surfeado nunca o si, y quieras mejorar tu nivel, nuestra escuela de surf y nuestro equipo de experimentados instructores te ayudar\u00e1n.","og_url":"https:\/\/www.costanoroeste.com\/es\/escuela-de-surf\/","og_site_name":"Costanoroeste","article_publisher":"https:\/\/www.facebook.com\/CostaNoroeste","article_modified_time":"2018-01-28T00:57:10+00:00","og_image":[{"width":512,"height":512,"url":"https:\/\/www.costanoroeste.com\/wp-content\/uploads\/2015\/01\/cno_fav_icon.jpg","type":"image\/jpeg"}],"twitter_misc":{"Tiempo de lectura":"4 minutos"},"schema":{"@context":"https:\/\/schema.org","@graph":[{"@type":"WebPage","@id":"https:\/\/www.costanoroeste.com\/es\/escuela-de-surf\/","url":"https:\/\/www.costanoroeste.com\/es\/escuela-de-surf\/","name":"Escuela de surf Lanzarote | Costanoroeste","isPartOf":{"@id":"https:\/\/www.costanoroeste.com\/#website"},"datePublished":"2015-03-16T14:40:04+00:00","dateModified":"2018-01-28T00:57:10+00:00","description":"Aunque no hayas surfeado nunca o si, y quieras mejorar tu nivel, nuestra escuela de surf y nuestro equipo de experimentados instructores te ayudar\u00e1n.","breadcrumb":{"@id":"https:\/\/www.costanoroeste.com\/es\/escuela-de-surf\/#breadcrumb"},"inLanguage":"es","potentialAction":[{"@type":"ReadAction","target":["https:\/\/www.costanoroeste.com\/es\/escuela-de-surf\/"]}]},{"@type":"BreadcrumbList","@id":"https:\/\/www.costanoroeste.com\/es\/escuela-de-surf\/#breadcrumb","itemListElement":[{"@type":"ListItem","position":1,"name":"Home","item":"https:\/\/www.costanoroeste.com\/es\/"},{"@type":"ListItem","position":2,"name":"Escuela de surf"}]},{"@type":"WebSite","@id":"https:\/\/www.costanoroeste.com\/#website","url":"https:\/\/www.costanoroeste.com\/","name":"Costanoroeste","description":"Surf- &amp; Kite School - Lanzarote","publisher":{"@id":"https:\/\/www.costanoroeste.com\/#organization"},"potentialAction":[{"@type":"SearchAction","target":{"@type":"EntryPoint","urlTemplate":"https:\/\/www.costanoroeste.com\/?s={search_term_string}"},"query-input":"required name=search_term_string"}],"inLanguage":"es"},{"@type":"Organization","@id":"https:\/\/www.costanoroeste.com\/#organization","name":"COSTANOROESTE SURF & KITEBOARDING SCHOOL","url":"https:\/\/www.costanoroeste.com\/","logo":{"@type":"ImageObject","inLanguage":"es","@id":"https:\/\/www.costanoroeste.com\/#\/schema\/logo\/image\/","url":"https:\/\/www.costanoroeste.com\/wp-content\/uploads\/2015\/01\/cropped-cno_fav_icon.jpg","contentUrl":"https:\/\/www.costanoroeste.com\/wp-content\/uploads\/2015\/01\/cropped-cno_fav_icon.jpg","width":512,"height":512,"caption":"COSTANOROESTE SURF & KITEBOARDING SCHOOL"},"image":{"@id":"https:\/\/www.costanoroeste.com\/#\/schema\/logo\/image\/"},"sameAs":["https:\/\/www.facebook.com\/CostaNoroeste"]}]}},"_links":{"self":[{"href":"https:\/\/www.costanoroeste.com\/es\/wp-json\/wp\/v2\/pages\/5108"}],"collection":[{"href":"https:\/\/www.costanoroeste.com\/es\/wp-json\/wp\/v2\/pages"}],"about":[{"href":"https:\/\/www.costanoroeste.com\/es\/wp-json\/wp\/v2\/types\/page"}],"author":[{"embeddable":true,"href":"https:\/\/www.costanoroeste.com\/es\/wp-json\/wp\/v2\/users\/8"}],"replies":[{"embeddable":true,"href":"https:\/\/www.costanoroeste.com\/es\/wp-json\/wp\/v2\/comments?post=5108"}],"version-history":[{"count":5,"href":"https:\/\/www.costanoroeste.com\/es\/wp-json\/wp\/v2\/pages\/5108\/revisions"}],"predecessor-version":[{"id":7214,"href":"https:\/\/www.costanoroeste.com\/es\/wp-json\/wp\/v2\/pages\/5108\/revisions\/7214"}],"wp:attachment":[{"href":"https:\/\/www.costanoroeste.com\/es\/wp-json\/wp\/v2\/media?parent=5108"}],"curies":[{"name":"wp","href":"https:\/\/api.w.org\/{rel}","templated":true}]}}