{"id":5746,"date":"2015-03-18T12:03:38","date_gmt":"2015-03-18T12:03:38","guid":{"rendered":"http:\/\/costanoroeste.com\/kite-school-2\/"},"modified":"2018-01-28T01:56:58","modified_gmt":"2018-01-28T00:56:58","slug":"costanoroeste-escuela-de-kite-en-famara-lanzarote","status":"publish","type":"page","link":"https:\/\/www.costanoroeste.com\/es\/costanoroeste-escuela-de-kite-en-famara-lanzarote\/","title":{"rendered":"Costanoroeste Escuela de kite en Famara Lanzarote"},"content":{"rendered":"<section class=\"wpb-content-wrapper\"><p>[vc_row][vc_column]<h1 class=\"mpc-vc-deco-header vc_txt_align_center\"><span class=\"mpcth-color-main-border\">Escuela de kite en Famara Lanzarote<\/span><\/h1>[\/vc_column][vc_column width=\u00bb1\/2&#8243;][vc_single_image image=\u00bb4381&#8243; alignment=\u00bbcenter\u00bb border_color=\u00bbgrey\u00bb img_link_target=\u00bb_self\u00bb img_size=\u00bbfull\u00bb][vc_single_image image=\u00bb4421&#8243; alignment=\u00bbcenter\u00bb border_color=\u00bbgrey\u00bb img_link_target=\u00bb_self\u00bb img_size=\u00bbfull\u00bb][\/vc_column][vc_column width=\u00bb1\/2&#8243;]<h3 class=\"mpc-vc-deco-header vc_txt_align_left\"><span class=\"mpcth-color-main-border\">\u00bfQUIERES APRENDER A HACER KITE?<\/span><\/h3>[vc_column_text]<\/p>\n<div class=\"page\" title=\"Page 1\">\n<div class=\"section\">\n<div class=\"layoutArea\">\n<div class=\"column\">\n<p>La Playa de Famara con sus aguas\u00a0cristalinas, sus 5 kil\u00f3metros de largo de arena, vientos side-onshore del noreste en combinaci\u00f3n con un espacio libre de edificios\/obst\u00e1culos y dem\u00e1s peligros presentes en muchas otras playas, hacen de este spot el lugar perfecto para aprender y disfrutar de unas vacaciones de Kite.<\/p>\n<p>Ven con Nosotros a Famara y disfruta de este apasionante deporte en uno de los mejores y m\u00e1s seguros lugares para el Kite de Europa.<\/p>\n<p>Costanoroeste escuela de kite en Famara Lanzarote es una de las primeras escuelas de Kiteboarding en Espa\u00f1a y la primera en las Islas Canarias homologada por la IKO (Organizaci\u00f3n Internacional de Kiteboarding) y que cuenta ya con m\u00e1s de 12 a\u00f1os de experiencia. Somos Centro Oficial Naish y Rip Curl.\u00a0Nuestro programa de ense\u00f1anza est\u00e1 dise\u00f1ado de acuerdo a los est\u00e1ndares de la Organizaci\u00f3n Internacional de Kiteboarding (IKO) y nuestros instructores han sido entrenados y titulados por la IKO.\u00a0Con nuestro curso aprender\u00e1s paso a paso y de la manera m\u00e1s segura, r\u00e1pida y divertida todo lo que necesitas para convertirte en un Kiter independiente y autosuficiente listo para disfrutar de este deporte t\u00fa solo una vez finalices tu instrucci\u00f3n. Ven a compartir nuestra pasi\u00f3n y d\u00e9janos ayudarte a mejorar tu nivel.\u00a0Ofrecemos clases diarias de Kite para aquellos que quieran probar el deporte o para los que quieran mejorar su nivel actual. Al finalizar tus clases, recibir\u00e1s un carnet de Kiteboarder de la IKO acreditando el nivel adquirido.<\/p>\n<\/div>\n<\/div>\n<\/div>\n<\/div>\n<p>[\/vc_column_text][\/vc_column][\/vc_row][vc_row css=\u00bb.vc_custom_1426760707037{padding-top: 700px !important;background-image: url(http:\/\/costanoroeste.com\/wp-content\/uploads\/2015\/03\/CNO_Kite.jpg?id=4388) !important;}\u00bb overlay_color_opacity=\u00bb50&#8243; overlay_pattern_opacity=\u00bb50&#8243; full_page_width=\u00bb1&#8243; bg_image_fb=\u00bb4388&#8243;][vc_column width=\u00bb1\/1&#8243;]<br \/>\n[\/vc_column][\/vc_row][vc_row css=\u00bb.vc_custom_1439483761732{margin-top: 50px !important;}\u00bb overlay_color_opacity=\u00bb50&#8243; overlay_pattern_opacity=\u00bb50&#8243; full_width=\u00bb\u00bb full_page_width=\u00bb\u00bb parallax=\u00bb\u00bb][vc_column width=\u00bb1\/2&#8243;]<h3 class=\"mpc-vc-deco-header vc_txt_align_left\"><span class=\"mpcth-color-main-border\">Naish Pro center<\/span><\/h3>[vc_column_text]<\/p>\n<div class=\"page\" title=\"Page 1\">\n<div class=\"section\">\n<div class=\"layoutArea\">\n<div class=\"column\">\n<p>Costanoroeste Kiteboarding School es un Centro Oficial Naish y Rip Curl donde aprender\u00e1s con lo \u00faltimo en equipaci\u00f3n de estas prestigiosas marcas. Nuestras clases son radio asistidas impartidas en grupos reducidos, incluyen todo el material necesario (cometas, arn\u00e9s, casco, traje de neopreno, tabla, etc) y usar\u00e1s lo \u00faltimo en sistemas de seguridad as\u00ed como casco y chaleco.<\/p>\n<\/div>\n<p><a href=\"http:\/\/costanoroeste.com\/wp-content\/uploads\/2015\/03\/08naishlogo-400.jpg\"><img decoding=\"async\" loading=\"lazy\" class=\"alignleft wp-image-5478\" src=\"http:\/\/costanoroeste.com\/wp-content\/uploads\/2015\/03\/08naishlogo-400-300x104.jpg\" alt=\"08naishlogo-400\" width=\"200\" height=\"69\" srcset=\"https:\/\/www.costanoroeste.com\/wp-content\/uploads\/2015\/03\/08naishlogo-400-300x104.jpg 300w, https:\/\/www.costanoroeste.com\/wp-content\/uploads\/2015\/03\/08naishlogo-400-100x35.jpg 100w, https:\/\/www.costanoroeste.com\/wp-content\/uploads\/2015\/03\/08naishlogo-400.jpg 400w\" sizes=\"(max-width: 200px) 100vw, 200px\" \/><\/a> <img decoding=\"async\" loading=\"lazy\" class=\"alignleft wp-image-5480\" src=\"http:\/\/costanoroeste.com\/wp-content\/uploads\/2015\/03\/IKO_AffiliatedCenter_logo_print-Small-300x153-300x153.jpg\" alt=\"IKO_AffiliatedCenter_logo_print-Small-300x153\" width=\"200\" height=\"102\" srcset=\"https:\/\/www.costanoroeste.com\/wp-content\/uploads\/2015\/03\/IKO_AffiliatedCenter_logo_print-Small-300x153.jpg 300w, https:\/\/www.costanoroeste.com\/wp-content\/uploads\/2015\/03\/IKO_AffiliatedCenter_logo_print-Small-300x153-100x51.jpg 100w\" sizes=\"(max-width: 200px) 100vw, 200px\" \/><\/p>\n<\/div>\n<\/div>\n<\/div>\n<p>[\/vc_column_text][\/vc_column][vc_column width=\u00bb1\/2&#8243;]<h3 class=\"mpc-vc-deco-header vc_txt_align_left\"><span class=\"mpcth-color-main-border\">NUESTROS CURSOS Y PRECIOS DE KITE<\/span><\/h3><div id=\"mpcth_grid\" class=\"mpcth-columns-5\">&nbsp;\r\n<table class=\"costa_table\">\r\n<tbody>\r\n<tr>\r\n<td>Precios Escuela de Kite en Famara Lanzarote<\/td>\r\n<td><\/td>\r\n<\/tr>\r\n<tr>\r\n<td><\/td>\r\n<td><\/td>\r\n<\/tr>\r\n<tr>\r\n<td><strong>Escuela de Kite<\/strong><\/td>\r\n<td><\/td>\r\n<\/tr>\r\n<tr>\r\n<td><a href=\"\/costanoroeste\/?p=6037\">1 d\u00eda de kiteboarding<\/a><\/td>\r\n<td>\u20ac 100.00<\/td>\r\n<\/tr>\r\n<tr>\r\n<td><a href=\"\/costanoroeste\/?p=6062\">4 d\u00edas de kiteboarding<\/a><\/td>\r\n<td>\u20ac 360.00<\/td>\r\n<\/tr>\r\n<tr>\r\n<td><\/td>\r\n<td><\/td>\r\n<\/tr>\r\n<tr>\r\n<td><strong>Escuela de Kite privado<\/strong><\/td>\r\n<td><\/td>\r\n<\/tr>\r\n<tr>\r\n<td><a href=\"\/costanoroeste\/?p=6052\">1 d\u00eda de kiteboarding privado<\/a><\/td>\r\n<td>\u20ac 180.00<\/td>\r\n<\/tr>\r\n<\/tbody>\r\n<\/table>\r\n&nbsp;<\/div>[\/vc_column][\/vc_row][vc_row css=\u00bb.vc_custom_1426761092981{padding-top: 700px !important;background-image: url(http:\/\/costanoroeste.com\/wp-content\/uploads\/2015\/03\/CNO_School.jpg?id=4390) !important;}\u00bb overlay_color_opacity=\u00bb50&#8243; overlay_pattern_opacity=\u00bb50&#8243; full_page_width=\u00bb1&#8243; bg_image_fb=\u00bb4390&#8243;][vc_column width=\u00bb1\/1&#8243;]<br \/>\n[\/vc_column][\/vc_row]<\/p>\n<\/section>","protected":false},"excerpt":{"rendered":"<p>[vc_row][vc_column][\/vc_column][vc_column width=\u00bb1\/2&#8243;][vc_single_image image=\u00bb4381&#8243; alignment=\u00bbcenter\u00bb border_color=\u00bbgrey\u00bb img_link_target=\u00bb_self\u00bb img_size=\u00bbfull\u00bb][vc_single_image image=\u00bb4421&#8243; alignment=\u00bbcenter\u00bb border_color=\u00bbgrey\u00bb img_link_target=\u00bb_self\u00bb img_size=\u00bbfull\u00bb][\/vc_column][vc_column width=\u00bb1\/2&#8243;][vc_column_text] La Playa de Famara con sus aguas\u00a0cristalinas, sus 5 kil\u00f3metros de largo de arena, vientos side-onshore del noreste en combinaci\u00f3n con un espacio libre de edificios\/obst\u00e1culos y dem\u00e1s peligros presentes en muchas otras playas, hacen de este spot el lugar perfecto para&#8230;<\/p>\n","protected":false},"author":8,"featured_media":0,"parent":0,"menu_order":0,"comment_status":"closed","ping_status":"closed","template":"","meta":[],"acf":[],"yoast_head":"<!-- This site is optimized with the Yoast SEO plugin v20.11 - https:\/\/yoast.com\/wordpress\/plugins\/seo\/ -->\n<title>Costanoroeste Escuela de kite en Famara Lanzarote<\/title>\n<meta name=\"description\" content=\"Escuela de kite en Famara Lanzarote es una de las primeras escuelas de kite en Espa\u00f1a y la primera escuela de kite en las Islas Canarias homologada por la IKO.\" \/>\n<meta name=\"robots\" content=\"index, follow, max-snippet:-1, max-image-preview:large, max-video-preview:-1\" \/>\n<link rel=\"canonical\" href=\"https:\/\/www.costanoroeste.com\/es\/costanoroeste-escuela-de-kite-en-famara-lanzarote\/\" \/>\n<meta property=\"og:locale\" content=\"es_ES\" \/>\n<meta property=\"og:type\" content=\"article\" \/>\n<meta property=\"og:title\" content=\"Costanoroeste Escuela de kite en Famara Lanzarote\" \/>\n<meta property=\"og:description\" content=\"Escuela de kite en Famara Lanzarote es una de las primeras escuelas de kite en Espa\u00f1a y la primera escuela de kite en las Islas Canarias homologada por la IKO.\" \/>\n<meta property=\"og:url\" content=\"https:\/\/www.costanoroeste.com\/es\/costanoroeste-escuela-de-kite-en-famara-lanzarote\/\" \/>\n<meta property=\"og:site_name\" content=\"Costanoroeste\" \/>\n<meta property=\"article:publisher\" content=\"https:\/\/www.facebook.com\/CostaNoroeste\" \/>\n<meta property=\"article:modified_time\" content=\"2018-01-28T00:56:58+00:00\" \/>\n<meta property=\"og:image\" content=\"http:\/\/costanoroeste.com\/wp-content\/uploads\/2015\/03\/08naishlogo-400-300x104.jpg\" \/>\n<meta name=\"twitter:label1\" content=\"Tiempo de lectura\" \/>\n\t<meta name=\"twitter:data1\" content=\"3 minutos\" \/>\n<script type=\"application\/ld+json\" class=\"yoast-schema-graph\">{\"@context\":\"https:\/\/schema.org\",\"@graph\":[{\"@type\":\"WebPage\",\"@id\":\"https:\/\/www.costanoroeste.com\/es\/costanoroeste-escuela-de-kite-en-famara-lanzarote\/\",\"url\":\"https:\/\/www.costanoroeste.com\/es\/costanoroeste-escuela-de-kite-en-famara-lanzarote\/\",\"name\":\"Costanoroeste Escuela de kite en Famara Lanzarote\",\"isPartOf\":{\"@id\":\"https:\/\/www.costanoroeste.com\/#website\"},\"datePublished\":\"2015-03-18T12:03:38+00:00\",\"dateModified\":\"2018-01-28T00:56:58+00:00\",\"description\":\"Escuela de kite en Famara Lanzarote es una de las primeras escuelas de kite en Espa\u00f1a y la primera escuela de kite en las Islas Canarias homologada por la IKO.\",\"breadcrumb\":{\"@id\":\"https:\/\/www.costanoroeste.com\/es\/costanoroeste-escuela-de-kite-en-famara-lanzarote\/#breadcrumb\"},\"inLanguage\":\"es\",\"potentialAction\":[{\"@type\":\"ReadAction\",\"target\":[\"https:\/\/www.costanoroeste.com\/es\/costanoroeste-escuela-de-kite-en-famara-lanzarote\/\"]}]},{\"@type\":\"BreadcrumbList\",\"@id\":\"https:\/\/www.costanoroeste.com\/es\/costanoroeste-escuela-de-kite-en-famara-lanzarote\/#breadcrumb\",\"itemListElement\":[{\"@type\":\"ListItem\",\"position\":1,\"name\":\"Home\",\"item\":\"https:\/\/www.costanoroeste.com\/es\/\"},{\"@type\":\"ListItem\",\"position\":2,\"name\":\"Costanoroeste Escuela de kite en Famara Lanzarote\"}]},{\"@type\":\"WebSite\",\"@id\":\"https:\/\/www.costanoroeste.com\/#website\",\"url\":\"https:\/\/www.costanoroeste.com\/\",\"name\":\"Costanoroeste\",\"description\":\"Surf- &amp; Kite School - Lanzarote\",\"publisher\":{\"@id\":\"https:\/\/www.costanoroeste.com\/#organization\"},\"potentialAction\":[{\"@type\":\"SearchAction\",\"target\":{\"@type\":\"EntryPoint\",\"urlTemplate\":\"https:\/\/www.costanoroeste.com\/?s={search_term_string}\"},\"query-input\":\"required name=search_term_string\"}],\"inLanguage\":\"es\"},{\"@type\":\"Organization\",\"@id\":\"https:\/\/www.costanoroeste.com\/#organization\",\"name\":\"COSTANOROESTE SURF & KITEBOARDING SCHOOL\",\"url\":\"https:\/\/www.costanoroeste.com\/\",\"logo\":{\"@type\":\"ImageObject\",\"inLanguage\":\"es\",\"@id\":\"https:\/\/www.costanoroeste.com\/#\/schema\/logo\/image\/\",\"url\":\"https:\/\/www.costanoroeste.com\/wp-content\/uploads\/2015\/01\/cropped-cno_fav_icon.jpg\",\"contentUrl\":\"https:\/\/www.costanoroeste.com\/wp-content\/uploads\/2015\/01\/cropped-cno_fav_icon.jpg\",\"width\":512,\"height\":512,\"caption\":\"COSTANOROESTE SURF & KITEBOARDING SCHOOL\"},\"image\":{\"@id\":\"https:\/\/www.costanoroeste.com\/#\/schema\/logo\/image\/\"},\"sameAs\":[\"https:\/\/www.facebook.com\/CostaNoroeste\"]}]}<\/script>\n<!-- \/ Yoast SEO plugin. -->","yoast_head_json":{"title":"Costanoroeste Escuela de kite en Famara Lanzarote","description":"Escuela de kite en Famara Lanzarote es una de las primeras escuelas de kite en Espa\u00f1a y la primera escuela de kite en las Islas Canarias homologada por la IKO.","robots":{"index":"index","follow":"follow","max-snippet":"max-snippet:-1","max-image-preview":"max-image-preview:large","max-video-preview":"max-video-preview:-1"},"canonical":"https:\/\/www.costanoroeste.com\/es\/costanoroeste-escuela-de-kite-en-famara-lanzarote\/","og_locale":"es_ES","og_type":"article","og_title":"Costanoroeste Escuela de kite en Famara Lanzarote","og_description":"Escuela de kite en Famara Lanzarote es una de las primeras escuelas de kite en Espa\u00f1a y la primera escuela de kite en las Islas Canarias homologada por la IKO.","og_url":"https:\/\/www.costanoroeste.com\/es\/costanoroeste-escuela-de-kite-en-famara-lanzarote\/","og_site_name":"Costanoroeste","article_publisher":"https:\/\/www.facebook.com\/CostaNoroeste","article_modified_time":"2018-01-28T00:56:58+00:00","og_image":[{"url":"http:\/\/costanoroeste.com\/wp-content\/uploads\/2015\/03\/08naishlogo-400-300x104.jpg"}],"twitter_misc":{"Tiempo de lectura":"3 minutos"},"schema":{"@context":"https:\/\/schema.org","@graph":[{"@type":"WebPage","@id":"https:\/\/www.costanoroeste.com\/es\/costanoroeste-escuela-de-kite-en-famara-lanzarote\/","url":"https:\/\/www.costanoroeste.com\/es\/costanoroeste-escuela-de-kite-en-famara-lanzarote\/","name":"Costanoroeste Escuela de kite en Famara Lanzarote","isPartOf":{"@id":"https:\/\/www.costanoroeste.com\/#website"},"datePublished":"2015-03-18T12:03:38+00:00","dateModified":"2018-01-28T00:56:58+00:00","description":"Escuela de kite en Famara Lanzarote es una de las primeras escuelas de kite en Espa\u00f1a y la primera escuela de kite en las Islas Canarias homologada por la IKO.","breadcrumb":{"@id":"https:\/\/www.costanoroeste.com\/es\/costanoroeste-escuela-de-kite-en-famara-lanzarote\/#breadcrumb"},"inLanguage":"es","potentialAction":[{"@type":"ReadAction","target":["https:\/\/www.costanoroeste.com\/es\/costanoroeste-escuela-de-kite-en-famara-lanzarote\/"]}]},{"@type":"BreadcrumbList","@id":"https:\/\/www.costanoroeste.com\/es\/costanoroeste-escuela-de-kite-en-famara-lanzarote\/#breadcrumb","itemListElement":[{"@type":"ListItem","position":1,"name":"Home","item":"https:\/\/www.costanoroeste.com\/es\/"},{"@type":"ListItem","position":2,"name":"Costanoroeste Escuela de kite en Famara Lanzarote"}]},{"@type":"WebSite","@id":"https:\/\/www.costanoroeste.com\/#website","url":"https:\/\/www.costanoroeste.com\/","name":"Costanoroeste","description":"Surf- &amp; Kite School - Lanzarote","publisher":{"@id":"https:\/\/www.costanoroeste.com\/#organization"},"potentialAction":[{"@type":"SearchAction","target":{"@type":"EntryPoint","urlTemplate":"https:\/\/www.costanoroeste.com\/?s={search_term_string}"},"query-input":"required name=search_term_string"}],"inLanguage":"es"},{"@type":"Organization","@id":"https:\/\/www.costanoroeste.com\/#organization","name":"COSTANOROESTE SURF & KITEBOARDING SCHOOL","url":"https:\/\/www.costanoroeste.com\/","logo":{"@type":"ImageObject","inLanguage":"es","@id":"https:\/\/www.costanoroeste.com\/#\/schema\/logo\/image\/","url":"https:\/\/www.costanoroeste.com\/wp-content\/uploads\/2015\/01\/cropped-cno_fav_icon.jpg","contentUrl":"https:\/\/www.costanoroeste.com\/wp-content\/uploads\/2015\/01\/cropped-cno_fav_icon.jpg","width":512,"height":512,"caption":"COSTANOROESTE SURF & KITEBOARDING SCHOOL"},"image":{"@id":"https:\/\/www.costanoroeste.com\/#\/schema\/logo\/image\/"},"sameAs":["https:\/\/www.facebook.com\/CostaNoroeste"]}]}},"_links":{"self":[{"href":"https:\/\/www.costanoroeste.com\/es\/wp-json\/wp\/v2\/pages\/5746"}],"collection":[{"href":"https:\/\/www.costanoroeste.com\/es\/wp-json\/wp\/v2\/pages"}],"about":[{"href":"https:\/\/www.costanoroeste.com\/es\/wp-json\/wp\/v2\/types\/page"}],"author":[{"embeddable":true,"href":"https:\/\/www.costanoroeste.com\/es\/wp-json\/wp\/v2\/users\/8"}],"replies":[{"embeddable":true,"href":"https:\/\/www.costanoroeste.com\/es\/wp-json\/wp\/v2\/comments?post=5746"}],"version-history":[{"count":5,"href":"https:\/\/www.costanoroeste.com\/es\/wp-json\/wp\/v2\/pages\/5746\/revisions"}],"predecessor-version":[{"id":7209,"href":"https:\/\/www.costanoroeste.com\/es\/wp-json\/wp\/v2\/pages\/5746\/revisions\/7209"}],"wp:attachment":[{"href":"https:\/\/www.costanoroeste.com\/es\/wp-json\/wp\/v2\/media?parent=5746"}],"curies":[{"name":"wp","href":"https:\/\/api.w.org\/{rel}","templated":true}]}}