{"id":5749,"date":"2015-03-18T12:27:01","date_gmt":"2015-03-18T12:27:01","guid":{"rendered":"http:\/\/costanoroeste.com\/kite-camp-2\/"},"modified":"2018-01-28T01:57:00","modified_gmt":"2018-01-28T00:57:00","slug":"kite-camp-en-famara-lanzarote","status":"publish","type":"page","link":"https:\/\/www.costanoroeste.com\/es\/kite-camp-en-famara-lanzarote\/","title":{"rendered":"Costanoroeste Kite Camp en Famara Lanzarote"},"content":{"rendered":"<section class=\"wpb-content-wrapper\"><p>[vc_row][vc_column]<h1 class=\"mpc-vc-deco-header vc_txt_align_center\"><span class=\"mpcth-color-main-border\">Kite Camp en Famara Lanzarote<\/span><\/h1>[\/vc_column][vc_column width=\u00bb1\/2&#8243;]<h3 class=\"mpc-vc-deco-header vc_txt_align_left\"><span class=\"mpcth-color-main-border\">\u00bfQUIERES HACER DEL KITESURFING TU PASI\u00d3N?<\/span><\/h3>[vc_column_text]<\/p>\n<p>Ven a compartir nuestra pasi\u00f3n y d\u00e9janos introducirte en este fascinante deporte o ayudarte a progresar y conseguir nuevos objetivos. Costanoroeste lleva m\u00e1s de 12 a\u00f1os formando nuevos kiters.\u00a0Nuestro programa de ense\u00f1anza est\u00e1 dise\u00f1ado de acuerdo a los est\u00e1ndares de la Organizaci\u00f3n Internacional de Kiteboarding (IKO) y nuestros instructores han sido entrenados y titulados por ellos.\u00a0Con nuestro curso aprender\u00e1s paso a paso y de la manera m\u00e1s segura, r\u00e1pida y divertida todo lo que necesitas para convertirte en un Kiter independiente y autosuficiente listo para disfrutar de este deporte t\u00fa solo una vez finalices tu instrucci\u00f3n. Ofrecemos Kite Camps para todos los niveles desde principiantes que se quieran introducir en el deporte como avanzados que quieran aprender nuevos trucos, mejorar su nivel o probar otras disciplinas como surfear olas. Al finalizar tus clases, recibir\u00e1s un carnet de Kiteboarder de la IKO acreditando el nivel adquirido. Nota: el nivel adquirido depende de la curva de aprendizaje del alumno.<\/p>\n<p>[\/vc_column_text][\/vc_column][vc_column width=\u00bb1\/2&#8243;][vc_single_image image=\u00bb4423&#8243; alignment=\u00bbcenter\u00bb border_color=\u00bbgrey\u00bb img_link_target=\u00bb_self\u00bb img_size=\u00bblarge\u00bb][vc_single_image image=\u00bb4424&#8243; alignment=\u00bbcenter\u00bb border_color=\u00bbgrey\u00bb img_link_target=\u00bb_self\u00bb img_size=\u00bblarge\u00bb][\/vc_column][\/vc_row][vc_row css=\u00bb.vc_custom_1426680845825{padding-top: 700px !important;background-image: url(http:\/\/costanoroeste.com\/wp-content\/uploads\/2014\/09\/CNO_Sports_0146.jpg?id=2659) !important;}\u00bb overlay_color_opacity=\u00bb50&#8243; overlay_pattern_opacity=\u00bb50&#8243; bg_image_fb=\u00bb2659&#8243; full_page_width=\u00bb1&#8243;][vc_column width=\u00bb1\/1&#8243;]<br \/>\n[\/vc_column][\/vc_row][vc_row full_width=\u00bb\u00bb css=\u00bb.vc_custom_1439483513521{margin-top: 100px !important;}\u00bb overlay_color_opacity=\u00bb50&#8243; overlay_pattern_opacity=\u00bb50&#8243; full_page_width=\u00bb\u00bb parallax=\u00bb\u00bb][vc_column width=\u00bb1\/1&#8243;]<h1 class=\"mpc-vc-deco-header vc_txt_align_center\"><span class=\"mpcth-color-main-border\">NUESTROS CAMPS Y PRECIOS<\/span><\/h1><div id=\"mpcth_grid\" class=\"mpcth-columns-5\"><table class=\"costa_table\">\r\n<tbody>\r\n<tr>\r\n<td style=\"background: white; border: none;\"><strong>\u00a0<\/strong><\/td>\r\n<td style=\"text-align: center;\" colspan=\"2\" width=\"\"><strong>Low season<\/strong><\/td>\r\n<td style=\"text-align: center;\" colspan=\"4\" width=\"\"><strong>High season*<\/strong><\/td>\r\n<\/tr>\r\n<tr>\r\n<td style=\"text-align: center;\"><strong>\u00a0<\/strong><\/td>\r\n<td style=\"text-align: center;\" colspan=\"2\"><strong>1 semana<\/strong><\/td>\r\n<td style=\"text-align: center;\" colspan=\"2\"><strong>1 semana<\/strong><\/td>\r\n<td style=\"text-align: center;\" colspan=\"2\"><strong>2 semanas<\/strong><\/td>\r\n<\/tr>\r\n<tr>\r\n<td><strong>Surf Camp\u00a0en Famara Lanzarote<\/strong><\/td>\r\n<td><strong>1 persona<\/strong><\/td>\r\n<td><strong>2 personas<\/strong><\/td>\r\n<td><strong>1 persona<\/strong><\/td>\r\n<td><strong>2 personas<\/strong><\/td>\r\n<td><strong>1 persona<\/strong><\/td>\r\n<td><strong>2 personas<\/strong><\/td>\r\n<\/tr>\r\n<tr>\r\n<td><a href=\"\/costanoroeste\/?p=5146\">Surf &amp; Stay<\/a><\/td>\r\n<td>\u20ac 345.00<\/td>\r\n<td>\u20ac 670.00<\/td>\r\n<td>\u20ac 375.00<\/td>\r\n<td>\u20ac 730.00<\/td>\r\n<td>\u20ac 730.00<\/td>\r\n<td>\u20ac 1'420.00<\/td>\r\n<\/tr>\r\n<tr>\r\n<td><a href=\"\/costanoroeste\/?p=5212\">Surf &amp; Yoga<\/a><\/td>\r\n<td>\u20ac 405.00<\/td>\r\n<td>\u20ac 790.00<\/td>\r\n<td>\u20ac 435.00<\/td>\r\n<td>\u20ac 850.00<\/td>\r\n<td>\u20ac 850.00<\/td>\r\n<td>\u20ac 1'660.00<\/td>\r\n<\/tr>\r\n<tr>\r\n<td><a href=\"\/costanoroeste\/?p=5192\">Surf &amp; Kite<\/a><\/td>\r\n<td>\u20ac 430.00<\/td>\r\n<td>\u20ac 840.00<\/td>\r\n<td>\u20ac 460.00<\/td>\r\n<td>\u20ac 900.00<\/td>\r\n<td>\u20ac 900.00<\/td>\r\n<td>\u20ac 1'760.00<\/td>\r\n<\/tr>\r\n<tr>\r\n<td><a href=\"\/costanoroeste\/?p=5230\">Surf &amp; SUP<\/a><\/td>\r\n<td>\u20ac 505.00<\/td>\r\n<td>\u20ac 980.00<\/td>\r\n<td>\u20ac 535.00<\/td>\r\n<td>\u20ac 1040.00<\/td>\r\n<td>\u20ac 1040.00<\/td>\r\n<td>\u20ac 2'040.00<\/td>\r\n<\/tr>\r\n<tr>\r\n<td><a href=\"\/costanoroeste\/?p=5909\">Surf &amp; Family<\/a><\/td>\r\n<td><\/td>\r\n<td>\u20ac 1070.00<\/td>\r\n<td><\/td>\r\n<td>\u20ac 1'125.00<\/td>\r\n<td><\/td>\r\n<td>\u20ac 2'210.00<\/td>\r\n<\/tr>\r\n<tr>\r\n<td><\/td>\r\n<td><\/td>\r\n<td><\/td>\r\n<td><\/td>\r\n<td><\/td>\r\n<td><\/td>\r\n<td><\/td>\r\n<\/tr>\r\n<tr>\r\n<td><strong><strong>Kite<\/strong><\/strong><strong><strong> Camp\u00a0en Famara Lanzarote<\/strong><\/strong><\/td>\r\n<td><\/td>\r\n<td><\/td>\r\n<td><\/td>\r\n<td><\/td>\r\n<td><\/td>\r\n<td><\/td>\r\n<\/tr>\r\n<tr>\r\n<td><a href=\"\/costanoroeste\/?p=5250\">Kite &amp; Stay<\/a><\/td>\r\n<td>\u20ac 455.00<\/td>\r\n<td>\u20ac 890.00<\/td>\r\n<td>\u20ac 485.00<\/td>\r\n<td>\u20ac 950.00<\/td>\r\n<td>\u20ac 950.00<\/td>\r\n<td>\u20ac 1'820.00<\/td>\r\n<\/tr>\r\n<tr>\r\n<td><a href=\"\/costanoroeste\/?p=5270\">Kite &amp; SUP<\/a><\/td>\r\n<td>\u20ac 510.00<\/td>\r\n<td>\u20ac 1'000.00<\/td>\r\n<td>\u20ac 540.00<\/td>\r\n<td>\u20ac 1'060.00<\/td>\r\n<td>\u20ac 1'060.00<\/td>\r\n<td>\u20ac 2'080.00<\/td>\r\n<\/tr>\r\n<tr>\r\n<td><a href=\"\/costanoroeste\/?p=5290\">Kite &amp; Yoga<\/a><\/td>\r\n<td>\u20ac 515.00<\/td>\r\n<td>\u20ac 1'010.00<\/td>\r\n<td>\u20ac 545.00<\/td>\r\n<td>\u20ac 1'070.00<\/td>\r\n<td>\u20ac 1'070.00<\/td>\r\n<td>\u20ac 2'100.00<\/td>\r\n<\/tr>\r\n<tr>\r\n<td><\/td>\r\n<td><\/td>\r\n<td><\/td>\r\n<td><\/td>\r\n<td><\/td>\r\n<td><\/td>\r\n<td><\/td>\r\n<\/tr>\r\n<tr>\r\n<td><strong><strong>SUP<\/strong><\/strong><strong><strong> Camp\u00a0en Famara Lanzarote<\/strong><\/strong><\/td>\r\n<td><\/td>\r\n<td><\/td>\r\n<td><\/td>\r\n<td><\/td>\r\n<td><\/td>\r\n<td><\/td>\r\n<\/tr>\r\n<tr>\r\n<td><a href=\"\/costanoroeste\/?p=5653\">SUP &amp; Stay<\/a><\/td>\r\n<td>\u20ac 460.00<\/td>\r\n<td>\u20ac 900.00<\/td>\r\n<td>\u20ac 490.00<\/td>\r\n<td>\u20ac 960.00<\/td>\r\n<td>\u20ac 960.00<\/td>\r\n<td>\u20ac 1'880.00<\/td>\r\n<\/tr>\r\n<tr>\r\n<td><a href=\"\/costanoroeste\/?p=5671\">SUP &amp; Yoga<\/a><\/td>\r\n<td>\u20ac 520.00<\/td>\r\n<td>\u20ac 1'020.00<\/td>\r\n<td>\u20ac 550.00<\/td>\r\n<td>\u20ac 1'080.00<\/td>\r\n<td>\u20ac 1'080.00<\/td>\r\n<td>\u20ac 2'120.00<\/td>\r\n<\/tr>\r\n<tr>\r\n<td><\/td>\r\n<td><\/td>\r\n<td><\/td>\r\n<td><\/td>\r\n<td><\/td>\r\n<td><\/td>\r\n<td><\/td>\r\n<\/tr>\r\n<tr>\r\n<td><strong>Special packages<\/strong><\/td>\r\n<td><\/td>\r\n<td><\/td>\r\n<td><\/td>\r\n<td><\/td>\r\n<td><\/td>\r\n<td><\/td>\r\n<\/tr>\r\n<tr>\r\n<td>\u00a0<a href=\"\/costanoroeste\/?p=5703\">Girls only** \u00a0<\/a><\/td>\r\n<td>\u20ac 345.00<\/td>\r\n<td>\u20ac 670.00<\/td>\r\n<td>\u20ac 375.00<\/td>\r\n<td>\u20ac 730.00<\/td>\r\n<td>\u20ac 730.00<\/td>\r\n<td>\u20ac 1'420.00<\/td>\r\n<\/tr>\r\n<tr>\r\n<td><a href=\"\/costanoroeste\/?p=5689\">\u00a0Try them all<\/a><\/td>\r\n<td>\u20ac 490.00<\/td>\r\n<td>\u20ac 940.00<\/td>\r\n<td>\u20ac 520.00<\/td>\r\n<td>\u20ac 1000.00<\/td>\r\n<td>\u20ac 1000.00<\/td>\r\n<td>\u20ac 1'960.00<\/td>\r\n<\/tr>\r\n<\/tbody>\r\n<\/table>\r\n*\u00a0Temporada Alta: Julio hasta Agosto y desde el 20 de Diciembre al 10 de Enero\r\n\r\n**\u00a0Cont\u00e1ctanos para fechas y m\u00e1s detalles<\/div>[\/vc_column][\/vc_row][vc_row css=\u00bb.vc_custom_1426761634379{padding-top: 700px !important;background-image: url(http:\/\/costanoroeste.com\/wp-content\/uploads\/2015\/03\/CNO_Town_Caleta_de_Famara.jpg?id=4395) !important;}\u00bb overlay_color_opacity=\u00bb50&#8243; overlay_pattern_opacity=\u00bb50&#8243; bg_image_fb=\u00bb4395&#8243; full_page_width=\u00bb1&#8243;][vc_column width=\u00bb1\/1&#8243;]<br \/>\n[\/vc_column][\/vc_row][vc_row css=\u00bb.vc_custom_1426681246672{padding-top: 70px !important;}\u00bb overlay_color_opacity=\u00bb50&#8243; overlay_pattern_opacity=\u00bb50&#8243;][vc_column]<h1 class=\"mpc-vc-deco-header vc_txt_align_center\"><span class=\"mpcth-color-main-border\">NUESTROS NIVELES<\/span><\/h1>[\/vc_column][\/vc_row][vc_row][vc_column width=\u00bb1\/1&#8243;][vc_row_inner][vc_column_inner width=\u00bb1\/3&#8243;]<h3 class=\"mpc-vc-deco-header vc_txt_align_left\"><span class=\"mpcth-color-main-border\">PARA PRINCIPIANTES<\/span><\/h3>[vc_column_text]<\/p>\n<div class=\"page\" title=\"Page 1\">\n<div class=\"section\">\n<div class=\"layoutArea\">\n<div class=\"column\">Nuestro Kite Camp en Famara Lanzarote para principiantes est\u00e1 dirigido para aquellos que quieran aprender Kite de la manera m\u00e1s segura, r\u00e1pida y divertida. Para iniciarse en este deporte no hace falta tener unas aptitudes f\u00edsicas o una edad determinada. Tampoco es necesario haber practicado con anterioridad otro deporte acu\u00e1tico o de deslizamiento.\u00a0Lanzarote es uno de los sitios m\u00e1s bonitos y poco masificados de Europa. En este camp aprender\u00e1s todo lo referente al montaje y trimaje de la cometa, vuelo de la cometa en tierra, despegue y aterrizaje de la cometa, sistemas de seguridad, teor\u00eda sobre los efectos del viento y elecci\u00f3n de la zona de despegue y aterrizaje, ejercicios en el agua, bodydrag, auto rescate y aprender a salir con la tabla. El objetivo es convertirte en un Kiter independiente y autosuficiente listo para disfrutar de este deporte t\u00fa solo de forma segura una vez finalices tu instrucci\u00f3n con nosotros.\u00a0Normalmente al finalizar el camp para principiantes se obtiene el nivel 1 de la IKO completo y dependiendo de la curva de aprendizaje del alumno, parte del nivel 2 o lo completan.<\/div>\n<\/div>\n<\/div>\n<\/div>\n<p>[\/vc_column_text][\/vc_column_inner][vc_column_inner width=\u00bb1\/3&#8243;]<h3 class=\"mpc-vc-deco-header vc_txt_align_left\"><span class=\"mpcth-color-main-border\">PARA INTERMEDIOS<\/span><\/h3>[vc_column_text]<\/p>\n<p>Nuestro Kite Camp para intermedios\u00a0est\u00e1 dirigido a todos vosotros que hab\u00e9is hecho un curso en otro lugar y que por alguna raz\u00f3n u otra no hab\u00e9is podido finalizarlo y para todos aquellos que necesit\u00e1is afianzar vuestros conocimientos en el Body drag o en el Water Start (salir navegando con la cometa) en adelante. Este curso es para los que por lo menos ya sab\u00e9is toda la teor\u00eda de vuelo y seguridad, hab\u00e9is hecho todos los ejercicios de tierra y ten\u00e9is control total de la cometa enganchado al arn\u00e9s.\u00a0(IKO nivel 1). <span style=\"line-height: 1.5;\">Este Kite Camp tambi\u00e9n est\u00e1 dirigido a todos vosotros que hab\u00e9is completado todo un curso y hab\u00e9is hecho ejercicios de Body drag y de Water Start pero por alguna raz\u00f3n no acab\u00e1is de salir navegando o no os sent\u00eds seguros de seguir solos. (<\/span>IKO nivel 2<span style=\"line-height: 1.5;\">). <\/span>En las lecciones de este\u00a0curso de kiteboarding para nivel intermedio se cubren aspectos como el movimiento de la cometa para crear una tracci\u00f3n constante a cada lado de la ventana de viento, posici\u00f3n del cuerpo en el Water Start y navegando, posici\u00f3n de los pies en la tabla y t\u00e9cnicas de canteo. La misi\u00f3n de este curso es que una vez finalices tu instrucci\u00f3n con nosotros salgas navegando c\u00f3modamente y empieces a volver al sitio.\u00a0Al final de este curso los alumnos obtienen el nivel 2 de la IKO completo.\u00a0(dependiendo siempre de la curva de aprendizaje del alumno)<\/p>\n<p>[\/vc_column_text][\/vc_column_inner][vc_column_inner width=\u00bb1\/3&#8243;]<h3 class=\"mpc-vc-deco-header vc_txt_align_left\"><span class=\"mpcth-color-main-border\">PARA AVANZADOS<\/span><\/h3>[vc_column_text]<\/p>\n<div class=\"page\" title=\"Page 1\">\n<div class=\"section\">\n<div class=\"layoutArea\">\n<div class=\"column\">Nuestro Kite Camp para avanzados va dirigido a aquellos que ya navegan pero no consiguen volver al punto de partida y tienen que volver caminando por la playa y han cubierto el nivel 2, o se han comprado su primera cometa y tabla y han navegado unas cuantas veces s\u00f3lo en su spot y no se sienten seguros para navegar en un nuevo spot o no tienen la cometa adecuada para navegar aqu\u00ed. Entonces este es tu nivel. Nosotros te proveeremos de la cometa adecuada y te ense\u00f1aremos los trucos y supervisaremos tus evoluciones hasta coseguir mejorar tu navegaci\u00f3n y que puedas mantenerte en el mismo sitio, hacer transiciones y empezar a probar peque\u00f1os saltos controlados. Este curso es destinado para aquellos que tengan el nivel 1 y 2 de la IKO completado o aquellos que hayan completado el nivel 3 y quieran progresar al m\u00e1ximo su kitesurfing.Con este curso normalmente adquirimos el nivel 3 de la IKO completo.\u00a0(dependiendo siempre de la curva de aprendizaje del alumno)<\/div>\n<\/div>\n<\/div>\n<\/div>\n<p class=\"p1\" style=\"text-align: center;\">[\/vc_column_text][\/vc_column_inner][\/vc_row_inner][\/vc_column][\/vc_row][vc_row][vc_column][vc_column_text]<br \/>\n[\/vc_column_text][\/vc_column][\/vc_row][vc_row][vc_column][vc_column_text]<\/p>\n<p>[\/vc_column_text][\/vc_column][\/vc_row]<\/p>\n<\/section>","protected":false},"excerpt":{"rendered":"<p>[vc_row][vc_column][\/vc_column][vc_column width=\u00bb1\/2&#8243;][vc_column_text] Ven a compartir nuestra pasi\u00f3n y d\u00e9janos introducirte en este fascinante deporte o ayudarte a progresar y conseguir nuevos objetivos. Costanoroeste lleva m\u00e1s de 12 a\u00f1os formando nuevos kiters.\u00a0Nuestro programa de ense\u00f1anza est\u00e1 dise\u00f1ado de acuerdo a los est\u00e1ndares de la Organizaci\u00f3n Internacional de Kiteboarding (IKO) y nuestros instructores han sido entrenados y&#8230;<\/p>\n","protected":false},"author":8,"featured_media":0,"parent":0,"menu_order":0,"comment_status":"closed","ping_status":"closed","template":"","meta":[],"acf":[],"yoast_head":"<!-- This site is optimized with the Yoast SEO plugin v20.11 - https:\/\/yoast.com\/wordpress\/plugins\/seo\/ -->\n<title>Costanoroeste Kite Camp en Famara Lanzarote<\/title>\n<meta name=\"description\" content=\"Con nuestro curso de Kite Camp en Famara Lanzarote aprender\u00e1s paso a paso y de la manera m\u00e1s segura, r\u00e1pida y divertida todo lo que necesitas para convertirte en un Kiter.\" \/>\n<meta name=\"robots\" content=\"index, follow, max-snippet:-1, max-image-preview:large, max-video-preview:-1\" \/>\n<link rel=\"canonical\" href=\"https:\/\/www.costanoroeste.com\/es\/kite-camp-en-famara-lanzarote\/\" \/>\n<meta property=\"og:locale\" content=\"es_ES\" \/>\n<meta property=\"og:type\" content=\"article\" \/>\n<meta property=\"og:title\" content=\"Costanoroeste Kite Camp en Famara Lanzarote\" \/>\n<meta property=\"og:description\" content=\"Con nuestro curso de Kite Camp en Famara Lanzarote aprender\u00e1s paso a paso y de la manera m\u00e1s segura, r\u00e1pida y divertida todo lo que necesitas para convertirte en un Kiter.\" \/>\n<meta property=\"og:url\" content=\"https:\/\/www.costanoroeste.com\/es\/kite-camp-en-famara-lanzarote\/\" \/>\n<meta property=\"og:site_name\" content=\"Costanoroeste\" \/>\n<meta property=\"article:publisher\" content=\"https:\/\/www.facebook.com\/CostaNoroeste\" \/>\n<meta property=\"article:modified_time\" content=\"2018-01-28T00:57:00+00:00\" \/>\n<meta property=\"og:image\" content=\"https:\/\/www.costanoroeste.com\/wp-content\/uploads\/2015\/01\/cno_fav_icon.jpg\" \/>\n\t<meta property=\"og:image:width\" content=\"512\" \/>\n\t<meta property=\"og:image:height\" content=\"512\" \/>\n\t<meta property=\"og:image:type\" content=\"image\/jpeg\" \/>\n<meta name=\"twitter:label1\" content=\"Tiempo de lectura\" \/>\n\t<meta name=\"twitter:data1\" content=\"6 minutos\" \/>\n<script type=\"application\/ld+json\" class=\"yoast-schema-graph\">{\"@context\":\"https:\/\/schema.org\",\"@graph\":[{\"@type\":\"WebPage\",\"@id\":\"https:\/\/www.costanoroeste.com\/es\/kite-camp-en-famara-lanzarote\/\",\"url\":\"https:\/\/www.costanoroeste.com\/es\/kite-camp-en-famara-lanzarote\/\",\"name\":\"Costanoroeste Kite Camp en Famara Lanzarote\",\"isPartOf\":{\"@id\":\"https:\/\/www.costanoroeste.com\/#website\"},\"datePublished\":\"2015-03-18T12:27:01+00:00\",\"dateModified\":\"2018-01-28T00:57:00+00:00\",\"description\":\"Con nuestro curso de Kite Camp en Famara Lanzarote aprender\u00e1s paso a paso y de la manera m\u00e1s segura, r\u00e1pida y divertida todo lo que necesitas para convertirte en un Kiter.\",\"breadcrumb\":{\"@id\":\"https:\/\/www.costanoroeste.com\/es\/kite-camp-en-famara-lanzarote\/#breadcrumb\"},\"inLanguage\":\"es\",\"potentialAction\":[{\"@type\":\"ReadAction\",\"target\":[\"https:\/\/www.costanoroeste.com\/es\/kite-camp-en-famara-lanzarote\/\"]}]},{\"@type\":\"BreadcrumbList\",\"@id\":\"https:\/\/www.costanoroeste.com\/es\/kite-camp-en-famara-lanzarote\/#breadcrumb\",\"itemListElement\":[{\"@type\":\"ListItem\",\"position\":1,\"name\":\"Home\",\"item\":\"https:\/\/www.costanoroeste.com\/es\/\"},{\"@type\":\"ListItem\",\"position\":2,\"name\":\"Costanoroeste Kite Camp en Famara Lanzarote\"}]},{\"@type\":\"WebSite\",\"@id\":\"https:\/\/www.costanoroeste.com\/#website\",\"url\":\"https:\/\/www.costanoroeste.com\/\",\"name\":\"Costanoroeste\",\"description\":\"Surf- &amp; Kite School - Lanzarote\",\"publisher\":{\"@id\":\"https:\/\/www.costanoroeste.com\/#organization\"},\"potentialAction\":[{\"@type\":\"SearchAction\",\"target\":{\"@type\":\"EntryPoint\",\"urlTemplate\":\"https:\/\/www.costanoroeste.com\/?s={search_term_string}\"},\"query-input\":\"required name=search_term_string\"}],\"inLanguage\":\"es\"},{\"@type\":\"Organization\",\"@id\":\"https:\/\/www.costanoroeste.com\/#organization\",\"name\":\"COSTANOROESTE SURF & KITEBOARDING SCHOOL\",\"url\":\"https:\/\/www.costanoroeste.com\/\",\"logo\":{\"@type\":\"ImageObject\",\"inLanguage\":\"es\",\"@id\":\"https:\/\/www.costanoroeste.com\/#\/schema\/logo\/image\/\",\"url\":\"https:\/\/www.costanoroeste.com\/wp-content\/uploads\/2015\/01\/cropped-cno_fav_icon.jpg\",\"contentUrl\":\"https:\/\/www.costanoroeste.com\/wp-content\/uploads\/2015\/01\/cropped-cno_fav_icon.jpg\",\"width\":512,\"height\":512,\"caption\":\"COSTANOROESTE SURF & KITEBOARDING SCHOOL\"},\"image\":{\"@id\":\"https:\/\/www.costanoroeste.com\/#\/schema\/logo\/image\/\"},\"sameAs\":[\"https:\/\/www.facebook.com\/CostaNoroeste\"]}]}<\/script>\n<!-- \/ Yoast SEO plugin. -->","yoast_head_json":{"title":"Costanoroeste Kite Camp en Famara Lanzarote","description":"Con nuestro curso de Kite Camp en Famara Lanzarote aprender\u00e1s paso a paso y de la manera m\u00e1s segura, r\u00e1pida y divertida todo lo que necesitas para convertirte en un Kiter.","robots":{"index":"index","follow":"follow","max-snippet":"max-snippet:-1","max-image-preview":"max-image-preview:large","max-video-preview":"max-video-preview:-1"},"canonical":"https:\/\/www.costanoroeste.com\/es\/kite-camp-en-famara-lanzarote\/","og_locale":"es_ES","og_type":"article","og_title":"Costanoroeste Kite Camp en Famara Lanzarote","og_description":"Con nuestro curso de Kite Camp en Famara Lanzarote aprender\u00e1s paso a paso y de la manera m\u00e1s segura, r\u00e1pida y divertida todo lo que necesitas para convertirte en un Kiter.","og_url":"https:\/\/www.costanoroeste.com\/es\/kite-camp-en-famara-lanzarote\/","og_site_name":"Costanoroeste","article_publisher":"https:\/\/www.facebook.com\/CostaNoroeste","article_modified_time":"2018-01-28T00:57:00+00:00","og_image":[{"width":512,"height":512,"url":"https:\/\/www.costanoroeste.com\/wp-content\/uploads\/2015\/01\/cno_fav_icon.jpg","type":"image\/jpeg"}],"twitter_misc":{"Tiempo de lectura":"6 minutos"},"schema":{"@context":"https:\/\/schema.org","@graph":[{"@type":"WebPage","@id":"https:\/\/www.costanoroeste.com\/es\/kite-camp-en-famara-lanzarote\/","url":"https:\/\/www.costanoroeste.com\/es\/kite-camp-en-famara-lanzarote\/","name":"Costanoroeste Kite Camp en Famara Lanzarote","isPartOf":{"@id":"https:\/\/www.costanoroeste.com\/#website"},"datePublished":"2015-03-18T12:27:01+00:00","dateModified":"2018-01-28T00:57:00+00:00","description":"Con nuestro curso de Kite Camp en Famara Lanzarote aprender\u00e1s paso a paso y de la manera m\u00e1s segura, r\u00e1pida y divertida todo lo que necesitas para convertirte en un Kiter.","breadcrumb":{"@id":"https:\/\/www.costanoroeste.com\/es\/kite-camp-en-famara-lanzarote\/#breadcrumb"},"inLanguage":"es","potentialAction":[{"@type":"ReadAction","target":["https:\/\/www.costanoroeste.com\/es\/kite-camp-en-famara-lanzarote\/"]}]},{"@type":"BreadcrumbList","@id":"https:\/\/www.costanoroeste.com\/es\/kite-camp-en-famara-lanzarote\/#breadcrumb","itemListElement":[{"@type":"ListItem","position":1,"name":"Home","item":"https:\/\/www.costanoroeste.com\/es\/"},{"@type":"ListItem","position":2,"name":"Costanoroeste Kite Camp en Famara Lanzarote"}]},{"@type":"WebSite","@id":"https:\/\/www.costanoroeste.com\/#website","url":"https:\/\/www.costanoroeste.com\/","name":"Costanoroeste","description":"Surf- &amp; Kite School - Lanzarote","publisher":{"@id":"https:\/\/www.costanoroeste.com\/#organization"},"potentialAction":[{"@type":"SearchAction","target":{"@type":"EntryPoint","urlTemplate":"https:\/\/www.costanoroeste.com\/?s={search_term_string}"},"query-input":"required name=search_term_string"}],"inLanguage":"es"},{"@type":"Organization","@id":"https:\/\/www.costanoroeste.com\/#organization","name":"COSTANOROESTE SURF & KITEBOARDING SCHOOL","url":"https:\/\/www.costanoroeste.com\/","logo":{"@type":"ImageObject","inLanguage":"es","@id":"https:\/\/www.costanoroeste.com\/#\/schema\/logo\/image\/","url":"https:\/\/www.costanoroeste.com\/wp-content\/uploads\/2015\/01\/cropped-cno_fav_icon.jpg","contentUrl":"https:\/\/www.costanoroeste.com\/wp-content\/uploads\/2015\/01\/cropped-cno_fav_icon.jpg","width":512,"height":512,"caption":"COSTANOROESTE SURF & KITEBOARDING SCHOOL"},"image":{"@id":"https:\/\/www.costanoroeste.com\/#\/schema\/logo\/image\/"},"sameAs":["https:\/\/www.facebook.com\/CostaNoroeste"]}]}},"_links":{"self":[{"href":"https:\/\/www.costanoroeste.com\/es\/wp-json\/wp\/v2\/pages\/5749"}],"collection":[{"href":"https:\/\/www.costanoroeste.com\/es\/wp-json\/wp\/v2\/pages"}],"about":[{"href":"https:\/\/www.costanoroeste.com\/es\/wp-json\/wp\/v2\/types\/page"}],"author":[{"embeddable":true,"href":"https:\/\/www.costanoroeste.com\/es\/wp-json\/wp\/v2\/users\/8"}],"replies":[{"embeddable":true,"href":"https:\/\/www.costanoroeste.com\/es\/wp-json\/wp\/v2\/comments?post=5749"}],"version-history":[{"count":5,"href":"https:\/\/www.costanoroeste.com\/es\/wp-json\/wp\/v2\/pages\/5749\/revisions"}],"predecessor-version":[{"id":7211,"href":"https:\/\/www.costanoroeste.com\/es\/wp-json\/wp\/v2\/pages\/5749\/revisions\/7211"}],"wp:attachment":[{"href":"https:\/\/www.costanoroeste.com\/es\/wp-json\/wp\/v2\/media?parent=5749"}],"curies":[{"name":"wp","href":"https:\/\/api.w.org\/{rel}","templated":true}]}}