{"id":5755,"date":"2015-03-30T10:40:08","date_gmt":"2015-03-30T10:40:08","guid":{"rendered":"http:\/\/costanoroeste.com\/kite-safety-2\/"},"modified":"2018-01-28T01:57:23","modified_gmt":"2018-01-28T00:57:23","slug":"seguridad","status":"publish","type":"page","link":"https:\/\/www.costanoroeste.com\/es\/seguridad\/","title":{"rendered":"Seguridad"},"content":{"rendered":"<section class=\"wpb-content-wrapper\"><p>[vc_row][vc_column]<h1 class=\"mpc-vc-deco-header vc_txt_align_center\"><span class=\"mpcth-color-main-border\">Seguridad<\/span><\/h1>[\/vc_column][vc_column width=\u00bb1\/2&#8243;][vc_column_text]<\/p>\n<h3>La seguridad es nuestra prioridad<\/h3>\n<p class=\"p1\">Nuestra escuela de Kitesurf est\u00e1 enfocada totalmente en la seguridad de nuestros alumnos. Para conseguir tal seguridad nos centramos en los siguientes puntos:<\/p>\n<p>[\/vc_column_text][vc_separator color=\u00bbgrey\u00bb el_width=\u00bb100&#8243; el_align=\u00bbcenter\u00bb][vc_column_text]<\/p>\n<div class=\"page\" title=\"Page 1\">\n<div class=\"section\">\n<div class=\"layoutArea\">\n<div class=\"column\">\n<h3><strong>1. Caracter\u00edsticas del spot de ense\u00f1anza<\/strong><\/h3>\n<p>La playa de 5 Km de arena de Famara, con sus condiciones de viento id\u00f3neas, la gran cantidad de espacio libre de edificios\/obst\u00e1culos y dem\u00e1s peligros presentes en muchas otras playas y junto con los vientos alisios que soplan de la direcci\u00f3n perfecta (on-side-on) de Marzo a Octubre hacen de este spot uno de los m\u00e1s seguros para la pr\u00e1ctica del kiteboarding de toda Europa.<\/p>\n<p>&nbsp;<\/p>\n<h3>\u00a02. Instructores titulados por la IKO<\/h3>\n<p class=\"p1\">Como hemos mencionado anteriormente, todos nuestros monitores est\u00e1n titulados por la IKO (Organizaci\u00f3n Internacional de Kitesurf), en primeros auxilios y rescate acu\u00e1tico y son experimentados profesionales con muchas horas de clases a sus espaldas. Instructores con m\u00e1s de 10 a\u00f1os de experiencia en la ense\u00f1anza del Kitesurf (IKO nivel 2\u00a0s\u00e9nior).<\/p>\n<\/div>\n<\/div>\n<\/div>\n<\/div>\n<p>[\/vc_column_text][\/vc_column][vc_column width=\u00bb1\/2&#8243;][vc_column_text]<\/p>\n<div class=\"page\" title=\"Page 1\">\n<div class=\"section\">\n<div class=\"layoutArea\">\n<div class=\"column\">\n<h3>3. Programa individualizado<\/h3>\n<p class=\"p1\">Nuestro programa de ense\u00f1anza est\u00e1 dise\u00f1ado de acuerdo a los est\u00e1ndares de la Organizaci\u00f3n Internacional de Kiteboarding (IKO). Con este curso aprender\u00e1s paso a paso y de la manera m\u00e1s segura, r\u00e1pida y divertida todo lo que necesitas para convertirte en un Kiter independiente y autosuficiente listo para disfrutar de este deporte t\u00fa solo una vez finalices tu instrucci\u00f3n con nosotros. Nuestros monitores tambi\u00e9n ense\u00f1an todo lo necesario para una pr\u00e1ctica segura de este deporte para tu persona as\u00ed como para los dem\u00e1s usuarios del spot (activaci\u00f3n de todos los sistemas de seguridad, meteorolog\u00eda, conocimientos del viento, elecci\u00f3n del d\u00eda correcto, elecci\u00f3n del spot, auto rescates etc. ) Pedimos que todos los alumnos sepan nadar bien, puesto que nuestro programa de aprendizaje requiere por parte del principiante imprescindiblemente saber nadar bien. Los alumnos ser\u00e1n separados en grupos reducidos de acuerdo a su nivel para asegurarnos que reciben la atenci\u00f3n necesaria.<\/p>\n<p>&nbsp;<\/p>\n<h3>4. Material de Escuela de Kite<\/h3>\n<p class=\"p1\">Costanoroeste es un centro Naish donde aprender\u00e1s con el \u00faltimo material de cada temporada y con las \u00faltimas innovaciones en sistemas de seguridad. Todos los alumnos en nuestras clases de Kiteboarding son equipados con Trajes Rip Curl de temporada, Cascos Gath, Chaleco Naish y Radios Motorola incorporadas en el casco. Los grupos son reducidos y est\u00e1 incluido todo el equipo de kite. Nuestras clases son radio asistidas, por lo que est\u00e1s en contacto con el instructor incluso cuando est\u00e1s en el agua.<\/p>\n<\/div>\n<\/div>\n<\/div>\n<\/div>\n<p>[\/vc_column_text][\/vc_column][\/vc_row][vc_row css=\u00bb.vc_custom_1427723149110{padding-top: 700px !important;background-image: url(http:\/\/costanoroeste.com\/wp-content\/uploads\/2015\/03\/CNO_Packages_Kite_3.jpg?id=4613) !important;}\u00bb overlay_color_opacity=\u00bb50&#8243; overlay_pattern_opacity=\u00bb50&#8243; bg_image_fb=\u00bb4613&#8243; full_page_width=\u00bb1&#8243;][vc_column width=\u00bb1\/1&#8243;][\/vc_column][\/vc_row]<\/p>\n<\/section>","protected":false},"excerpt":{"rendered":"<p>[vc_row][vc_column][\/vc_column][vc_column width=\u00bb1\/2&#8243;][vc_column_text] La seguridad es nuestra prioridad Nuestra escuela de Kitesurf est\u00e1 enfocada totalmente en la seguridad de nuestros alumnos. Para conseguir tal seguridad nos centramos en los siguientes puntos: [\/vc_column_text][vc_separator color=\u00bbgrey\u00bb el_width=\u00bb100&#8243; el_align=\u00bbcenter\u00bb][vc_column_text] 1. Caracter\u00edsticas del spot de ense\u00f1anza La playa de 5 Km de arena de Famara, con sus condiciones de viento id\u00f3neas,&#8230;<\/p>\n","protected":false},"author":8,"featured_media":0,"parent":0,"menu_order":0,"comment_status":"closed","ping_status":"closed","template":"","meta":[],"acf":[],"yoast_head":"<!-- This site is optimized with the Yoast SEO plugin v20.11 - https:\/\/yoast.com\/wordpress\/plugins\/seo\/ -->\n<title>Kite seguridad | Costanoroeste<\/title>\n<meta name=\"description\" content=\"Costanoroeste Kiteboarding School a Famara Lanzarote est\u00e1 enfocada totalmente en la seguridad de nuestros alumnos.\" \/>\n<meta name=\"robots\" content=\"index, follow, max-snippet:-1, max-image-preview:large, max-video-preview:-1\" \/>\n<link rel=\"canonical\" href=\"https:\/\/www.costanoroeste.com\/es\/seguridad\/\" \/>\n<meta property=\"og:locale\" content=\"es_ES\" \/>\n<meta property=\"og:type\" content=\"article\" \/>\n<meta property=\"og:title\" content=\"Kite seguridad | Costanoroeste\" \/>\n<meta property=\"og:description\" content=\"Costanoroeste Kiteboarding School a Famara Lanzarote est\u00e1 enfocada totalmente en la seguridad de nuestros alumnos.\" \/>\n<meta property=\"og:url\" content=\"https:\/\/www.costanoroeste.com\/es\/seguridad\/\" \/>\n<meta property=\"og:site_name\" content=\"Costanoroeste\" \/>\n<meta property=\"article:publisher\" content=\"https:\/\/www.facebook.com\/CostaNoroeste\" \/>\n<meta property=\"article:modified_time\" content=\"2018-01-28T00:57:23+00:00\" \/>\n<meta property=\"og:image\" content=\"https:\/\/www.costanoroeste.com\/wp-content\/uploads\/2015\/01\/cno_fav_icon.jpg\" \/>\n\t<meta property=\"og:image:width\" content=\"512\" \/>\n\t<meta property=\"og:image:height\" content=\"512\" \/>\n\t<meta property=\"og:image:type\" content=\"image\/jpeg\" \/>\n<meta name=\"twitter:label1\" content=\"Tiempo de lectura\" \/>\n\t<meta name=\"twitter:data1\" content=\"3 minutos\" \/>\n<script type=\"application\/ld+json\" class=\"yoast-schema-graph\">{\"@context\":\"https:\/\/schema.org\",\"@graph\":[{\"@type\":\"WebPage\",\"@id\":\"https:\/\/www.costanoroeste.com\/es\/seguridad\/\",\"url\":\"https:\/\/www.costanoroeste.com\/es\/seguridad\/\",\"name\":\"Kite seguridad | Costanoroeste\",\"isPartOf\":{\"@id\":\"https:\/\/www.costanoroeste.com\/#website\"},\"datePublished\":\"2015-03-30T10:40:08+00:00\",\"dateModified\":\"2018-01-28T00:57:23+00:00\",\"description\":\"Costanoroeste Kiteboarding School a Famara Lanzarote est\u00e1 enfocada totalmente en la seguridad de nuestros alumnos.\",\"breadcrumb\":{\"@id\":\"https:\/\/www.costanoroeste.com\/es\/seguridad\/#breadcrumb\"},\"inLanguage\":\"es\",\"potentialAction\":[{\"@type\":\"ReadAction\",\"target\":[\"https:\/\/www.costanoroeste.com\/es\/seguridad\/\"]}]},{\"@type\":\"BreadcrumbList\",\"@id\":\"https:\/\/www.costanoroeste.com\/es\/seguridad\/#breadcrumb\",\"itemListElement\":[{\"@type\":\"ListItem\",\"position\":1,\"name\":\"Home\",\"item\":\"https:\/\/www.costanoroeste.com\/es\/\"},{\"@type\":\"ListItem\",\"position\":2,\"name\":\"Seguridad\"}]},{\"@type\":\"WebSite\",\"@id\":\"https:\/\/www.costanoroeste.com\/#website\",\"url\":\"https:\/\/www.costanoroeste.com\/\",\"name\":\"Costanoroeste\",\"description\":\"Surf- &amp; Kite School - Lanzarote\",\"publisher\":{\"@id\":\"https:\/\/www.costanoroeste.com\/#organization\"},\"potentialAction\":[{\"@type\":\"SearchAction\",\"target\":{\"@type\":\"EntryPoint\",\"urlTemplate\":\"https:\/\/www.costanoroeste.com\/?s={search_term_string}\"},\"query-input\":\"required name=search_term_string\"}],\"inLanguage\":\"es\"},{\"@type\":\"Organization\",\"@id\":\"https:\/\/www.costanoroeste.com\/#organization\",\"name\":\"COSTANOROESTE SURF & KITEBOARDING SCHOOL\",\"url\":\"https:\/\/www.costanoroeste.com\/\",\"logo\":{\"@type\":\"ImageObject\",\"inLanguage\":\"es\",\"@id\":\"https:\/\/www.costanoroeste.com\/#\/schema\/logo\/image\/\",\"url\":\"https:\/\/www.costanoroeste.com\/wp-content\/uploads\/2015\/01\/cropped-cno_fav_icon.jpg\",\"contentUrl\":\"https:\/\/www.costanoroeste.com\/wp-content\/uploads\/2015\/01\/cropped-cno_fav_icon.jpg\",\"width\":512,\"height\":512,\"caption\":\"COSTANOROESTE SURF & KITEBOARDING SCHOOL\"},\"image\":{\"@id\":\"https:\/\/www.costanoroeste.com\/#\/schema\/logo\/image\/\"},\"sameAs\":[\"https:\/\/www.facebook.com\/CostaNoroeste\"]}]}<\/script>\n<!-- \/ Yoast SEO plugin. -->","yoast_head_json":{"title":"Kite seguridad | Costanoroeste","description":"Costanoroeste Kiteboarding School a Famara Lanzarote est\u00e1 enfocada totalmente en la seguridad de nuestros alumnos.","robots":{"index":"index","follow":"follow","max-snippet":"max-snippet:-1","max-image-preview":"max-image-preview:large","max-video-preview":"max-video-preview:-1"},"canonical":"https:\/\/www.costanoroeste.com\/es\/seguridad\/","og_locale":"es_ES","og_type":"article","og_title":"Kite seguridad | Costanoroeste","og_description":"Costanoroeste Kiteboarding School a Famara Lanzarote est\u00e1 enfocada totalmente en la seguridad de nuestros alumnos.","og_url":"https:\/\/www.costanoroeste.com\/es\/seguridad\/","og_site_name":"Costanoroeste","article_publisher":"https:\/\/www.facebook.com\/CostaNoroeste","article_modified_time":"2018-01-28T00:57:23+00:00","og_image":[{"width":512,"height":512,"url":"https:\/\/www.costanoroeste.com\/wp-content\/uploads\/2015\/01\/cno_fav_icon.jpg","type":"image\/jpeg"}],"twitter_misc":{"Tiempo de lectura":"3 minutos"},"schema":{"@context":"https:\/\/schema.org","@graph":[{"@type":"WebPage","@id":"https:\/\/www.costanoroeste.com\/es\/seguridad\/","url":"https:\/\/www.costanoroeste.com\/es\/seguridad\/","name":"Kite seguridad | Costanoroeste","isPartOf":{"@id":"https:\/\/www.costanoroeste.com\/#website"},"datePublished":"2015-03-30T10:40:08+00:00","dateModified":"2018-01-28T00:57:23+00:00","description":"Costanoroeste Kiteboarding School a Famara Lanzarote est\u00e1 enfocada totalmente en la seguridad de nuestros alumnos.","breadcrumb":{"@id":"https:\/\/www.costanoroeste.com\/es\/seguridad\/#breadcrumb"},"inLanguage":"es","potentialAction":[{"@type":"ReadAction","target":["https:\/\/www.costanoroeste.com\/es\/seguridad\/"]}]},{"@type":"BreadcrumbList","@id":"https:\/\/www.costanoroeste.com\/es\/seguridad\/#breadcrumb","itemListElement":[{"@type":"ListItem","position":1,"name":"Home","item":"https:\/\/www.costanoroeste.com\/es\/"},{"@type":"ListItem","position":2,"name":"Seguridad"}]},{"@type":"WebSite","@id":"https:\/\/www.costanoroeste.com\/#website","url":"https:\/\/www.costanoroeste.com\/","name":"Costanoroeste","description":"Surf- &amp; Kite School - Lanzarote","publisher":{"@id":"https:\/\/www.costanoroeste.com\/#organization"},"potentialAction":[{"@type":"SearchAction","target":{"@type":"EntryPoint","urlTemplate":"https:\/\/www.costanoroeste.com\/?s={search_term_string}"},"query-input":"required name=search_term_string"}],"inLanguage":"es"},{"@type":"Organization","@id":"https:\/\/www.costanoroeste.com\/#organization","name":"COSTANOROESTE SURF & KITEBOARDING SCHOOL","url":"https:\/\/www.costanoroeste.com\/","logo":{"@type":"ImageObject","inLanguage":"es","@id":"https:\/\/www.costanoroeste.com\/#\/schema\/logo\/image\/","url":"https:\/\/www.costanoroeste.com\/wp-content\/uploads\/2015\/01\/cropped-cno_fav_icon.jpg","contentUrl":"https:\/\/www.costanoroeste.com\/wp-content\/uploads\/2015\/01\/cropped-cno_fav_icon.jpg","width":512,"height":512,"caption":"COSTANOROESTE SURF & KITEBOARDING SCHOOL"},"image":{"@id":"https:\/\/www.costanoroeste.com\/#\/schema\/logo\/image\/"},"sameAs":["https:\/\/www.facebook.com\/CostaNoroeste"]}]}},"_links":{"self":[{"href":"https:\/\/www.costanoroeste.com\/es\/wp-json\/wp\/v2\/pages\/5755"}],"collection":[{"href":"https:\/\/www.costanoroeste.com\/es\/wp-json\/wp\/v2\/pages"}],"about":[{"href":"https:\/\/www.costanoroeste.com\/es\/wp-json\/wp\/v2\/types\/page"}],"author":[{"embeddable":true,"href":"https:\/\/www.costanoroeste.com\/es\/wp-json\/wp\/v2\/users\/8"}],"replies":[{"embeddable":true,"href":"https:\/\/www.costanoroeste.com\/es\/wp-json\/wp\/v2\/comments?post=5755"}],"version-history":[{"count":4,"href":"https:\/\/www.costanoroeste.com\/es\/wp-json\/wp\/v2\/pages\/5755\/revisions"}],"predecessor-version":[{"id":7224,"href":"https:\/\/www.costanoroeste.com\/es\/wp-json\/wp\/v2\/pages\/5755\/revisions\/7224"}],"wp:attachment":[{"href":"https:\/\/www.costanoroeste.com\/es\/wp-json\/wp\/v2\/media?parent=5755"}],"curies":[{"name":"wp","href":"https:\/\/api.w.org\/{rel}","templated":true}]}}