{"id":5766,"date":"2015-03-26T14:40:39","date_gmt":"2015-03-26T14:40:39","guid":{"rendered":"http:\/\/costanoroeste.com\/our-story-costanoroeste-2\/"},"modified":"2018-01-28T01:56:57","modified_gmt":"2018-01-28T00:56:57","slug":"costanoroeste-nuestra-historia","status":"publish","type":"page","link":"https:\/\/www.costanoroeste.com\/es\/costanoroeste-nuestra-historia\/","title":{"rendered":"Costanoroeste &#8211; nuestra historia"},"content":{"rendered":"<section class=\"wpb-content-wrapper\"><p>[vc_row][vc_column css=\u00bb.vc_custom_1427381422338{margin-bottom: 0px !important;padding-bottom: 0px !important;}\u00bb width=\u00bb1\/1&#8243;]<h1 class=\"mpc-vc-deco-header vc_txt_align_center\"><span class=\"mpcth-color-main-border\">Costanoroeste - nuestra historia<\/span><\/h1>[\/vc_column][\/vc_row][vc_row overlay_color_opacity=\u00bb50&#8243; overlay_pattern_opacity=\u00bb50&#8243;][vc_column width=\u00bb1\/1&#8243;][vc_row_inner][vc_column_inner width=\u00bb1\/2&#8243;][vc_column_text]Fundamos Costanoroeste en 1995 y fuimos la primera escuela de surf y Kite en Famara. Yo vine desde Gran Canaria muchas veces durante los veranos a hacer surfing y camping con mis amigos y qued\u00e9 prendado de la isla. Cuando termin\u00e9 mis estudios me vine a vivir aqu\u00ed. Ya han pasado 20 a\u00f1os que empezamos a ofrecer nuestra pasi\u00f3n como una inolvidable experiencia para nuestros hu\u00e9spedes que vienen a aprender surf, Kite o SUP.<\/p>\n<p>Tenemos instructores profesionales para todas nuestras actividades tratando siempre de dar el mejor servicio y cubrir todos los niveles desde principiantes hasta avanzados.<\/p>\n<p>Todos ellos tienen much\u00edsimos a\u00f1os de experiencia a sus espaldas, est\u00e1n titulados, son socorristas acu\u00e1ticos y hablan varios idiomas. Damos clases todos los d\u00edas, tenemos paquetes de 1 y 2 semanas, paquetes para hacer varios de los deportes que ofrecemos, diferentes tipos de acomodaci\u00f3n, as\u00ed siempre podr\u00e1s elegir el tipo de vacaciones que quieras. Para nuestras clases, ofrecemos siempre todo el equipo necesario, siempre de m\u00e1xima calidad y con lo \u00faltimo de las marcas que nos patrocinan y de los que somos Pro Centers como RIP CURL, NAISH, PKS Surfboards.<\/p>\n<p>Para Costanoroeste, la seguridad es uno de los m\u00e1s importantes par\u00e1mentros, para lo que nos aseguramos que los grupos sean reducidos. En las clases de Kite, usamos cascos y chalecos anti impacto. En surfing nos preocupamos de que recuperes fuerzas entre una sesi\u00f3n y otra, ofreci\u00e9ndote un bocadillo caliente ,una barrita de cereales y un zumo. En general, ofrecemos clases profesionales, campamentos y paquetes, que podemos adaptar a sus vacaciones. Proporcionamos distintas opciones de alojamiento as\u00ed como ofertas para tus amigos que solo quieren venir a relajarse y disfrutar de nuestra hermosa playa y el sol de Lanzarote. Esperamos que disfruten con nosotros.<\/p>\n<p>Santi[\/vc_column_text][\/vc_column_inner][vc_column_inner width=\u00bb1\/2&#8243;][vc_single_image image=\u00bb4433&#8243; alignment=\u00bbcenter\u00bb border_color=\u00bbgrey\u00bb img_link_target=\u00bb_self\u00bb img_size=\u00bblarge\u00bb][\/vc_column_inner][\/vc_row_inner][\/vc_column][\/vc_row][vc_row css=\u00bb.vc_custom_1427381600191{margin-top: 100px !important;padding-top: 500px !important;background-image: url(http:\/\/costanoroeste.com\/wp-content\/uploads\/2014\/09\/CNO_Sports_0064.jpg?id=2648) !important;}\u00bb overlay_color_opacity=\u00bb50&#8243; overlay_pattern_opacity=\u00bb50&#8243; bg_image_fb=\u00bb2648&#8243; full_page_width=\u00bb1&#8243;][vc_column width=\u00bb1\/1&#8243;][\/vc_column][\/vc_row]<\/p>\n<\/section>","protected":false},"excerpt":{"rendered":"<p>[vc_row][vc_column css=\u00bb.vc_custom_1427381422338{margin-bottom: 0px !important;padding-bottom: 0px !important;}\u00bb width=\u00bb1\/1&#8243;][\/vc_column][\/vc_row][vc_row overlay_color_opacity=\u00bb50&#8243; overlay_pattern_opacity=\u00bb50&#8243;][vc_column width=\u00bb1\/1&#8243;][vc_row_inner][vc_column_inner width=\u00bb1\/2&#8243;][vc_column_text]Fundamos Costanoroeste en 1995 y fuimos la primera escuela de surf y Kite en Famara. Yo vine desde Gran Canaria muchas veces durante los veranos a hacer surfing y camping con mis amigos y qued\u00e9 prendado de la isla. Cuando termin\u00e9 mis estudios me vine&#8230;<\/p>\n","protected":false},"author":8,"featured_media":0,"parent":0,"menu_order":0,"comment_status":"closed","ping_status":"closed","template":"","meta":[],"acf":[],"yoast_head":"<!-- This site is optimized with the Yoast SEO plugin v20.11 - https:\/\/yoast.com\/wordpress\/plugins\/seo\/ -->\n<title>nuestra historia - Costanoroeste Surf &amp; Kiteboarding school<\/title>\n<meta name=\"description\" content=\"Fundamos Costanoroeste en 1995 y fuimos la primera escuela de surf y Kite en Famara. Yo vine desde Gran Canaria muchas veces durante los veranos.\" \/>\n<meta name=\"robots\" content=\"index, follow, max-snippet:-1, max-image-preview:large, max-video-preview:-1\" \/>\n<link rel=\"canonical\" href=\"https:\/\/www.costanoroeste.com\/es\/costanoroeste-nuestra-historia\/\" \/>\n<meta property=\"og:locale\" content=\"es_ES\" \/>\n<meta property=\"og:type\" content=\"article\" \/>\n<meta property=\"og:title\" content=\"nuestra historia - Costanoroeste Surf &amp; Kiteboarding school\" \/>\n<meta property=\"og:description\" content=\"Fundamos Costanoroeste en 1995 y fuimos la primera escuela de surf y Kite en Famara. Yo vine desde Gran Canaria muchas veces durante los veranos.\" \/>\n<meta property=\"og:url\" content=\"https:\/\/www.costanoroeste.com\/es\/costanoroeste-nuestra-historia\/\" \/>\n<meta property=\"og:site_name\" content=\"Costanoroeste\" \/>\n<meta property=\"article:publisher\" content=\"https:\/\/www.facebook.com\/CostaNoroeste\" \/>\n<meta property=\"article:modified_time\" content=\"2018-01-28T00:56:57+00:00\" \/>\n<meta property=\"og:image\" content=\"https:\/\/www.costanoroeste.com\/wp-content\/uploads\/2015\/01\/cno_fav_icon.jpg\" \/>\n\t<meta property=\"og:image:width\" content=\"512\" \/>\n\t<meta property=\"og:image:height\" content=\"512\" \/>\n\t<meta property=\"og:image:type\" content=\"image\/jpeg\" \/>\n<meta name=\"twitter:label1\" content=\"Tiempo de lectura\" \/>\n\t<meta name=\"twitter:data1\" content=\"2 minutos\" \/>\n<script type=\"application\/ld+json\" class=\"yoast-schema-graph\">{\"@context\":\"https:\/\/schema.org\",\"@graph\":[{\"@type\":\"WebPage\",\"@id\":\"https:\/\/www.costanoroeste.com\/es\/costanoroeste-nuestra-historia\/\",\"url\":\"https:\/\/www.costanoroeste.com\/es\/costanoroeste-nuestra-historia\/\",\"name\":\"nuestra historia - Costanoroeste Surf & Kiteboarding school\",\"isPartOf\":{\"@id\":\"https:\/\/www.costanoroeste.com\/#website\"},\"datePublished\":\"2015-03-26T14:40:39+00:00\",\"dateModified\":\"2018-01-28T00:56:57+00:00\",\"description\":\"Fundamos Costanoroeste en 1995 y fuimos la primera escuela de surf y Kite en Famara. Yo vine desde Gran Canaria muchas veces durante los veranos.\",\"breadcrumb\":{\"@id\":\"https:\/\/www.costanoroeste.com\/es\/costanoroeste-nuestra-historia\/#breadcrumb\"},\"inLanguage\":\"es\",\"potentialAction\":[{\"@type\":\"ReadAction\",\"target\":[\"https:\/\/www.costanoroeste.com\/es\/costanoroeste-nuestra-historia\/\"]}]},{\"@type\":\"BreadcrumbList\",\"@id\":\"https:\/\/www.costanoroeste.com\/es\/costanoroeste-nuestra-historia\/#breadcrumb\",\"itemListElement\":[{\"@type\":\"ListItem\",\"position\":1,\"name\":\"Home\",\"item\":\"https:\/\/www.costanoroeste.com\/es\/\"},{\"@type\":\"ListItem\",\"position\":2,\"name\":\"Costanoroeste &#8211; nuestra historia\"}]},{\"@type\":\"WebSite\",\"@id\":\"https:\/\/www.costanoroeste.com\/#website\",\"url\":\"https:\/\/www.costanoroeste.com\/\",\"name\":\"Costanoroeste\",\"description\":\"Surf- &amp; Kite School - Lanzarote\",\"publisher\":{\"@id\":\"https:\/\/www.costanoroeste.com\/#organization\"},\"potentialAction\":[{\"@type\":\"SearchAction\",\"target\":{\"@type\":\"EntryPoint\",\"urlTemplate\":\"https:\/\/www.costanoroeste.com\/?s={search_term_string}\"},\"query-input\":\"required name=search_term_string\"}],\"inLanguage\":\"es\"},{\"@type\":\"Organization\",\"@id\":\"https:\/\/www.costanoroeste.com\/#organization\",\"name\":\"COSTANOROESTE SURF & KITEBOARDING SCHOOL\",\"url\":\"https:\/\/www.costanoroeste.com\/\",\"logo\":{\"@type\":\"ImageObject\",\"inLanguage\":\"es\",\"@id\":\"https:\/\/www.costanoroeste.com\/#\/schema\/logo\/image\/\",\"url\":\"https:\/\/www.costanoroeste.com\/wp-content\/uploads\/2015\/01\/cropped-cno_fav_icon.jpg\",\"contentUrl\":\"https:\/\/www.costanoroeste.com\/wp-content\/uploads\/2015\/01\/cropped-cno_fav_icon.jpg\",\"width\":512,\"height\":512,\"caption\":\"COSTANOROESTE SURF & KITEBOARDING SCHOOL\"},\"image\":{\"@id\":\"https:\/\/www.costanoroeste.com\/#\/schema\/logo\/image\/\"},\"sameAs\":[\"https:\/\/www.facebook.com\/CostaNoroeste\"]}]}<\/script>\n<!-- \/ Yoast SEO plugin. -->","yoast_head_json":{"title":"nuestra historia - Costanoroeste Surf & Kiteboarding school","description":"Fundamos Costanoroeste en 1995 y fuimos la primera escuela de surf y Kite en Famara. Yo vine desde Gran Canaria muchas veces durante los veranos.","robots":{"index":"index","follow":"follow","max-snippet":"max-snippet:-1","max-image-preview":"max-image-preview:large","max-video-preview":"max-video-preview:-1"},"canonical":"https:\/\/www.costanoroeste.com\/es\/costanoroeste-nuestra-historia\/","og_locale":"es_ES","og_type":"article","og_title":"nuestra historia - Costanoroeste Surf & Kiteboarding school","og_description":"Fundamos Costanoroeste en 1995 y fuimos la primera escuela de surf y Kite en Famara. Yo vine desde Gran Canaria muchas veces durante los veranos.","og_url":"https:\/\/www.costanoroeste.com\/es\/costanoroeste-nuestra-historia\/","og_site_name":"Costanoroeste","article_publisher":"https:\/\/www.facebook.com\/CostaNoroeste","article_modified_time":"2018-01-28T00:56:57+00:00","og_image":[{"width":512,"height":512,"url":"https:\/\/www.costanoroeste.com\/wp-content\/uploads\/2015\/01\/cno_fav_icon.jpg","type":"image\/jpeg"}],"twitter_misc":{"Tiempo de lectura":"2 minutos"},"schema":{"@context":"https:\/\/schema.org","@graph":[{"@type":"WebPage","@id":"https:\/\/www.costanoroeste.com\/es\/costanoroeste-nuestra-historia\/","url":"https:\/\/www.costanoroeste.com\/es\/costanoroeste-nuestra-historia\/","name":"nuestra historia - Costanoroeste Surf & Kiteboarding school","isPartOf":{"@id":"https:\/\/www.costanoroeste.com\/#website"},"datePublished":"2015-03-26T14:40:39+00:00","dateModified":"2018-01-28T00:56:57+00:00","description":"Fundamos Costanoroeste en 1995 y fuimos la primera escuela de surf y Kite en Famara. Yo vine desde Gran Canaria muchas veces durante los veranos.","breadcrumb":{"@id":"https:\/\/www.costanoroeste.com\/es\/costanoroeste-nuestra-historia\/#breadcrumb"},"inLanguage":"es","potentialAction":[{"@type":"ReadAction","target":["https:\/\/www.costanoroeste.com\/es\/costanoroeste-nuestra-historia\/"]}]},{"@type":"BreadcrumbList","@id":"https:\/\/www.costanoroeste.com\/es\/costanoroeste-nuestra-historia\/#breadcrumb","itemListElement":[{"@type":"ListItem","position":1,"name":"Home","item":"https:\/\/www.costanoroeste.com\/es\/"},{"@type":"ListItem","position":2,"name":"Costanoroeste &#8211; nuestra historia"}]},{"@type":"WebSite","@id":"https:\/\/www.costanoroeste.com\/#website","url":"https:\/\/www.costanoroeste.com\/","name":"Costanoroeste","description":"Surf- &amp; Kite School - Lanzarote","publisher":{"@id":"https:\/\/www.costanoroeste.com\/#organization"},"potentialAction":[{"@type":"SearchAction","target":{"@type":"EntryPoint","urlTemplate":"https:\/\/www.costanoroeste.com\/?s={search_term_string}"},"query-input":"required name=search_term_string"}],"inLanguage":"es"},{"@type":"Organization","@id":"https:\/\/www.costanoroeste.com\/#organization","name":"COSTANOROESTE SURF & KITEBOARDING SCHOOL","url":"https:\/\/www.costanoroeste.com\/","logo":{"@type":"ImageObject","inLanguage":"es","@id":"https:\/\/www.costanoroeste.com\/#\/schema\/logo\/image\/","url":"https:\/\/www.costanoroeste.com\/wp-content\/uploads\/2015\/01\/cropped-cno_fav_icon.jpg","contentUrl":"https:\/\/www.costanoroeste.com\/wp-content\/uploads\/2015\/01\/cropped-cno_fav_icon.jpg","width":512,"height":512,"caption":"COSTANOROESTE SURF & KITEBOARDING SCHOOL"},"image":{"@id":"https:\/\/www.costanoroeste.com\/#\/schema\/logo\/image\/"},"sameAs":["https:\/\/www.facebook.com\/CostaNoroeste"]}]}},"_links":{"self":[{"href":"https:\/\/www.costanoroeste.com\/es\/wp-json\/wp\/v2\/pages\/5766"}],"collection":[{"href":"https:\/\/www.costanoroeste.com\/es\/wp-json\/wp\/v2\/pages"}],"about":[{"href":"https:\/\/www.costanoroeste.com\/es\/wp-json\/wp\/v2\/types\/page"}],"author":[{"embeddable":true,"href":"https:\/\/www.costanoroeste.com\/es\/wp-json\/wp\/v2\/users\/8"}],"replies":[{"embeddable":true,"href":"https:\/\/www.costanoroeste.com\/es\/wp-json\/wp\/v2\/comments?post=5766"}],"version-history":[{"count":5,"href":"https:\/\/www.costanoroeste.com\/es\/wp-json\/wp\/v2\/pages\/5766\/revisions"}],"predecessor-version":[{"id":7207,"href":"https:\/\/www.costanoroeste.com\/es\/wp-json\/wp\/v2\/pages\/5766\/revisions\/7207"}],"wp:attachment":[{"href":"https:\/\/www.costanoroeste.com\/es\/wp-json\/wp\/v2\/media?parent=5766"}],"curies":[{"name":"wp","href":"https:\/\/api.w.org\/{rel}","templated":true}]}}