{"id":5772,"date":"2014-02-17T14:47:23","date_gmt":"2014-02-17T14:47:23","guid":{"rendered":"http:\/\/costanoroeste.com\/contact-costanoroeste-2\/"},"modified":"2018-01-28T01:56:57","modified_gmt":"2018-01-28T00:56:57","slug":"contacto","status":"publish","type":"page","link":"https:\/\/www.costanoroeste.com\/es\/contacto\/","title":{"rendered":"Contacto"},"content":{"rendered":"<section class=\"wpb-content-wrapper\"><p>[vc_row margin_bottom=\u00bb0em\u00bb overlay_color_opacity=\u00bb50&#8243; overlay_pattern_opacity=\u00bb50&#8243; css_animation=\u00bbappear\u00bb][vc_column width=\u00bb1\/1&#8243;]<h5 class=\"mpc-vc-deco-header vc_txt_align_left\"><span class=\"mpcth-color-main-border\">Contacto<\/span><\/h5>[vc_column_text]<div id=\"wpgmza_map\" class=\"wpgmza_map\" data-settings='{\"id\":\"1\",\"map_title\":\"costanoroeste\",\"map_width\":\"100\",\"map_height\":\"400\",\"map_start_lat\":\"29.062846\",\"map_start_lng\":\"-13.622567\",\"map_start_location\":\"29.062846190050717,-13.622566577148408\",\"map_start_zoom\":\"11\",\"default_marker\":\"0\",\"type\":\"1\",\"alignment\":\"1\",\"directions_enabled\":\"1\",\"styling_enabled\":\"2\",\"styling_json\":\"\",\"active\":\"0\",\"kml\":\"\",\"bicycle\":\"0\",\"traffic\":\"0\",\"dbox\":\"1\",\"dbox_width\":\"250\",\"listmarkers\":\"0\",\"listmarkers_advanced\":\"0\",\"filterbycat\":\"0\",\"ugm_enabled\":\"0\",\"ugm_category_enabled\":\"0\",\"fusion\":\"\",\"map_width_type\":\"\\\\%\",\"map_height_type\":\"px\",\"mass_marker_support\":\"2\",\"ugm_access\":\"0\",\"order_markers_by\":\"1\",\"order_markers_choice\":\"2\",\"show_user_location\":\"2\",\"default_to\":\"\",\"other_settings\":{\"store_locator_enabled\":2,\"store_locator_distance\":2,\"store_locator_bounce\":1,\"store_locator_query_string\":\"ZIP \\\/ Address:\",\"wpgmza_store_locator_restrict\":\"\",\"map_max_zoom\":\"1\",\"transport_layer\":0}}' data-map-id='1' Data-maps-engine='' data-shortcode-attributes='{\"id\":\"1\"}' style=\"display:block; overflow:auto; width:100%; height:400px; float:left;\"><\/div>[\/vc_column_text][\/vc_column][\/vc_row][vc_row overlay_color_opacity=\u00bb50&#8243; overlay_pattern_opacity=\u00bb50&#8243; css_animation=\u00bbbottom-to-top\u00bb][vc_column width=\u00bb1\/2&#8243;]\n<div class=\"wpcf7 no-js\" id=\"wpcf7-f6171-o1\" lang=\"es-ES\" dir=\"ltr\">\n<div class=\"screen-reader-response\"><p role=\"status\" aria-live=\"polite\" aria-atomic=\"true\"><\/p> <ul><\/ul><\/div>\n<form action=\"\/es\/wp-json\/wp\/v2\/pages\/5772#wpcf7-f6171-o1\" method=\"post\" class=\"wpcf7-form init\" aria-label=\"Formulario de contacto\" novalidate=\"novalidate\" data-status=\"init\">\n<div style=\"display: none;\">\n<input type=\"hidden\" name=\"_wpcf7\" value=\"6171\" \/>\n<input type=\"hidden\" name=\"_wpcf7_version\" value=\"5.7.6\" \/>\n<input type=\"hidden\" name=\"_wpcf7_locale\" value=\"es_ES\" \/>\n<input type=\"hidden\" name=\"_wpcf7_unit_tag\" value=\"wpcf7-f6171-o1\" \/>\n<input type=\"hidden\" name=\"_wpcf7_container_post\" value=\"0\" \/>\n<input type=\"hidden\" name=\"_wpcf7_posted_data_hash\" value=\"\" \/>\n<\/div>\n<div id=\"request_form\">\n\t<p>Nombre (requerido)\n\t<\/p>\n\t<p><span class=\"wpcf7-form-control-wrap\" data-name=\"your-name\"><input size=\"40\" class=\"wpcf7-form-control wpcf7-text wpcf7-validates-as-required\" aria-required=\"true\" aria-invalid=\"false\" value=\"\" type=\"text\" name=\"your-name\" \/><\/span>\n\t<\/p>\n\t<p>Su e-mail (requerido)\n\t<\/p>\n\t<p><span class=\"wpcf7-form-control-wrap\" data-name=\"your-email\"><input size=\"40\" class=\"wpcf7-form-control wpcf7-text wpcf7-email wpcf7-validates-as-required wpcf7-validates-as-email\" aria-required=\"true\" aria-invalid=\"false\" value=\"\" type=\"email\" name=\"your-email\" \/><\/span>\n\t<\/p>\n\t<p>Asunto\n\t<\/p>\n\t<p><span class=\"wpcf7-form-control-wrap\" data-name=\"your-subject\"><input size=\"40\" class=\"wpcf7-form-control wpcf7-text\" aria-invalid=\"false\" value=\"\" type=\"text\" name=\"your-subject\" \/><\/span>\n\t<\/p>\n\t<p>Su mensaje\n\t<\/p>\n\t<p><span class=\"wpcf7-form-control-wrap\" data-name=\"your-message\"><textarea cols=\"40\" rows=\"10\" class=\"wpcf7-form-control wpcf7-textarea\" aria-invalid=\"false\" name=\"your-message\"><\/textarea><\/span>\n\t<\/p>\n\t<p><input class=\"wpcf7-form-control has-spinner wpcf7-submit\" type=\"submit\" value=\"Enviar\" \/>\n\t<\/p>\n<\/div><div class=\"wpcf7-response-output\" aria-hidden=\"true\"><\/div>\n<\/form>\n<\/div>\n[\/vc_column][vc_column width=\u00bb1\/2&#8243;][vc_column_text]Lanzarote es la isla situada m\u00e1s al norte de las Islas Canarias en medio del Oc\u00e9ano Atl\u00e1ntico y a 100km de las costas de Marruecos.<\/p>\n<p>Nuestra escuela est\u00e1 localizada en Caleta de Famara, peque\u00f1o pueblo de pescadores dentro del Parque Natural de Famara, con la mejor playa de arena de Lanzarote, de 5 km de largo, perfecta para practicar y ense\u00f1ar surf, kite y SUP, que junto con su paisaje hace de Famara el lugar perfecto para combinarlo con Yoga.[\/vc_column_text][vc_row_inner][vc_column_inner width=\u00bb1\/1&#8243;][vc_column_text]<b>Costa Noroeste Surf &amp; Kiteboarding School &#8211; Lanzarote<\/b><br \/>\nAvenida el Marinero, 11<br \/>\nCaleta de Famara<br \/>\n35558 Teguise<br \/>\nLanzarote<br \/>\nIslas Canarias[\/vc_column_text][\/vc_column_inner][\/vc_row_inner][vc_row_inner css=\u00bb.vc_custom_1426672961157{margin-bottom: -17px !important;}\u00bb][vc_column_inner width=\u00bb1\/1&#8243;][vc_column_text css=\u00bb.vc_custom_1430302248499{margin-bottom: -10px !important;}\u00bb]<b>Oficina:<\/b>\u00a0+34 928 528 597<br \/>\n<b>M\u00f3viles:<\/b>\u00a0+34 649 381 480<br \/>\n+34 619 957 297<br \/>\n<b>E-Mail:<\/b> <a href=\"mailto:info@costanoroeste.com\">info@costanoroeste.com<\/a>[\/vc_column_text][\/vc_column_inner][\/vc_row_inner][vc_raw_js]JTNDYiUzRSUzQ3AlMjBzdHlsZSUzRCUyMmZsb2F0JTNBbGVmdCUzQiUyMiUzRVNreXBlJTNBJTNDJTJGYiUzRSUzQ3NjcmlwdCUyMHR5cGUlM0QlMjJ0ZXh0JTJGamF2YXNjcmlwdCUyMiUyMHNyYyUzRCUyMmh0dHAlM0ElMkYlMkZ3d3cuc2t5cGVhc3NldHMuY29tJTJGaSUyRnNjb20lMkZqcyUyRnNreXBlLXVyaS5qcyUyMiUzRSUzQyUyRnNjcmlwdCUzRSUwQSUzQ2RpdiUyMGlkJTNEJTIyU2t5cGVCdXR0b25fQ2FsbF9jb3N0YW5vcm9lc3RlXzElMjIlM0UlMEElMjAlMjAlM0NzY3JpcHQlMjB0eXBlJTNEJTIydGV4dCUyRmphdmFzY3JpcHQlMjIlM0UlMEElMjAlMjAlMjAlMjBTa3lwZS51aSUyOCU3QiUwQSUyMCUyMCUyMCUyMCUyMCUyMCUyMm5hbWUlMjIlM0ElMjAlMjJjYWxsJTIyJTJDJTBBJTIwJTIwJTIwJTIwJTIwJTIwJTIyZWxlbWVudCUyMiUzQSUyMCUyMlNreXBlQnV0dG9uX0NhbGxfY29zdGFub3JvZXN0ZV8xJTIyJTJDJTBBJTIwJTIwJTIwJTIwJTIwJTIwJTIycGFydGljaXBhbnRzJTIyJTNBJTIwJTVCJTIyY29zdGFub3JvZXN0ZSUyMiU1RCUwQSUyMCUyMCUyMCUyMCU3RCUyOSUzQiUwQSUyMCUyMCUzQyUyRnNjcmlwdCUzRSUwQSUzQyUyRmRpdiUzRSUwQSUzQyUyRmRpdiUzRSUzQyUyRnAlM0U=[\/vc_raw_js][\/vc_column][\/vc_row]<\/p>\n<\/section>","protected":false},"excerpt":{"rendered":"<p>[vc_row margin_bottom=\u00bb0em\u00bb overlay_color_opacity=\u00bb50&#8243; overlay_pattern_opacity=\u00bb50&#8243; css_animation=\u00bbappear\u00bb][vc_column width=\u00bb1\/1&#8243;][vc_column_text][\/vc_column_text][\/vc_column][\/vc_row][vc_row overlay_color_opacity=\u00bb50&#8243; overlay_pattern_opacity=\u00bb50&#8243; css_animation=\u00bbbottom-to-top\u00bb][vc_column width=\u00bb1\/2&#8243;][\/vc_column][vc_column width=\u00bb1\/2&#8243;][vc_column_text]Lanzarote es la isla situada m\u00e1s al norte de las Islas Canarias en medio del Oc\u00e9ano Atl\u00e1ntico y a 100km de las costas de Marruecos. Nuestra escuela est\u00e1 localizada en Caleta de Famara, peque\u00f1o pueblo de pescadores dentro del Parque Natural de Famara, con la&#8230;<\/p>\n","protected":false},"author":8,"featured_media":0,"parent":0,"menu_order":0,"comment_status":"closed","ping_status":"closed","template":"","meta":[],"acf":[],"yoast_head":"<!-- This site is optimized with the Yoast SEO plugin v20.11 - https:\/\/yoast.com\/wordpress\/plugins\/seo\/ -->\n<title>Contacto I Costanoroeste<\/title>\n<meta name=\"description\" content=\"Contacto Costanoroeste Surf &amp; Kiteboarding School Lanzarote, Avenida el Marinero, 11 Caleta de Famara, 35558 Teguise Canary Islands\" \/>\n<meta name=\"robots\" content=\"index, follow, max-snippet:-1, max-image-preview:large, max-video-preview:-1\" \/>\n<link rel=\"canonical\" href=\"https:\/\/www.costanoroeste.com\/es\/contacto\/\" \/>\n<meta property=\"og:locale\" content=\"es_ES\" \/>\n<meta property=\"og:type\" content=\"article\" \/>\n<meta property=\"og:title\" content=\"Contacto I Costanoroeste\" \/>\n<meta property=\"og:description\" content=\"Contacto Costanoroeste Surf &amp; Kiteboarding School Lanzarote, Avenida el Marinero, 11 Caleta de Famara, 35558 Teguise Canary Islands\" \/>\n<meta property=\"og:url\" content=\"https:\/\/www.costanoroeste.com\/es\/contacto\/\" \/>\n<meta property=\"og:site_name\" content=\"Costanoroeste\" \/>\n<meta property=\"article:publisher\" content=\"https:\/\/www.facebook.com\/CostaNoroeste\" \/>\n<meta property=\"article:modified_time\" content=\"2018-01-28T00:56:57+00:00\" \/>\n<meta property=\"og:image\" content=\"https:\/\/www.costanoroeste.com\/wp-content\/uploads\/2015\/01\/cno_fav_icon.jpg\" \/>\n\t<meta property=\"og:image:width\" content=\"512\" \/>\n\t<meta property=\"og:image:height\" content=\"512\" \/>\n\t<meta property=\"og:image:type\" content=\"image\/jpeg\" \/>\n<meta name=\"twitter:label1\" content=\"Tiempo de lectura\" \/>\n\t<meta name=\"twitter:data1\" content=\"1 minuto\" \/>\n<script type=\"application\/ld+json\" class=\"yoast-schema-graph\">{\"@context\":\"https:\/\/schema.org\",\"@graph\":[{\"@type\":\"WebPage\",\"@id\":\"https:\/\/www.costanoroeste.com\/es\/contacto\/\",\"url\":\"https:\/\/www.costanoroeste.com\/es\/contacto\/\",\"name\":\"Contacto I Costanoroeste\",\"isPartOf\":{\"@id\":\"https:\/\/www.costanoroeste.com\/#website\"},\"datePublished\":\"2014-02-17T14:47:23+00:00\",\"dateModified\":\"2018-01-28T00:56:57+00:00\",\"description\":\"Contacto Costanoroeste Surf & Kiteboarding School Lanzarote, Avenida el Marinero, 11 Caleta de Famara, 35558 Teguise Canary Islands\",\"breadcrumb\":{\"@id\":\"https:\/\/www.costanoroeste.com\/es\/contacto\/#breadcrumb\"},\"inLanguage\":\"es\",\"potentialAction\":[{\"@type\":\"ReadAction\",\"target\":[\"https:\/\/www.costanoroeste.com\/es\/contacto\/\"]}]},{\"@type\":\"BreadcrumbList\",\"@id\":\"https:\/\/www.costanoroeste.com\/es\/contacto\/#breadcrumb\",\"itemListElement\":[{\"@type\":\"ListItem\",\"position\":1,\"name\":\"Home\",\"item\":\"https:\/\/www.costanoroeste.com\/es\/\"},{\"@type\":\"ListItem\",\"position\":2,\"name\":\"Contacto\"}]},{\"@type\":\"WebSite\",\"@id\":\"https:\/\/www.costanoroeste.com\/#website\",\"url\":\"https:\/\/www.costanoroeste.com\/\",\"name\":\"Costanoroeste\",\"description\":\"Surf- &amp; Kite School - Lanzarote\",\"publisher\":{\"@id\":\"https:\/\/www.costanoroeste.com\/#organization\"},\"potentialAction\":[{\"@type\":\"SearchAction\",\"target\":{\"@type\":\"EntryPoint\",\"urlTemplate\":\"https:\/\/www.costanoroeste.com\/?s={search_term_string}\"},\"query-input\":\"required name=search_term_string\"}],\"inLanguage\":\"es\"},{\"@type\":\"Organization\",\"@id\":\"https:\/\/www.costanoroeste.com\/#organization\",\"name\":\"COSTANOROESTE SURF & KITEBOARDING SCHOOL\",\"url\":\"https:\/\/www.costanoroeste.com\/\",\"logo\":{\"@type\":\"ImageObject\",\"inLanguage\":\"es\",\"@id\":\"https:\/\/www.costanoroeste.com\/#\/schema\/logo\/image\/\",\"url\":\"https:\/\/www.costanoroeste.com\/wp-content\/uploads\/2015\/01\/cropped-cno_fav_icon.jpg\",\"contentUrl\":\"https:\/\/www.costanoroeste.com\/wp-content\/uploads\/2015\/01\/cropped-cno_fav_icon.jpg\",\"width\":512,\"height\":512,\"caption\":\"COSTANOROESTE SURF & KITEBOARDING SCHOOL\"},\"image\":{\"@id\":\"https:\/\/www.costanoroeste.com\/#\/schema\/logo\/image\/\"},\"sameAs\":[\"https:\/\/www.facebook.com\/CostaNoroeste\"]}]}<\/script>\n<!-- \/ Yoast SEO plugin. -->","yoast_head_json":{"title":"Contacto I Costanoroeste","description":"Contacto Costanoroeste Surf & Kiteboarding School Lanzarote, Avenida el Marinero, 11 Caleta de Famara, 35558 Teguise Canary Islands","robots":{"index":"index","follow":"follow","max-snippet":"max-snippet:-1","max-image-preview":"max-image-preview:large","max-video-preview":"max-video-preview:-1"},"canonical":"https:\/\/www.costanoroeste.com\/es\/contacto\/","og_locale":"es_ES","og_type":"article","og_title":"Contacto I Costanoroeste","og_description":"Contacto Costanoroeste Surf & Kiteboarding School Lanzarote, Avenida el Marinero, 11 Caleta de Famara, 35558 Teguise Canary Islands","og_url":"https:\/\/www.costanoroeste.com\/es\/contacto\/","og_site_name":"Costanoroeste","article_publisher":"https:\/\/www.facebook.com\/CostaNoroeste","article_modified_time":"2018-01-28T00:56:57+00:00","og_image":[{"width":512,"height":512,"url":"https:\/\/www.costanoroeste.com\/wp-content\/uploads\/2015\/01\/cno_fav_icon.jpg","type":"image\/jpeg"}],"twitter_misc":{"Tiempo de lectura":"1 minuto"},"schema":{"@context":"https:\/\/schema.org","@graph":[{"@type":"WebPage","@id":"https:\/\/www.costanoroeste.com\/es\/contacto\/","url":"https:\/\/www.costanoroeste.com\/es\/contacto\/","name":"Contacto I Costanoroeste","isPartOf":{"@id":"https:\/\/www.costanoroeste.com\/#website"},"datePublished":"2014-02-17T14:47:23+00:00","dateModified":"2018-01-28T00:56:57+00:00","description":"Contacto Costanoroeste Surf & Kiteboarding School Lanzarote, Avenida el Marinero, 11 Caleta de Famara, 35558 Teguise Canary Islands","breadcrumb":{"@id":"https:\/\/www.costanoroeste.com\/es\/contacto\/#breadcrumb"},"inLanguage":"es","potentialAction":[{"@type":"ReadAction","target":["https:\/\/www.costanoroeste.com\/es\/contacto\/"]}]},{"@type":"BreadcrumbList","@id":"https:\/\/www.costanoroeste.com\/es\/contacto\/#breadcrumb","itemListElement":[{"@type":"ListItem","position":1,"name":"Home","item":"https:\/\/www.costanoroeste.com\/es\/"},{"@type":"ListItem","position":2,"name":"Contacto"}]},{"@type":"WebSite","@id":"https:\/\/www.costanoroeste.com\/#website","url":"https:\/\/www.costanoroeste.com\/","name":"Costanoroeste","description":"Surf- &amp; Kite School - Lanzarote","publisher":{"@id":"https:\/\/www.costanoroeste.com\/#organization"},"potentialAction":[{"@type":"SearchAction","target":{"@type":"EntryPoint","urlTemplate":"https:\/\/www.costanoroeste.com\/?s={search_term_string}"},"query-input":"required name=search_term_string"}],"inLanguage":"es"},{"@type":"Organization","@id":"https:\/\/www.costanoroeste.com\/#organization","name":"COSTANOROESTE SURF & KITEBOARDING SCHOOL","url":"https:\/\/www.costanoroeste.com\/","logo":{"@type":"ImageObject","inLanguage":"es","@id":"https:\/\/www.costanoroeste.com\/#\/schema\/logo\/image\/","url":"https:\/\/www.costanoroeste.com\/wp-content\/uploads\/2015\/01\/cropped-cno_fav_icon.jpg","contentUrl":"https:\/\/www.costanoroeste.com\/wp-content\/uploads\/2015\/01\/cropped-cno_fav_icon.jpg","width":512,"height":512,"caption":"COSTANOROESTE SURF & KITEBOARDING SCHOOL"},"image":{"@id":"https:\/\/www.costanoroeste.com\/#\/schema\/logo\/image\/"},"sameAs":["https:\/\/www.facebook.com\/CostaNoroeste"]}]}},"_links":{"self":[{"href":"https:\/\/www.costanoroeste.com\/es\/wp-json\/wp\/v2\/pages\/5772"}],"collection":[{"href":"https:\/\/www.costanoroeste.com\/es\/wp-json\/wp\/v2\/pages"}],"about":[{"href":"https:\/\/www.costanoroeste.com\/es\/wp-json\/wp\/v2\/types\/page"}],"author":[{"embeddable":true,"href":"https:\/\/www.costanoroeste.com\/es\/wp-json\/wp\/v2\/users\/8"}],"replies":[{"embeddable":true,"href":"https:\/\/www.costanoroeste.com\/es\/wp-json\/wp\/v2\/comments?post=5772"}],"version-history":[{"count":5,"href":"https:\/\/www.costanoroeste.com\/es\/wp-json\/wp\/v2\/pages\/5772\/revisions"}],"predecessor-version":[{"id":7208,"href":"https:\/\/www.costanoroeste.com\/es\/wp-json\/wp\/v2\/pages\/5772\/revisions\/7208"}],"wp:attachment":[{"href":"https:\/\/www.costanoroeste.com\/es\/wp-json\/wp\/v2\/media?parent=5772"}],"curies":[{"name":"wp","href":"https:\/\/api.w.org\/{rel}","templated":true}]}}