{"id":5776,"date":"2015-03-01T15:47:58","date_gmt":"2015-03-01T15:47:58","guid":{"rendered":"http:\/\/costanoroeste.com\/lanzarote-2\/"},"modified":"2018-01-28T01:57:17","modified_gmt":"2018-01-28T00:57:17","slug":"lanzarote","status":"publish","type":"page","link":"https:\/\/www.costanoroeste.com\/es\/lanzarote\/","title":{"rendered":"Lanzarote"},"content":{"rendered":"<section class=\"wpb-content-wrapper\"><p>[vc_row overlay_color_opacity=\u00bb50&#8243; overlay_pattern_opacity=\u00bb50&#8243; css=\u00bb.vc_custom_1425324771095{margin-top: 50px !important;margin-bottom: 0px !important;}\u00bb][vc_column]<h1 class=\"mpc-vc-deco-header vc_txt_align_center\"><span class=\"mpcth-color-main-border\">BIENVENIDO A LANZAROTE<\/span><\/h1>[\/vc_column][\/vc_row][vc_row overlay_color_opacity=\u00bb50&#8243; overlay_pattern_opacity=\u00bb50&#8243; full_page_width=\u00bb1&#8243; css=\u00bb.vc_custom_1425324765797{margin-top: 0px !important;padding-top: 500px !important;background-image: url(http:\/\/costanoroeste.com\/wp-content\/uploads\/2015\/03\/Timanfaya-National-Park.jpg?id=3680) !important;}\u00bb bg_image_fb=\u00bb3680&#8243;][vc_column width=\u00bb1\/1&#8243;][\/vc_column][\/vc_row][vc_row css=\u00bb.vc_custom_1425325770867{margin-top: 50px !important;}\u00bb overlay_color_opacity=\u00bb50&#8243; overlay_pattern_opacity=\u00bb50&#8243; toc_id=\u00bblanzarote\u00bb][vc_column]<h1 class=\"mpc-vc-deco-header vc_txt_align_center\"><span class=\"mpcth-color-main-border\">Lanzarote - El Hawaii de Europa<\/span><\/h1>[vc_column_text]<\/p>\n<h4 style=\"text-align: center;\"><strong>Lanzarote es considerado el Hawaii europeo por sus muy buenas condiciones para surfear todo el a\u00f1o e incontables olas tanto para principiantes como avanzados, que junto con sus m\u00edsticos y volc\u00e1nicos paisajes y su agradable clima, hacen de Lanzarote el destino perfecto para unas inolvidables vacaciones de Surf, Kite y SUP.<\/strong><\/h4>\n<p>[\/vc_column_text][\/vc_column][vc_column width=\u00bb1\/1&#8243;][vc_row_inner][vc_column_inner width=\u00bb1\/3&#8243;]<h3 class=\"mpc-vc-deco-header vc_txt_align_left\"><span class=\"mpcth-color-main-border\">UNA ISLA VOLC\u00c1NICA<\/span><\/h3>[vc_column_text]Lanzarote es una isla volc\u00e1nica, donde las corrientes de lava solidificada y formaciones rocosas crean un paisaje irreal \u00fanico, casi lunar en toda la isla, que sin duda le da una belleza \u00fanica y ofrece a sus visitantes muchas cosas por descubrir. El Parque Nacional volc\u00e1nico de El Timanfaya, El cr\u00e1ter de El Golfo y los Hervideros, son sitios que no puedes perderte.<\/p>\n<p>Gracias a la herencia volc\u00e1nica, Lanzarote tambi\u00e9n tiene algunos prestigiosos y deliciosos vinos producidos de una manera bastante inusual con algunos m\u00e9todos de cultivo revolucionarios. Sin duda has de hacer una visita y un tour de degustaci\u00f3n de vinos alrededor de las bodegas de La Geria y echar un vistazo a nuestro particular sistema de cultivo de la uva.[\/vc_column_text][\/vc_column_inner][vc_column_inner width=\u00bb1\/3&#8243;]<h3 class=\"mpc-vc-deco-header vc_txt_align_left\"><span class=\"mpcth-color-main-border\">OLAS TODO EL A\u00d1O<\/span><\/h3>[vc_column_text]Lanzarote es la isla m\u00e1s oriental de las Islas Canarias, ubicada a 100 kil\u00f3metros al oeste de las costas africanas, en el medio del Oc\u00e9ano Atl\u00e1ntico, con las mejores y m\u00e1s potentes olas de octubre a marzo, pero lo suficientemente consistente para coger buenas olas el resto del a\u00f1o.<\/p>\n<p>La Isla recoge la fuerza del mar en sus costas del Norte, Este y Oeste, donde los visitantes pueden hacer surf, Kite, windsurf y SUP como deseen. Aparte de los deportes acu\u00e1ticos, Lanzarote tambi\u00e9n ofrece una gran variedad de actividades: conocer la isla en bicicleta, excursiones de trekking, volar en parapente, submarinismo, golf, equitaci\u00f3n&#8230;[\/vc_column_text][\/vc_column_inner][vc_column_inner width=\u00bb1\/3&#8243;]<h3 class=\"mpc-vc-deco-header vc_txt_align_left\"><span class=\"mpcth-color-main-border\">VIENTOS ALISIOS<\/span><\/h3>[vc_column_text]Lanzarote disfruta de una primavera eterna, como el resto de las Islas Canarias, con mucho sol durante todo el a\u00f1o y con una temperatura ideal, que oscila de d\u00eda entre los 21 y 29\u00baC bajando por la noche entre los 18-25\u00baC. As\u00ed que no te preocupes pues Lanzarote es todo el a\u00f1o un destino perfecto de vacaciones. Tr\u00e1ete ropa de verano, pero tambi\u00e9n algo de abrigo para por las tardes y para los d\u00edas ventosos.[\/vc_column_text]<div id=\"mpcth_icon_list_gGp8N\" class=\"mpc-vc-icons-list mpcth-waypoint\"><style type=\"text\/css\">#mpcth_icon_list_gGp8N { color: #666666; }#mpcth_icon_list_gGp8N li i { color: #1e8bc3; }<\/style><ul><li><i class=\"fa fa-fw fa-angle-right\"><\/i>Latitud: 29\u00ba,0' Norte<\/li><li><i class=\"fa fa-fw fa-angle-right\"><\/i>Longitud: 13\u00ba,92' Oeste<\/li><li><i class=\"fa fa-fw fa-angle-right\"><\/i>Distancia desde \u00c1frica: 100 km<\/li><li><i class=\"fa fa-fw fa-angle-right\"><\/i>Vientos predominantes:,vientos del N-NE llamados \u2018\u2018Alisios\u2018\u2018<\/li><\/ul><\/div>[\/vc_column_inner][\/vc_row_inner][\/vc_column][\/vc_row][vc_row css=\u00bb.vc_custom_1425322413611{padding-top: 350px !important;background-image: url(http:\/\/costanoroeste.com\/wp-content\/uploads\/2015\/03\/Famara-Beach.jpg?id=3676) !important;}\u00bb overlay_color_opacity=\u00bb50&#8243; overlay_pattern_opacity=\u00bb50&#8243; bg_image_fb=\u00bb3676&#8243; full_page_width=\u00bb1&#8243; parallax=\u00bb1&#8243;][vc_column width=\u00bb1\/1&#8243;][\/vc_column][\/vc_row][vc_row css=\u00bb.vc_custom_1425323340575{margin-top: 50px !important;}\u00bb overlay_color_opacity=\u00bb50&#8243; overlay_pattern_opacity=\u00bb50&#8243; toc_id=\u00bbgettingaround\u00bb][vc_column]<h1 class=\"mpc-vc-deco-header vc_txt_align_center\"><span class=\"mpcth-color-main-border\">MOVERSE EN LANZAROTE<\/span><\/h1>[\/vc_column][vc_column width=\u00bb1\/3&#8243; el_class=\u00bbrentacar\u00bb]<h3 class=\"mpc-vc-deco-header vc_txt_align_left\"><span class=\"mpcth-color-main-border\">ALQUILAR UN COCHE<\/span><\/h3>[vc_column_text]Lanzarote tiene muchos lugares para visitar, pero muy poco transporte p\u00fablico para hacerlo. Alquilar un coche es la mejor opci\u00f3n para descubrir la isla y es uno de los sitios m\u00e1s baratos del mundo, los precios son a partir de 15 \u20ac\/d\u00eda.<\/p>\n<p>Si usted est\u00e1 interesado, podemos hacerle la reserva de su coche de alquiler con servicio de recogida en el aeropuerto.<\/p>\n<p>El precio del alquiler incluye:<\/p>\n<p>\u2022 Todo incluido (excepto gasolina)<br \/>\n\u2022 Totalmente asegurado (excepto las llaves del coche y da\u00f1os en los neum\u00e1ticos todoterreno)<br \/>\n\u2022 Segundo conductor gratis<br \/>\n\u2022 NO suplementos adicionales a la excepci\u00f3n: Entrega despu\u00e9s de las 22.00 + 25 \u20ac<br \/>\n\u2022 Los d\u00edas de alquiler se cuentan en periodos de 24 horas, as\u00ed que por favor t\u00e9nganlo en cuenta para hacer su reserva[\/vc_column_text][\/vc_column][vc_column width=\u00bb1\/3&#8243;]<h3 class=\"mpc-vc-deco-header vc_txt_align_left\"><span class=\"mpcth-color-main-border\">Taxi<\/span><\/h3>[vc_column_text]Los taxis est\u00e1n disponibles justo en la puerta de llegadas del aeropuerto de Lanzarote. El viaje a Famara tarda unos 20 minutos y cuesta alrededor de 35 \u20ac por trayecto.[\/vc_column_text]<h3 class=\"mpc-vc-deco-header vc_txt_align_left\"><span class=\"mpcth-color-main-border\">AUTOBUSES A FAMARA<\/span><\/h3>[vc_column_text]No hay autobuses directos desde el aeropuerto de Lanzarote a Famara. Tienes que coger un autob\u00fas que va a Arrecife y luego otro a Caleta de Famara.<\/p>\n<p>Puedes encontrar todos los horarios de autobuses aqu\u00ed:\u00a0<a title=\"www.lanzarote.com\/bus\" href=\"http:\/\/www.lanzarote.com\/bus\" target=\"_blank\">www.lanzarote.com\/bus<\/a>[\/vc_column_text][\/vc_column][vc_column width=\u00bb1\/3&#8243;]<h3 class=\"mpc-vc-deco-header vc_txt_align_left\"><span class=\"mpcth-color-main-border\">AEROPUERTO DE LANZAROTE<\/span><\/h3>[vc_column_text]El aeropuerto internacional de la isla de Lanzarote se encuentra a 5 km al sur oeste de la capital de la isla, Arrecife (ACE), que est\u00e1 a s\u00f3lo 20 minutos en coche de Famara, donde se encuentra nuestra escuela.<\/p>\n<p>Como Lanzarote es un destino tur\u00edstico todo el a\u00f1o, hay un gran n\u00famero de l\u00edneas a\u00e9reas que vuelan a Lanzarote, sin embargo, las conexiones m\u00e1s frecuentes son con el Reino Unido, Alemania y Espa\u00f1a peninsular. Puedes encontrar vuelos a Lanzarote desde la mayor\u00eda de las capitales europeas en diferentes compa\u00f1\u00edas y comparar para buscar la mejor opci\u00f3n en\u00a0<a href=\"http:\/\/www.skyscanner.com\/\" target=\"_blank\">www.skyscanner.com<\/a>. Solo ten cuidado con las compa\u00f1\u00edas a\u00e9reas de bajo coste, ya que est\u00e1n cobrando extra por el equipaje facturado.[\/vc_column_text]<h3 class=\"mpc-vc-deco-header vc_txt_align_left\"><span class=\"mpcth-color-main-border\">TRASLADOS AL AEROPUERTO<\/span><\/h3>[vc_column_text]Por ley, no se nos permite hacer traslados al aeropuerto. Solo los taxis o empresas de transporte autorizados pueden hacerlo.[\/vc_column_text][\/vc_column][\/vc_row]<\/p>\n<\/section>","protected":false},"excerpt":{"rendered":"<p>[vc_row overlay_color_opacity=\u00bb50&#8243; overlay_pattern_opacity=\u00bb50&#8243; css=\u00bb.vc_custom_1425324771095{margin-top: 50px !important;margin-bottom: 0px !important;}\u00bb][vc_column][\/vc_column][\/vc_row][vc_row overlay_color_opacity=\u00bb50&#8243; overlay_pattern_opacity=\u00bb50&#8243; full_page_width=\u00bb1&#8243; css=\u00bb.vc_custom_1425324765797{margin-top: 0px !important;padding-top: 500px !important;background-image: url(http:\/\/costanoroeste.com\/wp-content\/uploads\/2015\/03\/Timanfaya-National-Park.jpg?id=3680) !important;}\u00bb bg_image_fb=\u00bb3680&#8243;][vc_column width=\u00bb1\/1&#8243;][\/vc_column][\/vc_row][vc_row css=\u00bb.vc_custom_1425325770867{margin-top: 50px !important;}\u00bb overlay_color_opacity=\u00bb50&#8243; overlay_pattern_opacity=\u00bb50&#8243; toc_id=\u00bblanzarote\u00bb][vc_column][vc_column_text] Lanzarote es considerado el Hawaii europeo por sus muy buenas condiciones para surfear todo el a\u00f1o e incontables olas tanto para principiantes como avanzados, que junto con sus m\u00edsticos&#8230;<\/p>\n","protected":false},"author":8,"featured_media":0,"parent":0,"menu_order":0,"comment_status":"closed","ping_status":"closed","template":"","meta":[],"acf":[],"yoast_head":"<!-- This site is optimized with the Yoast SEO plugin v20.11 - https:\/\/yoast.com\/wordpress\/plugins\/seo\/ -->\n<title>Lanzarote I Costanoroeste<\/title>\n<meta name=\"description\" content=\"Lanzarote es considerado el Hawaii europeo por sus buenas condiciones para surfear todo el a\u00f1o e incontables olas tanto para principiantes como avanzados.\" \/>\n<meta name=\"robots\" content=\"index, follow, max-snippet:-1, max-image-preview:large, max-video-preview:-1\" \/>\n<link rel=\"canonical\" href=\"https:\/\/www.costanoroeste.com\/es\/lanzarote\/\" \/>\n<meta property=\"og:locale\" content=\"es_ES\" \/>\n<meta property=\"og:type\" content=\"article\" \/>\n<meta property=\"og:title\" content=\"Lanzarote I Costanoroeste\" \/>\n<meta property=\"og:description\" content=\"Lanzarote es considerado el Hawaii europeo por sus buenas condiciones para surfear todo el a\u00f1o e incontables olas tanto para principiantes como avanzados.\" \/>\n<meta property=\"og:url\" content=\"https:\/\/www.costanoroeste.com\/es\/lanzarote\/\" \/>\n<meta property=\"og:site_name\" content=\"Costanoroeste\" \/>\n<meta property=\"article:publisher\" content=\"https:\/\/www.facebook.com\/CostaNoroeste\" \/>\n<meta property=\"article:modified_time\" content=\"2018-01-28T00:57:17+00:00\" \/>\n<meta property=\"og:image\" content=\"https:\/\/www.costanoroeste.com\/wp-content\/uploads\/2015\/01\/cno_fav_icon.jpg\" \/>\n\t<meta property=\"og:image:width\" content=\"512\" \/>\n\t<meta property=\"og:image:height\" content=\"512\" \/>\n\t<meta property=\"og:image:type\" content=\"image\/jpeg\" \/>\n<meta name=\"twitter:label1\" content=\"Tiempo de lectura\" \/>\n\t<meta name=\"twitter:data1\" content=\"6 minutos\" \/>\n<script type=\"application\/ld+json\" class=\"yoast-schema-graph\">{\"@context\":\"https:\/\/schema.org\",\"@graph\":[{\"@type\":\"WebPage\",\"@id\":\"https:\/\/www.costanoroeste.com\/es\/lanzarote\/\",\"url\":\"https:\/\/www.costanoroeste.com\/es\/lanzarote\/\",\"name\":\"Lanzarote I Costanoroeste\",\"isPartOf\":{\"@id\":\"https:\/\/www.costanoroeste.com\/#website\"},\"datePublished\":\"2015-03-01T15:47:58+00:00\",\"dateModified\":\"2018-01-28T00:57:17+00:00\",\"description\":\"Lanzarote es considerado el Hawaii europeo por sus buenas condiciones para surfear todo el a\u00f1o e incontables olas tanto para principiantes como avanzados.\",\"breadcrumb\":{\"@id\":\"https:\/\/www.costanoroeste.com\/es\/lanzarote\/#breadcrumb\"},\"inLanguage\":\"es\",\"potentialAction\":[{\"@type\":\"ReadAction\",\"target\":[\"https:\/\/www.costanoroeste.com\/es\/lanzarote\/\"]}]},{\"@type\":\"BreadcrumbList\",\"@id\":\"https:\/\/www.costanoroeste.com\/es\/lanzarote\/#breadcrumb\",\"itemListElement\":[{\"@type\":\"ListItem\",\"position\":1,\"name\":\"Home\",\"item\":\"https:\/\/www.costanoroeste.com\/es\/\"},{\"@type\":\"ListItem\",\"position\":2,\"name\":\"Lanzarote\"}]},{\"@type\":\"WebSite\",\"@id\":\"https:\/\/www.costanoroeste.com\/#website\",\"url\":\"https:\/\/www.costanoroeste.com\/\",\"name\":\"Costanoroeste\",\"description\":\"Surf- &amp; Kite School - Lanzarote\",\"publisher\":{\"@id\":\"https:\/\/www.costanoroeste.com\/#organization\"},\"potentialAction\":[{\"@type\":\"SearchAction\",\"target\":{\"@type\":\"EntryPoint\",\"urlTemplate\":\"https:\/\/www.costanoroeste.com\/?s={search_term_string}\"},\"query-input\":\"required name=search_term_string\"}],\"inLanguage\":\"es\"},{\"@type\":\"Organization\",\"@id\":\"https:\/\/www.costanoroeste.com\/#organization\",\"name\":\"COSTANOROESTE SURF & KITEBOARDING SCHOOL\",\"url\":\"https:\/\/www.costanoroeste.com\/\",\"logo\":{\"@type\":\"ImageObject\",\"inLanguage\":\"es\",\"@id\":\"https:\/\/www.costanoroeste.com\/#\/schema\/logo\/image\/\",\"url\":\"https:\/\/www.costanoroeste.com\/wp-content\/uploads\/2015\/01\/cropped-cno_fav_icon.jpg\",\"contentUrl\":\"https:\/\/www.costanoroeste.com\/wp-content\/uploads\/2015\/01\/cropped-cno_fav_icon.jpg\",\"width\":512,\"height\":512,\"caption\":\"COSTANOROESTE SURF & KITEBOARDING SCHOOL\"},\"image\":{\"@id\":\"https:\/\/www.costanoroeste.com\/#\/schema\/logo\/image\/\"},\"sameAs\":[\"https:\/\/www.facebook.com\/CostaNoroeste\"]}]}<\/script>\n<!-- \/ Yoast SEO plugin. -->","yoast_head_json":{"title":"Lanzarote I Costanoroeste","description":"Lanzarote es considerado el Hawaii europeo por sus buenas condiciones para surfear todo el a\u00f1o e incontables olas tanto para principiantes como avanzados.","robots":{"index":"index","follow":"follow","max-snippet":"max-snippet:-1","max-image-preview":"max-image-preview:large","max-video-preview":"max-video-preview:-1"},"canonical":"https:\/\/www.costanoroeste.com\/es\/lanzarote\/","og_locale":"es_ES","og_type":"article","og_title":"Lanzarote I Costanoroeste","og_description":"Lanzarote es considerado el Hawaii europeo por sus buenas condiciones para surfear todo el a\u00f1o e incontables olas tanto para principiantes como avanzados.","og_url":"https:\/\/www.costanoroeste.com\/es\/lanzarote\/","og_site_name":"Costanoroeste","article_publisher":"https:\/\/www.facebook.com\/CostaNoroeste","article_modified_time":"2018-01-28T00:57:17+00:00","og_image":[{"width":512,"height":512,"url":"https:\/\/www.costanoroeste.com\/wp-content\/uploads\/2015\/01\/cno_fav_icon.jpg","type":"image\/jpeg"}],"twitter_misc":{"Tiempo de lectura":"6 minutos"},"schema":{"@context":"https:\/\/schema.org","@graph":[{"@type":"WebPage","@id":"https:\/\/www.costanoroeste.com\/es\/lanzarote\/","url":"https:\/\/www.costanoroeste.com\/es\/lanzarote\/","name":"Lanzarote I Costanoroeste","isPartOf":{"@id":"https:\/\/www.costanoroeste.com\/#website"},"datePublished":"2015-03-01T15:47:58+00:00","dateModified":"2018-01-28T00:57:17+00:00","description":"Lanzarote es considerado el Hawaii europeo por sus buenas condiciones para surfear todo el a\u00f1o e incontables olas tanto para principiantes como avanzados.","breadcrumb":{"@id":"https:\/\/www.costanoroeste.com\/es\/lanzarote\/#breadcrumb"},"inLanguage":"es","potentialAction":[{"@type":"ReadAction","target":["https:\/\/www.costanoroeste.com\/es\/lanzarote\/"]}]},{"@type":"BreadcrumbList","@id":"https:\/\/www.costanoroeste.com\/es\/lanzarote\/#breadcrumb","itemListElement":[{"@type":"ListItem","position":1,"name":"Home","item":"https:\/\/www.costanoroeste.com\/es\/"},{"@type":"ListItem","position":2,"name":"Lanzarote"}]},{"@type":"WebSite","@id":"https:\/\/www.costanoroeste.com\/#website","url":"https:\/\/www.costanoroeste.com\/","name":"Costanoroeste","description":"Surf- &amp; Kite School - Lanzarote","publisher":{"@id":"https:\/\/www.costanoroeste.com\/#organization"},"potentialAction":[{"@type":"SearchAction","target":{"@type":"EntryPoint","urlTemplate":"https:\/\/www.costanoroeste.com\/?s={search_term_string}"},"query-input":"required name=search_term_string"}],"inLanguage":"es"},{"@type":"Organization","@id":"https:\/\/www.costanoroeste.com\/#organization","name":"COSTANOROESTE SURF & KITEBOARDING SCHOOL","url":"https:\/\/www.costanoroeste.com\/","logo":{"@type":"ImageObject","inLanguage":"es","@id":"https:\/\/www.costanoroeste.com\/#\/schema\/logo\/image\/","url":"https:\/\/www.costanoroeste.com\/wp-content\/uploads\/2015\/01\/cropped-cno_fav_icon.jpg","contentUrl":"https:\/\/www.costanoroeste.com\/wp-content\/uploads\/2015\/01\/cropped-cno_fav_icon.jpg","width":512,"height":512,"caption":"COSTANOROESTE SURF & KITEBOARDING SCHOOL"},"image":{"@id":"https:\/\/www.costanoroeste.com\/#\/schema\/logo\/image\/"},"sameAs":["https:\/\/www.facebook.com\/CostaNoroeste"]}]}},"_links":{"self":[{"href":"https:\/\/www.costanoroeste.com\/es\/wp-json\/wp\/v2\/pages\/5776"}],"collection":[{"href":"https:\/\/www.costanoroeste.com\/es\/wp-json\/wp\/v2\/pages"}],"about":[{"href":"https:\/\/www.costanoroeste.com\/es\/wp-json\/wp\/v2\/types\/page"}],"author":[{"embeddable":true,"href":"https:\/\/www.costanoroeste.com\/es\/wp-json\/wp\/v2\/users\/8"}],"replies":[{"embeddable":true,"href":"https:\/\/www.costanoroeste.com\/es\/wp-json\/wp\/v2\/comments?post=5776"}],"version-history":[{"count":5,"href":"https:\/\/www.costanoroeste.com\/es\/wp-json\/wp\/v2\/pages\/5776\/revisions"}],"predecessor-version":[{"id":7217,"href":"https:\/\/www.costanoroeste.com\/es\/wp-json\/wp\/v2\/pages\/5776\/revisions\/7217"}],"wp:attachment":[{"href":"https:\/\/www.costanoroeste.com\/es\/wp-json\/wp\/v2\/media?parent=5776"}],"curies":[{"name":"wp","href":"https:\/\/api.w.org\/{rel}","templated":true}]}}