{"id":6128,"date":"2015-03-19T17:38:08","date_gmt":"2015-03-19T17:38:08","guid":{"rendered":"http:\/\/costanoroeste.com\/product\/apartamento-en-la-santa\/"},"modified":"2018-01-28T02:11:02","modified_gmt":"2018-01-28T01:11:02","slug":"apartamento-en-la-santa","status":"publish","type":"product","link":"https:\/\/www.costanoroeste.com\/es\/producto\/apartamento-en-la-santa\/","title":{"rendered":"Apartamento en La Santa"},"content":{"rendered":"<section class=\"wpb-content-wrapper\"><p>[vc_row full_width=\u00bb\u00bb font_color=\u00bb\u00bb overlay_color=\u00bb\u00bb overlay_color_opacity=\u00bb50&#8243; overlay_pattern=\u00bb\u00bb overlay_pattern_opacity=\u00bb50&#8243; full_page_width=\u00bb\u00bb parallax=\u00bb\u00bb toc_id=\u00bb\u00bb bg_image_fb=\u00bb\u00bb bg_image_repeat_fb=\u00bb\u00bb css_animation=\u00bb\u00bb el_id=\u00bb\u00bb][vc_column width=\u00bb1\/1&#8243;][vc_tabs interval=\u00bb0&#8243;][vc_tab title=\u00bbDescripc\u00edon\u00bb tab_id=\u00bb053d1526-7bc5-0&#8243;][vc_column_text]<br \/>\nLos apartamentos se encuentran localizados en el tranquilo pueblo de pescadores de La Santa, en la costa Noroeste de la Isla.  Est\u00e1n situados a 100 metros del Oc\u00e9ano, con vistas directas a las olas de la Bah\u00eda. La Santa se encuentra a 15 minutos conduciendo de Famara.<\/p>\n<p><strong>Tipo de acomodaci\u00f3n<\/strong><br \/>\nTotalmente equipados, apartamentos de 1 y 2 habitaciones con balc\u00f3n y terraza en la azotea<\/p>\n<p><strong>Perfecto para<\/strong><br \/>\nSurferos avanzados e intermedios, grupos de amigos, parejas<\/p>\n<p><strong>Lo mejor<\/strong><br \/>\n\u2713 Surfear o ver surfear las mejores olas y m\u00e1s famosas de Europa: \u2018\u2018El Quemao\u201c, La Izquierda de la Santa o la derecha de \u201cMorro Negro\u201d y para intermedios la derecha y la izquierda de la Bah\u00eda de La Santa<br \/>\n\u2713 Las mejores puestas de sol de toda la isla<br \/>\n\u2713 Transporte incluido para las clases a Famara<br \/>\n\u2713 Wifi gratuito,Televisi\u00f3n Sat\u00e9lite y \u00c1rea de BBQ<\/p>\n<p>[\/vc_column_text][\/vc_tab][vc_tab title=\u00bbDetalles de la Reserva\u00bb tab_id=\u00bb1439382753626-2-10&#8243;][vc_column_text]\u2713 Solo acomodaci\u00f3n<br \/>\n\u2713 Todos los precios son por semana<br \/>\n\u2713 Disponibles solo en temporada baja[\/vc_column_text][\/vc_tab][vc_tab title=\u00bbPrecios\u00bb tab_id=\u00bb1439311333856-4-3&#8243;]<div id=\"mpcth_grid\" class=\"mpcth-columns-2\"><table class=\"costa_table\">\r\n<tbody>\r\n<tr>\r\n<td width=\"\"><strong>Acomodaci\u00f3n<\/strong><\/td>\r\n<td width=\"\"><\/td>\r\n<td width=\"\"><\/td>\r\n<\/tr>\r\n<tr>\r\n<td><\/td>\r\n<td><\/td>\r\n<td><\/td>\r\n<\/tr>\r\n<tr>\r\n<td width=\"\"><strong>Surf House Famara<\/strong><\/td>\r\n<td width=\"\"><strong>1\u00a0semana<\/strong><\/td>\r\n<td width=\"\"><\/td>\r\n<\/tr>\r\n<tr>\r\n<td><a href=\"\/costanoroeste\/?p=6088\">1 person shared accommodation<\/a><\/td>\r\n<td>\u20ac 150.00<\/td>\r\n<td><\/td>\r\n<\/tr>\r\n<tr>\r\n<td><a href=\"\/costanoroeste\/?p=6088\">2 people private accommodation<\/a><\/td>\r\n<td>\u20ac 250.00<\/td>\r\n<td><\/td>\r\n<\/tr>\r\n<tr>\r\n<td><\/td>\r\n<td><\/td>\r\n<td><\/td>\r\n<\/tr>\r\n<tr>\r\n<td><strong>Apartments \/ Bungalow<\/strong><\/td>\r\n<td><strong>1 semana\u00a0\/ 2 personas<\/strong><\/td>\r\n<td><strong>1 semana \/ 4 personas<\/strong><\/td>\r\n<\/tr>\r\n<tr>\r\n<td><a href=\"\/costanoroeste\/?p=6128\">Apartment La Santa<\/a><\/td>\r\n<td>\u20ac 240.00<\/td>\r\n<td>\u20ac 280.00<\/td>\r\n<\/tr>\r\n<tr>\r\n<td><a href=\"\/costanoroeste\/?p=6104\">Apartment Famara<\/a><\/td>\r\n<td>\u20ac 295.00<\/td>\r\n<td>\u20ac 380.00<\/td>\r\n<\/tr>\r\n<tr>\r\n<td><a href=\"\/costanoroeste\/?p=6118\">Bungalow Famara<\/a><\/td>\r\n<td>\u20ac 650.00<\/td>\r\n<td>\u20ac 875.00<\/td>\r\n<\/tr>\r\n<\/tbody>\r\n<\/table><\/div>[\/vc_tab][\/vc_tabs][\/vc_column][\/vc_row][vc_row][vc_column width=\u00bb1\/1&#8243;][vc_separator color=\u00bbgrey\u00bb style=\u00bb\u00bb el_width=\u00bb100&#8243; el_align=\u00bbcenter\u00bb]<h3 class=\"mpc-vc-deco-header vc_txt_align_left\"><span class=\"mpcth-color-main-border\">Env\u00eda una solicitud<\/span><\/h3>\n<div class=\"wpcf7 no-js\" id=\"wpcf7-f6994-o1\" lang=\"en-US\" dir=\"ltr\">\n<div class=\"screen-reader-response\"><p role=\"status\" aria-live=\"polite\" aria-atomic=\"true\"><\/p> <ul><\/ul><\/div>\n<form action=\"\/es\/wp-json\/wp\/v3\/product\/6128#wpcf7-f6994-o1\" method=\"post\" class=\"wpcf7-form init\" aria-label=\"Contact form\" novalidate=\"novalidate\" data-status=\"init\">\n<div style=\"display: none;\">\n<input type=\"hidden\" name=\"_wpcf7\" value=\"6994\" \/>\n<input type=\"hidden\" name=\"_wpcf7_version\" value=\"5.7.6\" \/>\n<input type=\"hidden\" name=\"_wpcf7_locale\" value=\"en_US\" \/>\n<input type=\"hidden\" name=\"_wpcf7_unit_tag\" value=\"wpcf7-f6994-o1\" \/>\n<input type=\"hidden\" name=\"_wpcf7_container_post\" value=\"0\" \/>\n<input type=\"hidden\" name=\"_wpcf7_posted_data_hash\" value=\"\" \/>\n<\/div>\n<div id=\"form_lang_en\">\n\t<h3>Esto es s\u00f3lo una solicitud y no una reserva.<br \/>\nDespu\u00e9s de recibir su correo electr\u00f3nico nos pondremos en contacto para la reserva.\n\t<\/h3>\n\t<div id=\"request_form\">\n\t\t<div id=\"request_form_left\">\n\t\t\t<div class=\"firstname\">\n\t\t\t\t<p><strong>Nombre *<\/strong><br \/>\n<span class=\"wpcf7-form-control-wrap\" data-name=\"firstname\"><input size=\"40\" maxlength=\"40\" class=\"wpcf7-form-control wpcf7-text wpcf7-validates-as-required\" id=\"firstname\" aria-required=\"true\" aria-invalid=\"false\" value=\"\" type=\"text\" name=\"firstname\" \/><\/span>\n\t\t\t\t<\/p>\n\t\t\t<\/div>\n\t\t\t<div class=\"lastname\">\n\t\t\t\t<p><strong>Apellidos *<\/strong><br \/>\n<span class=\"wpcf7-form-control-wrap\" data-name=\"lastname\"><input size=\"40\" maxlength=\"30\" class=\"wpcf7-form-control wpcf7-text wpcf7-validates-as-required\" id=\"lastname\" aria-required=\"true\" aria-invalid=\"false\" value=\"\" type=\"text\" name=\"lastname\" \/><\/span>\n\t\t\t\t<\/p>\n\t\t\t<\/div>\n\t\t\t<div class=\"country\">\n\t\t\t\t<p><strong>Pais *<\/strong><br \/>\n<span class=\"wpcf7-form-control-wrap\" data-name=\"country\"><input size=\"40\" maxlength=\"30\" class=\"wpcf7-form-control wpcf7-text wpcf7-validates-as-required\" id=\"country\" aria-required=\"true\" aria-invalid=\"false\" value=\"\" type=\"text\" name=\"country\" \/><\/span>\n\t\t\t\t<\/p>\n\t\t\t<\/div>\n\t\t\t<div class=\"telephone\">\n\t\t\t\t<p><strong>Telf *<\/strong><br \/>\n<span class=\"wpcf7-form-control-wrap\" data-name=\"telephone\"><input size=\"40\" class=\"wpcf7-form-control wpcf7-text wpcf7-tel wpcf7-validates-as-required wpcf7-validates-as-tel\" id=\"telephone\" aria-required=\"true\" aria-invalid=\"false\" value=\"\" type=\"tel\" name=\"telephone\" \/><\/span>\n\t\t\t\t<\/p>\n\t\t\t<\/div>\n\t\t\t<div class=\"email\">\n\t\t\t\t<p><strong>E-Mail *<\/strong><br \/>\n<span class=\"wpcf7-form-control-wrap\" data-name=\"your-email\"><input size=\"40\" class=\"wpcf7-form-control wpcf7-text wpcf7-email wpcf7-validates-as-required wpcf7-validates-as-email\" aria-required=\"true\" aria-invalid=\"false\" value=\"\" type=\"email\" name=\"your-email\" \/><\/span>\n\t\t\t\t<\/p>\n\t\t\t<\/div>\n\t\t\t<div class=\"birthday\">\n\t\t\t\t<p><strong>D\u00eda de Nacimiento<\/strong><br \/>\n<span class=\"wpcf7-form-control-wrap\" data-name=\"birthday\"><input size=\"40\" maxlength=\"10\" class=\"wpcf7-form-control wpcf7-text\" id=\"birthday\" aria-invalid=\"false\" value=\"dd.mm.yyyy\" type=\"text\" name=\"birthday\" \/><\/span>\n\t\t\t\t<\/p>\n\t\t\t<\/div>\n\t\t<\/div>\n\t\t<div id=\"request_form_right\">\n\t\t\t<div class=\"arrival\">\n\t\t\t\t<p><strong>D\u00eda de llegada *<\/strong><br \/>\n<span class=\"wpcf7-form-control-wrap\" data-name=\"arrival\"><input class=\"wpcf7-form-control wpcf7-date wpcf7-validates-as-required wpcf7-validates-as-date\" aria-required=\"true\" aria-invalid=\"false\" placeholder=\"\" value=\"\" type=\"date\" name=\"arrival\" \/><\/span>\n\t\t\t\t<\/p>\n\t\t\t<\/div>\n\t\t\t<div class=\"arrivaltime\">\n\t\t\t\t<p><strong>Hora de llegada *<\/strong><br \/>\n<span class=\"wpcf7-form-control-wrap\" data-name=\"arrivaltime\"><select class=\"wpcf7-form-control wpcf7-select\" aria-invalid=\"false\" name=\"arrivaltime\"><option value=\"00.00\">00.00<\/option><option value=\"01.00\">01.00<\/option><option value=\"02.00\">02.00<\/option><option value=\"03.00\">03.00<\/option><option value=\"04.00\">04.00<\/option><option value=\"05.00\">05.00<\/option><option value=\"06.00\">06.00<\/option><option value=\"07.00\">07.00<\/option><option value=\"08.00\">08.00<\/option><option value=\"09.00\">09.00<\/option><option value=\"10.00\">10.00<\/option><option value=\"11.00\">11.00<\/option><option value=\"12.00\">12.00<\/option><option value=\"13.00\">13.00<\/option><option value=\"14.00\">14.00<\/option><option value=\"15.00\">15.00<\/option><option value=\"16.00\">16.00<\/option><option value=\"17.00\">17.00<\/option><option value=\"18.00\">18.00<\/option><option value=\"19.00\">19.00<\/option><option value=\"20.00\">20.00<\/option><option value=\"21.00\">21.00<\/option><option value=\"22.00\">22.00<\/option><option value=\"23.00\">23.00<\/option><\/select><\/span>\n\t\t\t\t<\/p>\n\t\t\t<\/div>\n\t\t\t<div class=\"departure\">\n\t\t\t\t<p><strong>D\u00eda de Salida *<\/strong><br \/>\n<span class=\"wpcf7-form-control-wrap\" data-name=\"departure\"><input class=\"wpcf7-form-control wpcf7-date wpcf7-validates-as-required wpcf7-validates-as-date\" aria-required=\"true\" aria-invalid=\"false\" placeholder=\"D\u00eda de Salida\" value=\"\" type=\"date\" name=\"departure\" \/><\/span>\n\t\t\t\t<\/p>\n\t\t\t<\/div>\n\t\t<\/div>\n\t\t<p><span class=\"wpcf7-form-control-wrap\" data-name=\"number_people\"><select class=\"wpcf7-form-control wpcf7-select\" aria-invalid=\"false\" name=\"number_people\"><option value=\"N\u00famero de Personas\">N\u00famero de Personas<\/option><option value=\"1 Persona\">1 Persona<\/option><option value=\"2 Personas\">2 Personas<\/option><option value=\"3 Personas\">3 Personas<\/option><option value=\"4 Personas\">4 Personas<\/option><\/select><\/span>\n\t\t<\/p>\n\t\t<p><span class=\"wpcf7-form-control-wrap\" data-name=\"duration\"><select class=\"wpcf7-form-control wpcf7-select\" aria-invalid=\"false\" name=\"duration\"><option value=\"Duraci\u00f3n de su estancia\">Duraci\u00f3n de su estancia<\/option><option value=\"1 Semana\">1 Semana<\/option><option value=\"2 Semanas\">2 Semanas<\/option><\/select><\/span>\n\t\t<\/p>\n\t\t<p><strong>Alquiler de coche<\/strong><br \/>\n<span class=\"wpcf7-form-control-wrap\" data-name=\"rentalcar\"><span class=\"wpcf7-form-control wpcf7-checkbox\" id=\"rentalcar\"><span class=\"wpcf7-list-item first last\"><input type=\"checkbox\" name=\"rentalcar[]\" value=\"Quiero alquilar un coche\" \/><span class=\"wpcf7-list-item-label\">Quiero alquilar un coche<\/span><\/span><\/span><\/span>\n\t\t<\/p>\n\t\t<div class=\"message\">\n\t\t\t<p><strong>Tu mensaje<\/strong><br \/>\n<span class=\"wpcf7-form-control-wrap\" data-name=\"message\"><textarea cols=\"50\" rows=\"10\" class=\"wpcf7-form-control wpcf7-textarea\" id=\"message\" aria-invalid=\"false\" name=\"message\"><\/textarea><\/span>\n\t\t\t<\/p>\n\t\t<\/div>\n\t\t<div>\n\t\t\t<p><input class=\"wpcf7-form-control has-spinner wpcf7-submit\" type=\"submit\" value=\"Env\u00eda una solicitud\" \/>\n\t\t\t<\/p>\n\t\t<\/div>\n\t<\/div>\n<\/div>\n<div class=\"wpcf7-response-output\" aria-hidden=\"true\"><\/div>\n<\/form>\n<\/div>\n[vc_separator color=\u00bbgrey\u00bb el_width=\u00bb100&#8243; el_align=\u00bbcenter\u00bb][\/vc_column][\/vc_row][vc_row][vc_column width=\u00bb1\/1&#8243;]<h2 class=\"mpc-vc-deco-header vc_txt_align_left\"><span class=\"mpcth-color-main-border\">Apartamento en La Santa<\/span><\/h2>[vc_column_text][vc_gallery type=\u00bbimage_grid\u00bb interval=\u00bb3&#8243; images=\u00bb4481,4480,4485,4479,4483,4482,4484&#8243; onclick=\u00bblink_image\u00bb custom_links_target=\u00bb_self\u00bb][\/vc_column][\/vc_row]<\/p>\n<\/section>","protected":false},"excerpt":{"rendered":"<p>[vc_row full_width=\u00bb\u00bb font_color=\u00bb\u00bb overlay_color=\u00bb\u00bb overlay_color_opacity=\u00bb50&#8243; overlay_pattern=\u00bb\u00bb overlay_pattern_opacity=\u00bb50&#8243; full_page_width=\u00bb\u00bb parallax=\u00bb\u00bb toc_id=\u00bb\u00bb bg_image_fb=\u00bb\u00bb bg_image_repeat_fb=\u00bb\u00bb css_animation=\u00bb\u00bb el_id=\u00bb\u00bb][vc_column width=\u00bb1\/1&#8243;][vc_tabs interval=\u00bb0&#8243;][vc_tab title=\u00bbDescripc\u00edon\u00bb tab_id=\u00bb053d1526-7bc5-0&#8243;][vc_column_text] Los apartamentos se encuentran localizados en el tranquilo pueblo de pescadores de La Santa, en la costa Noroeste de la Isla. Est\u00e1n situados a 100 metros del Oc\u00e9ano, con vistas directas a las olas de la Bah\u00eda&#8230;.<\/p>\n","protected":false},"featured_media":5558,"comment_status":"closed","ping_status":"closed","template":"","meta":[],"product_cat":[458],"product_tag":[],"yoast_head":"<!-- This site is optimized with the Yoast SEO plugin v20.11 - https:\/\/yoast.com\/wordpress\/plugins\/seo\/ -->\n<title>Apartamento en La Santa I Costanoroeste Surf &amp; Kiteboarding<\/title>\n<meta name=\"description\" content=\"Costanoroeste ofrece todos los d\u00edas una gran variedad de cursos de surf, kite, SUP-Stand Up Paddling y yoga para todos los niveles.\" \/>\n<meta name=\"robots\" content=\"index, follow, max-snippet:-1, max-image-preview:large, max-video-preview:-1\" \/>\n<link rel=\"canonical\" href=\"https:\/\/www.costanoroeste.com\/es\/producto\/apartamento-en-la-santa\/\" \/>\n<meta property=\"og:locale\" content=\"es_ES\" \/>\n<meta property=\"og:type\" content=\"article\" \/>\n<meta property=\"og:title\" content=\"Apartamento en La Santa I Costanoroeste Surf &amp; Kiteboarding\" \/>\n<meta property=\"og:description\" content=\"Costanoroeste ofrece todos los d\u00edas una gran variedad de cursos de surf, kite, SUP-Stand Up Paddling y yoga para todos los niveles.\" \/>\n<meta property=\"og:url\" content=\"https:\/\/www.costanoroeste.com\/es\/producto\/apartamento-en-la-santa\/\" \/>\n<meta property=\"og:site_name\" content=\"Costanoroeste\" \/>\n<meta property=\"article:publisher\" content=\"https:\/\/www.facebook.com\/CostaNoroeste\" \/>\n<meta property=\"article:modified_time\" content=\"2018-01-28T01:11:02+00:00\" \/>\n<meta property=\"og:image\" content=\"https:\/\/www.costanoroeste.com\/wp-content\/uploads\/2015\/03\/CNO_Apart_LaSanta_8.jpg\" \/>\n\t<meta property=\"og:image:width\" content=\"600\" \/>\n\t<meta property=\"og:image:height\" content=\"600\" \/>\n\t<meta property=\"og:image:type\" content=\"image\/jpeg\" \/>\n<meta name=\"twitter:label1\" content=\"Tiempo de lectura\" \/>\n\t<meta name=\"twitter:data1\" content=\"2 minutos\" \/>\n<script type=\"application\/ld+json\" class=\"yoast-schema-graph\">{\"@context\":\"https:\/\/schema.org\",\"@graph\":[{\"@type\":\"WebPage\",\"@id\":\"https:\/\/www.costanoroeste.com\/es\/producto\/apartamento-en-la-santa\/\",\"url\":\"https:\/\/www.costanoroeste.com\/es\/producto\/apartamento-en-la-santa\/\",\"name\":\"Apartamento en La Santa I Costanoroeste Surf & Kiteboarding\",\"isPartOf\":{\"@id\":\"https:\/\/www.costanoroeste.com\/#website\"},\"datePublished\":\"2015-03-19T17:38:08+00:00\",\"dateModified\":\"2018-01-28T01:11:02+00:00\",\"description\":\"Costanoroeste ofrece todos los d\u00edas una gran variedad de cursos de surf, kite, SUP-Stand Up Paddling y yoga para todos los niveles.\",\"breadcrumb\":{\"@id\":\"https:\/\/www.costanoroeste.com\/es\/producto\/apartamento-en-la-santa\/#breadcrumb\"},\"inLanguage\":\"es\",\"potentialAction\":[{\"@type\":\"ReadAction\",\"target\":[\"https:\/\/www.costanoroeste.com\/es\/producto\/apartamento-en-la-santa\/\"]}]},{\"@type\":\"BreadcrumbList\",\"@id\":\"https:\/\/www.costanoroeste.com\/es\/producto\/apartamento-en-la-santa\/#breadcrumb\",\"itemListElement\":[{\"@type\":\"ListItem\",\"position\":1,\"name\":\"Home\",\"item\":\"https:\/\/www.costanoroeste.com\/es\/\"},{\"@type\":\"ListItem\",\"position\":2,\"name\":\"Deals (es)\",\"item\":\"https:\/\/www.costanoroeste.com\/es\/deals\/\"},{\"@type\":\"ListItem\",\"position\":3,\"name\":\"Apartamento en La Santa\"}]},{\"@type\":\"WebSite\",\"@id\":\"https:\/\/www.costanoroeste.com\/#website\",\"url\":\"https:\/\/www.costanoroeste.com\/\",\"name\":\"Costanoroeste\",\"description\":\"Surf- &amp; Kite School - Lanzarote\",\"publisher\":{\"@id\":\"https:\/\/www.costanoroeste.com\/#organization\"},\"potentialAction\":[{\"@type\":\"SearchAction\",\"target\":{\"@type\":\"EntryPoint\",\"urlTemplate\":\"https:\/\/www.costanoroeste.com\/?s={search_term_string}\"},\"query-input\":\"required name=search_term_string\"}],\"inLanguage\":\"es\"},{\"@type\":\"Organization\",\"@id\":\"https:\/\/www.costanoroeste.com\/#organization\",\"name\":\"COSTANOROESTE SURF & KITEBOARDING SCHOOL\",\"url\":\"https:\/\/www.costanoroeste.com\/\",\"logo\":{\"@type\":\"ImageObject\",\"inLanguage\":\"es\",\"@id\":\"https:\/\/www.costanoroeste.com\/#\/schema\/logo\/image\/\",\"url\":\"https:\/\/www.costanoroeste.com\/wp-content\/uploads\/2015\/01\/cropped-cno_fav_icon.jpg\",\"contentUrl\":\"https:\/\/www.costanoroeste.com\/wp-content\/uploads\/2015\/01\/cropped-cno_fav_icon.jpg\",\"width\":512,\"height\":512,\"caption\":\"COSTANOROESTE SURF & KITEBOARDING SCHOOL\"},\"image\":{\"@id\":\"https:\/\/www.costanoroeste.com\/#\/schema\/logo\/image\/\"},\"sameAs\":[\"https:\/\/www.facebook.com\/CostaNoroeste\"]}]}<\/script>\n<!-- \/ Yoast SEO plugin. -->","yoast_head_json":{"title":"Apartamento en La Santa I Costanoroeste Surf & Kiteboarding","description":"Costanoroeste ofrece todos los d\u00edas una gran variedad de cursos de surf, kite, SUP-Stand Up Paddling y yoga para todos los niveles.","robots":{"index":"index","follow":"follow","max-snippet":"max-snippet:-1","max-image-preview":"max-image-preview:large","max-video-preview":"max-video-preview:-1"},"canonical":"https:\/\/www.costanoroeste.com\/es\/producto\/apartamento-en-la-santa\/","og_locale":"es_ES","og_type":"article","og_title":"Apartamento en La Santa I Costanoroeste Surf & Kiteboarding","og_description":"Costanoroeste ofrece todos los d\u00edas una gran variedad de cursos de surf, kite, SUP-Stand Up Paddling y yoga para todos los niveles.","og_url":"https:\/\/www.costanoroeste.com\/es\/producto\/apartamento-en-la-santa\/","og_site_name":"Costanoroeste","article_publisher":"https:\/\/www.facebook.com\/CostaNoroeste","article_modified_time":"2018-01-28T01:11:02+00:00","og_image":[{"width":600,"height":600,"url":"https:\/\/www.costanoroeste.com\/wp-content\/uploads\/2015\/03\/CNO_Apart_LaSanta_8.jpg","type":"image\/jpeg"}],"twitter_misc":{"Tiempo de lectura":"2 minutos"},"schema":{"@context":"https:\/\/schema.org","@graph":[{"@type":"WebPage","@id":"https:\/\/www.costanoroeste.com\/es\/producto\/apartamento-en-la-santa\/","url":"https:\/\/www.costanoroeste.com\/es\/producto\/apartamento-en-la-santa\/","name":"Apartamento en La Santa I Costanoroeste Surf & Kiteboarding","isPartOf":{"@id":"https:\/\/www.costanoroeste.com\/#website"},"datePublished":"2015-03-19T17:38:08+00:00","dateModified":"2018-01-28T01:11:02+00:00","description":"Costanoroeste ofrece todos los d\u00edas una gran variedad de cursos de surf, kite, SUP-Stand Up Paddling y yoga para todos los niveles.","breadcrumb":{"@id":"https:\/\/www.costanoroeste.com\/es\/producto\/apartamento-en-la-santa\/#breadcrumb"},"inLanguage":"es","potentialAction":[{"@type":"ReadAction","target":["https:\/\/www.costanoroeste.com\/es\/producto\/apartamento-en-la-santa\/"]}]},{"@type":"BreadcrumbList","@id":"https:\/\/www.costanoroeste.com\/es\/producto\/apartamento-en-la-santa\/#breadcrumb","itemListElement":[{"@type":"ListItem","position":1,"name":"Home","item":"https:\/\/www.costanoroeste.com\/es\/"},{"@type":"ListItem","position":2,"name":"Deals (es)","item":"https:\/\/www.costanoroeste.com\/es\/deals\/"},{"@type":"ListItem","position":3,"name":"Apartamento en La Santa"}]},{"@type":"WebSite","@id":"https:\/\/www.costanoroeste.com\/#website","url":"https:\/\/www.costanoroeste.com\/","name":"Costanoroeste","description":"Surf- &amp; Kite School - Lanzarote","publisher":{"@id":"https:\/\/www.costanoroeste.com\/#organization"},"potentialAction":[{"@type":"SearchAction","target":{"@type":"EntryPoint","urlTemplate":"https:\/\/www.costanoroeste.com\/?s={search_term_string}"},"query-input":"required name=search_term_string"}],"inLanguage":"es"},{"@type":"Organization","@id":"https:\/\/www.costanoroeste.com\/#organization","name":"COSTANOROESTE SURF & KITEBOARDING SCHOOL","url":"https:\/\/www.costanoroeste.com\/","logo":{"@type":"ImageObject","inLanguage":"es","@id":"https:\/\/www.costanoroeste.com\/#\/schema\/logo\/image\/","url":"https:\/\/www.costanoroeste.com\/wp-content\/uploads\/2015\/01\/cropped-cno_fav_icon.jpg","contentUrl":"https:\/\/www.costanoroeste.com\/wp-content\/uploads\/2015\/01\/cropped-cno_fav_icon.jpg","width":512,"height":512,"caption":"COSTANOROESTE SURF & KITEBOARDING SCHOOL"},"image":{"@id":"https:\/\/www.costanoroeste.com\/#\/schema\/logo\/image\/"},"sameAs":["https:\/\/www.facebook.com\/CostaNoroeste"]}]}},"_links":{"self":[{"href":"https:\/\/www.costanoroeste.com\/es\/wp-json\/wp\/v3\/product\/6128"}],"collection":[{"href":"https:\/\/www.costanoroeste.com\/es\/wp-json\/wp\/v3\/product"}],"about":[{"href":"https:\/\/www.costanoroeste.com\/es\/wp-json\/wp\/v2\/types\/product"}],"replies":[{"embeddable":true,"href":"https:\/\/www.costanoroeste.com\/es\/wp-json\/wp\/v2\/comments?post=6128"}],"wp:featuredmedia":[{"embeddable":true,"href":"https:\/\/www.costanoroeste.com\/es\/wp-json\/wp\/v2\/media\/5558"}],"wp:attachment":[{"href":"https:\/\/www.costanoroeste.com\/es\/wp-json\/wp\/v2\/media?parent=6128"}],"wp:term":[{"taxonomy":"product_cat","embeddable":true,"href":"https:\/\/www.costanoroeste.com\/es\/wp-json\/wp\/v2\/product_cat?post=6128"},{"taxonomy":"product_tag","embeddable":true,"href":"https:\/\/www.costanoroeste.com\/es\/wp-json\/wp\/v2\/product_tag?post=6128"}],"curies":[{"name":"wp","href":"https:\/\/api.w.org\/{rel}","templated":true}]}}